{"id":68278880,"date":"2022-12-30T16:07:56","date_gmt":"2022-12-30T15:07:56","guid":{"rendered":"https:\/\/kraftwerk-shop.cc\/?post_type=product&#038;p=68278880"},"modified":"2026-03-04T13:14:14","modified_gmt":"2026-03-04T12:14:14","slug":"radiatore-in-alluminio-mishimoto-grand-cherokee-durango","status":"publish","type":"product","link":"https:\/\/kraftwerk-shop.cc\/it\/produkt\/mishimoto-aluminiumkuehler-grand-cherokee-durango\/","title":{"rendered":"Radiatore in alluminio Mishimoto Grand Cherokee &amp; Durango 3.6, 5.7 e 6.4"},"content":{"rendered":"<h1>Radiatore in alluminio Mishimoto per Jeep Grand Cherokee e Dodge Durango 3.6, 5.7 e 6.4<\/h1>\n<p>&nbsp;<\/p>\n<p>I modelli Dodge Durango e Jeep Grand Cherokee sono veicoli versatili e potenti che richiedono un sistema di raffreddamento altrettanto potente.<br \/>\nIl radiatore in alluminio Mishimoto Performance \u00e8 progettato per mantenere fresca la vostra Dodge Durango o Jeep Grand Cherokee dalla strada alla pista e tutto il resto.<br \/>\nIl radiatore aumenta il volume del nucleo di 66% e la capacit\u00e0 del refrigerante di 95% rispetto al radiatore di serie per migliorare le prestazioni di raffreddamento. Il nucleo pi\u00f9 spesso di 66% offre una superficie delle alette pi\u00f9 ampia di 45% per dissipare pi\u00f9 calore e mantenere il motore pi\u00f9 freddo.<\/p>\n<p>Come tutti i radiatori in alluminio Mishimoto, questo radiatore motore \u00e8 costruito per durare. Il design interamente in alluminio \u00e8 saldato con precisione a TIG e presenta staffe lavorate a CNC per una durata superiore e un montaggio diretto senza alcuna modifica.<\/p>\n<p>&nbsp;<\/p>\n<p><strong>Propriet\u00e0:<\/strong><\/p>\n<ul>\n<li>\u00a0Aumenta il volume del nucleo di 66% rispetto al radiatore standard<\/li>\n<li>Aumenta la capacit\u00e0 del liquido refrigerante di 95% rispetto al radiatore standard<\/li>\n<li>45 % Area dell'aletta pi\u00f9 grande rispetto al radiatore standard<\/li>\n<li>Costruzione interamente in alluminio con scatole del refrigerante resistenti e saldate a TIG<\/li>\n<li>Include le staffe per il condensatore dell'aria condizionata e il copriventola.<\/li>\n<li>Incluso tappo di scarico magnetico di Mishimoto<\/li>\n<li>Compreso il tappo del radiatore Mishimoto<\/li>\n<\/ul>\n<p>&nbsp;<\/p>\n<p><strong>Adatto per:<\/strong><\/p>\n<table width=\"421\">\n<tbody>\n<tr>\n<td width=\"83\"><strong>Marchio<\/strong><\/td>\n<td width=\"141\"><strong>Modello<\/strong><\/td>\n<td width=\"73\"><strong>Motore<\/strong><\/td>\n<td width=\"124\"><strong>Anno di costruzione<\/strong><\/td>\n<\/tr>\n<tr>\n<td width=\"83\">Dodge<\/td>\n<td width=\"141\">Durango<\/td>\n<td width=\"73\">3.6<\/td>\n<td width=\"124\">2011 \u2013 2023<\/td>\n<\/tr>\n<tr>\n<td width=\"83\">Dodge<\/td>\n<td width=\"141\">Durango<\/td>\n<td width=\"73\">5.7 Hemi<\/td>\n<td width=\"124\">2011 \u2013 2023<\/td>\n<\/tr>\n<tr>\n<td width=\"83\">Dodge<\/td>\n<td width=\"141\">Durango<\/td>\n<td width=\"73\">6,4 SRT<\/td>\n<td width=\"124\">2018 \u2013 2023<\/td>\n<\/tr>\n<tr>\n<td width=\"83\">Jeep<\/td>\n<td width=\"141\">Grand Cherokee<\/td>\n<td width=\"73\">3.6<\/td>\n<td width=\"124\">2011 \u2013 2021<\/td>\n<\/tr>\n<tr>\n<td width=\"83\">Jeep<\/td>\n<td width=\"141\">Grand Cherokee<\/td>\n<td width=\"73\">5.7 Hemi<\/td>\n<td width=\"124\">2011 \u2013 2021<\/td>\n<\/tr>\n<tr>\n<td width=\"83\">Jeep<\/td>\n<td width=\"141\">Grand Cherokee<\/td>\n<td width=\"73\">6,4 SRT<\/td>\n<td width=\"124\">2011 \u2013 2021<\/td>\n<\/tr>\n<\/tbody>\n<\/table>\n<p>&nbsp;<\/p>\n<p><iframe loading=\"lazy\" title=\"Radiatore in alluminio Mishimoto per Jeep Grand Cherokee e Dodge Durango 3.6, 5.7 e 6.4\" width=\"500\" height=\"281\" src=\"https:\/\/www.youtube.com\/embed\/Nms-E0F6Gts?feature=oembed\" frameborder=\"0\" allow=\"accelerometer; autoplay; clipboard-write; encrypted-media; gyroscope; picture-in-picture; web-share\" referrerpolicy=\"strict-origin-when-cross-origin\" allowfullscreen><\/iframe><\/p>","protected":false},"excerpt":{"rendered":"<p>Mishimoto Aluminiumk\u00fchler f\u00fcr Jeep Grand Cherokee &amp; Dodge Durango 3.6, 5.7 und 6.4 &nbsp; Der Dodge Durango und Jeep Grand<\/p>","protected":false},"featured_media":68278884,"comment_status":"open","ping_status":"closed","template":"","meta":{"_acf_changed":false},"product_brand":[18924],"product_cat":[4567,2533,2531,2542,2541,2538],"product_tag":[169,217,91,93,4533,49,4432,95,56,126,50,4425,405,269,274,4536,4534,96,216],"class_list":{"0":"post-68278880","1":"product","2":"type-product","3":"status-publish","4":"has-post-thumbnail","6":"product_brand-mishimoto","7":"product_cat-durango-36-kuehlung","8":"product_cat-durango-57-kuehlung","9":"product_cat-durango-64-kuehlung","10":"product_cat-grand-cherokee-36-kuehlung","11":"product_cat-grand-cherokee-57-2011-2021-kuehlung","12":"product_cat-grand-cherokee-64-kuehlung","13":"product_tag-3-6","14":"product_tag-217","15":"product_tag-5-7","16":"product_tag-6-4","17":"product_tag-aluminiumkuehler","18":"product_tag-dodge","19":"product_tag-dodge-durango","20":"product_tag-durango","21":"product_tag-grand-cherokee","22":"product_tag-hemi","23":"product_tag-jeep","24":"product_tag-jeep-grand-cherokee","25":"product_tag-kuehler","26":"product_tag-kuehlwasser","27":"product_tag-mishimoto","28":"product_tag-mmrad-wk2-12","29":"product_tag-motorkuehler","30":"product_tag-srt","31":"product_tag-upgrade","32":"product_shipping_class-paket-l","34":"first","35":"instock","36":"taxable","37":"shipping-taxable","38":"purchasable","39":"product-type-simple"},"bundled_by":[],"bundle_stock_status":"instock","bundle_stock_quantity":1,"bundle_virtual":false,"bundle_layout":"","bundle_add_to_cart_form_location":"","bundle_editable_in_cart":false,"bundle_sold_individually_context":"","bundle_item_grouping":"","bundle_min_size":"","bundle_max_size":"","bundle_price":[],"bundled_items":[],"bundle_sell_ids":[],"exclude_global_add_ons":[],"addons":[],"acf":[],"_links":{"self":[{"href":"https:\/\/kraftwerk-shop.cc\/it\/wp-json\/wp\/v2\/product\/68278880","targetHints":{"allow":["GET"]}}],"collection":[{"href":"https:\/\/kraftwerk-shop.cc\/it\/wp-json\/wp\/v2\/product"}],"about":[{"href":"https:\/\/kraftwerk-shop.cc\/it\/wp-json\/wp\/v2\/types\/product"}],"replies":[{"embeddable":true,"href":"https:\/\/kraftwerk-shop.cc\/it\/wp-json\/wp\/v2\/comments?post=68278880"}],"version-history":[{"count":0,"href":"https:\/\/kraftwerk-shop.cc\/it\/wp-json\/wp\/v2\/product\/68278880\/revisions"}],"wp:featuredmedia":[{"embeddable":true,"href":"https:\/\/kraftwerk-shop.cc\/it\/wp-json\/wp\/v2\/media\/68278884"}],"wp:attachment":[{"href":"https:\/\/kraftwerk-shop.cc\/it\/wp-json\/wp\/v2\/media?parent=68278880"}],"wp:term":[{"taxonomy":"product_brand","embeddable":true,"href":"https:\/\/kraftwerk-shop.cc\/it\/wp-json\/wp\/v2\/product_brand?post=68278880"},{"taxonomy":"product_cat","embeddable":true,"href":"https:\/\/kraftwerk-shop.cc\/it\/wp-json\/wp\/v2\/product_cat?post=68278880"},{"taxonomy":"product_tag","embeddable":true,"href":"https:\/\/kraftwerk-shop.cc\/it\/wp-json\/wp\/v2\/product_tag?post=68278880"}],"curies":[{"name":"wp","href":"https:\/\/api.w.org\/{rel}","templated":true}]}}