{"id":68278944,"date":"2023-01-02T18:19:14","date_gmt":"2023-01-02T17:19:14","guid":{"rendered":"https:\/\/kraftwerk-shop.cc\/?post_type=product&#038;p=68278944"},"modified":"2026-04-07T12:18:47","modified_gmt":"2026-04-07T10:18:47","slug":"strumento-antivibrazioni-ati","status":"publish","type":"product","link":"https:\/\/kraftwerk-shop.cc\/it\/produkt\/ati-schwingungsdaempfer-werkzeug\/","title":{"rendered":"Strumento di rimozione e installazione dello smorzatore di vibrazioni ATI"},"content":{"rendered":"<h1>Strumento di rimozione e installazione dello smorzatore di vibrazioni ATI<\/h1>\n<p>&nbsp;<\/p>\n<p>Con l'estrattore e l'attrezzo di installazione degli ammortizzatori ATI \u00e8 possibile rimuovere o installare facilmente gli ammortizzatori. \u00c8 dotato di una piastra di estrazione lavorata a CNC che pu\u00f2 ospitare una variet\u00e0 di tipi e dimensioni di bulloni. Sono inclusi anche il mandrino estrattore, i bulloni e una custodia in plastica per tenere tutto in ordine.<\/p>\n<p>&nbsp;<\/p>\n<ul>\n<li>Rimozione e installazione in sicurezza di smorzatori dell'albero a gomiti e pulegge a cinghia<\/li>\n<li>Realizzato con materiali resistenti e di alta qualit\u00e0<\/li>\n<li>Piastra estrattore completamente fresata a CNC<\/li>\n<li>Adatto a un'ampia gamma di dimensioni di viti<\/li>\n<li>Pu\u00f2 essere collegato a tutti i motori standard<\/li>\n<li>Funziona anche con pulegge e ruote<\/li>\n<li>Custodia inclusa<\/li>\n<li>I bulloni specifici per il veicolo sono disponibili separatamente<\/li>\n<\/ul>\n<p>&nbsp;<\/p>","protected":false},"excerpt":{"rendered":"<p>Attrezzo per l'estrazione e l'installazione degli antivibranti ATI Con l'attrezzo per l'estrazione e l'installazione degli antivibranti ATI \u00e8 possibile rimuovere e installare facilmente gli antivibranti.<\/p>","protected":false},"featured_media":68278948,"comment_status":"open","ping_status":"closed","template":"","meta":{"_acf_changed":false},"product_brand":[],"product_cat":[2509,4979,2529,1794,2508,2528,2585,1792,2511,5158,2551,2709,1795,2553,2708,2552,2510,2554,2555,2556,2669,2557,1513,5015,2701],"product_tag":[91,92,101,93,4540,4546,4545,2840,121,4543,3853,100,126,323,397,721,2842,96,4544,733],"class_list":{"0":"post-68278944","1":"product","2":"type-product","3":"status-publish","4":"has-post-thumbnail","6":"product_cat-300c-57-2005-2010-kompressor","7":"product_cat-300c-57-2011-2023-kompressor","8":"product_cat-300c-61-kompressor","9":"product_cat-300c-64-kompressor","10":"product_cat-challenger-57-kompressor","11":"product_cat-challenger-61-kompressor","12":"product_cat-challenger-hellcat-kompressor","13":"product_cat-challenger-64-kompressor","14":"product_cat-charger-57-kompressor","15":"product_cat-charger-57-2011-2023-kompressor","16":"product_cat-charger-61-kompressor","17":"product_cat-charger-hellcat-kompressor","18":"product_cat-charger-64-kompressor","19":"product_cat-durango-57-kompressor","20":"product_cat-durango-hellcat-kompressor","21":"product_cat-durango-64-kompressor","22":"product_cat-magnum-57-kompressor","23":"product_cat-magnum-61-kompressor","24":"product_cat-grand-cherokee-57-2011-2021-kompressor","25":"product_cat-grand-cherokee-61-kompressor","26":"product_cat-trackhawk-kompressor","27":"product_cat-grand-cherokee-64-kompressor","28":"product_cat-1500-57-2009-2018-classic-kompressor","29":"product_cat-1500-57-dt-kompressor","30":"product_cat-trx-kompressor","31":"product_tag-5-7","32":"product_tag-6-1","33":"product_tag-6-2","34":"product_tag-6-4","35":"product_tag-4540","36":"product_tag-abziehen","37":"product_tag-abzieher","38":"product_tag-ati","39":"product_tag-ausbauen","40":"product_tag-damper","41":"product_tag-dodge-challenger","42":"product_tag-hellcat","43":"product_tag-hemi","44":"product_tag-kurbelwelle","45":"product_tag-pulley","46":"product_tag-riemenscheibe","47":"product_tag-schwingungsdaempfer","48":"product_tag-srt","49":"product_tag-superdamper","50":"product_tag-werkzeug","52":"first","53":"onbackorder","54":"taxable","55":"shipping-taxable","56":"purchasable","57":"product-type-simple"},"bundled_by":[],"bundle_stock_status":"onbackorder","bundle_stock_quantity":0,"bundle_virtual":false,"bundle_layout":"","bundle_add_to_cart_form_location":"","bundle_editable_in_cart":false,"bundle_sold_individually_context":"","bundle_item_grouping":"","bundle_min_size":"","bundle_max_size":"","bundle_price":[],"bundled_items":[],"bundle_sell_ids":[],"exclude_global_add_ons":[],"addons":[],"acf":[],"_links":{"self":[{"href":"https:\/\/kraftwerk-shop.cc\/it\/wp-json\/wp\/v2\/product\/68278944","targetHints":{"allow":["GET"]}}],"collection":[{"href":"https:\/\/kraftwerk-shop.cc\/it\/wp-json\/wp\/v2\/product"}],"about":[{"href":"https:\/\/kraftwerk-shop.cc\/it\/wp-json\/wp\/v2\/types\/product"}],"replies":[{"embeddable":true,"href":"https:\/\/kraftwerk-shop.cc\/it\/wp-json\/wp\/v2\/comments?post=68278944"}],"version-history":[{"count":0,"href":"https:\/\/kraftwerk-shop.cc\/it\/wp-json\/wp\/v2\/product\/68278944\/revisions"}],"wp:featuredmedia":[{"embeddable":true,"href":"https:\/\/kraftwerk-shop.cc\/it\/wp-json\/wp\/v2\/media\/68278948"}],"wp:attachment":[{"href":"https:\/\/kraftwerk-shop.cc\/it\/wp-json\/wp\/v2\/media?parent=68278944"}],"wp:term":[{"taxonomy":"product_brand","embeddable":true,"href":"https:\/\/kraftwerk-shop.cc\/it\/wp-json\/wp\/v2\/product_brand?post=68278944"},{"taxonomy":"product_cat","embeddable":true,"href":"https:\/\/kraftwerk-shop.cc\/it\/wp-json\/wp\/v2\/product_cat?post=68278944"},{"taxonomy":"product_tag","embeddable":true,"href":"https:\/\/kraftwerk-shop.cc\/it\/wp-json\/wp\/v2\/product_tag?post=68278944"}],"curies":[{"name":"wp","href":"https:\/\/api.w.org\/{rel}","templated":true}]}}