{"id":68284537,"date":"2023-02-10T16:37:05","date_gmt":"2023-02-10T15:37:05","guid":{"rendered":"https:\/\/kraftwerk-shop.cc\/?post_type=product&#038;p=68284537"},"modified":"2026-03-30T11:17:09","modified_gmt":"2026-03-30T09:17:09","slug":"tazer-jl-mini-wrangler-gladiator","status":"publish","type":"product","link":"https:\/\/kraftwerk-shop.cc\/it\/produkt\/tazer-jl-mini-wrangler-gladiator\/","title":{"rendered":"Programmatore Tazer JL Mini Wrangler e Gladiator"},"content":{"rendered":"<h1 class=\"product-title product_title entry-title\">Programmatore Tazer JL Mini per Jeep Wrangler e Gladiator<\/h1>\n<p>&nbsp;<\/p>\n<p>Il Tazer JL Mini \u00e8 un dispositivo di programmazione\/codifica indispensabile per i proprietari di Wrangler JL e Jeep Gladiator 2018+.<br \/>\nSono supportate tutte le varianti di motore e trasmissione, compresi i modelli di esportazione.<\/p>\n<p>\u00c8 sufficiente rimuovere il modulo SGW e inserire al suo posto il Tazer JL Lite. Si trova sopra il connettore diagnostico OBD2. \u00c8 inoltre possibile installare il cavo di prolunga SGW per facilitare la rimozione e la reinstallazione in caso di visita al concessionario.<\/p>\n<p>Tutte le funzioni sono accessibili tramite il quadro strumenti e i pulsanti al volante per la navigazione nei menu.<\/p>\n<p>&nbsp;<\/p>\n<p><strong>Le funzioni del Tazer JL Mini possono essere suddivise in tre categorie:<\/strong><\/p>\n<ul>\n<li>Sul <strong>Impostazioni del veicolo<\/strong> si accede quando il motore \u00e8 spento e l'accensione \u00e8 in posizione \"RUN\". Si tratta di modifiche apportate all'Jeep, come la dimensione dei pneumatici, il rapporto di trasmissione o le impostazioni che tengono conto di altri aggiornamenti. Queste modifiche vengono mantenute anche se il Tazer JL Lite viene scollegato dall'auto.<\/li>\n<li>Sul <strong>Funzioni live<\/strong> \u00e8 accessibile quando si accende il motore. Si tratta di processi che il Tazer JL Mini esegue in tempo reale, solo quando \u00e8 fisicamente collegato al veicolo.<\/li>\n<li><strong>\"Funzioni live \"non menu<\/strong> non si trovano in un menu. Si attivano automaticamente o con una combinazione di pulsanti al volante. Si tratta di processi che il Tazer JL Mini esegue dal vivo solo quando \u00e8 fisicamente collegato.<\/li>\n<\/ul>\n<p>&nbsp;<\/p>\n<p><strong>Elenco delle impostazioni del veicolo:<\/strong><\/p>\n<ul>\n<li>Spettacolo di luci\n<ul>\n<li>6 spettacoli luminosi preimpostati e 3 personalizzati che fanno lampeggiare tutte le luci esterne<\/li>\n<li>Perfetto per esposizioni automobilistiche\/primi soccorritori\/visibilit\u00e0 fuori strada - controllabile tramite la chiave del veicolo o i pulsanti sul volante<\/li>\n<li>pu\u00f2 essere attivato durante la guida per l'uso in parate, fuoristrada e per applicazioni legali di polizia o di soccorso<\/li>\n<\/ul>\n<\/li>\n<li>Lettura e visualizzazione dei codici di errore a livello di sistema o di moduli specifici<\/li>\n<li>Cambiare la misura dei pneumatici (regolazione del tachimetro)<\/li>\n<li>Modifica del rapporto di trasmissione (max. 4,50 per 4XE)<\/li>\n<li>Modifica del rapporto LOW del transfer case<\/li>\n<li>Sistema di monitoraggio della pressione degli pneumatici (TPMS) Attivazione\/disattivazione del sistema<\/li>\n<li>Impostazione del limite di avviso della pressione TPMS, anteriore e posteriore, tra 25psi e 85psi<\/li>\n<li>Attivazione\/disattivazione della telecamera di retromarcia<\/li>\n<li>Attivazione\/disattivazione dell'ingresso della telecamera di carico (solo 8.4 UConnect)<\/li>\n<li>Attivazione\/disattivazione dell'ingresso CD (audio cablato)<\/li>\n<li>Attivazione\/disattivazione di TravelLink\/XM traffico e meteo<\/li>\n<li>Attivazione delle pagine off-road dopo l'aggiornamento alla radio 8.4\u2033.<\/li>\n<li>Modifica della regione per le luci diurne (CA\/USA)<\/li>\n<li>Modifica della posizione delle luci di marcia diurna<\/li>\n<li>Attivazione\/disattivazione della funzione di spegnimento delle luci di marcia diurna<\/li>\n<li>Attivazione\/disattivazione dei fendinebbia montati in fabbrica<\/li>\n<li>Attivazione\/disattivazione della disattivazione dei fendinebbia (se i fendinebbia sono spenti quando si accendono gli abbaglianti)<\/li>\n<li>Attivazione\/disattivazione del cambio di traccia con un solo tocco<\/li>\n<li>Attivazione\/disattivazione dei fari anabbaglianti di fabbrica (compresa l'uscita BCM per l'aggiunta degli anabbaglianti)<\/li>\n<li>Cambiare il tipo di fari (Std\/LED)<\/li>\n<li>Cambiare il tipo di fendinebbia (Std\/LED)<\/li>\n<li>Modifica del tipo di luce posteriore (Std\/LED)\/eliminazione del circuito del sensore per il funzionamento delle luci aftermarket<\/li>\n<li>Modifica del tipo di indicatori di direzione anteriori (Std\/LED)\/eliminazione del circuito del sensore per i fari retrofit<\/li>\n<li>Attivazione\/disattivazione degli abbaglianti automatici<\/li>\n<li>Attivare\/disattivare il traino del rimorchio<\/li>\n<li>Disattivare lo stabilizzatore elettronico (se rimosso dal veicolo)<\/li>\n<li>Disattivazione della pompa dello sterzo elettronica per le conversioni dello sterzo idraulico<\/li>\n<li>Attivazione della centralina del freno del rimorchio (principalmente Gladiator)<\/li>\n<li>Disattivazione dei bloccaggi anteriori e posteriori in caso di cambio di assale<\/li>\n<li>Disattivazione del modulo di disconnessione dell'assale anteriore durante il cambio di assale<\/li>\n<li>Determinare la presenza di un modulo di controllo della trasmissione (transfer case Rubicon)<\/li>\n<li>Attivazione\/disattivazione dei pulsanti ausiliari<\/li>\n<li>Attivazione\/disattivazione del rilevamento degli angoli ciechi (quando si aggiungono o rimuovono accessori)<\/li>\n<li>Eliminazione del segnale acustico di promemoria della cintura<\/li>\n<li>Attivazione\/disattivazione\/modifica della configurazione di ParkSense<\/li>\n<li>Modifica dello splash screen del quadro strumenti - JL: Wrangler\/Sahara\/Rubicon JT: Sport\/SportX\/Rubicon<\/li>\n<li>Attivazione del gruppo interruttore HVAC a due zone quando si passa da una radio a 5 pollici<\/li>\n<li>Attivare HomeLink se sono installati la visiera HomeLink e il cablaggio.<\/li>\n<li>Attivazione\/disattivazione degli specchietti retrovisori ad oscuramento automatico dopo l'installazione<\/li>\n<li>Attivare l'ingresso di prossimit\u00e0 se sono installate le maniglie e i cablaggi.<\/li>\n<li>Attivare lo scarico del letto del pick-up (Gladiator)<\/li>\n<li>Attivazione\/disattivazione dei fari automatici dopo l'installazione dei sensori<\/li>\n<li>Attivare\/disattivare il tasto PANIC sul telecomando<\/li>\n<li>Visualizzazione della versione del firmware del Tazer JL Mini<\/li>\n<li>Visualizzazione del numero di serie del Tazer JL Mini<\/li>\n<li>Visualizzazione del numero corrente di Non sposati<\/li>\n<li>Ritorno allo stock con un solo tocco: la funzione rapida \"Unmarry\" ripristina tutte le impostazioni allo stato predefinito<\/li>\n<\/ul>\n<p>&nbsp;<\/p>\n<p><strong>Elenco delle funzioni live:<\/strong><\/p>\n<ul>\n<li>Attivare lo spettacolo di luci<\/li>\n<li>Arresto della frenata al semaforo rosso (eccetto 4XE)<\/li>\n<li>Utilizzo del dispositivo di apertura della porta del garage dopo lo spegnimento del veicolo<\/li>\n<li>Attivare l'input di navigazione durante la guida<\/li>\n<li>TurnCAM - attiva la telecamera di retromarcia quando si attivano gli indicatori di direzione (5\u2033, 7\u2033 e 8.4\u2033 UConnect)<\/li>\n<li>Kill3Honk - disattiva i tre toni del clacson che si attivano quando si lascia il veicolo con la chiave.<\/li>\n<li>Attivazione e disattivazione dell'allarme del cofano motore<\/li>\n<li>Attivazione del riscaldamento del passeggero durante l'avviamento a distanza<\/li>\n<li>La terza luce del freno lampeggia quando si frena<\/li>\n<li>Schema di lampeggio personalizzato per la terza luce del freno<\/li>\n<li>Impostare la velocit\u00e0 della modalit\u00e0 argano (eccetto 4XE)<\/li>\n<li>Luci lampeggianti per indicare la pressione dei pneumatici durante il rifornimento di carburante<\/li>\n<li>Modalit\u00e0 dark - spegne tutte le luci esterne e l'illuminazione del quadro strumenti\/radio\/leva del cambio quando il motore \u00e8 acceso<\/li>\n<li>Attivazione e commutazione degli ingressi della telecamera<\/li>\n<li>Visualizzazione dell'indicatore di vuoto\/sovralimentazione<\/li>\n<li>0-30 Attivare il timer<\/li>\n<li>Attivare il timer 0-60<\/li>\n<li>Forza RWD (solo 392)<\/li>\n<li>Visualizzazione della versione del firmware<\/li>\n<\/ul>\n<p>&nbsp;<\/p>\n<p><strong>Elenco delle funzioni live \"non menu\"<\/strong><\/p>\n<ul>\n<li>Disattivazione dell'AutoStopStart - Il Tazer JL Mini ricorda automaticamente l'ultimo stato del sistema automatico di avvio\/arresto e lo ripristina al successivo avvio del veicolo.<\/li>\n<li>AutoTracKill - Il Tazer JL Mini memorizza automaticamente l'ultimo stato del controllo di trazione e lo imposta al successivo avvio del veicolo.<\/li>\n<li>Disaccoppiamento dello stabilizzatore in modalit\u00e0 2WD fino a una velocit\u00e0 di 30 mph o a qualsiasi velocit\u00e0 se \u00e8 assegnato a un tasto<\/li>\n<li>Oscuramento della targa (Gladiator) - Il Tazer JL Mini spegne automaticamente l'illuminazione della targa durante la retromarcia o l'utilizzo della TurnCam per ridurre l'abbagliamento.<\/li>\n<li>Attivazione dell'illuminazione del vano di carico\/luci di retromarcia tramite il portachiavi (Gladiator)<\/li>\n<li>Axle Locker Control (Rubicon, Mojave) - attiva i bloccaggi in 2WD e 4Hi su richiesta.<\/li>\n<li>Modalit\u00e0 Cooldown - accende le ventole del motore quando necessario<\/li>\n<li>Modalit\u00e0 verricello - innalzamento del regime del minimo a un valore liberamente selezionabile tra 1250 e 2000 (eccetto 4XE)<\/li>\n<li>Allarme cofano - monitora l'attivit\u00e0 del cofano quando il sistema di allarme antifurto del veicolo \u00e8 attivato e attiva un allarme e uno spettacolo di luci all'apertura del cofano.<\/li>\n<li>Line Lock - blocca i freni anteriori per un facile burnout<\/li>\n<li>Rock Crawl - blocca tutti e quattro i freni con una combinazione di tasti sul volante per mantenere il veicolo fermo, particolarmente utile in fuoristrada (eccetto 4XE)<\/li>\n<li>Bloccare tutti e quattro i freni in posizione di parcheggio per ancorare il Jeep (scorciatoia) (tranne 4XE)<\/li>\n<li>TC Kill - disattiva il controllo di trazione, il controllo di stabilit\u00e0 e l'ABS (eccetto 4XE).<\/li>\n<li>Mostra telecamera di retromarcia (scorciatoia)<\/li>\n<li>Assistenza alla svolta - blocca il pneumatico posteriore interno per una curva pi\u00f9 stretta (solo funzione a pulsante) (eccetto 4XE)<\/li>\n<li>Riassegnazione dei pulsanti +\/-\/RES per il controllo della velocit\u00e0 di crociera:\n<ul>\n<li>Ciascuno degli 8 display luminosi<\/li>\n<li>Telecamera di retromarcia<\/li>\n<li>Uccisione TC (tranne 4XE)<\/li>\n<li>Blocco linea (tranne 4XE)<\/li>\n<li>Velocit\u00e0 di scorrimento (tranne 4XE)<\/li>\n<li>Assistenza alla svolta (tranne 4XE)<\/li>\n<li>Modalit\u00e0 verricello (tranne 4XE)<\/li>\n<li>Raffreddamento<\/li>\n<li>Armadietti anteriori\/posteriori\/anteriori+posteriori<\/li>\n<li>Uccidere con l'ondulazione<\/li>\n<li>Modalit\u00e0 scura<\/li>\n<li>Forza RWD<\/li>\n<li>Riavvio parziale<\/li>\n<\/ul>\n<\/li>\n<\/ul>\n<p>&nbsp;<\/p>\n<p><strong>Adatto per:<\/strong><\/p>\n<table width=\"357\">\n<tbody>\n<tr>\n<td width=\"114\"><strong>Marchio<\/strong><\/td>\n<td width=\"121\"><strong>Modello<\/strong><\/td>\n<td width=\"122\"><strong>Anno di costruzione<\/strong><\/td>\n<\/tr>\n<tr>\n<td width=\"114\">Jeep<\/td>\n<td width=\"121\">Gladiator<\/td>\n<td width=\"122\">2020 \u2013 2026<\/td>\n<\/tr>\n<tr>\n<td width=\"114\">Jeep<\/td>\n<td width=\"121\">Wrangler<\/td>\n<td width=\"122\">2018 \u2013 2026<\/td>\n<\/tr>\n<\/tbody>\n<\/table>\n<p>&nbsp;<\/p>\n<p>I JL europei sono dotati di indicatori di direzione degli specchietti laterali, che sostituiscono gli Halos nel cablaggio. Attualmente non \u00e8 possibile installare gli Halos sui JL europei.<\/p>\n<h3>Siamo un rivenditore autorizzato Z-Automotive!<\/h3>","protected":false},"excerpt":{"rendered":"<p>2018 \u2013 2026<\/p>","protected":false},"featured_media":68284868,"comment_status":"open","ping_status":"closed","template":"","meta":{"_acf_changed":false},"product_brand":[17480],"product_cat":[2951,19705,3014,2945,19767,3362,2959],"product_tag":[3474,455,456,460,452,3475,3476,3471,3470,431,462,4643,3481,429,49,3472,461,447,115,454,2217,453,50,903,441,36,450,451,457,531,445,438,449,448,444,459,3477,517,1154,3473,3479,3480,2980,446,463,443,442,3478,3482,3483,464,175,470,2991,440,458],"class_list":{"0":"post-68284537","1":"product","2":"type-product","3":"status-publish","4":"has-post-thumbnail","6":"product_brand-z-automotive","7":"product_cat-wrangler-36-programmiergeraete","8":"product_cat-gladiator-ecodiesel-programmiergeraete","9":"product_cat-gladiator-36-programmiergeraete","10":"product_cat-wrangler-20-turbo-programmiergeraete","11":"product_cat-wrangler-30-ecodiesel-programmiergeraete","12":"product_cat-wrangler-36-getriebe","13":"product_cat-wrangler-64-programmiergeraete","14":"product_tag-achsuebersetzung","15":"product_tag-adaption","16":"product_tag-adaptionswerte","17":"product_tag-aktivieren","18":"product_tag-allrad","19":"product_tag-anpassen","20":"product_tag-anpassung","21":"product_tag-app","22":"product_tag-blaster","23":"product_tag-burnout","24":"product_tag-codieren","25":"product_tag-codiergeraet","26":"product_tag-codierung","27":"product_tag-deutschland","28":"product_tag-dodge","29":"product_tag-download","30":"product_tag-einschalten","31":"product_tag-evic","32":"product_tag-getriebe","33":"product_tag-getriebesteuerung","34":"product_tag-gladiator","35":"product_tag-heckantrieb","36":"product_tag-jeep","37":"product_tag-jl","38":"product_tag-kaufen","39":"product_tag-kraftwerk","40":"product_tag-lenkradschaltung","41":"product_tag-line-lock","42":"product_tag-loeschen","43":"product_tag-mini","44":"product_tag-nebelleuchten","45":"product_tag-obd","46":"product_tag-paddle-shifter","47":"product_tag-paddles","48":"product_tag-performance-pages","49":"product_tag-programmieren","50":"product_tag-programmierer","51":"product_tag-programmiergeraet","52":"product_tag-programmierung","53":"product_tag-reifenabrollumfang","54":"product_tag-reifendruck","55":"product_tag-reifendrucksensoren","56":"product_tag-rubicon","57":"product_tag-rueckfahrkamera","58":"product_tag-shop","59":"product_tag-sport-modus","60":"product_tag-tazer","61":"product_tag-tpms","62":"product_tag-umcodieren","63":"product_tag-umcodierung","64":"product_tag-webshop","65":"product_tag-wrangler","66":"product_tag-z-auto","67":"product_tag-zauto","68":"product_tag-zautotech","69":"product_tag-zuruecksetzen","71":"first","72":"onbackorder","73":"taxable","74":"shipping-taxable","75":"purchasable","76":"product-type-simple"},"bundled_by":[],"bundle_stock_status":"onbackorder","bundle_stock_quantity":0,"bundle_virtual":false,"bundle_layout":"","bundle_add_to_cart_form_location":"","bundle_editable_in_cart":false,"bundle_sold_individually_context":"","bundle_item_grouping":"","bundle_min_size":"","bundle_max_size":"","bundle_price":[],"bundled_items":[],"bundle_sell_ids":[],"exclude_global_add_ons":[],"addons":[],"acf":[],"_links":{"self":[{"href":"https:\/\/kraftwerk-shop.cc\/it\/wp-json\/wp\/v2\/product\/68284537","targetHints":{"allow":["GET"]}}],"collection":[{"href":"https:\/\/kraftwerk-shop.cc\/it\/wp-json\/wp\/v2\/product"}],"about":[{"href":"https:\/\/kraftwerk-shop.cc\/it\/wp-json\/wp\/v2\/types\/product"}],"replies":[{"embeddable":true,"href":"https:\/\/kraftwerk-shop.cc\/it\/wp-json\/wp\/v2\/comments?post=68284537"}],"version-history":[{"count":0,"href":"https:\/\/kraftwerk-shop.cc\/it\/wp-json\/wp\/v2\/product\/68284537\/revisions"}],"wp:featuredmedia":[{"embeddable":true,"href":"https:\/\/kraftwerk-shop.cc\/it\/wp-json\/wp\/v2\/media\/68284868"}],"wp:attachment":[{"href":"https:\/\/kraftwerk-shop.cc\/it\/wp-json\/wp\/v2\/media?parent=68284537"}],"wp:term":[{"taxonomy":"product_brand","embeddable":true,"href":"https:\/\/kraftwerk-shop.cc\/it\/wp-json\/wp\/v2\/product_brand?post=68284537"},{"taxonomy":"product_cat","embeddable":true,"href":"https:\/\/kraftwerk-shop.cc\/it\/wp-json\/wp\/v2\/product_cat?post=68284537"},{"taxonomy":"product_tag","embeddable":true,"href":"https:\/\/kraftwerk-shop.cc\/it\/wp-json\/wp\/v2\/product_tag?post=68284537"}],"curies":[{"name":"wp","href":"https:\/\/api.w.org\/{rel}","templated":true}]}}