{"id":68285139,"date":"2023-02-18T16:05:40","date_gmt":"2023-02-18T15:05:40","guid":{"rendered":"https:\/\/kraftwerk-shop.cc\/?post_type=product&#038;p=68285139"},"modified":"2026-04-02T15:05:37","modified_gmt":"2026-04-02T13:05:37","slug":"pastiglie-freno-mopar-68520814ac-ram","status":"publish","type":"product","link":"https:\/\/kraftwerk-shop.cc\/it\/produkt\/mopar-bremsbelaege-68520814ac-ram\/","title":{"rendered":"Pastiglie freno Mopar RAM (68520814AC)"},"content":{"rendered":"<h1>Pastiglie freno originali Mopar (asse anteriore) per RAM 3.0 EcoDiesel, 3.6, 5.7 e 6.2 TRX<\/h1>\n<p>&nbsp;<\/p>\n<p><strong>Numero di parte Mopar:<\/strong> 68520814AC<br \/>\n<strong>Sostituito:<\/strong> 68520814AA, 68520814AB<\/p>\n<p>&nbsp;<\/p>\n<p><strong>Adatto per:<\/strong><\/p>\n<table width=\"596\">\n<tbody>\n<tr>\n<td width=\"114\"><strong>Marchio<\/strong><\/td>\n<td width=\"121\"><strong>Modello<\/strong><\/td>\n<td width=\"122\"><strong>Motore<\/strong><\/td>\n<td width=\"141\"><strong>Anno di costruzione<\/strong><\/td>\n<td width=\"98\"><strong>Codice del freno<\/strong><\/td>\n<\/tr>\n<tr>\n<td width=\"114\">RAM<\/td>\n<td width=\"121\">1500<\/td>\n<td width=\"122\">3.0 EcoDiesel<\/td>\n<td width=\"141\">2021 \u2013 2023<\/td>\n<td>BNN<\/td>\n<\/tr>\n<tr>\n<td width=\"114\">RAM<\/td>\n<td width=\"121\">1500<\/td>\n<td width=\"122\">3.6<\/td>\n<td width=\"141\">2021 \u2013 2024<\/td>\n<td>BNN<\/td>\n<\/tr>\n<tr>\n<td width=\"114\">RAM<\/td>\n<td width=\"121\">1500<\/td>\n<td width=\"122\">5.7<\/td>\n<td width=\"141\">2021 \u2013 2024<\/td>\n<td>BNN<\/td>\n<\/tr>\n<tr>\n<td width=\"114\">RAM<\/td>\n<td width=\"121\">1500<\/td>\n<td width=\"122\">6.2 TRX<\/td>\n<td width=\"141\">2021 \u2013 2024<\/td>\n<td>BNN<\/td>\n<\/tr>\n<\/tbody>\n<\/table>\n<p>&nbsp;<\/p>\n<p>Il prezzo si riferisce a 1 set per l'asse anteriore completo.<\/p>\n<p>&nbsp;<\/p>\n<p><strong>Pastiglie semimetalliche per freni a disco anteriori (68520814AC) di Mopar\u00ae.<\/strong><\/p>\n<p>Volete che il vostro bene pi\u00f9 prezioso abbia l'aspetto e il funzionamento previsti in origine? Allora i ricambi e gli accessori Mopar di alta qualit\u00e0 fanno al caso vostro.<br \/>\nI ricambi Mopar sono realizzati con le pi\u00f9 recenti tecnologie di produzione e soddisfano i pi\u00f9 elevati standard di qualit\u00e0. Offrono prestazioni e durata eccezionali. Vi garantiranno un servizio affidabile per lungo tempo e renderanno ogni viaggio un'esperienza sicura e piacevole.<\/p>\n<p>Mopar\u00ae \u00e8 una fonte esclusiva di ricambi e accessori originali per milioni di veicoli Chrysler, Dodge, Jeep, Ram e Fiat. Per oltre 20 anni, tecnici professionisti, piloti e appassionati di automobilismo in tutto il mondo hanno utilizzato i prodotti Mopar per riparare e mantenere i loro veicoli. I ricambi autentici per motori, trasmissioni e componenti del sistema di raffreddamento si trovano in migliaia di veicoli in tutto il paese e in tutto il mondo. I ricambi e gli accessori Mopar sono tutto ci\u00f2 di cui avete bisogno per mantenere il vostro veicolo in condizioni ottimali.<\/p>","protected":false},"excerpt":{"rendered":"<p>Parte originale Mopar<br \/>\n2021 \u2013 2024<\/p>","protected":false},"featured_media":68286005,"comment_status":"open","ping_status":"closed","template":"","meta":{"_acf_changed":false},"product_brand":[16270],"product_cat":[19406,19677,5012,4704],"product_tag":[475,4508,169,91,101,4702,2437,838,590,795,839,840,476,692,31,34,794,86,2353,842,841,673],"class_list":{"0":"post-68285139","1":"product","2":"type-product","3":"status-publish","4":"has-post-thumbnail","6":"product_brand-mopar","7":"product_cat-1500-ecodiesel-2020-2023-bremsen-vorne","8":"product_cat-1500-36-dt-bremsen-vorne","9":"product_cat-1500-57-dt-bremsen-vorne","10":"product_cat-trx-bremsen-vorne","11":"product_tag-475","12":"product_tag-3-0-ecodiesel","13":"product_tag-3-6","14":"product_tag-5-7","15":"product_tag-6-2","16":"product_tag-68520814ac","17":"product_tag-bnn","18":"product_tag-bremsbelag","19":"product_tag-bremsbelaege","20":"product_tag-bremse","21":"product_tag-bremsklotz","22":"product_tag-bremskloetze","23":"product_tag-dt","24":"product_tag-ersatzteil","25":"product_tag-mopar","26":"product_tag-original","27":"product_tag-premium","28":"product_tag-ram","29":"product_tag-trx","30":"product_tag-vorderachse","31":"product_tag-vorne","32":"product_tag-zubehoer","34":"first","35":"instock","36":"taxable","37":"shipping-taxable","38":"purchasable","39":"product-type-simple"},"bundled_by":[],"bundle_stock_status":"instock","bundle_stock_quantity":3,"bundle_virtual":false,"bundle_layout":"","bundle_add_to_cart_form_location":"","bundle_editable_in_cart":false,"bundle_sold_individually_context":"","bundle_item_grouping":"","bundle_min_size":"","bundle_max_size":"","bundle_price":[],"bundled_items":[],"bundle_sell_ids":[],"exclude_global_add_ons":[],"addons":[],"acf":[],"_links":{"self":[{"href":"https:\/\/kraftwerk-shop.cc\/it\/wp-json\/wp\/v2\/product\/68285139","targetHints":{"allow":["GET"]}}],"collection":[{"href":"https:\/\/kraftwerk-shop.cc\/it\/wp-json\/wp\/v2\/product"}],"about":[{"href":"https:\/\/kraftwerk-shop.cc\/it\/wp-json\/wp\/v2\/types\/product"}],"replies":[{"embeddable":true,"href":"https:\/\/kraftwerk-shop.cc\/it\/wp-json\/wp\/v2\/comments?post=68285139"}],"version-history":[{"count":0,"href":"https:\/\/kraftwerk-shop.cc\/it\/wp-json\/wp\/v2\/product\/68285139\/revisions"}],"wp:featuredmedia":[{"embeddable":true,"href":"https:\/\/kraftwerk-shop.cc\/it\/wp-json\/wp\/v2\/media\/68286005"}],"wp:attachment":[{"href":"https:\/\/kraftwerk-shop.cc\/it\/wp-json\/wp\/v2\/media?parent=68285139"}],"wp:term":[{"taxonomy":"product_brand","embeddable":true,"href":"https:\/\/kraftwerk-shop.cc\/it\/wp-json\/wp\/v2\/product_brand?post=68285139"},{"taxonomy":"product_cat","embeddable":true,"href":"https:\/\/kraftwerk-shop.cc\/it\/wp-json\/wp\/v2\/product_cat?post=68285139"},{"taxonomy":"product_tag","embeddable":true,"href":"https:\/\/kraftwerk-shop.cc\/it\/wp-json\/wp\/v2\/product_tag?post=68285139"}],"curies":[{"name":"wp","href":"https:\/\/api.w.org\/{rel}","templated":true}]}}