{"id":68285205,"date":"2023-02-19T14:41:05","date_gmt":"2023-02-19T13:41:05","guid":{"rendered":"https:\/\/kraftwerk-shop.cc\/?post_type=product&#038;p=68285205"},"modified":"2026-02-14T23:59:14","modified_gmt":"2026-02-14T22:59:14","slug":"disco-freno-mopar-68368535aa-ram","status":"publish","type":"product","link":"https:\/\/kraftwerk-shop.cc\/it\/produkt\/mopar-bremsscheibe-68368535aa-ram\/","title":{"rendered":"Disco freno Mopar RAM (68368535AA)"},"content":{"rendered":"<h1>Disco freno originale Mopar (asse posteriore) per RAM 3.0 EcoDiesel, 3.6 e 5.7<\/h1>\n<p><strong>Numero di parte Mopar:<\/strong> 68368535AA<\/p>\n<p>&nbsp;<\/p>\n<p><strong>Adatto per:<\/strong><\/p>\n<table width=\"596\">\n<tbody>\n<tr>\n<td width=\"114\"><strong>Marchio<\/strong><\/td>\n<td width=\"121\"><strong>Modello<\/strong><\/td>\n<td width=\"122\"><strong>Motore<\/strong><\/td>\n<td width=\"141\"><strong>Anno di costruzione<\/strong><\/td>\n<td width=\"98\"><strong>Codice del freno<\/strong><\/td>\n<\/tr>\n<tr>\n<td width=\"114\">RAM<\/td>\n<td width=\"121\">1500<\/td>\n<td width=\"122\">3.0 EcoDiesel<\/td>\n<td width=\"141\">2020 \u2013 2023<\/td>\n<td>BR1<\/td>\n<\/tr>\n<tr>\n<td width=\"114\">RAM<\/td>\n<td width=\"121\">1500<\/td>\n<td width=\"122\">3.6<\/td>\n<td width=\"141\">2019 \u2013 2024<\/td>\n<td>BR1<\/td>\n<\/tr>\n<tr>\n<td width=\"114\">RAM<\/td>\n<td width=\"121\">1500<\/td>\n<td width=\"122\">5.7<\/td>\n<td width=\"141\">2019 \u2013 2024<\/td>\n<td>BR1<\/td>\n<\/tr>\n<\/tbody>\n<\/table>\n<p>&nbsp;<\/p>\n<p>Il prezzo si riferisce a 1 disco freno.<\/p>\n<p>&nbsp;<\/p>\n<p><strong>Disco del freno anteriore (68368535AA) di Mopar<br \/>\n<\/strong><\/p>\n<p>Volete che il vostro bene pi\u00f9 prezioso abbia l'aspetto e il funzionamento previsti in origine? Allora i ricambi e gli accessori Mopar di alta qualit\u00e0 fanno al caso vostro.<br \/>\nI ricambi Mopar sono realizzati con le pi\u00f9 recenti tecnologie di produzione e soddisfano i pi\u00f9 elevati standard di qualit\u00e0. Offrono prestazioni e durata eccezionali. Vi garantiranno un servizio affidabile per lungo tempo e renderanno ogni viaggio un'esperienza sicura e piacevole.<\/p>\n<p>Mopar\u00ae \u00e8 una fonte esclusiva di ricambi e accessori originali per milioni di veicoli Chrysler, Dodge, Jeep, Ram e Fiat. Per oltre 20 anni, tecnici professionisti, piloti e appassionati di automobilismo in tutto il mondo hanno utilizzato i prodotti Mopar per riparare e mantenere i loro veicoli. I ricambi autentici per motori, trasmissioni e componenti del sistema di raffreddamento si trovano in migliaia di veicoli in tutto il paese e in tutto il mondo. I ricambi e gli accessori Mopar sono tutto ci\u00f2 di cui avete bisogno per mantenere il vostro veicolo in condizioni ottimali.<\/p>","protected":false},"excerpt":{"rendered":"<p>Parte originale Mopar<br \/>\n2019 \u2013 2024<\/p>","protected":false},"featured_media":68285222,"comment_status":"open","ping_status":"closed","template":"","meta":{"_acf_changed":false},"product_brand":[16270],"product_cat":[19407,19678,5013],"product_tag":[475,4508,169,91,4730,4719,795,796,476,692,798,799,31,34,794,86,3507,673],"class_list":{"0":"post-68285205","1":"product","2":"type-product","3":"status-publish","4":"has-post-thumbnail","6":"product_brand-mopar","7":"product_cat-1500-ecodiesel-2020-2023-bremsen-hinten","8":"product_cat-1500-36-dt-bremsen-hinten","9":"product_cat-1500-57-dt-bremsen-hinten","10":"product_tag-475","11":"product_tag-3-0-ecodiesel","12":"product_tag-3-6","13":"product_tag-5-7","14":"product_tag-68368535aa","15":"product_tag-br1","16":"product_tag-bremse","17":"product_tag-bremsscheibe","18":"product_tag-dt","19":"product_tag-ersatzteil","20":"product_tag-hinten","21":"product_tag-hinterachse","22":"product_tag-mopar","23":"product_tag-original","24":"product_tag-premium","25":"product_tag-ram","26":"product_tag-ram1500","27":"product_tag-zubehoer","29":"first","30":"onbackorder","31":"taxable","32":"shipping-taxable","33":"purchasable","34":"product-type-simple"},"bundled_by":[],"bundle_stock_status":"onbackorder","bundle_stock_quantity":0,"bundle_virtual":false,"bundle_layout":"","bundle_add_to_cart_form_location":"","bundle_editable_in_cart":false,"bundle_sold_individually_context":"","bundle_item_grouping":"","bundle_min_size":"","bundle_max_size":"","bundle_price":[],"bundled_items":[],"bundle_sell_ids":[],"exclude_global_add_ons":[],"addons":[],"acf":[],"_links":{"self":[{"href":"https:\/\/kraftwerk-shop.cc\/it\/wp-json\/wp\/v2\/product\/68285205","targetHints":{"allow":["GET"]}}],"collection":[{"href":"https:\/\/kraftwerk-shop.cc\/it\/wp-json\/wp\/v2\/product"}],"about":[{"href":"https:\/\/kraftwerk-shop.cc\/it\/wp-json\/wp\/v2\/types\/product"}],"replies":[{"embeddable":true,"href":"https:\/\/kraftwerk-shop.cc\/it\/wp-json\/wp\/v2\/comments?post=68285205"}],"version-history":[{"count":0,"href":"https:\/\/kraftwerk-shop.cc\/it\/wp-json\/wp\/v2\/product\/68285205\/revisions"}],"wp:featuredmedia":[{"embeddable":true,"href":"https:\/\/kraftwerk-shop.cc\/it\/wp-json\/wp\/v2\/media\/68285222"}],"wp:attachment":[{"href":"https:\/\/kraftwerk-shop.cc\/it\/wp-json\/wp\/v2\/media?parent=68285205"}],"wp:term":[{"taxonomy":"product_brand","embeddable":true,"href":"https:\/\/kraftwerk-shop.cc\/it\/wp-json\/wp\/v2\/product_brand?post=68285205"},{"taxonomy":"product_cat","embeddable":true,"href":"https:\/\/kraftwerk-shop.cc\/it\/wp-json\/wp\/v2\/product_cat?post=68285205"},{"taxonomy":"product_tag","embeddable":true,"href":"https:\/\/kraftwerk-shop.cc\/it\/wp-json\/wp\/v2\/product_tag?post=68285205"}],"curies":[{"name":"wp","href":"https:\/\/api.w.org\/{rel}","templated":true}]}}