{"id":68285650,"date":"2023-02-25T23:24:44","date_gmt":"2023-02-25T22:24:44","guid":{"rendered":"https:\/\/kraftwerk-shop.cc\/?post_type=product&#038;p=68285650"},"modified":"2026-02-15T00:00:50","modified_gmt":"2026-02-14T23:00:50","slug":"dba-friction-ring-grand-cherokee-trackhawk-durango-hellcat","status":"publish","type":"product","link":"https:\/\/kraftwerk-shop.cc\/it\/produkt\/dba-reibring-grand-cherokee-trackhawk-durango-hellcat\/","title":{"rendered":"DBA Anello di frizione Grand Cherokee Trackhawk e Durango Hellcat"},"content":{"rendered":"<h1>Anello di frizione DBA T3 Serie 5000, versione scanalata per Jeep Grand Cherokee Trackhawk e Dodge Durango Hellcat (asse anteriore)<\/h1>\n<p>&nbsp;<\/p>\n<p>Il design a due pezzi dei dischi freno originali consente di utilizzare ancora il piatto del disco originale.<br \/>\nSull'anello sono presenti 3 marcature colorate che servono a indicare la temperatura massima raggiunta.<\/p>\n<p>&nbsp;<\/p>\n<p><strong>Numeri di confronto Mopar<\/strong>: 68305562AA, 68305562AB<\/p>\n<p>&nbsp;<\/p>\n<p><strong>Adatto per:<\/strong><\/p>\n<table width=\"437\">\n<tbody>\n<tr>\n<td width=\"83\"><strong>Marchio<\/strong><\/td>\n<td width=\"122\"><strong>Modello<\/strong><\/td>\n<td width=\"136\"><strong>Motore<\/strong><\/td>\n<td width=\"96\"><strong>Anno di costruzione<\/strong><\/td>\n<\/tr>\n<tr>\n<td width=\"83\">Jeep<\/td>\n<td width=\"122\">Grand Cherokee<\/td>\n<td width=\"136\">6.2 Trackhawk<\/td>\n<td width=\"96\">2018 \u2013 2021<\/td>\n<\/tr>\n<tr>\n<td width=\"83\">Dodge<\/td>\n<td width=\"122\">Durango<\/td>\n<td width=\"136\">6.2 Hellcat<\/td>\n<td>2021 \u2013 2026<\/td>\n<\/tr>\n<\/tbody>\n<\/table>\n<p>&nbsp;<\/p>\n<p><strong>Ambito di fornitura:<\/strong><\/p>\n<ul>\n<li>1 Anello di frizione<\/li>\n<li>1 set di dadi<\/li>\n<\/ul>\n<p>&nbsp;<\/p>\n<p>Il prezzo si riferisce a un anello di frizione.<br \/>\nPer l'asse anteriore sono necessari 2 pezzi.<\/p>\n<p>&nbsp;<\/p>\n<p><strong>Dati:<\/strong><\/p>\n<table border=\"0\" width=\"487\" cellspacing=\"0\" cellpadding=\"0\">\n<colgroup>\n<col \/>\n<col \/> <\/colgroup>\n<tbody>\n<tr>\n<td style=\"height: 19px; width: 248px;\" height=\"19\">\n<div data-v-369d9bee=\"\" data-v-7bd94b2e=\"\">\n<div data-v-369d9bee=\"\">Diametro (mm)<\/div>\n<\/div>\n<\/td>\n<td style=\"width: 239px;\">400<\/td>\n<\/tr>\n<tr>\n<td style=\"height: 19px;\" height=\"19\">\n<div data-v-369d9bee=\"\">Ventilazione<\/div>\n<\/td>\n<td>Zampa di canguro<\/td>\n<\/tr>\n<tr>\n<td style=\"height: 19px;\" height=\"19\">\n<div data-v-369d9bee=\"\">Numero di fori<\/div>\n<\/td>\n<td>12<\/td>\n<\/tr>\n<tr>\n<td style=\"height: 19px;\" height=\"19\">\n<div data-v-369d9bee=\"\">Diametro interno (mm)<\/div>\n<\/td>\n<td>\u2014<\/td>\n<\/tr>\n<tr>\n<td style=\"height: 19px;\" height=\"19\">\n<div data-v-369d9bee=\"\">Spessore (mm)<\/div>\n<\/td>\n<td>36<\/td>\n<\/tr>\n<tr>\n<td style=\"height: 19px;\" height=\"19\">\n<div data-v-369d9bee=\"\">Spessore minimo (mm)<\/div>\n<\/td>\n<td>\u2014<\/td>\n<\/tr>\n<tr>\n<td style=\"height: 19px;\" height=\"19\">Peso (KG)<\/td>\n<td>11,88<\/td>\n<\/tr>\n<\/tbody>\n<\/table>\n<p>&nbsp;<\/p>\n<table id=\"xoverview\" class=\"table\">\n<tbody>\n<tr>\n<td><strong>Funzione<\/strong><\/td>\n<td><b>Descrizione del<\/b><\/td>\n<td><b>Vantaggio<\/b><\/td>\n<\/tr>\n<tr>\n<td rowspan=\"3\"><img decoding=\"async\" class=\"icon\" title=\"T3\" src=\"https:\/\/3cerp.eu\/api\/file\/DBA_T3.png\" alt=\"T3\" width=\"79\" height=\"55\" \/><\/p>\n<p><strong>T3 Slot 48 slot di precisione fresati a CNC<\/strong><\/td>\n<td>Le fessure tri-simmetriche smorzano le vibrazioni e il rumore<\/td>\n<td>Una sensazione del pedale del freno pi\u00f9 morbida, pi\u00f9 reattiva e pi\u00f9 fluida.<\/td>\n<\/tr>\n<tr>\n<td>Aumenta il numero di punti di uscita per i gas di attrito delle pastiglie dei freni che fuoriescono attraverso il design universale delle fessure.<\/td>\n<td>Aumenta l'uniformit\u00e0 e l'efficienza di ogni processo di frenata.<\/td>\n<\/tr>\n<tr>\n<td><\/td>\n<td>Non sono necessari dischi freno diversi a destra e a sinistra.<\/td>\n<\/tr>\n<tr>\n<td rowspan=\"2\"><img decoding=\"async\" class=\"icon\" title=\"KANGAROO_PAW\" src=\"https:\/\/3cerp.eu\/api\/file\/KANGAROO_PAW.jpg\" alt=\"KANGAROO_PAW\" width=\"80\" height=\"79\" \/><b><\/b><\/p>\n<p><b>Zampa di canguro - 144 Diamante e sistema di ventilazione a colonna Tear Drop<br \/>\n<\/b><\/td>\n<td>L'aumento della superficie porta a una migliore dissipazione del calore.<\/td>\n<td>Riduce al minimo l'affievolimento dei freni e aumenta l'effetto frenante.<\/td>\n<\/tr>\n<tr>\n<td>L'aumento della superficie porta a una migliore dissipazione del calore.<\/td>\n<td>Prolunga la durata delle pastiglie e dei dischi freno. Riduce i danni meccanici e i costi associati<\/td>\n<\/tr>\n<tr>\n<td><img decoding=\"async\" class=\"icon\" title=\"DBA_XG150\" src=\"https:\/\/3cerp.eu\/api\/file\/DBA_XG150.png\" alt=\"DBA_XG150\" width=\"80\" height=\"45\" \/><b><\/b><\/p>\n<p><b>XG150 Ferro legato con elevato contenuto di carbonio<br \/>\n<\/b><\/td>\n<td>L'aumento della capacit\u00e0 termica consente al disco del freno di resistere al calore estremo per periodi di tempo pi\u00f9 lunghi.<\/td>\n<td>Riduce al minimo le deformazioni e le crepe e prolunga la durata di vita del disco del freno.<\/td>\n<\/tr>\n<tr>\n<td><img decoding=\"async\" class=\"icon\" title=\"DBA_TSP\" src=\"https:\/\/3cerp.eu\/api\/file\/DBA_TSP.png\" alt=\"DBA_TSP\" width=\"80\" height=\"35\" \/><b><\/b><\/p>\n<p><strong>Profilo di stabilit\u00e0 termica<\/strong><\/td>\n<td>Sviluppo speciale personalizzato per il processo DBA TSP<\/td>\n<td>Riduce al minimo le deformazioni e le crepe e prolunga la durata di vita del disco del freno.<\/td>\n<\/tr>\n<tr>\n<td rowspan=\"2\"><strong><img decoding=\"async\" class=\"icon\" title=\"DBA_TTM\" src=\"https:\/\/3cerp.eu\/api\/file\/DBA_TTM.png\" alt=\"DBA_TTM\" width=\"80\" height=\"60\" \/><\/strong><\/p>\n<p><strong>Monitoraggio termografico della temperatura<\/strong><\/td>\n<td>Le marcature del colore del calore cambiano colore a determinate soglie di temperatura.<\/td>\n<td>Fornisce al conducente un chiaro display delle temperature di picco dei freni.<\/td>\n<\/tr>\n<tr>\n<td>Se le soglie di temperatura vengono superate, i contrassegni colorati cambiano colore in modo permanente.<\/td>\n<td>Consente al conducente di monitorare l'affaticamento dei dischi dei freni e di decidere se sostituirli o meno, oltre a supportare i concessionari nelle richieste di garanzia.<\/td>\n<\/tr>\n<tr>\n<td rowspan=\"2\"><strong><img decoding=\"async\" class=\"icon\" title=\"DBA_Protezione_Dolore\" src=\"https:\/\/3cerp.eu\/api\/file\/DBA_Pain_Protection.png\" alt=\"DBA_Protezione_Dolore\" width=\"80\" height=\"85\" \/><\/strong><\/p>\n<p><strong>Protezione della vernice su superfici senza attrito<\/strong><\/td>\n<td>Riduce la corrosione<\/td>\n<td>Previene la formazione di ruggine antiestetica<\/td>\n<\/tr>\n<tr>\n<td>Migliora l'aspetto<\/td>\n<td>Aumenta il valore del prodotto<\/td>\n<\/tr>\n<\/tbody>\n<\/table>\n<p>&nbsp;<\/p>\n<p>&nbsp;<\/p>","protected":false},"excerpt":{"rendered":"<p>Anello di frizione DBA T3 Serie 5000, versione scanalata per Jeep Grand Cherokee Trackhawk e Dodge Durango Hellcat (asse anteriore)<\/p>","protected":false},"featured_media":68285653,"comment_status":"open","ping_status":"closed","template":"","meta":{"_acf_changed":false},"product_brand":[18922],"product_cat":[17930,17963],"product_tag":[2330,4739,2757,2756,795,796,10807,789,49,95,692,56,100,50,4425,4427,4426,31,186,4580,797,96,2424,102,673],"class_list":{"0":"post-68285650","1":"product","2":"type-product","3":"status-publish","4":"has-post-thumbnail","6":"product_brand-dba","7":"product_cat-durango-hellcat-bremsscheiben-vorne","8":"product_cat-trackhawk-bremsscheiben-vorne","9":"product_tag-2-teilig","10":"product_tag-53918-1s","11":"product_tag-68305562aa","12":"product_tag-68305562ab","13":"product_tag-bremse","14":"product_tag-bremsscheibe","15":"product_tag-bremsscheiben-fuer-jeep-trackhawk","16":"product_tag-dba","17":"product_tag-dodge","18":"product_tag-durango","19":"product_tag-ersatzteil","20":"product_tag-grand-cherokee","21":"product_tag-hellcat","22":"product_tag-jeep","23":"product_tag-jeep-grand-cherokee","24":"product_tag-jeep-grand-cherokee-trackhawk","25":"product_tag-jeep-trackhawk","26":"product_tag-mopar","27":"product_tag-performance","28":"product_tag-reibring","29":"product_tag-sportbremsscheibe","30":"product_tag-srt","31":"product_tag-t5000","32":"product_tag-trackhawk","33":"product_tag-zubehoer","35":"first","36":"instock","37":"taxable","38":"shipping-taxable","39":"purchasable","40":"product-type-simple"},"bundled_by":[],"bundle_stock_status":"instock","bundle_stock_quantity":2,"bundle_virtual":false,"bundle_layout":"","bundle_add_to_cart_form_location":"","bundle_editable_in_cart":false,"bundle_sold_individually_context":"","bundle_item_grouping":"","bundle_min_size":"","bundle_max_size":"","bundle_price":[],"bundled_items":[],"bundle_sell_ids":[],"exclude_global_add_ons":[],"addons":[],"acf":[],"_links":{"self":[{"href":"https:\/\/kraftwerk-shop.cc\/it\/wp-json\/wp\/v2\/product\/68285650","targetHints":{"allow":["GET"]}}],"collection":[{"href":"https:\/\/kraftwerk-shop.cc\/it\/wp-json\/wp\/v2\/product"}],"about":[{"href":"https:\/\/kraftwerk-shop.cc\/it\/wp-json\/wp\/v2\/types\/product"}],"replies":[{"embeddable":true,"href":"https:\/\/kraftwerk-shop.cc\/it\/wp-json\/wp\/v2\/comments?post=68285650"}],"version-history":[{"count":0,"href":"https:\/\/kraftwerk-shop.cc\/it\/wp-json\/wp\/v2\/product\/68285650\/revisions"}],"wp:featuredmedia":[{"embeddable":true,"href":"https:\/\/kraftwerk-shop.cc\/it\/wp-json\/wp\/v2\/media\/68285653"}],"wp:attachment":[{"href":"https:\/\/kraftwerk-shop.cc\/it\/wp-json\/wp\/v2\/media?parent=68285650"}],"wp:term":[{"taxonomy":"product_brand","embeddable":true,"href":"https:\/\/kraftwerk-shop.cc\/it\/wp-json\/wp\/v2\/product_brand?post=68285650"},{"taxonomy":"product_cat","embeddable":true,"href":"https:\/\/kraftwerk-shop.cc\/it\/wp-json\/wp\/v2\/product_cat?post=68285650"},{"taxonomy":"product_tag","embeddable":true,"href":"https:\/\/kraftwerk-shop.cc\/it\/wp-json\/wp\/v2\/product_tag?post=68285650"}],"curies":[{"name":"wp","href":"https:\/\/api.w.org\/{rel}","templated":true}]}}