{"id":68286058,"date":"2023-03-11T13:23:59","date_gmt":"2023-03-11T12:23:59","guid":{"rendered":"https:\/\/kraftwerk-shop.cc\/?post_type=product&#038;p=68286058"},"modified":"2025-10-07T13:19:43","modified_gmt":"2025-10-07T11:19:43","slug":"stabilizzatori-progress-technology-performance-300c-challenger-charger","status":"publish","type":"product","link":"https:\/\/kraftwerk-shop.cc\/it\/produkt\/progress-technology-performance-stabilisatoren-300c-challenger-charger\/","title":{"rendered":"Progress Technology Stabilizzatori 300C, Challenger e Charger"},"content":{"rendered":"<h1>Progress Technology Stabilizzatori ad alte prestazioni (anteriore + posteriore) per Chrysler 300C, Dodge Challenger e Charger<\/h1>\n<p>&nbsp;<\/p>\n<p>Gli stabilizzatori Progress Technology migliorano drasticamente la maneggevolezza. Come ci riescono? Riducono al minimo l'\"angolo di inclinazione\" della carrozzeria, che provoca l'uscita di strada di alcuni pneumatici esterni.<br \/>\nGli stabilizzatori sportivi sostituiscono i piccoli stabilizzatori e le boccole in gomma del primo equipaggiamento con barre in acciaio legato di diametro maggiore e boccole in poliuretano pi\u00f9 duro. Maggiore \"rigidit\u00e0 di rollio\" significa minore \"inclinazione\" o \"ondeggiamento\" e i pneumatici rimangono pi\u00f9 piatti e meglio collegati alla strada. Le superfici di contatto dei pneumatici, pi\u00f9 ampie e pi\u00f9 stabili, offrono al pilota maggiore aderenza, controllo e sicurezza.<\/p>\n<p>La messa a punto delle sospensioni con barre antirollio pi\u00f9 grandi e\/o regolabili \u00e8 un modo semplice ed efficace per migliorare il bilanciamento delle sospensioni e ridurre al minimo l'eccessivo sottosterzo, cos\u00ec comune nei veicoli moderni.<br \/>\nLe barre di oscillazione Progress sono formate a freddo con apparecchiature di piegatura CNC di precisione. Entrambe le estremit\u00e0 degli stabilizzatori, tagliate al laser e lavorate a CNC, sono saldate MIG con attrezzature di precisione per garantire un accoppiamento perfetto.<br \/>\nTutte le barre di oscillazione Progress sono sviluppate e prodotte negli Stati Uniti.<\/p>\n<p>&nbsp;<\/p>\n<p><strong>Propriet\u00e0:<\/strong><\/p>\n<ul>\n<li>Curvatura a freddo su moderni sistemi CNC a tre assi<\/li>\n<li>In acciaio legato<\/li>\n<li>Le estremit\u00e0 prefabbricate delle barre e gli anelli laterali sono saldati a MIG per garantire un'aderenza perfetta.<\/li>\n<li>Design esclusivo della boccola in poliuretano<\/li>\n<li>Materiale di montaggio completo e istruzioni incluse<\/li>\n<li>Prodotto negli Stati Uniti<\/li>\n<li>Campo di regolazione: 3 fori<\/li>\n<li>Dimensioni: tubo rotondo da 35 mm<\/li>\n<li>Dimensione: 22 mm<\/li>\n<li>Giunti di estremit\u00e0 inclusi: No<\/li>\n<li>Tutti gli stabilizzatori sono verniciati a polvere in grigio metallizzato.<\/li>\n<\/ul>\n<p>&nbsp;<\/p>\n<p><strong>Adatto per:<\/strong><\/p>\n<table width=\"456\">\n<tbody>\n<tr>\n<td width=\"123\">Marchio<\/td>\n<td width=\"173\">Modello<\/td>\n<td width=\"78\">Motore<\/td>\n<td width=\"82\">Anno di costruzione<\/td>\n<\/tr>\n<tr>\n<td>Chrysler<\/td>\n<td>300 C<\/td>\n<td width=\"78\">3.6<\/td>\n<td>2011 \u2013 2023<\/td>\n<\/tr>\n<tr>\n<td width=\"123\">Chrysler<\/td>\n<td width=\"173\">300C<\/td>\n<td width=\"78\">5.7<\/td>\n<td width=\"82\">2005 \u2013 2023<\/td>\n<\/tr>\n<tr>\n<td width=\"123\">Chrysler<\/td>\n<td width=\"173\">300C<\/td>\n<td width=\"78\">6.1<\/td>\n<td width=\"82\">2005 \u2013 2010<\/td>\n<\/tr>\n<tr>\n<td width=\"123\">Chrysler<\/td>\n<td width=\"173\">300C<\/td>\n<td width=\"78\">6.4<\/td>\n<td width=\"82\">2012 \u2013 2014<\/td>\n<\/tr>\n<tr>\n<td width=\"123\">Dodge<\/td>\n<td width=\"173\">Challenger<\/td>\n<td width=\"78\">3.6<\/td>\n<td>2011 \u2013 2023<\/td>\n<\/tr>\n<tr>\n<td width=\"123\">Dodge<\/td>\n<td width=\"173\">Challenger<\/td>\n<td width=\"78\">5.7<\/td>\n<td width=\"82\">2008 \u2013 2023<\/td>\n<\/tr>\n<tr>\n<td width=\"123\">Dodge<\/td>\n<td width=\"173\">Challenger<\/td>\n<td width=\"78\">6.1<\/td>\n<td width=\"82\">2008 \u2013 2010<\/td>\n<\/tr>\n<tr>\n<td width=\"123\">Dodge<\/td>\n<td width=\"173\">Challenger<\/td>\n<td width=\"78\">6.2 Hellcat<\/td>\n<td width=\"82\">2015 \u2013 2023<\/td>\n<\/tr>\n<tr>\n<td width=\"123\">Dodge<\/td>\n<td width=\"173\">Challenger<\/td>\n<td width=\"78\">6.4<\/td>\n<td width=\"82\">2011 \u2013 2023<\/td>\n<\/tr>\n<tr>\n<td width=\"123\">Dodge<\/td>\n<td width=\"173\">Charger<\/td>\n<td width=\"78\">3.6<\/td>\n<td>2011 \u2013 2023<\/td>\n<\/tr>\n<tr>\n<td width=\"123\">Dodge<\/td>\n<td width=\"173\">Charger<\/td>\n<td width=\"78\">5.7<\/td>\n<td width=\"82\">2005 \u2013 2023<\/td>\n<\/tr>\n<tr>\n<td width=\"123\">Dodge<\/td>\n<td width=\"173\">Charger<\/td>\n<td width=\"78\">6.1<\/td>\n<td width=\"82\">2005 \u2013 2010<\/td>\n<\/tr>\n<tr>\n<td width=\"123\">Dodge<\/td>\n<td width=\"173\">Charger<\/td>\n<td width=\"78\">6.2 Hellcat<\/td>\n<td width=\"82\">2015 \u2013 2023<\/td>\n<\/tr>\n<tr>\n<td width=\"123\">Dodge<\/td>\n<td width=\"173\">Charger<\/td>\n<td width=\"78\">6.4<\/td>\n<td width=\"82\">2011 \u2013 2023<\/td>\n<\/tr>\n<\/tbody>\n<\/table>\n<div class=\"product-teaser\">\n<p>Non adatto ai veicoli AWD (trazione integrale).<\/p>\n<\/div>\n<p>&nbsp;<\/p>\n<p><strong>Ambito di fornitura:<\/strong><\/p>\n<ul>\n<li>Stabilizzatore anteriore<\/li>\n<li>Stabilizzatore posteriore<\/li>\n<li>Prese di corrente<\/li>\n<li>Istruzioni di installazione in tedesco (Download)<\/li>\n<\/ul>","protected":false},"excerpt":{"rendered":"<p>2005 \u2013 2023<\/p>","protected":false},"featured_media":68286379,"comment_status":"open","ping_status":"closed","template":"","meta":{"_acf_changed":false},"product_brand":[],"product_cat":[1563,1571,4977,1579,1587,1668,1676,1684,1692,1700,1603,1611,5156,1619,1627,1635],"product_tag":[169,52,91,92,101,93,4790,3888,3897,54,53,48,536,49,3853,3854,743,318,3893,100,126,798,222,4789,783,151,3896,3898,3894,787,782,96,767,769,3891,3899,3889,3890,831,841],"class_list":{"0":"post-68286058","1":"product","2":"type-product","3":"status-publish","4":"has-post-thumbnail","6":"product_cat-300c-36-fahrwerk","7":"product_cat-300c-57-2005-2010-fahrwerk","8":"product_cat-300c-57-2011-2023-fahrwerk","9":"product_cat-300c-61-fahrwerk","10":"product_cat-300c-64-fahrwerk","11":"product_cat-challenger-36-fahrwerk","12":"product_cat-challenger-57-fahrwerk","13":"product_cat-challenger-61-fahrwerk","14":"product_cat-challenger-hellcat-fahrwerk","15":"product_cat-challenger-64-fahrwerk","16":"product_cat-charger-36-fahrwerk","17":"product_cat-charger-57-fahrwerk","18":"product_cat-charger-57-2011-2023-fahrwerk","19":"product_cat-charger-61-fahrwerk","20":"product_cat-charger-hellcat-fahrwerk","21":"product_cat-charger-64-fahrwerk","22":"product_tag-3-6","23":"product_tag-300c","24":"product_tag-5-7","25":"product_tag-6-1","26":"product_tag-6-2","27":"product_tag-6-4","28":"product_tag-63-0636","29":"product_tag-anti-roll","30":"product_tag-bar","31":"product_tag-challenger","32":"product_tag-charger","33":"product_tag-chrysler","34":"product_tag-chrysler-300c","35":"product_tag-dodge","36":"product_tag-dodge-challenger","37":"product_tag-dodge-charger","38":"product_tag-fahrwerk","39":"product_tag-federn","40":"product_tag-federung","41":"product_tag-hellcat","42":"product_tag-hemi","43":"product_tag-hinten","44":"product_tag-kit","45":"product_tag-progress-technology","46":"product_tag-r-t","47":"product_tag-redeye","48":"product_tag-roll","49":"product_tag-rollbar","50":"product_tag-rollneigung","51":"product_tag-rt","52":"product_tag-scat-pack","53":"product_tag-srt","54":"product_tag-stabi","55":"product_tag-stabilisator","56":"product_tag-stabilisatoren","57":"product_tag-sway","58":"product_tag-sway-bar","59":"product_tag-swaybar","60":"product_tag-verstellbar","61":"product_tag-vorne","62":"product_shipping_class-paketversand-l","64":"first","65":"onbackorder","66":"taxable","67":"shipping-taxable","68":"purchasable","69":"product-type-simple"},"bundled_by":[],"bundle_stock_status":"onbackorder","bundle_stock_quantity":0,"bundle_virtual":false,"bundle_layout":"","bundle_add_to_cart_form_location":"","bundle_editable_in_cart":false,"bundle_sold_individually_context":"","bundle_item_grouping":"","bundle_min_size":"","bundle_max_size":"","bundle_price":[],"bundled_items":[],"bundle_sell_ids":[],"exclude_global_add_ons":[],"addons":[],"acf":[],"_links":{"self":[{"href":"https:\/\/kraftwerk-shop.cc\/it\/wp-json\/wp\/v2\/product\/68286058","targetHints":{"allow":["GET"]}}],"collection":[{"href":"https:\/\/kraftwerk-shop.cc\/it\/wp-json\/wp\/v2\/product"}],"about":[{"href":"https:\/\/kraftwerk-shop.cc\/it\/wp-json\/wp\/v2\/types\/product"}],"replies":[{"embeddable":true,"href":"https:\/\/kraftwerk-shop.cc\/it\/wp-json\/wp\/v2\/comments?post=68286058"}],"version-history":[{"count":0,"href":"https:\/\/kraftwerk-shop.cc\/it\/wp-json\/wp\/v2\/product\/68286058\/revisions"}],"wp:featuredmedia":[{"embeddable":true,"href":"https:\/\/kraftwerk-shop.cc\/it\/wp-json\/wp\/v2\/media\/68286379"}],"wp:attachment":[{"href":"https:\/\/kraftwerk-shop.cc\/it\/wp-json\/wp\/v2\/media?parent=68286058"}],"wp:term":[{"taxonomy":"product_brand","embeddable":true,"href":"https:\/\/kraftwerk-shop.cc\/it\/wp-json\/wp\/v2\/product_brand?post=68286058"},{"taxonomy":"product_cat","embeddable":true,"href":"https:\/\/kraftwerk-shop.cc\/it\/wp-json\/wp\/v2\/product_cat?post=68286058"},{"taxonomy":"product_tag","embeddable":true,"href":"https:\/\/kraftwerk-shop.cc\/it\/wp-json\/wp\/v2\/product_tag?post=68286058"}],"curies":[{"name":"wp","href":"https:\/\/api.w.org\/{rel}","templated":true}]}}