{"id":68286072,"date":"2023-03-19T22:51:50","date_gmt":"2023-03-19T21:51:50","guid":{"rendered":"https:\/\/kraftwerk-shop.cc\/?post_type=product&#038;p=68286072"},"modified":"2025-12-06T22:03:39","modified_gmt":"2025-12-06T21:03:39","slug":"ram-stabilizzatore-a-tecnologia-avanzata","status":"publish","type":"product","link":"https:\/\/kraftwerk-shop.cc\/it\/produkt\/progress-technology-stabilisator-ram\/","title":{"rendered":"Progress Technology Stabilizzatore RAM 5,7"},"content":{"rendered":"<h1>Progress Technology Stabilizzatore di prestazioni (asse posteriore) per RAM 3.0 EcoDiesel, 3.6 e 5.7<\/h1>\n<p>&nbsp;<\/p>\n<p>Gli stabilizzatori Progress Technology migliorano drasticamente la maneggevolezza. Come ci riescono? Riducono al minimo l'\"angolo di inclinazione\" della carrozzeria, che provoca l'uscita di strada di alcuni pneumatici esterni.<br \/>\nGli stabilizzatori sportivi sostituiscono i piccoli stabilizzatori e le boccole in gomma del primo equipaggiamento con barre in acciaio legato di diametro maggiore e boccole in poliuretano pi\u00f9 duro. Maggiore \"rigidit\u00e0 di rollio\" significa minore \"inclinazione\" o \"ondeggiamento\" e i pneumatici rimangono pi\u00f9 piatti e meglio collegati alla strada. Le superfici di contatto dei pneumatici, pi\u00f9 ampie e pi\u00f9 stabili, offrono al pilota maggiore aderenza, controllo e sicurezza.<\/p>\n<p>La messa a punto delle sospensioni con barre antirollio pi\u00f9 grandi e\/o regolabili \u00e8 un modo semplice ed efficace per migliorare il bilanciamento delle sospensioni e ridurre al minimo l'eccessivo sottosterzo, cos\u00ec comune nei veicoli moderni.<br \/>\nLe barre di oscillazione Progress sono formate a freddo con apparecchiature di piegatura CNC di precisione. Entrambe le estremit\u00e0 degli stabilizzatori, tagliate al laser e lavorate a CNC, sono saldate MIG con attrezzature di precisione per garantire un accoppiamento perfetto.<br \/>\nTutte le barre di oscillazione Progress sono sviluppate e prodotte negli Stati Uniti.<\/p>\n<p>&nbsp;<\/p>\n<p><strong>Propriet\u00e0:<\/strong><\/p>\n<ul>\n<li>Curvatura a freddo su moderni sistemi CNC a tre assi<\/li>\n<li>In acciaio legato<\/li>\n<li>Le estremit\u00e0 prefabbricate delle barre e gli anelli laterali sono saldati a MIG per garantire un'aderenza perfetta.<\/li>\n<li>Prodotto negli Stati Uniti<\/li>\n<li>Miglioramento della stabilit\u00e0 direzionale in presenza di vento laterale<\/li>\n<li>Migliore controllo del veicolo durante il traino di rimorchi<\/li>\n<li>Non regolabile<\/li>\n<li>Diametro: 1,00\u2033 (25 mm)<\/li>\n<li>Comprese boccole in poliuretano e lubrificante<\/li>\n<li>Giunti di estremit\u00e0 inclusi: No<\/li>\n<li>Si adatta ai veicoli con altezza OEM entro +\/- 2,0\u2033.<\/li>\n<li>Tutti gli stabilizzatori sono verniciati a polvere in grigio metallizzato.<\/li>\n<\/ul>\n<p>&nbsp;<\/p>\n<p><strong>Adatto per:<\/strong><\/p>\n<table width=\"498\">\n<tbody>\n<tr>\n<td width=\"114\"><strong>Marchio<\/strong><\/td>\n<td width=\"121\"><strong>Modello<\/strong><\/td>\n<td width=\"122\"><strong>Motore<\/strong><\/td>\n<td width=\"141\"><strong>Anno di costruzione<\/strong><\/td>\n<\/tr>\n<tr>\n<td width=\"114\">RAM<\/td>\n<td width=\"121\">1500<\/td>\n<td width=\"122\">3.0 EcoDiesel<\/td>\n<td width=\"141\">2014 \u2013 2018<\/td>\n<\/tr>\n<tr>\n<td width=\"114\">RAM<\/td>\n<td>1500 Classic<\/td>\n<td width=\"122\">3.0 EcoDiesel<\/td>\n<td>2019<\/td>\n<\/tr>\n<tr>\n<td width=\"114\">RAM<\/td>\n<td width=\"121\">1500<\/td>\n<td width=\"122\">3.0 EcoDiesel<\/td>\n<td width=\"141\">2020 \u2013 2023<\/td>\n<\/tr>\n<tr>\n<td width=\"114\">RAM<\/td>\n<td width=\"121\">1500<\/td>\n<td width=\"122\">3.6<\/td>\n<td width=\"141\">2013 \u2013 2018<\/td>\n<\/tr>\n<tr>\n<td width=\"114\">RAM<\/td>\n<td width=\"121\">1500<\/td>\n<td width=\"122\">3.6<\/td>\n<td width=\"141\">2019 \u2013 2024<\/td>\n<\/tr>\n<tr>\n<td width=\"114\">RAM<\/td>\n<td>1500 Classic<\/td>\n<td width=\"122\">3.6<\/td>\n<td>2019 \u2013 2024<\/td>\n<\/tr>\n<tr>\n<td width=\"114\">RAM<\/td>\n<td width=\"121\">1500<\/td>\n<td width=\"122\">5.7<\/td>\n<td width=\"141\">2011 \u2013 2014<\/td>\n<\/tr>\n<tr>\n<td width=\"114\">RAM<\/td>\n<td width=\"121\">1500<\/td>\n<td width=\"122\">5.7<\/td>\n<td width=\"141\">2019 \u2013 2024<\/td>\n<\/tr>\n<tr>\n<td width=\"114\">RAM<\/td>\n<td>1500 Classic<\/td>\n<td width=\"122\">5.7<\/td>\n<td>2019 \u2013 2024<\/td>\n<\/tr>\n<\/tbody>\n<\/table>\n<p>Adatto solo per veicoli con altezza OEM entro +\/- 2,0\u2033.<\/p>\n<p>&nbsp;<\/p>\n<p><strong>Ambito di fornitura:<\/strong><\/p>\n<ul>\n<li>Stabilizzatore posteriore<\/li>\n<li>Prese di corrente<\/li>\n<\/ul>","protected":false},"excerpt":{"rendered":"<p>Progress Technology Performance Stabilisator (Hinterachse) f\u00fcr RAM 3.0 EcoDiesel, 3.6 und 5.7 &nbsp; Progress Technology Stabilisatoren verbessern das Fahrverhalten drastisch.<\/p>","protected":false},"featured_media":68286387,"comment_status":"open","ping_status":"closed","template":"","meta":{"_acf_changed":false},"product_brand":[],"product_cat":[4792,19414,4793,19684,1519,5014],"product_tag":[475,4791,743,318,3893,798,222,4789,86,3896,3898,3894,767,769,3891,3899,3889,3890],"class_list":{"0":"post-68286072","1":"product","2":"type-product","3":"status-publish","4":"has-post-thumbnail","6":"product_cat-1500-ecodiesel-fahrwerk","7":"product_cat-1500-ecodiesel-2020-2023-fahrwerk","8":"product_cat-1500-36-fahrwerk","9":"product_cat-1500-36-dt-fahrwerk","10":"product_cat-1500-57-2009-2018-classic-fahrwerk","11":"product_cat-1500-57-dt-fahrwerk","12":"product_tag-475","13":"product_tag-22-1810-000","14":"product_tag-fahrwerk","15":"product_tag-federn","16":"product_tag-federung","17":"product_tag-hinten","18":"product_tag-kit","19":"product_tag-progress-technology","20":"product_tag-ram","21":"product_tag-roll","22":"product_tag-rollbar","23":"product_tag-rollneigung","24":"product_tag-stabi","25":"product_tag-stabilisator","26":"product_tag-stabilisatoren","27":"product_tag-sway","28":"product_tag-sway-bar","29":"product_tag-swaybar","31":"first","32":"onbackorder","33":"taxable","34":"shipping-taxable","35":"purchasable","36":"product-type-simple"},"bundled_by":[],"bundle_stock_status":"onbackorder","bundle_stock_quantity":0,"bundle_virtual":false,"bundle_layout":"","bundle_add_to_cart_form_location":"","bundle_editable_in_cart":false,"bundle_sold_individually_context":"","bundle_item_grouping":"","bundle_min_size":"","bundle_max_size":"","bundle_price":[],"bundled_items":[],"bundle_sell_ids":[],"exclude_global_add_ons":[],"addons":[],"acf":[],"_links":{"self":[{"href":"https:\/\/kraftwerk-shop.cc\/it\/wp-json\/wp\/v2\/product\/68286072","targetHints":{"allow":["GET"]}}],"collection":[{"href":"https:\/\/kraftwerk-shop.cc\/it\/wp-json\/wp\/v2\/product"}],"about":[{"href":"https:\/\/kraftwerk-shop.cc\/it\/wp-json\/wp\/v2\/types\/product"}],"replies":[{"embeddable":true,"href":"https:\/\/kraftwerk-shop.cc\/it\/wp-json\/wp\/v2\/comments?post=68286072"}],"version-history":[{"count":0,"href":"https:\/\/kraftwerk-shop.cc\/it\/wp-json\/wp\/v2\/product\/68286072\/revisions"}],"wp:featuredmedia":[{"embeddable":true,"href":"https:\/\/kraftwerk-shop.cc\/it\/wp-json\/wp\/v2\/media\/68286387"}],"wp:attachment":[{"href":"https:\/\/kraftwerk-shop.cc\/it\/wp-json\/wp\/v2\/media?parent=68286072"}],"wp:term":[{"taxonomy":"product_brand","embeddable":true,"href":"https:\/\/kraftwerk-shop.cc\/it\/wp-json\/wp\/v2\/product_brand?post=68286072"},{"taxonomy":"product_cat","embeddable":true,"href":"https:\/\/kraftwerk-shop.cc\/it\/wp-json\/wp\/v2\/product_cat?post=68286072"},{"taxonomy":"product_tag","embeddable":true,"href":"https:\/\/kraftwerk-shop.cc\/it\/wp-json\/wp\/v2\/product_tag?post=68286072"}],"curies":[{"name":"wp","href":"https:\/\/api.w.org\/{rel}","templated":true}]}}