{"id":68286085,"date":"2023-03-11T19:41:28","date_gmt":"2023-03-11T18:41:28","guid":{"rendered":"https:\/\/kraftwerk-shop.cc\/?post_type=product&#038;p=68286085"},"modified":"2025-05-31T15:50:04","modified_gmt":"2025-05-31T13:50:04","slug":"stabilizzatori-progress-technology-corvette-c7","status":"publish","type":"product","link":"https:\/\/kraftwerk-shop.cc\/it\/produkt\/progress-technology-stabilisatoren-corvette-c7\/","title":{"rendered":"Stabilizzatori Progress Technology Corvette C7"},"content":{"rendered":"<h1>Progress Technology Stabilizzatori ad alte prestazioni (anteriore + posteriore) per Chevrolet Corvette C7<\/h1>\n<p>&nbsp;<\/p>\n<p>Gli stabilizzatori Progress Technology migliorano drasticamente la maneggevolezza. Come ci riescono? Riducono al minimo l'\"angolo di inclinazione\" della carrozzeria, che provoca l'uscita di strada di alcuni pneumatici esterni.<br \/>\nGli stabilizzatori sportivi sostituiscono i piccoli stabilizzatori e le boccole in gomma del primo equipaggiamento con barre in acciaio legato di diametro maggiore e boccole in poliuretano pi\u00f9 duro. Maggiore \"rigidit\u00e0 di rollio\" significa minore \"inclinazione\" o \"ondeggiamento\" e i pneumatici rimangono pi\u00f9 piatti e meglio collegati alla strada. Le superfici di contatto dei pneumatici, pi\u00f9 ampie e pi\u00f9 stabili, offrono al pilota maggiore aderenza, controllo e sicurezza.<\/p>\n<p>La messa a punto delle sospensioni con barre antirollio pi\u00f9 grandi e\/o regolabili \u00e8 un modo semplice ed efficace per migliorare il bilanciamento delle sospensioni e ridurre al minimo l'eccessivo sottosterzo, cos\u00ec comune nei veicoli moderni.<br \/>\nLe barre di oscillazione Progress sono formate a freddo con apparecchiature di piegatura CNC di precisione. Entrambe le estremit\u00e0 degli stabilizzatori, tagliate al laser e lavorate a CNC, sono saldate MIG con attrezzature di precisione per garantire un accoppiamento perfetto.<br \/>\nTutte le barre di oscillazione Progress sono sviluppate e prodotte negli Stati Uniti.<\/p>\n<p>&nbsp;<\/p>\n<p><strong>Propriet\u00e0:<\/strong><\/p>\n<ul>\n<li>Curvatura a freddo su moderni sistemi CNC a tre assi<\/li>\n<li>In acciaio legato<\/li>\n<li>Le estremit\u00e0 prefabbricate delle barre e gli anelli laterali sono saldati a MIG per garantire un'aderenza perfetta.<\/li>\n<li>Design esclusivo della boccola in poliuretano<\/li>\n<li>Materiale di montaggio completo e istruzioni incluse<\/li>\n<li>Prodotto negli Stati Uniti<\/li>\n<li>Campo di regolazione: 3 fori<\/li>\n<li>Dimensione anteriore: 31,8 mm (1,250\u2033)<\/li>\n<li>Dimensione posteriore: 33,3 mm (1,312\u2033) regolabile<\/li>\n<li>Giunti di estremit\u00e0 inclusi: No<\/li>\n<li>Tutti gli stabilizzatori sono verniciati a polvere in grigio metallizzato.<\/li>\n<\/ul>\n<p>&nbsp;<\/p>\n<p><strong>Adatto per:<\/strong><\/p>\n<table width=\"790\">\n<tbody>\n<tr>\n<td width=\"178\"><strong>Anno di costruzione<\/strong><\/td>\n<td width=\"226\"><strong>Marchio<\/strong><\/td>\n<td width=\"214\"><strong>Modello<\/strong><\/td>\n<td width=\"172\"><strong>Motore<\/strong><\/td>\n<\/tr>\n<tr>\n<td width=\"178\">2014 \u2013 2019<\/td>\n<td width=\"226\">Chevrolet<\/td>\n<td width=\"214\">Corvette (C7) Stingray<\/td>\n<td width=\"172\">V8 6.2L<\/td>\n<\/tr>\n<\/tbody>\n<\/table>\n<div class=\"product-teaser\">\n<p><strong>Nota:<\/strong> Per i veicoli che <strong>non<\/strong> sono dotati di uno stabilizzatore posteriore, per l'installazione sono necessarie parti aggiuntive per montare lo stabilizzatore posteriore. Queste parti non sono incluse nella fornitura.<\/p>\n<p>I numeri di parte GM richiesti sono<\/p>\n<ul>\n<li>(2) 22945601<\/li>\n<li>(4) 11516078<\/li>\n<li>(2) 20959449<\/li>\n<li>(4) 11588742<\/li>\n<\/ul>\n<p>&nbsp;<\/p>\n<\/div>\n<p><strong>Ambito di fornitura:<\/strong><\/p>\n<ul>\n<li>Stabilizzatore anteriore<\/li>\n<li>Stabilizzatore posteriore<\/li>\n<li>Prese di corrente<\/li>\n<li>Istruzioni di installazione in tedesco (Download)<\/li>\n<\/ul>","protected":false},"excerpt":{"rendered":"<p>Barre antirollio Progress Technology Performance (anteriore + posteriore) per C7 Chevrolet Corvette Le barre antirollio Progress Technology migliorano drasticamente la maneggevolezza. Come<\/p>","protected":false},"featured_media":68286462,"comment_status":"open","ping_status":"closed","template":"","meta":{"_acf_changed":false},"product_brand":[],"product_cat":[3130],"product_tag":[4795,3888,3087,189,281,743,798,222,4789,3894,767,769,3891,3583,3899,3889,3890,831,841],"class_list":{"0":"post-68286085","1":"product","2":"type-product","3":"status-publish","4":"has-post-thumbnail","6":"product_cat-corvette-c7-fahrwerk","7":"product_tag-63-0481","8":"product_tag-anti-roll","9":"product_tag-c7","10":"product_tag-chevrolet","11":"product_tag-corvette","12":"product_tag-fahrwerk","13":"product_tag-hinten","14":"product_tag-kit","15":"product_tag-progress-technology","16":"product_tag-rollneigung","17":"product_tag-stabi","18":"product_tag-stabilisator","19":"product_tag-stabilisatoren","20":"product_tag-stingray","21":"product_tag-sway","22":"product_tag-sway-bar","23":"product_tag-swaybar","24":"product_tag-verstellbar","25":"product_tag-vorne","26":"product_shipping_class-paket-l","28":"first","29":"onbackorder","30":"taxable","31":"shipping-taxable","32":"purchasable","33":"product-type-simple"},"bundled_by":[],"bundle_stock_status":"onbackorder","bundle_stock_quantity":0,"bundle_virtual":false,"bundle_layout":"","bundle_add_to_cart_form_location":"","bundle_editable_in_cart":false,"bundle_sold_individually_context":"","bundle_item_grouping":"","bundle_min_size":"","bundle_max_size":"","bundle_price":[],"bundled_items":[],"bundle_sell_ids":[],"exclude_global_add_ons":[],"addons":[],"acf":[],"_links":{"self":[{"href":"https:\/\/kraftwerk-shop.cc\/it\/wp-json\/wp\/v2\/product\/68286085","targetHints":{"allow":["GET"]}}],"collection":[{"href":"https:\/\/kraftwerk-shop.cc\/it\/wp-json\/wp\/v2\/product"}],"about":[{"href":"https:\/\/kraftwerk-shop.cc\/it\/wp-json\/wp\/v2\/types\/product"}],"replies":[{"embeddable":true,"href":"https:\/\/kraftwerk-shop.cc\/it\/wp-json\/wp\/v2\/comments?post=68286085"}],"version-history":[{"count":0,"href":"https:\/\/kraftwerk-shop.cc\/it\/wp-json\/wp\/v2\/product\/68286085\/revisions"}],"wp:featuredmedia":[{"embeddable":true,"href":"https:\/\/kraftwerk-shop.cc\/it\/wp-json\/wp\/v2\/media\/68286462"}],"wp:attachment":[{"href":"https:\/\/kraftwerk-shop.cc\/it\/wp-json\/wp\/v2\/media?parent=68286085"}],"wp:term":[{"taxonomy":"product_brand","embeddable":true,"href":"https:\/\/kraftwerk-shop.cc\/it\/wp-json\/wp\/v2\/product_brand?post=68286085"},{"taxonomy":"product_cat","embeddable":true,"href":"https:\/\/kraftwerk-shop.cc\/it\/wp-json\/wp\/v2\/product_cat?post=68286085"},{"taxonomy":"product_tag","embeddable":true,"href":"https:\/\/kraftwerk-shop.cc\/it\/wp-json\/wp\/v2\/product_tag?post=68286085"}],"curies":[{"name":"wp","href":"https:\/\/api.w.org\/{rel}","templated":true}]}}