{"id":68286283,"date":"2023-03-13T22:20:28","date_gmt":"2023-03-13T21:20:28","guid":{"rendered":"https:\/\/kraftwerk-shop.cc\/?post_type=product&#038;p=68286283"},"modified":"2026-02-15T00:51:38","modified_gmt":"2026-02-14T23:51:38","slug":"borla-s-type-11933-sistema-di-scarico-posteriore-per-asse-chevrolet-camaro-2-0","status":"publish","type":"product","link":"https:\/\/kraftwerk-shop.cc\/it\/produkt\/borla-s-type-11933-axle-back-auspuffanlage-chevrolet-camaro-2-0\/","title":{"rendered":"Sistema di scarico BORLA S-Type Axle-Back per Chevrolet Camaro 2.0"},"content":{"rendered":"<h1>BORLA S-Type 11933 Sistema di scarico Axle-Back ad alte prestazioni per Chevrolet Camaro 2.0 dal 2016 al 2023<\/h1>\n<p>&nbsp;<\/p>\n<p>Il suono profondo e robusto \u00e8 pi\u00f9 forte dell'impianto di scarico standard della Chevrolet Camaro SS e sottolinea il carattere del motore.<br \/>\nAnche se non \u00e8 autorizzato, il suono non \u00e8 cos\u00ec forte da causare problemi.<\/p>\n<p><strong>Il sistema di scarico S-Type \u00e8 la via di mezzo tra le tre varianti di suono Borla.<\/strong><\/p>\n<p>Durante lo sviluppo di questo sistema di scarico, la progettazione gas-dinamica e aerodinamica \u00e8 stata la prima priorit\u00e0, seguita dall'ingegneria del suono.<br \/>\nQuesto approccio elaborato, raramente praticato nel settore, significa che la potenza e la coppia non vengono sacrificate per il suono, ma sono armonizzate tra loro.<br \/>\nQuesto \u00e8 il risultato speciale di Borla. Non \u00e8 sempre riconoscibile a prima vista - ma \u00e8 questo che fa la grande differenza tra la mediocrit\u00e0 e la genialit\u00e0 tecnica.<\/p>\n<p>Con molti altri sistemi di scarico, i costi di sviluppo vengono mantenuti bassi e si presta attenzione solo al suono. Di conseguenza, questi sistemi hanno spesso un buon suono, ma comportano una perdita di potenza e quindi non meritano di essere chiamati \"scarichi sportivi\".<\/p>\n<p>Dovrebbe esserne consapevole. Con questa conoscenza, potr\u00e0 prendere una decisione informata a favore o contro un particolare sistema di scarico sportivo.<\/p>\n<p>I sistemi di scarico sportivi Borla sono realizzati in acciaio inossidabile ad alta lega della serie T304, secondo lo standard americano AISI.<\/p>\n<p>&nbsp;<\/p>\n<table border=\"0\" width=\"513\" cellspacing=\"0\" cellpadding=\"0\">\n<colgroup>\n<col \/>\n<col \/> <\/colgroup>\n<tbody>\n<tr>\n<td style=\"height: 21px; width: 223px;\" height=\"21\">Tipo di scarico<\/td>\n<td style=\"width: 291px;\">Assale posteriore<\/td>\n<\/tr>\n<tr>\n<td style=\"height: 21px; width: 223px;\" height=\"21\">Diametro del tubo<\/td>\n<td style=\"width: 291px;\">Da 2,25 a 2,75 pollici<\/td>\n<\/tr>\n<tr>\n<td style=\"height: 21px; width: 223px;\" height=\"21\">Tubo di scappamento<\/td>\n<td>Uscita posteriore singola sdoppiata<\/td>\n<\/tr>\n<\/tbody>\n<\/table>\n<p><img decoding=\"async\" class=\"ep-gadget epgadget-externalvideo\" style=\"max-width: 100%; display: block; margin-bottom: 10px; width: 201px; height: 111px;\" title=\"App\" src=\"data:image\/png;base64,iVBORw0KGgoAAANSUhEUgAAEAAABCAQAAAC1HAwCAAAAC0lEQVR4nGP6zwAAAgcBApocMXEAAASUVORK5CYII=\" alt=\"App\" data-ep-gadget=\"{&quot;options&quot;:{&quot;width&quot;:560,&quot;height&quot;:315,&quot;provider&quot;:&quot;youtube&quot;,&quot;id&quot;:&quot;1o0HzNx8JqM&quot;},&quot;alias&quot;:&quot;externalvideo&quot;,&quot;cartridge&quot;:&quot;externalcontent&quot;}\" \/><\/p>","protected":false},"excerpt":{"rendered":"<p>2016 \u2013 2023<\/p>","protected":false},"featured_media":68286285,"comment_status":"open","ping_status":"closed","template":"","meta":{"_acf_changed":false},"product_brand":[17170],"product_cat":[4956,3024],"product_tag":[2309,250,251,252,419,420,2066,1049,1046,1035,1036,546,1037,1032,2443,191,1047,189,190,429,1043,1039,1042,1050,532,529,441,20273,1040,898,1044,1033,1045,1041,547,1034,1038,291,233],"class_list":{"0":"post-68286283","1":"product","2":"type-product","3":"status-publish","4":"has-post-thumbnail","6":"product_brand-borla","7":"product_cat-camaro-20-2016-2024-abgasanlage","8":"product_cat-nicht-nach-eu","9":"product_tag-2309","10":"product_tag-250","11":"product_tag-251","12":"product_tag-252","13":"product_tag-419","14":"product_tag-420","15":"product_tag-2066","16":"product_tag-1049","17":"product_tag-abe","18":"product_tag-abgasanlage","19":"product_tag-abgassystem","20":"product_tag-auspuff","21":"product_tag-auspuffsystem","22":"product_tag-borla","23":"product_tag-borla-exhaust","24":"product_tag-camaro","25":"product_tag-cat-back","26":"product_tag-chevrolet","27":"product_tag-chevy","28":"product_tag-deutschland","29":"product_tag-endrohr","30":"product_tag-endschalldaempfer","31":"product_tag-endtopf","32":"product_tag-gen6","33":"product_tag-kat","34":"product_tag-katalysator","35":"product_tag-kaufen","36":"product_tag-keintuev","37":"product_tag-laut","38":"product_tag-lt1","39":"product_tag-mittelschalldaempfer","40":"product_tag-s-type","41":"product_tag-sound","42":"product_tag-sport","43":"product_tag-sportauspuff","44":"product_tag-sportauspuffanlage","45":"product_tag-sportendschalldaempfer","46":"product_tag-ss","47":"product_tag-tuning","48":"product_shipping_class-spedition-1","50":"first","51":"onbackorder","52":"taxable","53":"shipping-taxable","54":"purchasable","55":"product-type-simple"},"bundled_by":[],"bundle_stock_status":"onbackorder","bundle_stock_quantity":0,"bundle_virtual":false,"bundle_layout":"","bundle_add_to_cart_form_location":"","bundle_editable_in_cart":false,"bundle_sold_individually_context":"","bundle_item_grouping":"","bundle_min_size":"","bundle_max_size":"","bundle_price":[],"bundled_items":[],"bundle_sell_ids":[],"exclude_global_add_ons":[],"addons":[],"acf":[],"_links":{"self":[{"href":"https:\/\/kraftwerk-shop.cc\/it\/wp-json\/wp\/v2\/product\/68286283","targetHints":{"allow":["GET"]}}],"collection":[{"href":"https:\/\/kraftwerk-shop.cc\/it\/wp-json\/wp\/v2\/product"}],"about":[{"href":"https:\/\/kraftwerk-shop.cc\/it\/wp-json\/wp\/v2\/types\/product"}],"replies":[{"embeddable":true,"href":"https:\/\/kraftwerk-shop.cc\/it\/wp-json\/wp\/v2\/comments?post=68286283"}],"version-history":[{"count":0,"href":"https:\/\/kraftwerk-shop.cc\/it\/wp-json\/wp\/v2\/product\/68286283\/revisions"}],"wp:featuredmedia":[{"embeddable":true,"href":"https:\/\/kraftwerk-shop.cc\/it\/wp-json\/wp\/v2\/media\/68286285"}],"wp:attachment":[{"href":"https:\/\/kraftwerk-shop.cc\/it\/wp-json\/wp\/v2\/media?parent=68286283"}],"wp:term":[{"taxonomy":"product_brand","embeddable":true,"href":"https:\/\/kraftwerk-shop.cc\/it\/wp-json\/wp\/v2\/product_brand?post=68286283"},{"taxonomy":"product_cat","embeddable":true,"href":"https:\/\/kraftwerk-shop.cc\/it\/wp-json\/wp\/v2\/product_cat?post=68286283"},{"taxonomy":"product_tag","embeddable":true,"href":"https:\/\/kraftwerk-shop.cc\/it\/wp-json\/wp\/v2\/product_tag?post=68286283"}],"curies":[{"name":"wp","href":"https:\/\/api.w.org\/{rel}","templated":true}]}}