{"id":68286755,"date":"2023-03-30T11:35:26","date_gmt":"2023-03-30T09:35:26","guid":{"rendered":"https:\/\/kraftwerk-shop.cc\/?post_type=product&#038;p=68286755"},"modified":"2026-02-15T00:51:55","modified_gmt":"2026-02-14T23:51:55","slug":"pedaliera-commander-pedaliera-ford-mustang","status":"publish","type":"product","link":"https:\/\/kraftwerk-shop.cc\/it\/produkt\/pedal-commander-pedalbox-ford-mustang\/","title":{"rendered":"Pedal Commander per Ford, Jaguar, Land Rover e Lincoln"},"content":{"rendered":"<h1 class=\"h2 product-single__title\">Scatola di regolazione del pedale dell'acceleratore PC18 da Pedal Commander per Ford, Jaguar, Land Rover e Lincoln<\/h1>\n<div class=\"product-single__description rte\">\n<p>&nbsp;<\/p>\n<p>Si tratta di un'intelligente scatola di regolazione del pedale dell'acceleratore che non interviene nella gestione del motore, ma si limita a passare dal pedale dell'acceleratore alla leva del gas.<\/p>\n<ul>\n<li>Funzione plug-and-play: il veicolo \u00e8 di nuovo pronto all'uso in pochi minuti, senza bisogno di conoscenze specialistiche.<\/li>\n<li>La garanzia del veicolo rimane intatta, non si tratta di una messa a punto del motore.<\/li>\n<li>Si controlla tramite i pulsanti sul dispositivo o tramite l'applicazione Pedal Commander sullo smartphone.<\/li>\n<\/ul>\n<p>&nbsp;<\/p>\n<p>\u00c8 possibile scegliere tra quattro diverse modalit\u00e0 di guida (ECO, CITY, SPORT e SPORT+).<\/p>\n<ul>\n<li><strong>MODALIT\u00c0 ECO:<\/strong> \u00c8 la modalit\u00e0 pi\u00f9 ideale per le condizioni atmosferiche e del terreno. La risposta dell'acceleratore \u00e8 la pi\u00f9 sicura. L'uso continuo della modalit\u00e0 Eco aiuta a risparmiare carburante.<\/li>\n<li><strong>MODALIT\u00c0 CITTA':<\/strong>\u00a0Questa \u00e8 la modalit\u00e0 pi\u00f9 simile alla risposta dell'acceleratore standard.<\/li>\n<li><strong>MODALIT\u00c0 SPORT:<\/strong>\u00a0Questa modalit\u00e0 garantisce un'esperienza di guida vivace.<\/li>\n<li><strong>MODALIT\u00c0 SPORT+<\/strong>Pu\u00f2 anche essere definita una modalit\u00e0 di gara.<\/li>\n<\/ul>\n<\/div>\n<p>&nbsp;<\/p>\n<p><strong>Adatto per:<\/strong><\/p>\n<table width=\"749\">\n<tbody>\n<tr>\n<td width=\"262\"><strong>Marchio <\/strong><\/td>\n<td width=\"158\"><strong>Modello<br \/>\n<\/strong><\/td>\n<td width=\"134\"><strong>Variante<\/strong><\/td>\n<td width=\"112\"><strong>Motore<\/strong><\/td>\n<td width=\"83\"><strong>Anno di costruzione<\/strong><\/td>\n<\/tr>\n<tr>\n<td width=\"262\">Ford<\/td>\n<td width=\"158\">Mustang<\/td>\n<td width=\"134\">6a generazione<\/td>\n<td width=\"112\">EcoBoost 2,3 L<\/td>\n<td width=\"83\">2014 \u2013<\/td>\n<\/tr>\n<tr>\n<td width=\"262\">Ford<\/td>\n<td width=\"158\">Mustang<\/td>\n<td width=\"134\">6a generazione<\/td>\n<td width=\"112\">3.7 L<\/td>\n<td width=\"83\">2014 \u2013<\/td>\n<\/tr>\n<tr>\n<td width=\"262\">Ford<\/td>\n<td width=\"158\">Mustang<\/td>\n<td width=\"134\">Quarta generazione<\/td>\n<td width=\"112\">3.7 L<\/td>\n<td width=\"83\">2011 \u2013 2014<\/td>\n<\/tr>\n<tr>\n<td width=\"262\">Ford<\/td>\n<td width=\"158\">Mustang<\/td>\n<td width=\"134\">Quarta generazione<\/td>\n<td width=\"112\">4.0 L<\/td>\n<td width=\"83\">2011 \u2013 2014<\/td>\n<\/tr>\n<tr>\n<td width=\"262\">Ford<\/td>\n<td width=\"158\">Mustang<\/td>\n<td width=\"134\">5a generazione<\/td>\n<td width=\"112\">4.6 L<\/td>\n<td width=\"83\">2011 \u2013 2014<\/td>\n<\/tr>\n<tr>\n<td width=\"262\">Ford<\/td>\n<td width=\"158\">Mustang<\/td>\n<td width=\"134\">5a generazione<\/td>\n<td width=\"112\">5.0 L<\/td>\n<td width=\"83\">2011 \u2013 2014<\/td>\n<\/tr>\n<tr>\n<td width=\"262\">Ford<\/td>\n<td width=\"158\">Mustang<\/td>\n<td width=\"134\">5a generazione<\/td>\n<td width=\"112\">5.4 L<\/td>\n<td width=\"83\">2011 \u2013 2014<\/td>\n<\/tr>\n<tr>\n<td width=\"262\">Ford<\/td>\n<td width=\"158\">Mustang<\/td>\n<td width=\"134\">5a generazione<\/td>\n<td width=\"112\">5.8 L<\/td>\n<td width=\"83\">2011 \u2013 2014<\/td>\n<\/tr>\n<tr>\n<td width=\"262\">Ford<\/td>\n<td width=\"158\">Mustang<\/td>\n<td width=\"134\">6a generazione<\/td>\n<td width=\"112\">GT 5.0 L<\/td>\n<td width=\"83\">2015 \u2013<\/td>\n<\/tr>\n<tr>\n<td width=\"262\">Ford<\/td>\n<td width=\"158\">Mustang<\/td>\n<td width=\"134\">6a generazione<\/td>\n<td width=\"112\">Shelby GT500 5,2 L<\/td>\n<td width=\"83\">2015 \u2013<\/td>\n<\/tr>\n<tr>\n<td width=\"262\">Ford<\/td>\n<td width=\"158\">Mustang<\/td>\n<td width=\"134\">6a generazione<\/td>\n<td width=\"112\">Shelby GT350 5,2 L<\/td>\n<td width=\"83\">2015 \u2013<\/td>\n<\/tr>\n<tr>\n<td width=\"262\">Ford<\/td>\n<td width=\"158\">Mustang Mach-E<\/td>\n<td width=\"134\">Mach-E<\/td>\n<td width=\"112\">Elettrico<\/td>\n<td width=\"83\">2021 \u2013<\/td>\n<\/tr>\n<\/tbody>\n<\/table>\n<p>altri modelli:<br \/>\nBronco, E150, E250, E350, E450, C-Max, Ecosport, Escape, Expedition, Explorer, F150, Focus, Fusion, Maverick, Ranger, Taurus, Transit Connect, Jaguar, Land Rover, Lincoln,...<br \/>\n<strong><a href=\"https:\/\/kraftwerk-shop.cc\/wp-content\/uploads\/2023\/03\/Pedal_Commander_PC18_carlist_neu.pdf\">Scarica l'elenco completo dei veicoli Pedal Commander PC18<\/a><\/strong><\/p>\n<p>&nbsp;<\/p>\n<p><iframe loading=\"lazy\" title=\"Scatola di regolazione del pedale dell&#039;acceleratore \/ regolatore della risposta dell&#039;acceleratore da Pedal Commander\" src=\"https:\/\/www.youtube.com\/embed\/q3iPV2YuwXU\" width=\"882\" height=\"496\" frameborder=\"0\" allowfullscreen=\"allowfullscreen\"><\/iframe><\/p>","protected":false},"excerpt":{"rendered":"<p>Scatola di sintonizzazione del pedale dell'acceleratore PC18 da Pedal Commander per Ford, Jaguar, Land Rover e Lincoln Si tratta di un<\/p>","protected":false},"featured_media":68286758,"comment_status":"open","ping_status":"closed","template":"","meta":{"_acf_changed":false},"product_brand":[],"product_cat":[4665,4749,4745,4744,4746,4747,4748],"product_tag":[4020,508,4845,3873,4849,4850,4851,4769,4848,4852,917,4853,4842,4844,784,3959,4038,4029,4619,3874,2934,4857,4858,4859,4847,4854,3872,4587,4841,4846,4843,4879,186,4771,3958,4824,4855,4856,198,194],"class_list":{"0":"post-68286755","1":"product","2":"type-product","3":"status-publish","4":"has-post-thumbnail","6":"product_cat-bronco","7":"product_cat-bronco-2-0-ecoboost-programmiergeraete","8":"product_cat-mustang-23-ecoboost-programmiergeraete","9":"product_cat-mustang-37-programmiergeraete","10":"product_cat-mustang-50-gt-programmiergeraete","11":"product_cat-shelby-gt350-programmiergeraete","12":"product_cat-shelby-gt500-programmiergeraete","13":"product_tag-2-3","14":"product_tag-3-7","15":"product_tag-bluetooth","16":"product_tag-ecoboost","17":"product_tag-ecosport","18":"product_tag-escape","19":"product_tag-expedition","20":"product_tag-explorer","21":"product_tag-f150","22":"product_tag-focus","23":"product_tag-ford","24":"product_tag-fusion","25":"product_tag-gaspedal","26":"product_tag-gaspedaltuning","27":"product_tag-gt","28":"product_tag-gt350","29":"product_tag-gt350r","30":"product_tag-gt5-0","31":"product_tag-gt50","32":"product_tag-gt500","33":"product_tag-harder","34":"product_tag-jaguar","35":"product_tag-land-rover","36":"product_tag-lincoln","37":"product_tag-mach-e","38":"product_tag-maverick","39":"product_tag-mustang","40":"product_tag-mustang-gt","41":"product_tag-padal-box","42":"product_tag-pc18","43":"product_tag-pedal-commander","44":"product_tag-pedalbox","45":"product_tag-performance","46":"product_tag-ranger","47":"product_tag-shelby","48":"product_tag-shelby-gt500","49":"product_tag-taurus","50":"product_tag-transit-connect","51":"product_tag-v6","52":"product_tag-v8","54":"first","55":"outofstock","56":"taxable","57":"shipping-taxable","58":"purchasable","59":"product-type-simple"},"bundled_by":[],"bundle_stock_status":"outofstock","bundle_stock_quantity":0,"bundle_virtual":false,"bundle_layout":"","bundle_add_to_cart_form_location":"","bundle_editable_in_cart":false,"bundle_sold_individually_context":"","bundle_item_grouping":"","bundle_min_size":"","bundle_max_size":"","bundle_price":[],"bundled_items":[],"bundle_sell_ids":[],"exclude_global_add_ons":[],"addons":[],"acf":[],"_links":{"self":[{"href":"https:\/\/kraftwerk-shop.cc\/it\/wp-json\/wp\/v2\/product\/68286755","targetHints":{"allow":["GET"]}}],"collection":[{"href":"https:\/\/kraftwerk-shop.cc\/it\/wp-json\/wp\/v2\/product"}],"about":[{"href":"https:\/\/kraftwerk-shop.cc\/it\/wp-json\/wp\/v2\/types\/product"}],"replies":[{"embeddable":true,"href":"https:\/\/kraftwerk-shop.cc\/it\/wp-json\/wp\/v2\/comments?post=68286755"}],"version-history":[{"count":0,"href":"https:\/\/kraftwerk-shop.cc\/it\/wp-json\/wp\/v2\/product\/68286755\/revisions"}],"wp:featuredmedia":[{"embeddable":true,"href":"https:\/\/kraftwerk-shop.cc\/it\/wp-json\/wp\/v2\/media\/68286758"}],"wp:attachment":[{"href":"https:\/\/kraftwerk-shop.cc\/it\/wp-json\/wp\/v2\/media?parent=68286755"}],"wp:term":[{"taxonomy":"product_brand","embeddable":true,"href":"https:\/\/kraftwerk-shop.cc\/it\/wp-json\/wp\/v2\/product_brand?post=68286755"},{"taxonomy":"product_cat","embeddable":true,"href":"https:\/\/kraftwerk-shop.cc\/it\/wp-json\/wp\/v2\/product_cat?post=68286755"},{"taxonomy":"product_tag","embeddable":true,"href":"https:\/\/kraftwerk-shop.cc\/it\/wp-json\/wp\/v2\/product_tag?post=68286755"}],"curies":[{"name":"wp","href":"https:\/\/api.w.org\/{rel}","templated":true}]}}