{"id":68286844,"date":"2023-03-31T20:26:41","date_gmt":"2023-03-31T18:26:41","guid":{"rendered":"https:\/\/kraftwerk-shop.cc\/?post_type=product&#038;p=68286844"},"modified":"2026-02-15T00:49:01","modified_gmt":"2026-02-14T23:49:01","slug":"pedaliera-tuning-chevrolet-cadillac","status":"publish","type":"product","link":"https:\/\/kraftwerk-shop.cc\/it\/produkt\/pedalbox-tuning-chevrolet-cadillac\/","title":{"rendered":"Pedal Commander per Chevrolet, Cadillac, Buick, Vanderhall"},"content":{"rendered":"<h1 class=\"h2 product-single__title\">Scatola di regolazione del pedale dell'acceleratore PC49 da Pedal Commander per Chevrolet, Cadillac, Buick e Vanderhall<\/h1>\n<div class=\"product-single__description rte\">\n<p>&nbsp;<\/p>\n<p>Si tratta di un'intelligente scatola di regolazione del pedale dell'acceleratore che non interviene nella gestione del motore, ma si limita a passare dal pedale dell'acceleratore alla leva del gas.<\/p>\n<ul>\n<li>Funzione plug-and-play: il veicolo \u00e8 di nuovo pronto all'uso in pochi minuti, senza bisogno di conoscenze specialistiche.<\/li>\n<li>La garanzia del veicolo rimane intatta, non si tratta di una messa a punto del motore.<\/li>\n<li>Si controlla tramite i pulsanti sul dispositivo o tramite l'applicazione Pedal Commander sullo smartphone.<\/li>\n<\/ul>\n<p>\u00c8 possibile scegliere tra quattro diverse modalit\u00e0 di guida (ECO, CITY, SPORT e SPORT+).<\/p>\n<ul>\n<li><strong>MODALIT\u00c0 ECO:<\/strong> \u00c8 la modalit\u00e0 pi\u00f9 ideale per le condizioni atmosferiche e del terreno. La risposta dell'acceleratore \u00e8 la pi\u00f9 sicura. L'uso continuo della modalit\u00e0 Eco aiuta a risparmiare carburante.<\/li>\n<li><strong>MODALIT\u00c0 CITTA':<\/strong>\u00a0Questa \u00e8 la modalit\u00e0 pi\u00f9 simile alla risposta dell'acceleratore standard.<\/li>\n<li><strong>MODALIT\u00c0 SPORT:<\/strong>\u00a0Questa modalit\u00e0 garantisce un'esperienza di guida vivace.<\/li>\n<li><strong>MODALIT\u00c0 SPORT+<\/strong>Pu\u00f2 anche essere definita una modalit\u00e0 di gara.<\/li>\n<\/ul>\n<\/div>\n<p>&nbsp;<\/p>\n<p><strong>Adatto per:<\/strong><\/p>\n<table width=\"749\">\n<tbody>\n<tr>\n<td width=\"262\"><strong>Marchio <\/strong><\/td>\n<td width=\"158\"><strong>Modello<br \/>\n<\/strong><\/td>\n<td width=\"134\"><strong>Variante<\/strong><\/td>\n<td width=\"112\"><strong>Motore<\/strong><\/td>\n<td width=\"83\"><strong>Anno di costruzione<\/strong><\/td>\n<\/tr>\n<tr>\n<td width=\"262\">Cadillac<\/td>\n<td width=\"158\">CT6<\/td>\n<td width=\"134\">1a generazione<\/td>\n<td width=\"112\">2.0, 3.0, 3.6, 4.2<\/td>\n<td width=\"83\">2016 \u2013<\/td>\n<\/tr>\n<tr>\n<td width=\"262\">Cadillac<\/td>\n<td width=\"158\">CTS<\/td>\n<td width=\"134\">3a generazione<\/td>\n<td width=\"112\">2.0, 3.0, 3.6, 6.2<\/td>\n<td width=\"83\">2014 \u2013 2019<\/td>\n<\/tr>\n<tr>\n<td width=\"262\">Chevrolet<\/td>\n<td width=\"158\">Camaro<\/td>\n<td width=\"134\">6a generazione<\/td>\n<td width=\"112\">2.0 Turbo, 3.6, 6.2<\/td>\n<td width=\"83\">2016 \u2013<\/td>\n<\/tr>\n<tr>\n<td width=\"262\">Chevrolet<\/td>\n<td width=\"158\">Corvette<\/td>\n<td width=\"134\">C8 - 8a generazione<\/td>\n<td width=\"112\">6.2<\/td>\n<td width=\"83\">2020 \u2013<\/td>\n<\/tr>\n<tr>\n<td width=\"262\">Chevrolet<\/td>\n<td width=\"158\">Corvette<\/td>\n<td width=\"134\">C7 - 7a generazione<\/td>\n<td width=\"112\">6.2<\/td>\n<td width=\"83\">2014 \u2013 2019<\/td>\n<\/tr>\n<\/tbody>\n<\/table>\n<p>&nbsp;<\/p>\n<p><a href=\"https:\/\/kraftwerk-shop.cc\/wp-content\/uploads\/2023\/03\/Pedal_Commander_PC49_Fahrzeugliste.pdf\" target=\"_blank\" rel=\"noopener\"><strong>Scarica l'elenco completo dei veicoli Pedal Commander PC49<\/strong><\/a><\/p>\n<p>&nbsp;<\/p>\n<p><iframe loading=\"lazy\" title=\"Scatola di regolazione del pedale dell&#039;acceleratore \/ regolatore della risposta dell&#039;acceleratore da Pedal Commander\" src=\"https:\/\/www.youtube.com\/embed\/q3iPV2YuwXU\" width=\"882\" height=\"496\" frameborder=\"0\" allowfullscreen=\"allowfullscreen\"><\/iframe><\/p>","protected":false},"excerpt":{"rendered":"<p>Scatola di sintonizzazione del pedale dell'acceleratore PC49 da Pedal Commander per Chevrolet, Cadillac, Buick e Vanderhall Questa \u00e8 una scatola di sintonizzazione intelligente per Chevrolet, Cadillac, Buick e Vanderhall.<\/p>","protected":false},"featured_media":68286850,"comment_status":"open","ping_status":"closed","template":"","meta":{"_acf_changed":false},"product_brand":[],"product_cat":[4954,5233,3083,3135,3144],"product_tag":[1203,4845,4869,278,191,189,281,4012,1204,4864,4842,4844,2934,4871,4872,4841,4843,4879,186,4865,4873,4874,4601,4868,4870],"class_list":{"0":"post-68286844","1":"product","2":"type-product","3":"status-publish","4":"has-post-thumbnail","6":"product_cat-camaro-20-2016-2024","7":"product_cat-camaro-36-2016-2024","8":"product_cat-camaro-62-2016-zubehoer","9":"product_cat-corvette-c7-zubehoer","10":"product_cat-corvette-c8-zubehoer","11":"product_tag-ats","12":"product_tag-bluetooth","13":"product_tag-buick","14":"product_tag-cadillac","15":"product_tag-camaro","16":"product_tag-chevrolet","17":"product_tag-corvette","18":"product_tag-ct6","19":"product_tag-cts","20":"product_tag-gasannahmeregler","21":"product_tag-gaspedal","22":"product_tag-gaspedaltuning","23":"product_tag-harder","24":"product_tag-lacrosse","25":"product_tag-malibu","26":"product_tag-padal-box","27":"product_tag-pedal-commander","28":"product_tag-pedalbox","29":"product_tag-performance","30":"product_tag-powerbox","31":"product_tag-spark","32":"product_tag-speedster","33":"product_tag-throttle","34":"product_tag-throttle-booster","35":"product_tag-vanderhall","37":"first","38":"outofstock","39":"taxable","40":"shipping-taxable","41":"purchasable","42":"product-type-simple"},"bundled_by":[],"bundle_stock_status":"outofstock","bundle_stock_quantity":0,"bundle_virtual":false,"bundle_layout":"","bundle_add_to_cart_form_location":"","bundle_editable_in_cart":false,"bundle_sold_individually_context":"","bundle_item_grouping":"","bundle_min_size":"","bundle_max_size":"","bundle_price":[],"bundled_items":[],"bundle_sell_ids":[],"exclude_global_add_ons":[],"addons":[],"acf":[],"_links":{"self":[{"href":"https:\/\/kraftwerk-shop.cc\/it\/wp-json\/wp\/v2\/product\/68286844","targetHints":{"allow":["GET"]}}],"collection":[{"href":"https:\/\/kraftwerk-shop.cc\/it\/wp-json\/wp\/v2\/product"}],"about":[{"href":"https:\/\/kraftwerk-shop.cc\/it\/wp-json\/wp\/v2\/types\/product"}],"replies":[{"embeddable":true,"href":"https:\/\/kraftwerk-shop.cc\/it\/wp-json\/wp\/v2\/comments?post=68286844"}],"version-history":[{"count":0,"href":"https:\/\/kraftwerk-shop.cc\/it\/wp-json\/wp\/v2\/product\/68286844\/revisions"}],"wp:featuredmedia":[{"embeddable":true,"href":"https:\/\/kraftwerk-shop.cc\/it\/wp-json\/wp\/v2\/media\/68286850"}],"wp:attachment":[{"href":"https:\/\/kraftwerk-shop.cc\/it\/wp-json\/wp\/v2\/media?parent=68286844"}],"wp:term":[{"taxonomy":"product_brand","embeddable":true,"href":"https:\/\/kraftwerk-shop.cc\/it\/wp-json\/wp\/v2\/product_brand?post=68286844"},{"taxonomy":"product_cat","embeddable":true,"href":"https:\/\/kraftwerk-shop.cc\/it\/wp-json\/wp\/v2\/product_cat?post=68286844"},{"taxonomy":"product_tag","embeddable":true,"href":"https:\/\/kraftwerk-shop.cc\/it\/wp-json\/wp\/v2\/product_tag?post=68286844"}],"curies":[{"name":"wp","href":"https:\/\/api.w.org\/{rel}","templated":true}]}}