{"id":68286955,"date":"2023-04-03T14:56:09","date_gmt":"2023-04-03T12:56:09","guid":{"rendered":"https:\/\/kraftwerk-shop.cc\/?post_type=product&#038;p=68286955"},"modified":"2026-02-14T23:59:34","modified_gmt":"2026-02-14T22:59:34","slug":"pedaliera-cadillac-chevrolet-gmc-hummer","status":"publish","type":"product","link":"https:\/\/kraftwerk-shop.cc\/it\/produkt\/pedalbox-cadillac-chevrolet-gmc-hummer\/","title":{"rendered":"Pedal Commander per Cadillac, Chevrolet, GMC, Hummer"},"content":{"rendered":"<h1 class=\"h2 product-single__title\">Scatola di sintonizzazione del pedale dell'acceleratore PC65 da Pedal Commander per Cadillac, Chevrolet, GMC, Hummer<\/h1>\n<div class=\"product-single__description rte\">\n<p>&nbsp;<\/p>\n<p>Si tratta di un'intelligente scatola di regolazione del pedale dell'acceleratore che non interviene nella gestione del motore, ma si limita a passare dal pedale dell'acceleratore alla leva del gas.<\/p>\n<ul>\n<li>Funzione plug-and-play: il veicolo \u00e8 di nuovo pronto all'uso in pochi minuti, senza bisogno di conoscenze specialistiche.<\/li>\n<li>La garanzia del veicolo rimane intatta, non si tratta di una messa a punto del motore.<\/li>\n<li>Si controlla tramite i pulsanti sul dispositivo o tramite l'applicazione Pedal Commander sullo smartphone.<\/li>\n<\/ul>\n<p>&nbsp;<\/p>\n<p>\u00c8 possibile scegliere tra quattro diverse modalit\u00e0 di guida (ECO, CITY, SPORT e SPORT+).<\/p>\n<ul>\n<li><strong>MODALIT\u00c0 ECO:<\/strong> \u00c8 la modalit\u00e0 pi\u00f9 ideale per le condizioni atmosferiche e del terreno. La risposta dell'acceleratore \u00e8 la pi\u00f9 sicura. L'uso continuo della modalit\u00e0 Eco aiuta a risparmiare carburante.<\/li>\n<li><strong>MODALIT\u00c0 CITTA':<\/strong>\u00a0Questa \u00e8 la modalit\u00e0 pi\u00f9 simile alla risposta dell'acceleratore standard.<\/li>\n<li><strong>MODALIT\u00c0 SPORT:<\/strong>\u00a0Questa modalit\u00e0 garantisce un'esperienza di guida vivace.<\/li>\n<li><strong>MODALIT\u00c0 SPORT+<\/strong>Pu\u00f2 anche essere definita una modalit\u00e0 di gara.<\/li>\n<\/ul>\n<\/div>\n<p>&nbsp;<\/p>\n<p><strong>Adatto per:<\/strong><\/p>\n<table width=\"749\">\n<tbody>\n<tr>\n<td width=\"262\"><strong>Marchio <\/strong><\/td>\n<td width=\"158\"><strong>Modello<br \/>\n<\/strong><\/td>\n<td width=\"134\"><strong>Variante<\/strong><\/td>\n<td width=\"112\"><strong>Motore<\/strong><\/td>\n<td width=\"83\"><strong>Anno di costruzione<\/strong><\/td>\n<\/tr>\n<tr>\n<td width=\"262\">Cadillac<\/td>\n<td width=\"158\">Escalade<\/td>\n<td width=\"134\">GMT900<\/td>\n<td width=\"112\">6.0, 6.2<\/td>\n<td width=\"83\">2007 \u2013 2014<\/td>\n<\/tr>\n<tr>\n<td width=\"262\">Cadillac<\/td>\n<td width=\"158\">Escalade<\/td>\n<td width=\"134\">GMT K2XL<\/td>\n<td width=\"112\">6.2<\/td>\n<td width=\"83\">2015 \u2013 2020<\/td>\n<\/tr>\n<tr>\n<td width=\"262\">Chevrolet<\/td>\n<td width=\"158\">Avalanche<\/td>\n<td width=\"134\">GMT900<\/td>\n<td width=\"112\">5.3 , 6.0<\/td>\n<td width=\"83\">2006 \u2013<\/td>\n<\/tr>\n<tr>\n<td width=\"262\">Chevrolet<\/td>\n<td width=\"158\">Silverado 1500<\/td>\n<td width=\"134\">Seconda generazione<\/td>\n<td width=\"112\">4.3, 4.8, 5.3, 6.0, 6.2<\/td>\n<td width=\"83\">2007 \u2013 2014<\/td>\n<\/tr>\n<tr>\n<td width=\"262\">Chevrolet<\/td>\n<td width=\"158\">Silverado 1500<\/td>\n<td width=\"134\">Terza generazione<\/td>\n<td width=\"112\">4.3, 5.3, 6.2<\/td>\n<td width=\"83\">2014 \u2013 2018<\/td>\n<\/tr>\n<tr>\n<td width=\"262\">Chevrolet<\/td>\n<td width=\"158\">Silverado 2500HD<\/td>\n<td width=\"134\">Seconda generazione<\/td>\n<td width=\"112\">6.0, 6.6 Diesel<\/td>\n<td width=\"83\">2007 \u2013 2014<\/td>\n<\/tr>\n<tr>\n<td width=\"262\">Chevrolet<\/td>\n<td width=\"158\">Silverado 2500HD<\/td>\n<td width=\"134\">Terza generazione<\/td>\n<td width=\"112\">6.0, 6.6 Diesel<\/td>\n<td width=\"83\">2015 \u2013 2019<\/td>\n<\/tr>\n<tr>\n<td width=\"262\">Chevrolet<\/td>\n<td width=\"158\">Silverado 3500HD<\/td>\n<td width=\"134\">Terza generazione<\/td>\n<td width=\"112\">6.0, 6.6 Diesel<\/td>\n<td width=\"83\">2015 \u2013 2019<\/td>\n<\/tr>\n<tr>\n<td width=\"262\">Chevrolet<\/td>\n<td width=\"158\">Suburban<\/td>\n<td width=\"134\">10a Generazione<\/td>\n<td width=\"112\">5.3 , 6.0, 6.2<\/td>\n<td width=\"83\">2007 \u2013 2014<\/td>\n<\/tr>\n<tr>\n<td width=\"262\">Chevrolet<\/td>\n<td width=\"158\">Suburban<\/td>\n<td width=\"134\">11a Generazione<\/td>\n<td width=\"112\">5.3 , 6.2<\/td>\n<td width=\"83\">2015 \u2013 2020<\/td>\n<\/tr>\n<tr>\n<td width=\"262\">Chevrolet<\/td>\n<td width=\"158\">Tahoe<\/td>\n<td width=\"134\">GMT900<\/td>\n<td width=\"112\">4.8, 5.3, 6.0, 6.2<\/td>\n<td width=\"83\">2004 \u2013 2014<\/td>\n<\/tr>\n<tr>\n<td width=\"262\">Chevrolet<\/td>\n<td width=\"158\">Tahoe<\/td>\n<td width=\"134\">GMT K2UC<\/td>\n<td width=\"112\">5.3, 6.2<\/td>\n<td width=\"83\">2015 \u2013 2020<\/td>\n<\/tr>\n<tr>\n<td width=\"262\">Chevrolet<\/td>\n<td width=\"158\">Trailblazer<\/td>\n<td width=\"134\"><\/td>\n<td width=\"112\">6.0<\/td>\n<td width=\"83\">2004 \u2013 2009<\/td>\n<\/tr>\n<tr>\n<td width=\"262\">GMC<\/td>\n<td width=\"158\">Sierra 1500<\/td>\n<td width=\"134\">Terza generazione<\/td>\n<td width=\"112\">4.3, 4.8, 5.3, 6.0, 6.2<\/td>\n<td width=\"83\">2007 \u2013 2013<\/td>\n<\/tr>\n<tr>\n<td width=\"262\">GMC<\/td>\n<td width=\"158\">Sierra 1500<\/td>\n<td width=\"134\">Quarta generazione<\/td>\n<td width=\"112\">4.3, 5.3, 6.2<\/td>\n<td width=\"83\">2014 \u2013 2018<\/td>\n<\/tr>\n<tr>\n<td width=\"262\">GMC<\/td>\n<td width=\"158\">Sierra 1500 Limited<\/td>\n<td width=\"134\">Quarta generazione<\/td>\n<td width=\"112\">5.3<\/td>\n<td width=\"83\">2019<\/td>\n<\/tr>\n<tr>\n<td width=\"262\">GMC<\/td>\n<td width=\"158\">Sierra 2500HD<\/td>\n<td width=\"134\">Terza generazione<\/td>\n<td width=\"112\">6.0, 6.6<\/td>\n<td width=\"83\">2007 \u2013 2014<\/td>\n<\/tr>\n<tr>\n<td width=\"262\">GMC<\/td>\n<td width=\"158\">Sierra 2500HD<\/td>\n<td width=\"134\">Quarta generazione<\/td>\n<td width=\"112\">6.0, 6.6<\/td>\n<td width=\"83\">2015 \u2013 2019<\/td>\n<\/tr>\n<tr>\n<td width=\"262\">GMC<\/td>\n<td width=\"158\">Sierra 3500HD<\/td>\n<td width=\"134\">Terza generazione<\/td>\n<td width=\"112\">6.0, 6.6<\/td>\n<td width=\"83\">2007 \u2013 2014<\/td>\n<\/tr>\n<tr>\n<td width=\"262\">GMC<\/td>\n<td width=\"158\">Sierra 3500HD<\/td>\n<td width=\"134\">Quarta generazione<\/td>\n<td width=\"112\">6.0, 6.6<\/td>\n<td width=\"83\">2015 \u2013 2019<\/td>\n<\/tr>\n<tr>\n<td width=\"262\">GMC<\/td>\n<td width=\"158\">Yukon<\/td>\n<td width=\"134\">GMT900<\/td>\n<td width=\"112\">4.8, 5.3, 6.0 ibrido, 6.2<\/td>\n<td width=\"83\">2007 \u2013 2014<\/td>\n<\/tr>\n<tr>\n<td width=\"262\">GMC<\/td>\n<td width=\"158\">Yukon<\/td>\n<td width=\"134\">GMT K2UC-G<\/td>\n<td width=\"112\">5.3, 6.2<\/td>\n<td width=\"83\">2015 \u2013 2020<\/td>\n<\/tr>\n<tr>\n<td width=\"262\">GMC<\/td>\n<td width=\"158\">Yukon XL<\/td>\n<td width=\"134\">GMT900<\/td>\n<td width=\"112\">5.3, 6.0, 6.2<\/td>\n<td width=\"83\">2007 \u2013 2014<\/td>\n<\/tr>\n<tr>\n<td width=\"262\">GMC<\/td>\n<td width=\"158\">Yukon XL<\/td>\n<td width=\"134\">GMT K2YC-G<\/td>\n<td width=\"112\">5.3, 6.2<\/td>\n<td width=\"83\">2015 \u2013 2020<\/td>\n<\/tr>\n<tr>\n<td width=\"262\">Hummer<\/td>\n<td width=\"158\">H2<\/td>\n<td width=\"134\">Prima generazione<\/td>\n<td width=\"112\">6.2<\/td>\n<td width=\"83\">2008 \u2013 2009<\/td>\n<\/tr>\n<\/tbody>\n<\/table>\n<p>&nbsp;<\/p>\n<p>&nbsp;<\/p>\n<p><iframe loading=\"lazy\" title=\"Scatola di regolazione del pedale dell&#039;acceleratore \/ regolatore della risposta dell&#039;acceleratore da Pedal Commander\" src=\"https:\/\/www.youtube.com\/embed\/q3iPV2YuwXU\" width=\"882\" height=\"496\" frameborder=\"0\" allowfullscreen=\"allowfullscreen\"><\/iframe><\/p>","protected":false},"excerpt":{"rendered":"<p>Scatola di sintonizzazione del pedale dell'acceleratore PC65 da Pedal Commander per Cadillac, Chevrolet, GMC, Hummer Questa \u00e8 una scatola di sintonizzazione del pedale dell'acceleratore intelligente per Cadillac, Chevrolet, GMC, Hummer.<\/p>","protected":false},"featured_media":68286966,"comment_status":"open","ping_status":"closed","template":"","meta":{"_acf_changed":false},"product_brand":[],"product_cat":[3651,1524,3691,3708,3698,3714,1527],"product_tag":[475,4881,4880,4845,278,189,288,4842,4844,1201,4884,4885,4883,4882,2934,300,4888,4841,4843,4879,186,4886,4887,299,298,293,4889,1217,3293],"class_list":{"0":"post-68286955","1":"product","2":"type-product","3":"status-publish","4":"has-post-thumbnail","6":"product_cat-escalade-zubehoer","7":"product_cat-avalanche","8":"product_cat-silverado-zubehoer","9":"product_cat-suburban-zubehoer","10":"product_cat-tahoe-zubehoer","11":"product_cat-trailblazer-zubehoer","12":"product_cat-hummer","13":"product_tag-475","14":"product_tag-2500hd","15":"product_tag-3500hd","16":"product_tag-bluetooth","17":"product_tag-cadillac","18":"product_tag-chevrolet","19":"product_tag-escalade","20":"product_tag-gaspedal","21":"product_tag-gaspedaltuning","22":"product_tag-gmc","23":"product_tag-gmt","24":"product_tag-gmt-k2uc","25":"product_tag-gmt-k2xl","26":"product_tag-gmt900","27":"product_tag-harder","28":"product_tag-hummer","29":"product_tag-k2yc-g","30":"product_tag-padal-box","31":"product_tag-pedal-commander","32":"product_tag-pedalbox","33":"product_tag-performance","34":"product_tag-siera","35":"product_tag-sierra-1500-limited","36":"product_tag-silverado","37":"product_tag-suburban","38":"product_tag-tahoe","39":"product_tag-tuningbox","40":"product_tag-yukon","41":"product_tag-yukon-xl","43":"first","44":"outofstock","45":"taxable","46":"shipping-taxable","47":"purchasable","48":"product-type-simple"},"bundled_by":[],"bundle_stock_status":"outofstock","bundle_stock_quantity":0,"bundle_virtual":false,"bundle_layout":"","bundle_add_to_cart_form_location":"","bundle_editable_in_cart":false,"bundle_sold_individually_context":"","bundle_item_grouping":"","bundle_min_size":"","bundle_max_size":"","bundle_price":[],"bundled_items":[],"bundle_sell_ids":[],"exclude_global_add_ons":[],"addons":[],"acf":[],"_links":{"self":[{"href":"https:\/\/kraftwerk-shop.cc\/it\/wp-json\/wp\/v2\/product\/68286955","targetHints":{"allow":["GET"]}}],"collection":[{"href":"https:\/\/kraftwerk-shop.cc\/it\/wp-json\/wp\/v2\/product"}],"about":[{"href":"https:\/\/kraftwerk-shop.cc\/it\/wp-json\/wp\/v2\/types\/product"}],"replies":[{"embeddable":true,"href":"https:\/\/kraftwerk-shop.cc\/it\/wp-json\/wp\/v2\/comments?post=68286955"}],"version-history":[{"count":0,"href":"https:\/\/kraftwerk-shop.cc\/it\/wp-json\/wp\/v2\/product\/68286955\/revisions"}],"wp:featuredmedia":[{"embeddable":true,"href":"https:\/\/kraftwerk-shop.cc\/it\/wp-json\/wp\/v2\/media\/68286966"}],"wp:attachment":[{"href":"https:\/\/kraftwerk-shop.cc\/it\/wp-json\/wp\/v2\/media?parent=68286955"}],"wp:term":[{"taxonomy":"product_brand","embeddable":true,"href":"https:\/\/kraftwerk-shop.cc\/it\/wp-json\/wp\/v2\/product_brand?post=68286955"},{"taxonomy":"product_cat","embeddable":true,"href":"https:\/\/kraftwerk-shop.cc\/it\/wp-json\/wp\/v2\/product_cat?post=68286955"},{"taxonomy":"product_tag","embeddable":true,"href":"https:\/\/kraftwerk-shop.cc\/it\/wp-json\/wp\/v2\/product_tag?post=68286955"}],"curies":[{"name":"wp","href":"https:\/\/api.w.org\/{rel}","templated":true}]}}