{"id":68287021,"date":"2023-04-04T17:42:24","date_gmt":"2023-04-04T15:42:24","guid":{"rendered":"https:\/\/kraftwerk-shop.cc\/?post_type=product&#038;p=68287021"},"modified":"2026-02-15T00:00:56","modified_gmt":"2026-02-14T23:00:56","slug":"pedaliera-tuning-jeep-grand-cherokee","status":"publish","type":"product","link":"https:\/\/kraftwerk-shop.cc\/it\/produkt\/pedalbox-tuning-jeep-grand-cherokee\/","title":{"rendered":"Pedal Commander per Jeep Grand Cherokee WL"},"content":{"rendered":"<h1 class=\"h2 product-single__title\">Scatola di sintonizzazione del pedale dell'acceleratore PC78 da Pedal Commander per Jeep Grand Cherokee WL<\/h1>\n<div class=\"product-single__description rte\">\n<p>&nbsp;<\/p>\n<p>Si tratta di un'intelligente scatola di regolazione del pedale dell'acceleratore che non interviene nella gestione del motore, ma si limita a passare dal pedale dell'acceleratore alla leva del gas.<\/p>\n<ul>\n<li>Funzione plug-and-play: il veicolo \u00e8 di nuovo pronto all'uso in pochi minuti, senza bisogno di conoscenze specialistiche.<\/li>\n<li>La garanzia del veicolo rimane intatta, non si tratta di una messa a punto del motore.<\/li>\n<li>Si controlla tramite i pulsanti sul dispositivo o tramite l'applicazione Pedal Commander sullo smartphone.<\/li>\n<\/ul>\n<p>&nbsp;<\/p>\n<p>\u00c8 possibile scegliere tra quattro diverse modalit\u00e0 di guida (ECO, CITY, SPORT e SPORT+).<\/p>\n<ul>\n<li><strong>MODALIT\u00c0 ECO:<\/strong> \u00c8 la modalit\u00e0 pi\u00f9 ideale per le condizioni atmosferiche e del terreno. La risposta dell'acceleratore \u00e8 la pi\u00f9 sicura. L'uso continuo della modalit\u00e0 Eco aiuta a risparmiare carburante.<\/li>\n<li><strong>MODALIT\u00c0 CITTA':<\/strong>\u00a0Questa \u00e8 la modalit\u00e0 pi\u00f9 simile alla risposta dell'acceleratore standard.<\/li>\n<li><strong>MODALIT\u00c0 SPORT:<\/strong>\u00a0Questa modalit\u00e0 garantisce un'esperienza di guida vivace.<\/li>\n<li><strong>MODALIT\u00c0 SPORT+<\/strong>Pu\u00f2 anche essere definita una modalit\u00e0 di gara.<\/li>\n<\/ul>\n<\/div>\n<p>&nbsp;<\/p>\n<p><strong>Adatto per:<\/strong><\/p>\n<table width=\"749\">\n<tbody>\n<tr>\n<td width=\"262\"><strong>Marchio <\/strong><\/td>\n<td width=\"158\"><strong>Modello<br \/>\n<\/strong><\/td>\n<td width=\"134\"><strong>Variante<\/strong><\/td>\n<td width=\"112\"><strong>Motore<\/strong><\/td>\n<td width=\"83\"><strong>Anno di costruzione<\/strong><\/td>\n<\/tr>\n<tr>\n<td width=\"262\">Jeep<\/td>\n<td width=\"158\">Grand Cherokee L<\/td>\n<td width=\"134\">WL<\/td>\n<td width=\"112\">3.6, 5.7<\/td>\n<td width=\"83\">2021 \u2013<\/td>\n<\/tr>\n<tr>\n<td width=\"262\">Jeep<\/td>\n<td width=\"158\">Grand Cherokee<\/td>\n<td width=\"134\">WL<\/td>\n<td width=\"112\">2.0, 3.6, 5.7<\/td>\n<td width=\"83\">2022 -<\/td>\n<\/tr>\n<\/tbody>\n<\/table>\n<p>&nbsp;<\/p>\n<p><iframe loading=\"lazy\" title=\"Scatola di regolazione del pedale dell&#039;acceleratore \/ regolatore della risposta dell&#039;acceleratore da Pedal Commander\" src=\"https:\/\/www.youtube.com\/embed\/q3iPV2YuwXU\" width=\"882\" height=\"496\" frameborder=\"0\" allowfullscreen=\"allowfullscreen\"><\/iframe><\/p>","protected":false},"excerpt":{"rendered":"<p>2021+<\/p>","protected":false},"featured_media":68287023,"comment_status":"open","ping_status":"closed","template":"","meta":{"_acf_changed":false},"product_brand":[],"product_cat":[1745,1753],"product_tag":[619,420,89,169,91,4845,996,676,875,4842,4890,4844,56,2934,50,4841,4843,4879,170,186,4868,4889,258,198,194,4254],"class_list":{"0":"post-68287021","1":"product","2":"type-product","3":"status-publish","4":"has-post-thumbnail","6":"product_cat-grand-cherokee-36-programmiergeraete","7":"product_cat-grand-cherokee-57-2011-2021-programmiergeraete","8":"product_tag-2-0","9":"product_tag-420","10":"product_tag-3-0","11":"product_tag-3-6","12":"product_tag-5-7","13":"product_tag-bluetooth","14":"product_tag-booster","15":"product_tag-cherokee","16":"product_tag-diesel","17":"product_tag-gaspedal","18":"product_tag-gaspedalbooster","19":"product_tag-gaspedaltuning","20":"product_tag-grand-cherokee","21":"product_tag-harder","22":"product_tag-jeep","23":"product_tag-padal-box","24":"product_tag-pedal-commander","25":"product_tag-pedalbox","26":"product_tag-pentastar","27":"product_tag-performance","28":"product_tag-throttle-booster","29":"product_tag-tuningbox","30":"product_tag-turbo","31":"product_tag-v6","32":"product_tag-v8","33":"product_tag-wl","34":"product_shipping_class-deutschlandohne","36":"first","37":"outofstock","38":"taxable","39":"shipping-taxable","40":"purchasable","41":"product-type-simple"},"bundled_by":[],"bundle_stock_status":"outofstock","bundle_stock_quantity":0,"bundle_virtual":false,"bundle_layout":"","bundle_add_to_cart_form_location":"","bundle_editable_in_cart":false,"bundle_sold_individually_context":"","bundle_item_grouping":"","bundle_min_size":"","bundle_max_size":"","bundle_price":[],"bundled_items":[],"bundle_sell_ids":[],"exclude_global_add_ons":[],"addons":[],"acf":[],"_links":{"self":[{"href":"https:\/\/kraftwerk-shop.cc\/it\/wp-json\/wp\/v2\/product\/68287021","targetHints":{"allow":["GET"]}}],"collection":[{"href":"https:\/\/kraftwerk-shop.cc\/it\/wp-json\/wp\/v2\/product"}],"about":[{"href":"https:\/\/kraftwerk-shop.cc\/it\/wp-json\/wp\/v2\/types\/product"}],"replies":[{"embeddable":true,"href":"https:\/\/kraftwerk-shop.cc\/it\/wp-json\/wp\/v2\/comments?post=68287021"}],"version-history":[{"count":0,"href":"https:\/\/kraftwerk-shop.cc\/it\/wp-json\/wp\/v2\/product\/68287021\/revisions"}],"wp:featuredmedia":[{"embeddable":true,"href":"https:\/\/kraftwerk-shop.cc\/it\/wp-json\/wp\/v2\/media\/68287023"}],"wp:attachment":[{"href":"https:\/\/kraftwerk-shop.cc\/it\/wp-json\/wp\/v2\/media?parent=68287021"}],"wp:term":[{"taxonomy":"product_brand","embeddable":true,"href":"https:\/\/kraftwerk-shop.cc\/it\/wp-json\/wp\/v2\/product_brand?post=68287021"},{"taxonomy":"product_cat","embeddable":true,"href":"https:\/\/kraftwerk-shop.cc\/it\/wp-json\/wp\/v2\/product_cat?post=68287021"},{"taxonomy":"product_tag","embeddable":true,"href":"https:\/\/kraftwerk-shop.cc\/it\/wp-json\/wp\/v2\/product_tag?post=68287021"}],"curies":[{"name":"wp","href":"https:\/\/api.w.org\/{rel}","templated":true}]}}