{"id":68287062,"date":"2023-04-06T10:42:01","date_gmt":"2023-04-06T08:42:01","guid":{"rendered":"https:\/\/kraftwerk-shop.cc\/?post_type=product&#038;p=68287062"},"modified":"2026-02-15T00:53:07","modified_gmt":"2026-02-14T23:53:07","slug":"pedaliera-chevrolet-camaro-corvette-gmc","status":"publish","type":"product","link":"https:\/\/kraftwerk-shop.cc\/it\/produkt\/pedalbox-chevrolet-camaro-corvette-gmc\/","title":{"rendered":"Pedal Commander per Chevrolet Camaro, Corvette"},"content":{"rendered":"<h1 class=\"h2 product-single__title\">Scatola di sintonizzazione del pedale dell'acceleratore PC64 da Pedal Commander per Chevrolet Camaro, Corvette<\/h1>\n<div class=\"product-single__description rte\">\n<p>&nbsp;<\/p>\n<p>Si tratta di un'intelligente scatola di regolazione del pedale dell'acceleratore che non interviene nella gestione del motore, ma si limita a passare dal pedale dell'acceleratore alla leva del gas.<\/p>\n<ul>\n<li>Funzione plug-and-play: il veicolo \u00e8 di nuovo pronto all'uso in pochi minuti, senza bisogno di conoscenze specialistiche.<\/li>\n<li>La garanzia del veicolo rimane intatta, non si tratta di una messa a punto del motore.<\/li>\n<li>Si controlla tramite i pulsanti sul dispositivo o tramite l'applicazione Pedal Commander sullo smartphone.<\/li>\n<\/ul>\n<p>\u00c8 possibile scegliere tra quattro diverse modalit\u00e0 di guida (ECO, CITY, SPORT e SPORT+).<\/p>\n<ul>\n<li><strong>MODALIT\u00c0 ECO:<\/strong> \u00c8 la modalit\u00e0 pi\u00f9 ideale per le condizioni atmosferiche e del terreno. La risposta dell'acceleratore \u00e8 la pi\u00f9 sicura. L'uso continuo della modalit\u00e0 Eco aiuta a risparmiare carburante.<\/li>\n<li><strong>MODALIT\u00c0 CITTA':<\/strong>\u00a0Questa \u00e8 la modalit\u00e0 pi\u00f9 simile alla risposta dell'acceleratore standard.<\/li>\n<li><strong>MODALIT\u00c0 SPORT:<\/strong>\u00a0Questa modalit\u00e0 garantisce un'esperienza di guida vivace.<\/li>\n<li><strong>MODALIT\u00c0 SPORT+<\/strong>Pu\u00f2 anche essere definita una modalit\u00e0 di gara.<\/li>\n<\/ul>\n<\/div>\n<p>&nbsp;<\/p>\n<p><strong>Adatto per:<\/strong><\/p>\n<table width=\"749\">\n<tbody>\n<tr>\n<td width=\"262\"><strong>Marchio <\/strong><\/td>\n<td width=\"158\"><strong>Modello<br \/>\n<\/strong><\/td>\n<td width=\"134\"><strong>Variante<\/strong><\/td>\n<td width=\"112\"><strong>Motore<\/strong><\/td>\n<td width=\"83\"><strong>Anno di costruzione<\/strong><\/td>\n<\/tr>\n<tr>\n<td width=\"262\">Chevrolet<\/td>\n<td width=\"158\">Camaro<\/td>\n<td width=\"134\">5a generazione<\/td>\n<td width=\"112\">3.6, 6.2, 7.0<\/td>\n<td width=\"83\">2010 \u2013 2015<\/td>\n<\/tr>\n<tr>\n<td width=\"262\">Chevrolet<\/td>\n<td width=\"158\">Corvette<\/td>\n<td width=\"134\">C6 - 6a generazione<\/td>\n<td width=\"112\">6.0, 6.2, 7.0<\/td>\n<td width=\"83\">2005 \u2013 2013<\/td>\n<\/tr>\n<\/tbody>\n<\/table>\n<p>&nbsp;<\/p>\n<p>Altri modelli:<br \/>\nBuick (Enclave, LaCrosse, Lucerna), Cadillac (CTS, DTS, SRX, STS, XLR), Chevrolet (Cobalt, Equinox, Impala, Malibu, Traverse), GMC (Acadia, Terrain), Pontiac (G5, G6, Grand Prix, Solstice, Torrent), Saturn (Aura, Ion, Outlook, Sky, Vue), Suzuki XL7<br \/>\n<a href=\"https:\/\/kraftwerk-shop.cc\/wp-content\/uploads\/2023\/04\/PC64_Fahrzeugliste-1.pdf\" target=\"_blank\" rel=\"noopener\"><strong>Scarica l'elenco completo dei veicoli Pedal Commander PC64<\/strong><\/a><\/p>\n<p>&nbsp;<\/p>\n<p><iframe loading=\"lazy\" title=\"Scatola di regolazione del pedale dell&#039;acceleratore \/ regolatore della risposta dell&#039;acceleratore da Pedal Commander\" src=\"https:\/\/www.youtube.com\/embed\/q3iPV2YuwXU\" width=\"882\" height=\"496\" frameborder=\"0\" allowfullscreen=\"allowfullscreen\"><\/iframe><\/p>","protected":false},"excerpt":{"rendered":"<p>Scatola di sintonizzazione del pedale dell'acceleratore PC64 da Pedal Commander per Chevrolet Camaro, Corvette Questa \u00e8 una scatola di sintonizzazione del pedale dell'acceleratore intelligente da Pedal Commander per Chevrolet Camaro, Corvette.<\/p>","protected":false},"featured_media":68287073,"comment_status":"open","ping_status":"closed","template":"","meta":{"_acf_changed":false},"product_brand":[],"product_cat":[3334,1537,3124],"product_tag":[4904,4910,4845,4869,282,278,191,189,4901,281,1204,4897,4895,4902,4906,4907,4864,4842,4844,1201,1222,2934,1207,4911,4871,4896,4872,4912,4841,4892,4843,4879,186,4865,4893,4913,4908,4898,4899,4894,4905,4601,4868,4909,4903,4870,4914,4900],"class_list":{"0":"post-68287062","1":"product","2":"type-product","3":"status-publish","4":"has-post-thumbnail","6":"product_cat-camaro-36-2010-2015","7":"product_cat-camaro-62-2010-2015-zubehoer","8":"product_cat-corvette-c6-zubehoer","9":"product_tag-acadia","10":"product_tag-aura","11":"product_tag-bluetooth","12":"product_tag-buick","13":"product_tag-c6","14":"product_tag-cadillac","15":"product_tag-camaro","16":"product_tag-chevrolet","17":"product_tag-cobalt","18":"product_tag-corvette","19":"product_tag-cts","20":"product_tag-dts","21":"product_tag-enclave","22":"product_tag-equinox","23":"product_tag-g5","24":"product_tag-g6","25":"product_tag-gasannahmeregler","26":"product_tag-gaspedal","27":"product_tag-gaspedaltuning","28":"product_tag-gmc","29":"product_tag-grand-prix","30":"product_tag-harder","31":"product_tag-impala","32":"product_tag-ion","33":"product_tag-lacrosse","34":"product_tag-lucerne","35":"product_tag-malibu","36":"product_tag-outlook","37":"product_tag-padal-box","38":"product_tag-pc64","39":"product_tag-pedal-commander","40":"product_tag-pedalbox","41":"product_tag-performance","42":"product_tag-powerbox","43":"product_tag-saturn","44":"product_tag-sky","45":"product_tag-solstice","46":"product_tag-srx","47":"product_tag-sts","48":"product_tag-suzuki","49":"product_tag-terrain","50":"product_tag-throttle","51":"product_tag-throttle-booster","52":"product_tag-torrent","53":"product_tag-traverse","54":"product_tag-vanderhall","55":"product_tag-vue","56":"product_tag-xlr","57":"product_shipping_class-deutschlandohne","59":"first","60":"outofstock","61":"taxable","62":"shipping-taxable","63":"purchasable","64":"product-type-simple"},"bundled_by":[],"bundle_stock_status":"outofstock","bundle_stock_quantity":0,"bundle_virtual":false,"bundle_layout":"","bundle_add_to_cart_form_location":"","bundle_editable_in_cart":false,"bundle_sold_individually_context":"","bundle_item_grouping":"","bundle_min_size":"","bundle_max_size":"","bundle_price":[],"bundled_items":[],"bundle_sell_ids":[],"exclude_global_add_ons":[],"addons":[],"acf":[],"_links":{"self":[{"href":"https:\/\/kraftwerk-shop.cc\/it\/wp-json\/wp\/v2\/product\/68287062","targetHints":{"allow":["GET"]}}],"collection":[{"href":"https:\/\/kraftwerk-shop.cc\/it\/wp-json\/wp\/v2\/product"}],"about":[{"href":"https:\/\/kraftwerk-shop.cc\/it\/wp-json\/wp\/v2\/types\/product"}],"replies":[{"embeddable":true,"href":"https:\/\/kraftwerk-shop.cc\/it\/wp-json\/wp\/v2\/comments?post=68287062"}],"version-history":[{"count":0,"href":"https:\/\/kraftwerk-shop.cc\/it\/wp-json\/wp\/v2\/product\/68287062\/revisions"}],"wp:featuredmedia":[{"embeddable":true,"href":"https:\/\/kraftwerk-shop.cc\/it\/wp-json\/wp\/v2\/media\/68287073"}],"wp:attachment":[{"href":"https:\/\/kraftwerk-shop.cc\/it\/wp-json\/wp\/v2\/media?parent=68287062"}],"wp:term":[{"taxonomy":"product_brand","embeddable":true,"href":"https:\/\/kraftwerk-shop.cc\/it\/wp-json\/wp\/v2\/product_brand?post=68287062"},{"taxonomy":"product_cat","embeddable":true,"href":"https:\/\/kraftwerk-shop.cc\/it\/wp-json\/wp\/v2\/product_cat?post=68287062"},{"taxonomy":"product_tag","embeddable":true,"href":"https:\/\/kraftwerk-shop.cc\/it\/wp-json\/wp\/v2\/product_tag?post=68287062"}],"curies":[{"name":"wp","href":"https:\/\/api.w.org\/{rel}","templated":true}]}}