{"id":68287187,"date":"2023-04-09T16:27:51","date_gmt":"2023-04-09T14:27:51","guid":{"rendered":"https:\/\/kraftwerk-shop.cc\/?post_type=product&#038;p=68287187"},"modified":"2026-04-08T14:28:33","modified_gmt":"2026-04-08T12:28:33","slug":"kit-pulizia-filtro-aria-jlt-rosso","status":"publish","type":"product","link":"https:\/\/kraftwerk-shop.cc\/it\/produkt\/reinigungskit-jlt-luftftilter-rot\/","title":{"rendered":"Kit di pulizia XL per il filtro dell'aria JLT (rosso)"},"content":{"rendered":"<h1>Kit di pulizia per il filtro dell'aria JLT con olio filtro rosso<\/h1>\n<p>&nbsp;<\/p>\n<p>Il kit di pulizia e oliatura Precision II di S&amp;B \u00e8 dotato di un applicatore di olio per una pulizia pi\u00f9 semplice e precisa del filtro dell'aria.<br \/>\nCon una quantit\u00e0 doppia di olio e 63 % di detergente in pi\u00f9, questo kit contiene tutto il necessario per pulire il filtro dell'aria JLT pi\u00f9 volte.<\/p>\n<p>Con questi kit di precisione per la pulizia e l'olio, \u00e8 possibile mantenere correttamente il filtro dell'olio JLT applicando con precisione la giusta quantit\u00e0 di olio.<br \/>\nIl set ora include anche una soluzione detergente spray che consente di applicare quantit\u00e0 generose di detergente in modo rapido e semplice. I flaconi chiaramente etichettati e l'applicatore di olio facile da usare consentono di misurare e applicare la giusta quantit\u00e0 di olio.<br \/>\nS&amp;B ha condotto test approfonditi sul kit di pulizia di precisione per garantire che possa essere utilizzato con la maggior parte dei filtri ad alte prestazioni oggi disponibili. S&amp;B \u00e8 il produttore degli elementi del filtro dell'aria JLT.<br \/>\nCon il kit di pulizia e oliatura Precision II \u00e8 possibile ripristinare in modo rapido e preciso il filtro dell'aria JLT in condizioni pari al nuovo.<\/p>\n<p>&nbsp;<\/p>\n<p><strong>Pulite il vostro filtro in soli 3 semplici passaggi:<\/strong><\/p>\n<p>Rimuovere il filtro dal veicolo e pulirlo:<br \/>\nPulire l'area di tenuta del filtro e l'alloggiamento del filtro con un panno morbido e pulito. Non avviare il veicolo senza il filtro installato. Scuotere il filtro o batterlo leggermente su una superficie dura per rimuovere e allentare le particelle e i depositi pi\u00f9 grandi. Per rimuovere i detriti pi\u00f9 grandi o gli insetti si pu\u00f2 usare una spazzola morbida. Prestare attenzione a quale lato del filtro si \u00e8 depositato lo sporco. Pulire il filtro con il detergente per filtri di S&amp;B. Lasciarlo in ammollo per 10 minuti e poi sciacquarlo con acqua di rubinetto a bassa pressione. Lasciare asciugare il filtro all'aria.<\/p>\n<p>Riempire il flacone applicatore con la giusta quantit\u00e0 di olio:<br \/>\nGirare la bottiglia d'olio con il tappo rivolto verso il basso. Quando si ri-oliano i filtri, \u00e8 importante applicare l'olio sul lato in cui si accumula lo sporco. Utilizzando il flacone applicatore, applicare una goccia d'olio sulla punta di ogni piega, nel punto in cui incontra l'uretano (gomma).<\/p>\n<p>Lasciare agire l'olio per 20-30 minuti, quindi applicare l'olio rimanente sulle aree bianche e sostituire il filtro dell'aria:<br \/>\nDopo aver lasciato scolare l'olio per 20-30 minuti, controllare che il filtro non presenti macchie bianche non coperte dall'olio. Applicare una piccola quantit\u00e0 di olio su questi punti bianchi con l'olio rimanente nell'applicatore. L'applicazione della giusta quantit\u00e0 di olio (+ 5 grammi) \u00e8 fondamentale per il corretto funzionamento del filtro. Non lubrificare eccessivamente il filtro!<\/p>\n<p>&nbsp;<\/p>\n<p><strong>Ambito di fornitura:<\/strong><\/p>\n<ul>\n<li>Flacone spray con 946 ml di soluzione detergente<\/li>\n<li>Flacone spray con 473 ml di olio rosso<\/li>\n<li>Applicatore di olio per filtri di nuova concezione<\/li>\n<li>Istruzioni per la pulizia e l'oliatura<\/li>\n<\/ul>\n<p>&nbsp;<\/p>\n<p><iframe loading=\"lazy\" title=\"Come pulire e mantenere il filtro lavabile in cotone S&amp;B\" width=\"500\" height=\"281\" src=\"https:\/\/www.youtube.com\/embed\/Z0xoM9mXBc0?feature=oembed\" frameborder=\"0\" allow=\"accelerometer; autoplay; clipboard-write; encrypted-media; gyroscope; picture-in-picture; web-share\" referrerpolicy=\"strict-origin-when-cross-origin\" allowfullscreen><\/iframe><\/p>","protected":false},"excerpt":{"rendered":"<p>Kit di pulizia per filtri dell'aria JLT con olio per filtri rosso Il kit di pulizia e oliatura Precision II di S&amp;B \u00e8 caratterizzato da un<\/p>","protected":false},"featured_media":68287190,"comment_status":"open","ping_status":"closed","template":"","meta":{"_acf_changed":false},"product_brand":[17168],"product_cat":[2717,3972,3074,3973,2506,1574,4973,4985,2507,1582,2517,1590,2501,1679,2514,1687,1790,1695,2512,1703,2502,1614,5163,2504,1622,2515,1630,2516,1638,2521,1655,2711,2710,2520,1663,2503,1719,2505,1727,4041,4043,4044,4045,2500,2499,1759,2668,1767,2518,1775,1512,1521,5009,5021],"product_tag":[4944,1093,57,406,4942,699,700,701,4941,4943],"class_list":{"0":"post-68287187","1":"product","2":"type-product","3":"status-publish","4":"has-post-thumbnail","6":"product_brand-jlt","7":"product_cat-camaro-62-2010-2015-ansaugung","8":"product_cat-camaro-62-2010-2015-wartung","9":"product_cat-camaro-62-2016-ansaugung","10":"product_cat-camaro-62-2016-wartung","11":"product_cat-300c-57-2005-2010-ansaugung","12":"product_cat-300c-57-2005-2010-wartung","13":"product_cat-300c-57-2011-2023-ansaugung","14":"product_cat-300c-57-2011-2023-wartung","15":"product_cat-300c-61-ansaugung","16":"product_cat-300c-61-wartung","17":"product_cat-300c-64-ansaugung","18":"product_cat-300c-64-wartung","19":"product_cat-challenger-57-ansaugung","20":"product_cat-challenger-57-wartung","21":"product_cat-challenger-61-ansaugung","22":"product_cat-challenger-61-wartung","23":"product_cat-challenger-hellcat-ansaugung","24":"product_cat-challenger-hellcat-wartung","25":"product_cat-challenger-64-ansaugung","26":"product_cat-challenger-64-wartung","27":"product_cat-charger-57-ansaugung","28":"product_cat-charger-57-wartung","29":"product_cat-dodge-charger-57-2011-2023-wartung","30":"product_cat-charger-61-ansaugung","31":"product_cat-charger-61-wartung","32":"product_cat-charger-hellcat-ansaugung","33":"product_cat-charger-hellcat-wartung","34":"product_cat-charger-64-ansaugung","35":"product_cat-charger-64-wartung","36":"product_cat-durango-57-ansaugung","37":"product_cat-durango-57-wartung","38":"product_cat-durango-hellcat-ansaugung","39":"product_cat-durango-hellcat-wartung","40":"product_cat-durango-64-ansaugung","41":"product_cat-durango-64-wartung","42":"product_cat-magnum-57-ansaugung","43":"product_cat-magnum-57-wartung","44":"product_cat-magnum-61-ansaugung","45":"product_cat-magnum-61-wartung","46":"product_cat-mustang-23-ecoboost-ansaugung","47":"product_cat-mustang-50-gt-ansaugung","48":"product_cat-shelby-gt350-ansaugung","49":"product_cat-shelby-gt500-ansaugung","50":"product_cat-grand-cherokee-57-2011-2021-ansaugung","51":"product_cat-grand-cherokee-61-ansaugung","52":"product_cat-grand-cherokee-61-wartung","53":"product_cat-trackhawk-ansaugung","54":"product_cat-trackhawk-wartung","55":"product_cat-grand-cherokee-64-ansaugung","56":"product_cat-grand-cherokee-64-wartung","57":"product_cat-1500-57-2009-2018-classic-ansaugung","58":"product_cat-1500-57-2009-2018-classic-wartung","59":"product_cat-1500-57-dt-ansaugung","60":"product_cat-1500-57-dt-wartung","61":"product_tag-88-0008","62":"product_tag-jlt","63":"product_tag-luftfilter","64":"product_tag-oel","65":"product_tag-precision-ii","66":"product_tag-reiniger","67":"product_tag-reinigung","68":"product_tag-reinigungskit","69":"product_tag-reinigungsset","70":"product_tag-sb","71":"product_shipping_class-deutschlandohne","73":"first","74":"instock","75":"taxable","76":"shipping-taxable","77":"purchasable","78":"product-type-simple"},"bundled_by":[],"bundle_stock_status":"instock","bundle_stock_quantity":3,"bundle_virtual":false,"bundle_layout":"","bundle_add_to_cart_form_location":"","bundle_editable_in_cart":false,"bundle_sold_individually_context":"","bundle_item_grouping":"","bundle_min_size":"","bundle_max_size":"","bundle_price":[],"bundled_items":[],"bundle_sell_ids":[],"exclude_global_add_ons":[],"addons":[],"acf":[],"_links":{"self":[{"href":"https:\/\/kraftwerk-shop.cc\/it\/wp-json\/wp\/v2\/product\/68287187","targetHints":{"allow":["GET"]}}],"collection":[{"href":"https:\/\/kraftwerk-shop.cc\/it\/wp-json\/wp\/v2\/product"}],"about":[{"href":"https:\/\/kraftwerk-shop.cc\/it\/wp-json\/wp\/v2\/types\/product"}],"replies":[{"embeddable":true,"href":"https:\/\/kraftwerk-shop.cc\/it\/wp-json\/wp\/v2\/comments?post=68287187"}],"version-history":[{"count":0,"href":"https:\/\/kraftwerk-shop.cc\/it\/wp-json\/wp\/v2\/product\/68287187\/revisions"}],"wp:featuredmedia":[{"embeddable":true,"href":"https:\/\/kraftwerk-shop.cc\/it\/wp-json\/wp\/v2\/media\/68287190"}],"wp:attachment":[{"href":"https:\/\/kraftwerk-shop.cc\/it\/wp-json\/wp\/v2\/media?parent=68287187"}],"wp:term":[{"taxonomy":"product_brand","embeddable":true,"href":"https:\/\/kraftwerk-shop.cc\/it\/wp-json\/wp\/v2\/product_brand?post=68287187"},{"taxonomy":"product_cat","embeddable":true,"href":"https:\/\/kraftwerk-shop.cc\/it\/wp-json\/wp\/v2\/product_cat?post=68287187"},{"taxonomy":"product_tag","embeddable":true,"href":"https:\/\/kraftwerk-shop.cc\/it\/wp-json\/wp\/v2\/product_tag?post=68287187"}],"curies":[{"name":"wp","href":"https:\/\/api.w.org\/{rel}","templated":true}]}}