{"id":68288447,"date":"2023-05-06T15:08:08","date_gmt":"2023-05-06T13:08:08","guid":{"rendered":"https:\/\/kraftwerk-shop.cc\/?post_type=product&#038;p=68288447"},"modified":"2026-02-15T00:46:49","modified_gmt":"2026-02-14T23:46:49","slug":"kit-compressore-whipple-chevrolet-camaro-lt1","status":"publish","type":"product","link":"https:\/\/kraftwerk-shop.cc\/it\/produkt\/whipple-kompressorkit-chevrolet-camaro-lt1\/","title":{"rendered":"Kit compressore Whipple Chevrolet Camaro 6.2 LT1"},"content":{"rendered":"<h1>Il sistema di compressori pi\u00f9 grande, pi\u00f9 efficiente e pi\u00f9 potente per Chevrolet Camaro 6.2 LT1 (2016 - 2022)<\/h1>\n<p>&nbsp;<\/p>\n<p>Il nuovissimo sistema di sovralimentazione Whipple Gen 5 per l'Chevrolet Camaro 6.2 LT1 \u00e8 il sistema di sovralimentazione pi\u00f9 potente attualmente disponibile per l'Chevrolet Camaro. Da non confondere con la Gen 3 o 4, questo nuovissimo compressore offre un'efficienza leader del settore dal minimo alla massima velocit\u00e0. Cuscinetti, ingranaggi, rotori e alloggiamento ottimizzati assicurano che il nuovo compressore funzioni pi\u00f9 velocemente, pi\u00f9 a lungo e in modo pi\u00f9 sicuro, producendo al contempo pi\u00f9 potenza di qualsiasi altro compressore mai costruito. La nuova Gen 5 presenta una nuovissima combinazione di 3\/4 rotori rispetto alla precedente combinazione di 3\/5 rotori, una voluta di 285 gradi rispetto alla precedente voluta di 270 gradi, una nuova campana di aspirazione, una porta di uscita ottimizzata e un diametro maggiore rispetto alla lunghezza per una maggiore efficienza.<\/p>\n<p>&nbsp;<\/p>\n<p><strong>Propriet\u00e0:<\/strong><\/p>\n<ul>\n<li>Il sistema di compressione pi\u00f9 potente del mercato<\/li>\n<li>Sistema brevettato di raffreddamento dell'aria di sovralimentazione doppio, doppio sistema di raffreddamento dell'aria di sovralimentazione<\/li>\n<li>Sistema intercooler con due ingressi e due uscite per una maggiore capacit\u00e0 di flusso<\/li>\n<li>Pompa dell'acqua Bosch per il sistema di raffreddamento dell'aria di sovralimentazione con portata elevata per prestazioni di raffreddamento senza compromessi<\/li>\n<li>Sistema di bypass intercooler per ridurre i colpi allo scarico<\/li>\n<li>W185ax (3,0 litri) Sovralimentatore bivite Whipple con aspirazione anteriore, che supera in modo significativo i sistemi di aspirazione dei concorrenti da 1,9 e 2,3 litri.<\/li>\n<li>30% pi\u00f9 volume rispetto all'Eaton\u2122 2300 2.3L<\/li>\n<li>13% pi\u00f9 volume del modello Eaton\u2122 2650 2,65L<\/li>\n<li>Collaudato sistema a 10 cinghie con pulegge folli regolabili<\/li>\n<li>Smorzatore di vibrazioni ATI approvato dall'NHRA<\/li>\n<li>Ingresso Crusher\u2122 integrato per la massima capacit\u00e0 del flusso d'aria<\/li>\n<li>L'ingresso circolare integrato Crusher\u2122 da 120 mm supera gli ingressi pi\u00f9 piccoli da 90 e 93 mm presenti in altri sistemi basati su Eaton<\/li>\n<li>Presa d'aria rotonda Crusher\u2122 120 mm integrata per corpi farfallati opzionali da 102, 103, 105, 108, 112, 115 e 120 mm<\/li>\n<li>Sistema dell'olio indipendente e sovradimensionato per ridurre drasticamente le temperature dell'olio anche nelle condizioni pi\u00f9 difficili<\/li>\n<li>Curva di coppia piatta per un'accelerazione incredibile<\/li>\n<li>Scambiatore di calore sovradimensionato per ottenere incredibili temperature dell'acqua nell'intercooler<\/li>\n<li>Si inserisce sotto il cofano senza modifiche<\/li>\n<li>Non sono necessarie modifiche interne<\/li>\n<li>I kit vengono forniti completi di tutte le parti e i materiali di fissaggio necessari per l'installazione.<\/li>\n<li>Cablaggio plug-and-play con connessioni maschio e femmina<\/li>\n<li>Connettori rapidi OEM per un'installazione semplice, senza brutte connessioni in ottone o acciaio sul compressore<\/li>\n<li>Disponibile in nero, lucido o in qualsiasi colore personalizzato (con un supplemento).<\/li>\n<li>Facile da aggiornare<\/li>\n<\/ul>\n<p>&nbsp;<\/p>\n<p><strong>Adatto per:<\/strong><\/p>\n<table width=\"437\">\n<tbody>\n<tr>\n<td width=\"83\"><strong>Marchio<\/strong><\/td>\n<td width=\"122\"><strong>Modello<\/strong><\/td>\n<td width=\"136\"><strong>Motore<\/strong><\/td>\n<td width=\"96\"><strong>Anno di costruzione<\/strong><\/td>\n<\/tr>\n<tr>\n<td>Chevrolet<\/td>\n<td>Camaro<\/td>\n<td>6.2 LT1<\/td>\n<td>2016 \u2013 2022<\/td>\n<\/tr>\n<\/tbody>\n<\/table>\n<p>&nbsp;<\/p>\n<p>&nbsp;<\/p>\n<p><strong>Informazioni su Whipple<\/strong><\/p>\n<p>Whipple Superchargers\u2122 \u00e8 stato un pioniere e un precursore dei compressori bivite dal 1987.<br \/>\nCon oltre 30 anni di esperienza in questi compressori, il team Whipple ha sviluppato i pi\u00f9 potenti sistemi di sovralimentazione a doppia vite raffreddati ad aria di carica oggi disponibili per i motori V8 Chevrolet.<br \/>\nIl nuovissimo sistema Whipple eroga una potenza superiore a qualsiasi altro sistema di compressione presente sul mercato.<br \/>\n\u00c8 completo di 100% ed \u00e8 stato sviluppato per i motori di serie, ma ha riserve sufficienti per ottenere risultati ancora migliori con motori fortemente modificati.<\/p>","protected":false},"excerpt":{"rendered":"<p>Das gr\u00f6\u00dfte, effizienteste und leistungsf\u00e4higste Kompressorsystem f\u00fcr Chevrolet Camaro 6.2 LT1 (2016 &#8211; 2022) &nbsp; Das brandneue Whipple Gen 5<\/p>","protected":false},"featured_media":68288459,"comment_status":"open","ping_status":"closed","template":"","meta":{"_acf_changed":false},"product_brand":[19061],"product_cat":[3080,3024],"product_tag":[101,191,189,190,1050,20273,242,244,243,36,898,246,233,245,376,6811],"class_list":{"0":"post-68288447","1":"product","2":"type-product","3":"status-publish","4":"has-post-thumbnail","6":"product_brand-whipple","7":"product_cat-camaro-62-2016-kompressor","8":"product_cat-nicht-nach-eu","9":"product_tag-6-2","10":"product_tag-camaro","11":"product_tag-chevrolet","12":"product_tag-chevy","13":"product_tag-gen6","14":"product_tag-keintuev","15":"product_tag-kompressor","16":"product_tag-kompressorkit","17":"product_tag-kompressorumbau","18":"product_tag-kraftwerk","19":"product_tag-lt1","20":"product_tag-supercharger","21":"product_tag-tuning","22":"product_tag-umbaukit","23":"product_tag-whipple","24":"product_tag-whipple5","25":"product_shipping_class-spedition-1","27":"first","28":"onbackorder","29":"taxable","30":"shipping-taxable","31":"purchasable","32":"product-type-simple"},"bundled_by":[],"bundle_stock_status":"onbackorder","bundle_stock_quantity":0,"bundle_virtual":false,"bundle_layout":"","bundle_add_to_cart_form_location":"","bundle_editable_in_cart":false,"bundle_sold_individually_context":"","bundle_item_grouping":"","bundle_min_size":"","bundle_max_size":"","bundle_price":[],"bundled_items":[],"bundle_sell_ids":[],"exclude_global_add_ons":[],"addons":[],"acf":[],"_links":{"self":[{"href":"https:\/\/kraftwerk-shop.cc\/it\/wp-json\/wp\/v2\/product\/68288447","targetHints":{"allow":["GET"]}}],"collection":[{"href":"https:\/\/kraftwerk-shop.cc\/it\/wp-json\/wp\/v2\/product"}],"about":[{"href":"https:\/\/kraftwerk-shop.cc\/it\/wp-json\/wp\/v2\/types\/product"}],"replies":[{"embeddable":true,"href":"https:\/\/kraftwerk-shop.cc\/it\/wp-json\/wp\/v2\/comments?post=68288447"}],"version-history":[{"count":0,"href":"https:\/\/kraftwerk-shop.cc\/it\/wp-json\/wp\/v2\/product\/68288447\/revisions"}],"wp:featuredmedia":[{"embeddable":true,"href":"https:\/\/kraftwerk-shop.cc\/it\/wp-json\/wp\/v2\/media\/68288459"}],"wp:attachment":[{"href":"https:\/\/kraftwerk-shop.cc\/it\/wp-json\/wp\/v2\/media?parent=68288447"}],"wp:term":[{"taxonomy":"product_brand","embeddable":true,"href":"https:\/\/kraftwerk-shop.cc\/it\/wp-json\/wp\/v2\/product_brand?post=68288447"},{"taxonomy":"product_cat","embeddable":true,"href":"https:\/\/kraftwerk-shop.cc\/it\/wp-json\/wp\/v2\/product_cat?post=68288447"},{"taxonomy":"product_tag","embeddable":true,"href":"https:\/\/kraftwerk-shop.cc\/it\/wp-json\/wp\/v2\/product_tag?post=68288447"}],"curies":[{"name":"wp","href":"https:\/\/api.w.org\/{rel}","templated":true}]}}