{"id":68288540,"date":"2023-05-10T14:34:32","date_gmt":"2023-05-10T12:34:32","guid":{"rendered":"https:\/\/kraftwerk-shop.cc\/?post_type=product&#038;p=68288540"},"modified":"2026-02-15T00:43:24","modified_gmt":"2026-02-14T23:43:24","slug":"afe-momentum-54-73201-mustang-ecoboost","status":"publish","type":"product","link":"https:\/\/kraftwerk-shop.cc\/it\/produkt\/afe-momentum-54-73201-mustang-ecoboost\/","title":{"rendered":"Presa d'aria fredda aFe Momentum GT \/ Filtro aria sportivo Ford Mustang 2.3 EcoBoost"},"content":{"rendered":"<h1>aFe POWER 54-73201 Sistema di aspirazione dell'aria fredda Momentum GT per Ford Mustang 2.3 EcoBoost<\/h1>\n<p><strong>Alloggiamento unico<\/strong><br \/>\nL'alloggiamento progettato al CAD in materiale resistente al calore garantisce una temperatura di aspirazione minima.<br \/>\nL'alloggiamento, stampato a rotazione, \u00e8 realizzato in polietilene reticolato nero.<\/p>\n<p><strong>Collettore di aspirazione<\/strong><br \/>\nQuesto sistema utilizza un collettore di aspirazione progettato al CAD, sviluppato sul banco di prova e prodotto con un processo rotativo, per garantire il massimo incremento delle prestazioni con un accoppiamento perfetto.<\/p>\n<p><strong>Grande filtro dell'aria a 5 strati ad alte prestazioni<\/strong><br \/>\nIl sistema di aspirazione Momentum GT \u00e8 stato progettato attorno al filtro dell'aria pi\u00f9 grande possibile per massimizzare il filtraggio e le prestazioni.<br \/>\nIl filtro dell'aria Pro 5R Performance \u00e8 costituito da 5 strati di materiale filtrante in cotone a maglie progressivamente pi\u00f9 strette, che viene bagnato con uno speciale olio filtrante e pu\u00f2 essere lavato.<\/p>\n<p><strong>Materiale di installazione di alta qualit\u00e0<\/strong><br \/>\nI morsetti a vite senza fine in acciaio inox e il tubo flessibile in silicone rinforzato garantiscono stabilit\u00e0 e durata, oltre a un'installazione facile e sicura. I sistemi di aspirazione Momentum sono progettati con il minor numero possibile di componenti singoli per garantire un'installazione rapida e semplice.<\/p>\n<p>&nbsp;<\/p>\n<p><strong>dettagli<\/strong><\/p>\n<p>- + 13 PS, + 15 NM aumento massimo di potenza (specifiche del produttore)<br \/>\n- 21% maggiore portata rispetto al filtro dell'aria standard<br \/>\n- Collettore di aspirazione sviluppato al CAD<br \/>\n- Alloggiamento in un unico pezzo chiuso nella parte superiore con finestra di visualizzazione incorporata<br \/>\n- Filtro aria Pro 10R pre-oliato, lavabile e riutilizzabile per le massime prestazioni<br \/>\n- Design unico dell'alloggiamento del filtro<br \/>\n- Montaggio perfetto, non \u00e8 necessario forare o tagliare le parti originali.<\/p>\n<p>&nbsp;<\/p>\n<p><strong>Adatto per:<\/strong><\/p>\n<table style=\"height: 74px;\" border=\"0\" width=\"769\" cellspacing=\"0\" cellpadding=\"0\">\n<colgroup>\n<col \/>\n<col \/>\n<col \/>\n<col \/>\n<col \/> <\/colgroup>\n<tbody>\n<tr>\n<td style=\"height: 20px; width: 177px;\" height=\"20\"><strong>Anno di costruzione<\/strong><\/td>\n<td style=\"width: 167px;\"><strong>Marchio\u00a0<\/strong><\/td>\n<td style=\"width: 131px;\"><strong>Modello<\/strong><\/td>\n<td style=\"width: 129px;\"><strong>Motore<\/strong><\/td>\n<\/tr>\n<tr>\n<td style=\"height: 40px; width: 177px;\" height=\"40\">2015 \u2013 2017<\/td>\n<td style=\"width: 167px;\">Ford<\/td>\n<td style=\"width: 131px;\">Mustang<\/td>\n<td style=\"width: 367px;\">2.3 EcoBoost<\/td>\n<\/tr>\n<\/tbody>\n<\/table>\n<p><iframe loading=\"lazy\" title=\"aFe POWER 54-73201 Sistema di aspirazione dell&#039;aria fredda Momentum GT per Ford Mustang 2.3 EcoBoost\" src=\"https:\/\/www.youtube.com\/embed\/gBqnw6rAnwg\" width=\"882\" height=\"496\" frameborder=\"0\" allowfullscreen=\"allowfullscreen\"><\/iframe><\/p>","protected":false},"excerpt":{"rendered":"<p>2015 \u2013 2017<\/p>","protected":false},"featured_media":68288542,"comment_status":"open","ping_status":"closed","template":"","meta":{"_acf_changed":false},"product_brand":[16879],"product_cat":[4041],"product_tag":[4020,249,250,251,5001,16880,498,2441,826,824,3587,825,3873,917,2934,1094,20273,57,822,3872,2221,4952,4951,500,258],"class_list":{"0":"post-68288540","1":"product","2":"type-product","3":"status-publish","4":"has-post-thumbnail","6":"product_brand-afe-power","7":"product_cat-mustang-23-ecoboost-ansaugung","8":"product_tag-2-3","9":"product_tag-249","10":"product_tag-250","11":"product_tag-251","12":"product_tag-54-73201","13":"product_tag-advanced-flow-engineering","14":"product_tag-afe","15":"product_tag-afe-power","16":"product_tag-ansaugung","17":"product_tag-cai","18":"product_tag-cold","19":"product_tag-cold-air-intake","20":"product_tag-ecoboost","21":"product_tag-ford","22":"product_tag-harder","23":"product_tag-intake","24":"product_tag-keintuev","25":"product_tag-luftfilter","26":"product_tag-momentum","27":"product_tag-mustang","28":"product_tag-plus","29":"product_tag-sportansaugung","30":"product_tag-sportfilter","31":"product_tag-sportluftfilter","32":"product_tag-turbo","34":"first","35":"onbackorder","36":"taxable","37":"shipping-taxable","38":"purchasable","39":"product-type-simple"},"bundled_by":[],"bundle_stock_status":"onbackorder","bundle_stock_quantity":0,"bundle_virtual":false,"bundle_layout":"","bundle_add_to_cart_form_location":"","bundle_editable_in_cart":false,"bundle_sold_individually_context":"","bundle_item_grouping":"","bundle_min_size":"","bundle_max_size":"","bundle_price":[],"bundled_items":[],"bundle_sell_ids":[],"exclude_global_add_ons":[],"addons":[],"acf":[],"_links":{"self":[{"href":"https:\/\/kraftwerk-shop.cc\/it\/wp-json\/wp\/v2\/product\/68288540","targetHints":{"allow":["GET"]}}],"collection":[{"href":"https:\/\/kraftwerk-shop.cc\/it\/wp-json\/wp\/v2\/product"}],"about":[{"href":"https:\/\/kraftwerk-shop.cc\/it\/wp-json\/wp\/v2\/types\/product"}],"replies":[{"embeddable":true,"href":"https:\/\/kraftwerk-shop.cc\/it\/wp-json\/wp\/v2\/comments?post=68288540"}],"version-history":[{"count":0,"href":"https:\/\/kraftwerk-shop.cc\/it\/wp-json\/wp\/v2\/product\/68288540\/revisions"}],"wp:featuredmedia":[{"embeddable":true,"href":"https:\/\/kraftwerk-shop.cc\/it\/wp-json\/wp\/v2\/media\/68288542"}],"wp:attachment":[{"href":"https:\/\/kraftwerk-shop.cc\/it\/wp-json\/wp\/v2\/media?parent=68288540"}],"wp:term":[{"taxonomy":"product_brand","embeddable":true,"href":"https:\/\/kraftwerk-shop.cc\/it\/wp-json\/wp\/v2\/product_brand?post=68288540"},{"taxonomy":"product_cat","embeddable":true,"href":"https:\/\/kraftwerk-shop.cc\/it\/wp-json\/wp\/v2\/product_cat?post=68288540"},{"taxonomy":"product_tag","embeddable":true,"href":"https:\/\/kraftwerk-shop.cc\/it\/wp-json\/wp\/v2\/product_tag?post=68288540"}],"curies":[{"name":"wp","href":"https:\/\/api.w.org\/{rel}","templated":true}]}}