{"id":68289246,"date":"2023-05-21T23:37:12","date_gmt":"2023-05-21T21:37:12","guid":{"rendered":"https:\/\/kraftwerk-shop.cc\/?post_type=product&#038;p=68289246"},"modified":"2026-03-06T12:43:54","modified_gmt":"2026-03-06T11:43:54","slug":"termostato-mishimoto-racing-corvette-c7","status":"publish","type":"product","link":"https:\/\/kraftwerk-shop.cc\/it\/produkt\/mishimoto-racing-thermostat-corvette-c7\/","title":{"rendered":"Mishimoto Racing termostato Corvette C7"},"content":{"rendered":"<h1>Termostato Mishimoto da 82 gradi per Chevrolet Corvette C7 Stingray, Grand Sport e Z06<\/h1>\n<p>&nbsp;<\/p>\n<p>Se la vostra Vette \u00e8 un po' calda, abbassate la temperatura con un termostato da 82 gradi.<\/p>\n<p>Mishimoto ha sviluppato un termostato appositamente per la C7 Corvette Stingray, Grand Sport e Z06.<br \/>\nIl termostato Mishimoto Corvette per C7 si adatta perfettamente all'alloggiamento del termostato OEM e garantisce un migliore raffreddamento del motore. Consigliato per i veicoli che viaggiano in climi caldi o nel traffico stop-and-go.<br \/>\nUna volta che il motore \u00e8 completamente riscaldato, il termostato Mishimoto C7 Corvette si apre a una temperatura inferiore rispetto a quella del termostato di serie, consentendo al liquido di raffreddamento di fluire pi\u00f9 velocemente nel motore, riducendone le temperature e mantenendolo pi\u00f9 fresco, migliorando l'affidabilit\u00e0 a lungo termine dei componenti di raffreddamento del veicolo.<\/p>\n<p>L'installazione \u00e8 semplice e richiede solo la sostituzione della vecchia unit\u00e0 OEM e l'installazione del nuovo termostato.<br \/>\nL'installazione pu\u00f2 essere effettuata con semplici strumenti e richiede solo una moderata abilit\u00e0 manuale.<\/p>\n<p>Consigliato per i veicoli stradali che richiedono un raffreddamento supplementare.<\/p>\n<p>&nbsp;<\/p>\n<p><strong>Adatto per:<\/strong><\/p>\n<table width=\"776\">\n<tbody>\n<tr>\n<td width=\"178\"><strong>Anno di costruzione<\/strong><\/td>\n<td width=\"226\"><strong>Marchio<\/strong><\/td>\n<td width=\"120\"><strong>Modello<\/strong><\/td>\n<td width=\"172\"><strong>Variante<\/strong><\/td>\n<td width=\"80\"><strong>Motore<\/strong><\/td>\n<\/tr>\n<tr>\n<td width=\"178\">2014-2019<\/td>\n<td width=\"226\">Chevrolet<\/td>\n<td width=\"120\">Corvette<\/td>\n<td width=\"172\">(C7) Stingray<\/td>\n<td width=\"80\">V8 6.2L<\/td>\n<\/tr>\n<tr>\n<td width=\"178\">2015-2019<\/td>\n<td width=\"226\">Chevrolet<\/td>\n<td width=\"120\">Corvette<\/td>\n<td width=\"172\">(C7) Z06<\/td>\n<td width=\"80\">V8 6.2L<\/td>\n<\/tr>\n<\/tbody>\n<\/table>\n<p>&nbsp;<\/p>\n<p>&nbsp;<\/p>","protected":false},"excerpt":{"rendered":"<p>82 gradi<\/p>","protected":false},"featured_media":68289249,"comment_status":"open","ping_status":"closed","template":"","meta":{"_acf_changed":false},"product_brand":[18924],"product_cat":[5082],"product_tag":[295,101,296,5085,4533,3087,189,190,281,266,405,269,274,5084,4534,3583,267,216,3736,283],"class_list":{"0":"post-68289246","1":"product","2":"type-product","3":"status-publish","4":"has-post-thumbnail","6":"product_brand-mishimoto","7":"product_cat-corvette-c7-kuehlung","8":"product_tag-295","9":"product_tag-6-2","10":"product_tag-296","11":"product_tag-82-grad","12":"product_tag-aluminiumkuehler","13":"product_tag-c7","14":"product_tag-chevrolet","15":"product_tag-chevy","16":"product_tag-corvette","17":"product_tag-grad","18":"product_tag-kuehler","19":"product_tag-kuehlwasser","20":"product_tag-mishimoto","21":"product_tag-mmts-vet-180","22":"product_tag-motorkuehler","23":"product_tag-stingray","24":"product_tag-thermostat","25":"product_tag-upgrade","26":"product_tag-wasserkuehler","27":"product_tag-z06","29":"first","30":"instock","31":"taxable","32":"shipping-taxable","33":"purchasable","34":"product-type-simple"},"bundled_by":[],"bundle_stock_status":"instock","bundle_stock_quantity":2,"bundle_virtual":false,"bundle_layout":"","bundle_add_to_cart_form_location":"","bundle_editable_in_cart":false,"bundle_sold_individually_context":"","bundle_item_grouping":"","bundle_min_size":"","bundle_max_size":"","bundle_price":[],"bundled_items":[],"bundle_sell_ids":[],"exclude_global_add_ons":[],"addons":[],"acf":[],"_links":{"self":[{"href":"https:\/\/kraftwerk-shop.cc\/it\/wp-json\/wp\/v2\/product\/68289246","targetHints":{"allow":["GET"]}}],"collection":[{"href":"https:\/\/kraftwerk-shop.cc\/it\/wp-json\/wp\/v2\/product"}],"about":[{"href":"https:\/\/kraftwerk-shop.cc\/it\/wp-json\/wp\/v2\/types\/product"}],"replies":[{"embeddable":true,"href":"https:\/\/kraftwerk-shop.cc\/it\/wp-json\/wp\/v2\/comments?post=68289246"}],"version-history":[{"count":0,"href":"https:\/\/kraftwerk-shop.cc\/it\/wp-json\/wp\/v2\/product\/68289246\/revisions"}],"wp:featuredmedia":[{"embeddable":true,"href":"https:\/\/kraftwerk-shop.cc\/it\/wp-json\/wp\/v2\/media\/68289249"}],"wp:attachment":[{"href":"https:\/\/kraftwerk-shop.cc\/it\/wp-json\/wp\/v2\/media?parent=68289246"}],"wp:term":[{"taxonomy":"product_brand","embeddable":true,"href":"https:\/\/kraftwerk-shop.cc\/it\/wp-json\/wp\/v2\/product_brand?post=68289246"},{"taxonomy":"product_cat","embeddable":true,"href":"https:\/\/kraftwerk-shop.cc\/it\/wp-json\/wp\/v2\/product_cat?post=68289246"},{"taxonomy":"product_tag","embeddable":true,"href":"https:\/\/kraftwerk-shop.cc\/it\/wp-json\/wp\/v2\/product_tag?post=68289246"}],"curies":[{"name":"wp","href":"https:\/\/api.w.org\/{rel}","templated":true}]}}