{"id":68290661,"date":"2023-07-12T11:58:24","date_gmt":"2023-07-12T09:58:24","guid":{"rendered":"https:\/\/kraftwerk-shop.cc\/?post_type=product&#038;p=68290661"},"modified":"2026-03-02T09:55:42","modified_gmt":"2026-03-02T08:55:42","slug":"scarico-mbrp-s7111al-dodge-challenger","status":"publish","type":"product","link":"https:\/\/kraftwerk-shop.cc\/it\/produkt\/mbrp-s7111al-auspuff-dodge-challenger\/","title":{"rendered":"MBRP S7111AL Doppio Cat-Back Serie Street Dodge Challenger V6 3.6"},"content":{"rendered":"<h1>Sistema di scarico MBRP Dual Cat-Back Street per Dodge Challenger V6 3.6<\/h1>\n<p>&nbsp;<\/p>\n<p>Lo scarico sportivo MBRP sprigiona tutto il potenziale di potenza e coppia del vostro veicolo e garantisce che il vostro RAM sia pi\u00f9 veloce, pi\u00f9 fluido e pi\u00f9 rumoroso sulla strada.<\/p>\n<p>Ogni sistema di scarico MBRP \u00e8 messo a punto e progettato per fornire al vostro veicolo le massime prestazioni. Realizzato in acciaio alluminato per impieghi gravosi. Ogni sezione del tubo \u00e8 piegata in modo uniforme per aumentare il flusso di scarico. Il silenziatore posteriore \u00e8 progettato per garantire un suono ottimale e ridurre al minimo la contropressione.<\/p>\n<p>L'installazione del sistema di scarico MBRP \u00e8 semplice e non richiede saldature o forature sul veicolo. Ogni sistema utilizza i punti di montaggio esistenti.<\/p>\n<p>&nbsp;<\/p>\n<p>Il sistema di scarico cat-back MBRP S7111AL Street Version 2.5\u2033 in acciaio alluminato \u00e8 adatto ai seguenti modelli:<\/p>\n<table width=\"449\">\n<tbody>\n<tr>\n<td width=\"115\"><strong>Marchio<\/strong><\/td>\n<td width=\"145\"><strong>Modello<\/strong><\/td>\n<td width=\"106\">Motore<\/td>\n<td width=\"83\"><strong>Anno di costruzione<\/strong><\/td>\n<\/tr>\n<tr>\n<td>Dodge<\/td>\n<td>Challenger<\/td>\n<td>V6 3.6<\/td>\n<td>2015 \u2013 2023<\/td>\n<\/tr>\n<\/tbody>\n<\/table>\n<p>&nbsp;<\/p>\n<p><iframe loading=\"lazy\" title=\"MBRP S71113CF per Dodge Challenger SXT 3.6 V6 Sound\" src=\"https:\/\/www.youtube.com\/embed\/KgZKXikmAaU\" width=\"882\" height=\"496\" frameborder=\"0\" allowfullscreen=\"allowfullscreen\"><\/iframe><\/p>\n<p><iframe loading=\"lazy\" title=\"MBRP S71113CF per Dodge Challenger SXT 3.6 V6\" src=\"https:\/\/www.youtube.com\/embed\/5zsW0hrs5XM\" width=\"882\" height=\"496\" frameborder=\"0\" allowfullscreen=\"allowfullscreen\"><\/iframe><\/p>","protected":false},"excerpt":{"rendered":"<p>2015 \u2013 2023<\/p>","protected":false},"featured_media":68301748,"comment_status":"open","ping_status":"closed","template":"","meta":{"_acf_changed":false},"product_brand":[17169],"product_cat":[3024,2578],"product_tag":[249,250,251,252,419,420,2066,2373,4526,169,1035,1036,546,1037,773,1047,2210,54,49,3853,1039,2786,2934,532,529,20273,2931,6924,5239,547,1034,1038,2215,785,233,198],"class_list":{"0":"post-68290661","1":"product","2":"type-product","3":"status-publish","4":"has-post-thumbnail","6":"product_brand-mbrp","7":"product_cat-nicht-nach-eu","8":"product_cat-challenger-36-abgasanlage","9":"product_tag-249","10":"product_tag-250","11":"product_tag-251","12":"product_tag-252","13":"product_tag-419","14":"product_tag-420","15":"product_tag-2066","16":"product_tag-2373","17":"product_tag-4526","18":"product_tag-3-6","19":"product_tag-abgasanlage","20":"product_tag-abgassystem","21":"product_tag-auspuff","22":"product_tag-auspuffsystem","23":"product_tag-carbon","24":"product_tag-cat-back","25":"product_tag-catback","26":"product_tag-challenger","27":"product_tag-dodge","28":"product_tag-dodge-challenger","29":"product_tag-endschalldaempfer","30":"product_tag-exhaust","31":"product_tag-harder","32":"product_tag-kat","33":"product_tag-katalysator","34":"product_tag-keintuev","35":"product_tag-mbrp","36":"product_tag-mbrp10","37":"product_tag-s7111al","38":"product_tag-sportauspuff","39":"product_tag-sportauspuffanlage","40":"product_tag-sportendschalldaempfer","41":"product_tag-street","42":"product_tag-sxt","43":"product_tag-tuning","44":"product_tag-v6","45":"product_shipping_class-spedition-1","47":"first","48":"instock","49":"taxable","50":"shipping-taxable","51":"purchasable","52":"product-type-simple"},"bundled_by":[],"bundle_stock_status":"instock","bundle_stock_quantity":1,"bundle_virtual":false,"bundle_layout":"","bundle_add_to_cart_form_location":"","bundle_editable_in_cart":false,"bundle_sold_individually_context":"","bundle_item_grouping":"","bundle_min_size":"","bundle_max_size":"","bundle_price":[],"bundled_items":[],"bundle_sell_ids":[],"exclude_global_add_ons":[],"addons":[],"acf":[],"_links":{"self":[{"href":"https:\/\/kraftwerk-shop.cc\/it\/wp-json\/wp\/v2\/product\/68290661","targetHints":{"allow":["GET"]}}],"collection":[{"href":"https:\/\/kraftwerk-shop.cc\/it\/wp-json\/wp\/v2\/product"}],"about":[{"href":"https:\/\/kraftwerk-shop.cc\/it\/wp-json\/wp\/v2\/types\/product"}],"replies":[{"embeddable":true,"href":"https:\/\/kraftwerk-shop.cc\/it\/wp-json\/wp\/v2\/comments?post=68290661"}],"version-history":[{"count":0,"href":"https:\/\/kraftwerk-shop.cc\/it\/wp-json\/wp\/v2\/product\/68290661\/revisions"}],"wp:featuredmedia":[{"embeddable":true,"href":"https:\/\/kraftwerk-shop.cc\/it\/wp-json\/wp\/v2\/media\/68301748"}],"wp:attachment":[{"href":"https:\/\/kraftwerk-shop.cc\/it\/wp-json\/wp\/v2\/media?parent=68290661"}],"wp:term":[{"taxonomy":"product_brand","embeddable":true,"href":"https:\/\/kraftwerk-shop.cc\/it\/wp-json\/wp\/v2\/product_brand?post=68290661"},{"taxonomy":"product_cat","embeddable":true,"href":"https:\/\/kraftwerk-shop.cc\/it\/wp-json\/wp\/v2\/product_cat?post=68290661"},{"taxonomy":"product_tag","embeddable":true,"href":"https:\/\/kraftwerk-shop.cc\/it\/wp-json\/wp\/v2\/product_tag?post=68290661"}],"curies":[{"name":"wp","href":"https:\/\/api.w.org\/{rel}","templated":true}]}}