{"id":68290817,"date":"2023-07-24T19:50:28","date_gmt":"2023-07-24T17:50:28","guid":{"rendered":"https:\/\/kraftwerk-shop.cc\/?post_type=product&#038;p=68290817"},"modified":"2026-02-15T01:01:22","modified_gmt":"2026-02-15T00:01:22","slug":"scarico-mbrp-s7038al-chevrolet-camaro","status":"publish","type":"product","link":"https:\/\/kraftwerk-shop.cc\/it\/produkt\/mbrp-s7038al-auspuff-chevrolet-camaro\/","title":{"rendered":"Sistema di scarico MBRP S7038AL Race Profile Chevrolet Camaro V6 3.6, 2.0 Turbo"},"content":{"rendered":"<h1>Sistema di scarico MBRP Chevrolet Camaro V6 3.6, 2.0 Turbo<\/h1>\n<p>&nbsp;<\/p>\n<p>Lo scarico sportivo MBRP sprigiona tutto il potenziale di potenza e coppia del vostro veicolo e garantisce che il vostro RAM sia pi\u00f9 veloce, pi\u00f9 fluido e pi\u00f9 rumoroso sulla strada.<\/p>\n<p>Ogni sistema di scarico MBRP \u00e8 messo a punto e progettato per fornire al vostro veicolo le massime prestazioni. Realizzato in acciaio alluminato per impieghi gravosi. Ogni sezione del tubo \u00e8 piegata in modo uniforme per aumentare il flusso di scarico. Il silenziatore posteriore \u00e8 progettato per garantire un suono ottimale e ridurre al minimo la contropressione.<\/p>\n<p>L'installazione del silenziatore posteriore MBRP \u00e8 semplice e non richiede saldature o forature sul veicolo. Ogni sistema utilizza i punti di montaggio esistenti.<\/p>\n<p>&nbsp;<\/p>\n<p>Il silenziatore posteriore MBRP S7038AL da 2,5 pollici Race Profile \u00e8 adatto ai seguenti modelli:<\/p>\n<table width=\"449\">\n<tbody>\n<tr>\n<td width=\"115\"><strong>Marchio<\/strong><\/td>\n<td width=\"145\"><strong>Modello<\/strong><\/td>\n<td width=\"106\"><strong>Motore<\/strong><\/td>\n<td width=\"83\"><strong>Anno di costruzione<\/strong><\/td>\n<\/tr>\n<tr>\n<td>Chevrolet<\/td>\n<td>Camaro<\/td>\n<td>3,6 (senza funzione NPP)<\/td>\n<td>2016 \u2013 2023<\/td>\n<\/tr>\n<tr>\n<td>Chevrolet<\/td>\n<td>Camaro<\/td>\n<td>2.0 Turbo<\/td>\n<td>2016 \u2013 2023<\/td>\n<\/tr>\n<\/tbody>\n<\/table>\n<p>&nbsp;<\/p>","protected":false},"excerpt":{"rendered":"<p>2016 \u2013 2023<\/p>","protected":false},"featured_media":68290819,"comment_status":"open","ping_status":"closed","template":"","meta":{"_acf_changed":false},"product_brand":[17169],"product_cat":[4956,5235],"product_tag":[4375,5232,169,1046,1035,1036,546,1037,191,189,662,1039,1042,2786,2934,532,529,20273,2211,1040,2208,2931,6924,1044,1181,5236,1045,1041,547,1034,1038,233,198,2137],"class_list":{"0":"post-68290817","1":"product","2":"type-product","3":"status-publish","4":"has-post-thumbnail","6":"product_brand-mbrp","7":"product_cat-camaro-20-2016-2024-abgasanlage","8":"product_cat-camaro-36-2016-2024-abgasanlage","9":"product_tag-2-0-turbo","10":"product_tag-2-0t","11":"product_tag-3-6","12":"product_tag-abe","13":"product_tag-abgasanlage","14":"product_tag-abgassystem","15":"product_tag-auspuff","16":"product_tag-auspuffsystem","17":"product_tag-camaro","18":"product_tag-chevrolet","19":"product_tag-edelstahl","20":"product_tag-endschalldaempfer","21":"product_tag-endtopf","22":"product_tag-exhaust","23":"product_tag-harder","24":"product_tag-kat","25":"product_tag-katalysator","26":"product_tag-keintuev","27":"product_tag-klang","28":"product_tag-laut","29":"product_tag-lauter","30":"product_tag-mbrp","31":"product_tag-mbrp10","32":"product_tag-mittelschalldaempfer","33":"product_tag-race","34":"product_tag-s7038al","35":"product_tag-sound","36":"product_tag-sport","37":"product_tag-sportauspuff","38":"product_tag-sportauspuffanlage","39":"product_tag-sportendschalldaempfer","40":"product_tag-tuning","41":"product_tag-v6","42":"product_tag-zulassung","43":"product_shipping_class-paket-xl","45":"first","46":"onbackorder","47":"taxable","48":"shipping-taxable","49":"purchasable","50":"product-type-simple"},"bundled_by":[],"bundle_stock_status":"onbackorder","bundle_stock_quantity":0,"bundle_virtual":false,"bundle_layout":"","bundle_add_to_cart_form_location":"","bundle_editable_in_cart":false,"bundle_sold_individually_context":"","bundle_item_grouping":"","bundle_min_size":"","bundle_max_size":"","bundle_price":[],"bundled_items":[],"bundle_sell_ids":[],"exclude_global_add_ons":[],"addons":[],"acf":[],"_links":{"self":[{"href":"https:\/\/kraftwerk-shop.cc\/it\/wp-json\/wp\/v2\/product\/68290817","targetHints":{"allow":["GET"]}}],"collection":[{"href":"https:\/\/kraftwerk-shop.cc\/it\/wp-json\/wp\/v2\/product"}],"about":[{"href":"https:\/\/kraftwerk-shop.cc\/it\/wp-json\/wp\/v2\/types\/product"}],"replies":[{"embeddable":true,"href":"https:\/\/kraftwerk-shop.cc\/it\/wp-json\/wp\/v2\/comments?post=68290817"}],"version-history":[{"count":0,"href":"https:\/\/kraftwerk-shop.cc\/it\/wp-json\/wp\/v2\/product\/68290817\/revisions"}],"wp:featuredmedia":[{"embeddable":true,"href":"https:\/\/kraftwerk-shop.cc\/it\/wp-json\/wp\/v2\/media\/68290819"}],"wp:attachment":[{"href":"https:\/\/kraftwerk-shop.cc\/it\/wp-json\/wp\/v2\/media?parent=68290817"}],"wp:term":[{"taxonomy":"product_brand","embeddable":true,"href":"https:\/\/kraftwerk-shop.cc\/it\/wp-json\/wp\/v2\/product_brand?post=68290817"},{"taxonomy":"product_cat","embeddable":true,"href":"https:\/\/kraftwerk-shop.cc\/it\/wp-json\/wp\/v2\/product_cat?post=68290817"},{"taxonomy":"product_tag","embeddable":true,"href":"https:\/\/kraftwerk-shop.cc\/it\/wp-json\/wp\/v2\/product_tag?post=68290817"}],"curies":[{"name":"wp","href":"https:\/\/api.w.org\/{rel}","templated":true}]}}