{"id":68291501,"date":"2021-09-15T16:39:07","date_gmt":"2021-09-15T14:39:07","guid":{"rendered":"https:\/\/kraftwerk-shop.cc\/?post_type=product&#038;p=68291501"},"modified":"2026-02-15T00:51:05","modified_gmt":"2026-02-14T23:51:05","slug":"ventilazione-coperchio-valvole-57-hemi-64-srt","status":"publish","type":"product","link":"https:\/\/kraftwerk-shop.cc\/it\/produkt\/ventildeckelentlueftung-57-hemi-64-srt\/","title":{"rendered":"Sfiato coperchio valvola 5.7 Hemi 6.1 SRT8 e 6.4 SRT (nero)"},"content":{"rendered":"<h1>Sfiato coperchio valvole aperto per Chrysler, Dodge e Jeep 5.7 Hemi, 6.1 SRT8 e 6.4 SRT, filtro con copertura nera<\/h1>\n<p>&nbsp;<\/p>\n<p>Lo sfiatatoio del coperchio della valvola pu\u00f2 essere semplicemente installato al posto del tappo di riempimento dell'olio senza alcuna modifica al veicolo. Questo consente una ventilazione efficace del basamento e quindi garantisce un funzionamento ottimale del motore.<br \/>\nGrazie a questa soluzione, \u00e8 possibile sostituire il tappo di riempimento dell'olio con lo sfiatatoio del coperchio valvole senza dover apportare ulteriori modifiche al veicolo. Si tratta di una soluzione pratica ed efficiente per ottimizzare l'uso dello sfiatatoio del coperchio valvole sui modelli con motori 5.7 Hemi, 6.1 SRT8 e 6.4 SRT.<\/p>\n<p>La parte inferiore dello sfiatatoio \u00e8 lavorata a CNC da alluminio billet per un adattamento preciso, e l'O-ring in silicone incluso \u00e8 appositamente progettato per evitare perdite di olio dalla parte inferiore dello sfiatatoio.<br \/>\nLa base del filtro \u00e8 microlavorata per proteggere la superficie e per un buon aspetto e pu\u00f2 essere facilmente lucidata a mano per ottenere un aspetto a specchio.<br \/>\nL'elemento filtrante rimovibile \u00e8 un elemento di alta qualit\u00e0 e riutilizzabile di S &amp; B Filters ed \u00e8 tenuto saldamente nella base del filtro da una scanalatura di contenimento appositamente realizzata nella parte superiore della base del filtro.<\/p>\n<p>Lo scopo di questa ventilazione del coperchio della valvola \u00e8 di evitare l'accumulo di pressione indesiderata nel basamento e di garantire la massima circolazione dell'aria ambiente nel basamento per ridurre le temperature dell'olio.<br \/>\nL'installazione di questo sfiatatoio contribuisce a una maggiore durata dell'olio motore e riduce il rischio di rottura delle guarnizioni del motore a causa dell'eccessiva pressione del carter.<br \/>\nQuesto sfiato riduce l'efficacia del sistema PCV del veicolo e non \u00e8 conforme alle emissioni.<\/p>\n<p>&nbsp;<\/p>\n<p><strong>\u00a0<\/strong><\/p>\n<p><strong>Adatto a questi modelli con tappo di riempimento dell'olio con filettatura a vite:<\/strong><\/p>\n<table width=\"529\">\n<tbody>\n<tr>\n<td width=\"115\"><strong>Marchio<\/strong><\/td>\n<td width=\"145\"><strong>Modello<\/strong><\/td>\n<td width=\"106\"><strong>Motore<\/strong><\/td>\n<td width=\"163\"><strong>Anno di costruzione<\/strong><\/td>\n<\/tr>\n<tr>\n<td width=\"115\">Chrysler<\/td>\n<td width=\"145\">300C<\/td>\n<td width=\"106\">5.7<\/td>\n<td width=\"163\">2005 \u2013 2023<\/td>\n<\/tr>\n<tr>\n<td width=\"115\">Chrysler<\/td>\n<td width=\"145\">300C<\/td>\n<td width=\"106\">6.1<\/td>\n<td width=\"163\">2005 \u2013 2010<\/td>\n<\/tr>\n<tr>\n<td width=\"115\">Chrysler<\/td>\n<td width=\"145\">300C<\/td>\n<td width=\"106\">6.4<\/td>\n<td width=\"163\">2012 \u2013 2023<\/td>\n<\/tr>\n<tr>\n<td width=\"115\">Dodge<\/td>\n<td width=\"145\">Challenger<\/td>\n<td width=\"106\">5.7<\/td>\n<td width=\"163\">2008 \u2013 2023<\/td>\n<\/tr>\n<tr>\n<td width=\"115\">Dodge<\/td>\n<td width=\"145\">Challenger<\/td>\n<td width=\"106\">6.1<\/td>\n<td width=\"163\">2008 \u2013 2010<\/td>\n<\/tr>\n<tr>\n<td width=\"115\">Dodge<\/td>\n<td width=\"145\">Challenger<\/td>\n<td width=\"106\">6.4<\/td>\n<td width=\"163\">2011 \u2013 2023<\/td>\n<\/tr>\n<tr>\n<td width=\"115\">Dodge<\/td>\n<td width=\"145\">Charger<\/td>\n<td width=\"106\">5.7<\/td>\n<td width=\"163\">2005 \u2013 2023<\/td>\n<\/tr>\n<tr>\n<td width=\"115\">Dodge<\/td>\n<td width=\"145\">Charger<\/td>\n<td width=\"106\">6.1<\/td>\n<td width=\"163\">2005 \u2013 2010<\/td>\n<\/tr>\n<tr>\n<td width=\"115\">Dodge<\/td>\n<td width=\"145\">Charger<\/td>\n<td width=\"106\">6.4<\/td>\n<td width=\"163\">2011 \u2013 2023<\/td>\n<\/tr>\n<tr>\n<td width=\"115\">Dodge<\/td>\n<td width=\"145\">Durango<\/td>\n<td width=\"106\">5.7<\/td>\n<td width=\"163\">2013 \u2013 2025<\/td>\n<\/tr>\n<tr>\n<td width=\"115\">Dodge<\/td>\n<td width=\"145\">Durango<\/td>\n<td width=\"106\">6.4<\/td>\n<td width=\"163\">2018 \u2013 2024<\/td>\n<\/tr>\n<tr>\n<td width=\"115\">Dodge<\/td>\n<td width=\"145\">Magnum<\/td>\n<td width=\"106\">5.7<\/td>\n<td width=\"163\">2005 \u2013 2008<\/td>\n<\/tr>\n<tr>\n<td width=\"115\">Dodge<\/td>\n<td width=\"145\">Magnum<\/td>\n<td width=\"106\">6.1<\/td>\n<td width=\"163\">2006 \u2013 2008<\/td>\n<\/tr>\n<tr>\n<td width=\"115\">Jeep<\/td>\n<td width=\"145\">Commander<\/td>\n<td width=\"106\">5.7<\/td>\n<td width=\"163\">2006 \u2013 2010<\/td>\n<\/tr>\n<tr>\n<td width=\"115\">Jeep<\/td>\n<td width=\"145\">Grand Cherokee<\/td>\n<td width=\"106\">5.7<\/td>\n<td width=\"163\">2005 - 2021<\/td>\n<\/tr>\n<tr>\n<td width=\"115\">Jeep<\/td>\n<td width=\"145\">Grand Cherokee<\/td>\n<td width=\"106\">6.1<\/td>\n<td width=\"163\">2005 \u2013 2010<\/td>\n<\/tr>\n<tr>\n<td width=\"115\">Jeep<\/td>\n<td width=\"145\">Grand Cherokee<\/td>\n<td width=\"106\">6.4<\/td>\n<td width=\"163\">2011 \u2013 2021<\/td>\n<\/tr>\n<\/tbody>\n<\/table>\n<p>Non \u00e8 adatto per il 6.2 Hellcat!<\/p>","protected":false},"excerpt":{"rendered":"<p>Offene Ventildeckelentl\u00fcftung f\u00fcr Chrysler, Dodge und Jeep 5.7 Hemi, 6.1 SRT8 und 6.4 SRT, Filter mit schwarzem Deckel &nbsp; Die<\/p>","protected":false},"featured_media":68299220,"comment_status":"open","ping_status":"closed","template":"","meta":{"_acf_changed":false},"product_brand":[19068],"product_cat":[6708,6723,6683,6488,6728,6688,6483,6713,6733,6693,6493,6738,6498,1715,6697,19348,6718,6743,6702,6503,6508],"product_tag":[52,91,92,54,53,48,536,94,49,3853,3854,155,56,50,4425,3505,84,55,157,148,153,154,156],"class_list":{"0":"post-68291501","1":"product","2":"type-product","3":"status-publish","4":"has-post-thumbnail","6":"product_brand-kraftwerk","7":"product_cat-300c-57-2005-2010-nockenwelle-ventiltrieb","8":"product_cat-300c-57-2011-2023-nockenwelle-ventiltrieb","9":"product_cat-300c-61-nockenwelle-ventiltrieb","10":"product_cat-300c-64-nockenwelle-ventiltrieb","11":"product_cat-challenger-57-nockenwelle-ventiltrieb","12":"product_cat-challenger-61-nockenwelle-ventiltrieb","13":"product_cat-challenger-64-nockenwelle-ventiltrieb","14":"product_cat-charger-57-nockenwelle-ventiltrieb","15":"product_cat-charger-57-2011-2023-nockenwelle-ventiltrieb","16":"product_cat-charger-61-nockenwelle-ventiltrieb","17":"product_cat-charger-64-nockenwelle-ventiltrieb","18":"product_cat-durango-57-nockenwelle-ventiltrieb","19":"product_cat-durango-64-nockenwelle-ventiltrieb","20":"product_cat-magnum-57-motor","21":"product_cat-magnum-61-nockenwelle-ventiltrieb","22":"product_cat-commander-57-nockenwelle-ventiltrieb","23":"product_cat-grand-cherokee-57-2005-2010-nockenwelle-ventiltrieb","24":"product_cat-grand-cherokee-57-2011-2021-nockenwelle-ventiltrieb","25":"product_cat-grand-cherokee-61-nockenwelle-ventiltrieb","26":"product_cat-grand-cherokee-64-nockenwelle-ventiltrieb","27":"product_cat-wrangler-64-nockenwelle-ventiltrieb","28":"product_tag-300c","29":"product_tag-5-7","30":"product_tag-6-1","31":"product_tag-challenger","32":"product_tag-charger","33":"product_tag-chrysler","34":"product_tag-chrysler-300c","35":"product_tag-commander","36":"product_tag-dodge","37":"product_tag-dodge-challenger","38":"product_tag-dodge-charger","39":"product_tag-entlueftung","40":"product_tag-grand-cherokee","41":"product_tag-jeep","42":"product_tag-jeep-grand-cherokee","43":"product_tag-kurbelgehaeuse","44":"product_tag-kurbelgehaeuseentlueftung","45":"product_tag-magnum","46":"product_tag-metco","47":"product_tag-schwarz","48":"product_tag-valve-cover-breather","49":"product_tag-ventildeckel","50":"product_tag-ventildeckelentlueftung","52":"first","53":"outofstock","54":"taxable","55":"shipping-taxable","56":"purchasable","57":"product-type-simple"},"bundled_by":[],"bundle_stock_status":"outofstock","bundle_stock_quantity":0,"bundle_virtual":false,"bundle_layout":"","bundle_add_to_cart_form_location":"","bundle_editable_in_cart":false,"bundle_sold_individually_context":"","bundle_item_grouping":"","bundle_min_size":"","bundle_max_size":"","bundle_price":[],"bundled_items":[],"bundle_sell_ids":[],"exclude_global_add_ons":[],"addons":[],"acf":[],"_links":{"self":[{"href":"https:\/\/kraftwerk-shop.cc\/it\/wp-json\/wp\/v2\/product\/68291501","targetHints":{"allow":["GET"]}}],"collection":[{"href":"https:\/\/kraftwerk-shop.cc\/it\/wp-json\/wp\/v2\/product"}],"about":[{"href":"https:\/\/kraftwerk-shop.cc\/it\/wp-json\/wp\/v2\/types\/product"}],"replies":[{"embeddable":true,"href":"https:\/\/kraftwerk-shop.cc\/it\/wp-json\/wp\/v2\/comments?post=68291501"}],"version-history":[{"count":0,"href":"https:\/\/kraftwerk-shop.cc\/it\/wp-json\/wp\/v2\/product\/68291501\/revisions"}],"wp:featuredmedia":[{"embeddable":true,"href":"https:\/\/kraftwerk-shop.cc\/it\/wp-json\/wp\/v2\/media\/68299220"}],"wp:attachment":[{"href":"https:\/\/kraftwerk-shop.cc\/it\/wp-json\/wp\/v2\/media?parent=68291501"}],"wp:term":[{"taxonomy":"product_brand","embeddable":true,"href":"https:\/\/kraftwerk-shop.cc\/it\/wp-json\/wp\/v2\/product_brand?post=68291501"},{"taxonomy":"product_cat","embeddable":true,"href":"https:\/\/kraftwerk-shop.cc\/it\/wp-json\/wp\/v2\/product_cat?post=68291501"},{"taxonomy":"product_tag","embeddable":true,"href":"https:\/\/kraftwerk-shop.cc\/it\/wp-json\/wp\/v2\/product_tag?post=68291501"}],"curies":[{"name":"wp","href":"https:\/\/api.w.org\/{rel}","templated":true}]}}