{"id":68291522,"date":"2022-06-23T11:51:22","date_gmt":"2022-06-23T09:51:22","guid":{"rendered":"https:\/\/kraftwerk-shop.cc\/?post_type=product&#038;p=68291522"},"modified":"2026-03-24T13:01:30","modified_gmt":"2026-03-24T12:01:30","slug":"jl-oil-catch-can-ford-mustang-gt500","status":"publish","type":"product","link":"https:\/\/kraftwerk-shop.cc\/it\/produkt\/jl-oil-catch-can-ford-mustang-gt500\/","title":{"rendered":"J&amp;L Oil Catch Can Ford Mustang Shelby GT500 - Lato passeggero"},"content":{"rendered":"<h1>J&amp;L Oil Catch Can per Ford Mustang Shelby GT500 per il lato passeggero<\/h1>\n<p>&nbsp;<\/p>\n<ul>\n<li>Capacit\u00e0 90 ml<\/li>\n<li>Solido design in billetta<\/li>\n<li>Connettori PCV ad attacco rapido stile OEM<\/li>\n<li>Sistema di filtrazione multistadio che cattura i vapori pi\u00f9 fini e li intrappola nel contenitore facilmente rimovibile, lasciando passare l'aria pulita fino al condotto di aspirazione.<\/li>\n<\/ul>\n<p>&nbsp;<\/p>\n<p><strong>Come funziona il sistema?<\/strong><\/p>\n<p>Quando la pressione del basamento viene sfiatata attraverso il condotto di aspirazione, grandi quantit\u00e0 di olio sotto forma di vapori vengono immesse nel collettore di aspirazione e nei collettori di aspirazione e diluiscono addirittura la benzina, causando una diminuzione del numero di ottani.<br \/>\nQuesto fenomeno si verifica in tutti i motori ed \u00e8 ancora pi\u00f9 accentuato nei veicoli a carica forzata (sovralimentatori e turbocompressori), poich\u00e9 la pressione del carter aumenta.<br \/>\nPer ovviare a questo problema, \u00e8 stato sviluppato un separatore d'olio con un design proprio.<br \/>\nRealizzato in alluminio billet, \u00e8 un pezzo solido come una roccia. \u00c8 dotato di una base del serbatoio zigrinata che facilita lo scarico dell'olio usato e di una guarnizione O-ring che impedisce le perdite.<\/p>\n<p>La filtrazione consiste in un setaccio a maglie fini in acciaio inox che cattura i vapori fini di olio e li rilascia non appena sono abbastanza pesanti da cadere.<br \/>\nLe particelle vengono poi fatte passare attraverso un filtro a nido d'ape in alluminio da 1\/16\u2033 e 1\/2\u2033 di spessore, dove diventano sempre pi\u00f9 grandi e infine cadono nel contenitore.<br \/>\nSe l'olio passa attraverso il filtro, \u00e8 troppo pesante per essere trasmesso al condotto di aspirazione.<br \/>\nIl contenitore di raccolta contiene 90 ml di liquido. Pu\u00f2 sembrare poco, ma non si dovrebbe trovare cos\u00ec tanto olio nel sistema PCV.<\/p>\n<p>&nbsp;<\/p>\n<p><strong>Adatto per:<br \/>\n<\/strong><\/p>\n<table width=\"498\">\n<tbody>\n<tr>\n<td width=\"94\">Ford<\/td>\n<td width=\"158\">Mustang<\/td>\n<td width=\"134\">Shelby GT500<\/td>\n<td width=\"112\">2020 - 2022<\/td>\n<\/tr>\n<\/tbody>\n<\/table>\n<p>&nbsp;<\/p>\n<p><strong>Ambito di fornitura:<\/strong><\/p>\n<ul>\n<li>Oil Catch Can (nero) per il lato passeggero<\/li>\n<li>Staffa<\/li>\n<li>Tubi flessibili<\/li>\n<li>Connessioni<\/li>\n<li>Istruzioni per l'uso in tedesco e inglese<\/li>\n<\/ul>\n<p><strong>Nota:<\/strong> I JLT Oil Catch Can sono ora commercializzati anche con il marchio J&amp;L Oil Separator Co (OSC).<br \/>\nDurante il periodo di transizione, gli Oil Catch Can sono disponibili con entrambe le denominazioni.<br \/>\nEntrambi sono lo stesso prodotto.<\/p>\n<p>&nbsp;<\/p>","protected":false},"excerpt":{"rendered":"<p>J&amp;L Oil Catch Can f\u00fcr Ford Mustang Shelby GT500 f\u00fcr die Beifahrerseite &nbsp; 90 ml Kapazit\u00e4t Solide Billet-Ausf\u00fchrung OEM-Stil Schnellanschluss<\/p>","protected":false},"featured_media":68291523,"comment_status":"open","ping_status":"closed","template":"","meta":{"_acf_changed":false},"product_brand":[17171],"product_cat":[3953],"product_tag":[18278,917,784,3874,2934,3245,903,1093,2444,36,84,3955,3872,82,85,3243,406,83,3242,3244,3958,246,376],"class_list":{"0":"post-68291522","1":"product","2":"type-product","3":"status-publish","4":"has-post-thumbnail","6":"product_brand-jl","7":"product_cat-shelby-gt500-oil-catch-can","8":"product_tag-3054p-b","9":"product_tag-ford","10":"product_tag-gt","11":"product_tag-gt500","12":"product_tag-harder","13":"product_tag-jl-oil-separator-co","14":"product_tag-jl","15":"product_tag-jlt","16":"product_tag-jlt-performance","17":"product_tag-kraftwerk","18":"product_tag-kurbelgehaeuseentlueftung","19":"product_tag-mach","20":"product_tag-mustang","21":"product_tag-oil-catch-can","22":"product_tag-oil-catch-tank","23":"product_tag-oil-separator","24":"product_tag-oel","25":"product_tag-oelabscheider","26":"product_tag-osc","27":"product_tag-separator","28":"product_tag-shelby","29":"product_tag-supercharger","30":"product_tag-whipple","32":"first","33":"instock","34":"taxable","35":"shipping-taxable","36":"purchasable","37":"product-type-simple"},"bundled_by":[],"bundle_stock_status":"instock","bundle_stock_quantity":2,"bundle_virtual":false,"bundle_layout":"","bundle_add_to_cart_form_location":"","bundle_editable_in_cart":false,"bundle_sold_individually_context":"","bundle_item_grouping":"","bundle_min_size":"","bundle_max_size":"","bundle_price":[],"bundled_items":[],"bundle_sell_ids":[],"exclude_global_add_ons":[],"addons":[],"acf":[],"_links":{"self":[{"href":"https:\/\/kraftwerk-shop.cc\/it\/wp-json\/wp\/v2\/product\/68291522","targetHints":{"allow":["GET"]}}],"collection":[{"href":"https:\/\/kraftwerk-shop.cc\/it\/wp-json\/wp\/v2\/product"}],"about":[{"href":"https:\/\/kraftwerk-shop.cc\/it\/wp-json\/wp\/v2\/types\/product"}],"replies":[{"embeddable":true,"href":"https:\/\/kraftwerk-shop.cc\/it\/wp-json\/wp\/v2\/comments?post=68291522"}],"version-history":[{"count":0,"href":"https:\/\/kraftwerk-shop.cc\/it\/wp-json\/wp\/v2\/product\/68291522\/revisions"}],"wp:featuredmedia":[{"embeddable":true,"href":"https:\/\/kraftwerk-shop.cc\/it\/wp-json\/wp\/v2\/media\/68291523"}],"wp:attachment":[{"href":"https:\/\/kraftwerk-shop.cc\/it\/wp-json\/wp\/v2\/media?parent=68291522"}],"wp:term":[{"taxonomy":"product_brand","embeddable":true,"href":"https:\/\/kraftwerk-shop.cc\/it\/wp-json\/wp\/v2\/product_brand?post=68291522"},{"taxonomy":"product_cat","embeddable":true,"href":"https:\/\/kraftwerk-shop.cc\/it\/wp-json\/wp\/v2\/product_cat?post=68291522"},{"taxonomy":"product_tag","embeddable":true,"href":"https:\/\/kraftwerk-shop.cc\/it\/wp-json\/wp\/v2\/product_tag?post=68291522"}],"curies":[{"name":"wp","href":"https:\/\/api.w.org\/{rel}","templated":true}]}}