{"id":68291542,"date":"2021-09-14T10:45:57","date_gmt":"2021-09-14T08:45:57","guid":{"rendered":"https:\/\/kraftwerk-shop.cc\/?post_type=product&#038;p=68291542"},"modified":"2026-02-15T01:14:28","modified_gmt":"2026-02-15T00:14:28","slug":"kraftwerk-oil-catch-can-jeep-grand-cherokee","status":"publish","type":"product","link":"https:\/\/kraftwerk-shop.cc\/it\/produkt\/kraftwerk-oil-catch-can-jeep-grand-cherokee\/","title":{"rendered":"Kraftwerk Oil Catch Can Jeep Grand Cherokee"},"content":{"rendered":"<h1>Oil Catch Can in alluminio massiccio per Jeep Grand Cherokee<strong><br \/>\n<\/strong><\/h1>\n<p>&nbsp;<\/p>\n<ul>\n<li>Solido design ricavato dal pieno, realizzato in alluminio aeronautico 6061-T6 certificato<\/li>\n<li>L'originale sistema di filtraggio a due camere nella parte superiore, che cattura i vapori pi\u00f9 fini e li raccoglie nel contenitore facilmente estraibile, lasciando passare l'aria pulita fino al tratto di aspirazione.<\/li>\n<li>Montaggio semplice<\/li>\n<\/ul>\n<p>&nbsp;<\/p>\n<p><strong>Come funziona il sistema?<\/strong><\/p>\n<p>Quando la pressione del basamento viene sfiatata attraverso il condotto di aspirazione, grandi quantit\u00e0 di olio sotto forma di vapori vengono immesse nel collettore di aspirazione e nei collettori di aspirazione e diluiscono addirittura la benzina, causando una diminuzione del numero di ottani.<br \/>\nQuesto fenomeno si verifica in tutti i motori ed \u00e8 ancora pi\u00f9 accentuato nei veicoli a carica forzata (sovralimentatori e turbocompressori), poich\u00e9 la pressione del carter aumenta.<br \/>\nPer contrastare questa situazione, \u00e8 stato sviluppato un Oil Catch Can con un design proprio.<br \/>\nRealizzato in alluminio billet, \u00e8 un pezzo solido come una roccia. \u00c8 dotato di una base del serbatoio zigrinata che facilita lo scarico dell'olio usato e di una guarnizione O-ring che impedisce le perdite.<\/p>\n<p>La filtrazione consiste in un tessuto di alluminio a maglia fine che cattura i vapori di olio sottili e li rilascia non appena sono abbastanza pesanti da cadere.<br \/>\nSe l'olio passa attraverso il filtro, \u00e8 troppo pesante per essere trasmesso al condotto di aspirazione.<\/p>\n<p>&nbsp;<\/p>\n<p><strong>Adatto per:<\/strong><\/p>\n<table width=\"453\">\n<tbody>\n<tr>\n<td width=\"83\"><strong>Marchio<\/strong><\/td>\n<td width=\"122\"><strong>Modello<\/strong><\/td>\n<td width=\"83\"><strong>Motore<\/strong><\/td>\n<td width=\"165\"><strong>Anno di costruzione<\/strong><\/td>\n<\/tr>\n<tr>\n<td>Jeep<\/td>\n<td>Grand Cherokee<\/td>\n<td>3.0 CRD<\/td>\n<td>2005 \u2013 2010<\/td>\n<\/tr>\n<tr>\n<td>Jeep<\/td>\n<td>Grand Cherokee<\/td>\n<td>5.7<\/td>\n<td>2011 \u2013 2022<\/td>\n<\/tr>\n<tr>\n<td>Jeep<\/td>\n<td>Grand Cherokee<\/td>\n<td>6.1<\/td>\n<td>2006 \u2013 2010<\/td>\n<\/tr>\n<tr>\n<td>Jeep<\/td>\n<td>Grand Cherokee<\/td>\n<td>6.4<\/td>\n<td>2011 \u2013 2021<\/td>\n<\/tr>\n<\/tbody>\n<\/table>\n<p>&nbsp;<\/p>\n<p><strong>Nota:<\/strong> A partire dal modello 2018, potrebbe essere necessario rimuovere la copertura dell'ABS per l'installazione.<\/p>\n<p>&nbsp;<\/p>\n<p><strong>Ambito di fornitura:<\/strong><\/p>\n<ul>\n<li>Kraftwerk Oil Catch Can<\/li>\n<li>Tubi flessibili<\/li>\n<li>Parti di collegamento specifiche per il veicolo<\/li>\n<li>Istruzioni per l'uso in tedesco<\/li>\n<\/ul>","protected":false},"excerpt":{"rendered":"<p>Oil Catch Can in solider Aluminiumausf\u00fchrung f\u00fcr Jeep Grand Cherokee &nbsp; Solide Billet-Ausf\u00fchrung, gefertigt aus zertifiziertem 6061-T6 Flugzeugaluminium Das Original<\/p>","protected":false},"featured_media":68275233,"comment_status":"open","ping_status":"closed","template":"","meta":{"_acf_changed":false},"product_brand":[19068],"product_cat":[1733,1749,1757,1773],"product_tag":[572,217,91,92,93,2446,56,50,4425,36,84,82,85,83,96,1056,164],"class_list":{"0":"post-68291542","1":"product","2":"type-product","3":"status-publish","4":"has-post-thumbnail","6":"product_brand-kraftwerk","7":"product_cat-grand-cherokee-30-diesel-oil-catch-can","8":"product_cat-grand-cherokee-57-2011-2021-oil-catch-can","9":"product_cat-grand-cherokee-61-oil-catch-can","10":"product_cat-grand-cherokee-64-oil-catch-can","11":"product_tag-3-0-crd","12":"product_tag-217","13":"product_tag-5-7","14":"product_tag-6-1","15":"product_tag-6-4","16":"product_tag-billettech","17":"product_tag-grand-cherokee","18":"product_tag-jeep","19":"product_tag-jeep-grand-cherokee","20":"product_tag-kraftwerk","21":"product_tag-kurbelgehaeuseentlueftung","22":"product_tag-oil-catch-can","23":"product_tag-oil-catch-tank","24":"product_tag-oelabscheider","25":"product_tag-srt","26":"product_tag-srt-8","27":"product_tag-srt8","28":"product_shipping_class-deutschlandohne","30":"first","31":"outofstock","32":"taxable","33":"shipping-taxable","34":"purchasable","35":"product-type-variable"},"bundled_by":[],"bundle_stock_status":"outofstock","bundle_stock_quantity":0,"bundle_virtual":false,"bundle_layout":"","bundle_add_to_cart_form_location":"","bundle_editable_in_cart":false,"bundle_sold_individually_context":"","bundle_item_grouping":"","bundle_min_size":"","bundle_max_size":"","bundle_price":[],"bundled_items":[],"bundle_sell_ids":[],"exclude_global_add_ons":[],"addons":[],"acf":[],"_links":{"self":[{"href":"https:\/\/kraftwerk-shop.cc\/it\/wp-json\/wp\/v2\/product\/68291542","targetHints":{"allow":["GET"]}}],"collection":[{"href":"https:\/\/kraftwerk-shop.cc\/it\/wp-json\/wp\/v2\/product"}],"about":[{"href":"https:\/\/kraftwerk-shop.cc\/it\/wp-json\/wp\/v2\/types\/product"}],"replies":[{"embeddable":true,"href":"https:\/\/kraftwerk-shop.cc\/it\/wp-json\/wp\/v2\/comments?post=68291542"}],"version-history":[{"count":0,"href":"https:\/\/kraftwerk-shop.cc\/it\/wp-json\/wp\/v2\/product\/68291542\/revisions"}],"wp:featuredmedia":[{"embeddable":true,"href":"https:\/\/kraftwerk-shop.cc\/it\/wp-json\/wp\/v2\/media\/68275233"}],"wp:attachment":[{"href":"https:\/\/kraftwerk-shop.cc\/it\/wp-json\/wp\/v2\/media?parent=68291542"}],"wp:term":[{"taxonomy":"product_brand","embeddable":true,"href":"https:\/\/kraftwerk-shop.cc\/it\/wp-json\/wp\/v2\/product_brand?post=68291542"},{"taxonomy":"product_cat","embeddable":true,"href":"https:\/\/kraftwerk-shop.cc\/it\/wp-json\/wp\/v2\/product_cat?post=68291542"},{"taxonomy":"product_tag","embeddable":true,"href":"https:\/\/kraftwerk-shop.cc\/it\/wp-json\/wp\/v2\/product_tag?post=68291542"}],"curies":[{"name":"wp","href":"https:\/\/api.w.org\/{rel}","templated":true}]}}