{"id":68292446,"date":"2023-09-18T13:39:02","date_gmt":"2023-09-18T11:39:02","guid":{"rendered":"https:\/\/kraftwerk-shop.cc\/?post_type=product&#038;p=68292446"},"modified":"2026-03-23T12:16:29","modified_gmt":"2026-03-23T11:16:29","slug":"jl-3016p-oil-catch-can-ford-f150","status":"publish","type":"product","link":"https:\/\/kraftwerk-shop.cc\/it\/produkt\/jl-3016p-oil-catch-can-ford-f150\/","title":{"rendered":"J&amp;L Oil Catch Can Ford F-150 2.7, 3.5 e 5.0 - Lato passeggero"},"content":{"rendered":"<h1>J&amp;L 3016P-B Oil Catch Can per Ford F-150 - lato passeggero<\/h1>\n<ul>\n<li>Capacit\u00e0 90 ml<\/li>\n<li>Solido design in billetta<\/li>\n<li>Connettori PCV ad attacco rapido stile OEM<\/li>\n<li>Sistema di filtrazione multistadio che cattura i vapori pi\u00f9 fini e li intrappola nel contenitore facilmente rimovibile, lasciando passare l'aria pulita fino al condotto di aspirazione.<\/li>\n<\/ul>\n<p>&nbsp;<\/p>\n<p><strong>Come funziona il sistema?<\/strong><\/p>\n<p>Quando la pressione del basamento viene sfiatata attraverso il condotto di aspirazione, grandi quantit\u00e0 di olio sotto forma di vapori vengono immesse nel collettore di aspirazione e nei collettori di aspirazione e diluiscono addirittura la benzina, causando una diminuzione del numero di ottani.<br \/>\nQuesto fenomeno si verifica in tutti i motori ed \u00e8 ancora pi\u00f9 accentuato nei veicoli a carica forzata (sovralimentatori e turbocompressori), poich\u00e9 la pressione del carter aumenta.<br \/>\nPer ovviare a questo problema, \u00e8 stato sviluppato un separatore d'olio con un design proprio.<br \/>\nRealizzato in alluminio billet, \u00e8 un pezzo solido come una roccia. \u00c8 dotato di una base del serbatoio zigrinata che facilita lo scarico dell'olio usato e di una guarnizione O-ring che impedisce le perdite.<\/p>\n<p>La filtrazione consiste in un setaccio a maglie fini in acciaio inox che cattura i vapori fini di olio e li rilascia non appena sono abbastanza pesanti da cadere.<br \/>\nLe particelle vengono poi fatte passare attraverso un filtro a nido d'ape in alluminio da 1\/16\u2033 e 1\/2\u2033 di spessore, dove diventano sempre pi\u00f9 grandi e infine cadono nel contenitore.<br \/>\nSe l'olio passa attraverso il filtro, \u00e8 troppo pesante per essere trasmesso al condotto di aspirazione.<br \/>\nIl contenitore di raccolta contiene 90 ml di liquido. Pu\u00f2 sembrare poco, ma non si dovrebbe trovare cos\u00ec tanto olio nel sistema PCV.<\/p>\n<p>&nbsp;<\/p>\n<p><strong>Adatto per:<br \/>\n<\/strong><\/p>\n<table width=\"498\">\n<tbody>\n<tr>\n<td width=\"94\">Ford<\/td>\n<td width=\"158\">F-150<\/td>\n<td width=\"134\">5.0<\/td>\n<td width=\"112\">2011 - 2023<\/td>\n<\/tr>\n<tr>\n<td width=\"94\">Ford<\/td>\n<td width=\"158\">F-150<\/td>\n<td width=\"134\">5.0 Sovralimentatori Roush\/Whipple<\/td>\n<td width=\"112\">2011 \u2013 2023<\/td>\n<\/tr>\n<tr>\n<td width=\"94\">Ford<\/td>\n<td width=\"158\">F-150<\/td>\n<td width=\"134\">3,5 EcoBoost<\/td>\n<td width=\"112\">2011 \u2013 2023<\/td>\n<\/tr>\n<tr>\n<td width=\"94\">Ford<\/td>\n<td width=\"158\">F-150 Raptor<\/td>\n<td width=\"134\">3,5 EcoBoost<\/td>\n<td width=\"112\">2017 \u2013 2023<\/td>\n<\/tr>\n<tr>\n<td width=\"94\">Ford<\/td>\n<td width=\"158\">Spedizione F-150<\/td>\n<td width=\"134\">3,5 EcoBoost<\/td>\n<td width=\"112\">2018 \u2013 2021<\/td>\n<\/tr>\n<tr>\n<td width=\"94\">Ford<\/td>\n<td width=\"158\">F-150<\/td>\n<td width=\"134\">2.7 EcoBoost<\/td>\n<td width=\"112\">2015 \u2013 2023<\/td>\n<\/tr>\n<\/tbody>\n<\/table>\n<p>&nbsp;<\/p>\n<p><strong>Ambito di fornitura:<\/strong><\/p>\n<ul>\n<li>Oil Catch Can (nero) per il lato passeggero<\/li>\n<li>Staffa<\/li>\n<li>Tubi flessibili<\/li>\n<li>Connessioni<\/li>\n<li>Istruzioni per l'uso&lt;<iframe loading=\"lazy\" title=\"J&amp;L 3016P Oil Catch Can (separatore olio) Ford F-150 2011-2023\" src=\"https:\/\/www.youtube.com\/embed\/qh0IRLAp-Uk\" width=\"882\" height=\"496\" frameborder=\"0\" allowfullscreen=\"allowfullscreen\"><\/iframe>\/li&gt;<\/li>\n<\/ul>","protected":false},"excerpt":{"rendered":"<p>J&amp;L 3016P-B Oil Catch Can per Ford F-150 - Lato passeggero Capacit\u00e0 di 90 ml Design solido ricavato dal pieno Connettori PCV ad attacco rapido stile OEM Multistadio<\/p>","protected":false},"featured_media":68292449,"comment_status":"open","ping_status":"closed","template":"","meta":{"_acf_changed":false},"product_brand":[17171],"product_cat":[6294,6295,6571,6296],"product_tag":[87,88,6289,6288,4030,3954,3873,4632,917,6290,2934,3245,903,1093,2444,36,84,82,85,3243,406,83,3242,4781,3244,246,194,376],"class_list":{"0":"post-68292446","1":"product","2":"type-product","3":"status-publish","4":"has-post-thumbnail","6":"product_brand-jl","7":"product_cat-f-150-27-ecoboost-oil-catch-can","8":"product_cat-f-150-35-ecoboost-oil-catch-can","9":"product_cat-f-150-35-ecoboost-raptor-oil-catch-can","10":"product_cat-f-150-50-2015-oil-catch-can","11":"product_tag-2-7","12":"product_tag-3-5","13":"product_tag-3016p","14":"product_tag-3016p-b","15":"product_tag-5-0","16":"product_tag-bullitt","17":"product_tag-ecoboost","18":"product_tag-f-150","19":"product_tag-ford","20":"product_tag-ford-f-150","21":"product_tag-harder","22":"product_tag-jl-oil-separator-co","23":"product_tag-jl","24":"product_tag-jlt","25":"product_tag-jlt-performance","26":"product_tag-kraftwerk","27":"product_tag-kurbelgehaeuseentlueftung","28":"product_tag-oil-catch-can","29":"product_tag-oil-catch-tank","30":"product_tag-oil-separator","31":"product_tag-oel","32":"product_tag-oelabscheider","33":"product_tag-osc","34":"product_tag-raptor","35":"product_tag-separator","36":"product_tag-supercharger","37":"product_tag-v8","38":"product_tag-whipple","40":"first","41":"instock","42":"taxable","43":"shipping-taxable","44":"purchasable","45":"product-type-simple"},"bundled_by":[],"bundle_stock_status":"instock","bundle_stock_quantity":1,"bundle_virtual":false,"bundle_layout":"","bundle_add_to_cart_form_location":"","bundle_editable_in_cart":false,"bundle_sold_individually_context":"","bundle_item_grouping":"","bundle_min_size":"","bundle_max_size":"","bundle_price":[],"bundled_items":[],"bundle_sell_ids":[],"exclude_global_add_ons":[],"addons":[],"acf":[],"_links":{"self":[{"href":"https:\/\/kraftwerk-shop.cc\/it\/wp-json\/wp\/v2\/product\/68292446","targetHints":{"allow":["GET"]}}],"collection":[{"href":"https:\/\/kraftwerk-shop.cc\/it\/wp-json\/wp\/v2\/product"}],"about":[{"href":"https:\/\/kraftwerk-shop.cc\/it\/wp-json\/wp\/v2\/types\/product"}],"replies":[{"embeddable":true,"href":"https:\/\/kraftwerk-shop.cc\/it\/wp-json\/wp\/v2\/comments?post=68292446"}],"version-history":[{"count":0,"href":"https:\/\/kraftwerk-shop.cc\/it\/wp-json\/wp\/v2\/product\/68292446\/revisions"}],"wp:featuredmedia":[{"embeddable":true,"href":"https:\/\/kraftwerk-shop.cc\/it\/wp-json\/wp\/v2\/media\/68292449"}],"wp:attachment":[{"href":"https:\/\/kraftwerk-shop.cc\/it\/wp-json\/wp\/v2\/media?parent=68292446"}],"wp:term":[{"taxonomy":"product_brand","embeddable":true,"href":"https:\/\/kraftwerk-shop.cc\/it\/wp-json\/wp\/v2\/product_brand?post=68292446"},{"taxonomy":"product_cat","embeddable":true,"href":"https:\/\/kraftwerk-shop.cc\/it\/wp-json\/wp\/v2\/product_cat?post=68292446"},{"taxonomy":"product_tag","embeddable":true,"href":"https:\/\/kraftwerk-shop.cc\/it\/wp-json\/wp\/v2\/product_tag?post=68292446"}],"curies":[{"name":"wp","href":"https:\/\/api.w.org\/{rel}","templated":true}]}}