{"id":68292493,"date":"2023-09-19T10:49:36","date_gmt":"2023-09-19T08:49:36","guid":{"rendered":"https:\/\/kraftwerk-shop.cc\/?post_type=product&#038;p=68292493"},"modified":"2026-02-15T01:02:17","modified_gmt":"2026-02-15T00:02:17","slug":"scarico-mbrp-s7253al-per-mustang-s650","status":"publish","type":"product","link":"https:\/\/kraftwerk-shop.cc\/it\/produkt\/mbrp-s7253al-auspuff-ford-mustang-s650\/","title":{"rendered":"MBRP Cat-Back Profilo Race Ford Mustang S650 GT 5.0"},"content":{"rendered":"<h1>MBRP S7253AL Sistema di scarico Cat-Back Race per Ford Mustang S650 GT 5.0<\/h1>\n<p>&nbsp;<\/p>\n<p>Lo scarico sportivo MBRP sprigiona tutto il potenziale di potenza e coppia del vostro veicolo e garantisce che il vostro RAM sia pi\u00f9 veloce, pi\u00f9 fluido e pi\u00f9 rumoroso sulla strada.<\/p>\n<p>Ogni sistema di scarico MBRP \u00e8 messo a punto e progettato per fornire al vostro veicolo le massime prestazioni. Realizzato in acciaio alluminato per impieghi gravosi. Ogni sezione del tubo \u00e8 piegata in modo uniforme per aumentare il flusso di scarico. Il silenziatore posteriore \u00e8 progettato per garantire un suono ottimale e ridurre al minimo la contropressione.<\/p>\n<p>L'installazione del sistema di scarico MBRP \u00e8 semplice e non richiede saldature o forature sul veicolo. Ogni sistema utilizza i punti di montaggio esistenti.<\/p>\n<p>&nbsp;<\/p>\n<p>&nbsp;<\/p>\n<p>Il sistema di scarico cat-back MBRP S7253AL Race Profile 3\u2033 in acciaio alluminato \u00e8 adatto ai seguenti modelli:<\/p>\n<table width=\"449\">\n<tbody>\n<tr>\n<td width=\"115\"><strong>Marchio<\/strong><\/td>\n<td width=\"145\"><strong>Modello<\/strong><\/td>\n<td width=\"106\"><strong>Motore<\/strong><\/td>\n<td width=\"83\"><strong>Anno di costruzione<\/strong><\/td>\n<\/tr>\n<tr>\n<td>Ford<\/td>\n<td>Mustang S650 GT (<strong>non convertibile<\/strong>)<\/td>\n<td>5.0<\/td>\n<td>2024 \u2013 2026<\/td>\n<\/tr>\n<\/tbody>\n<\/table>\n<p>&nbsp;<\/p>","protected":false},"excerpt":{"rendered":"<p>Acciaio alluminato<\/p>\n<p>2024 \u2013 2026<\/p>","protected":false},"featured_media":68292498,"comment_status":"open","ping_status":"closed","template":"","meta":{"_acf_changed":false},"product_brand":[17169],"product_cat":[3024,4033],"product_tag":[6297,4024,4023,1035,1036,546,1037,1047,2210,662,1039,1042,2786,917,784,3962,2934,532,529,20273,2211,2931,6924,3872,6300,6299,6298,547,1034,1038,2215,233],"class_list":{"0":"post-68292493","1":"product","2":"type-product","3":"status-publish","4":"has-post-thumbnail","6":"product_brand-mbrp","7":"product_cat-nicht-nach-eu","8":"product_cat-mustang-50-gt-abgasanlage","9":"product_tag-6297","10":"product_tag-3zoll","11":"product_tag-4023","12":"product_tag-abgasanlage","13":"product_tag-abgassystem","14":"product_tag-auspuff","15":"product_tag-auspuffsystem","16":"product_tag-cat-back","17":"product_tag-catback","18":"product_tag-edelstahl","19":"product_tag-endschalldaempfer","20":"product_tag-endtopf","21":"product_tag-exhaust","22":"product_tag-ford","23":"product_tag-gt","24":"product_tag-gt-5-0","25":"product_tag-harder","26":"product_tag-kat","27":"product_tag-katalysator","28":"product_tag-keintuev","29":"product_tag-klang","30":"product_tag-mbrp","31":"product_tag-mbrp10","32":"product_tag-mustang","33":"product_tag-s650","34":"product_tag-s7253","35":"product_tag-s7253al","36":"product_tag-sportauspuff","37":"product_tag-sportauspuffanlage","38":"product_tag-sportendschalldaempfer","39":"product_tag-street","40":"product_tag-tuning","41":"product_shipping_class-spedition-1","43":"first","44":"onbackorder","45":"taxable","46":"shipping-taxable","47":"purchasable","48":"product-type-simple"},"bundled_by":[],"bundle_stock_status":"onbackorder","bundle_stock_quantity":0,"bundle_virtual":false,"bundle_layout":"","bundle_add_to_cart_form_location":"","bundle_editable_in_cart":false,"bundle_sold_individually_context":"","bundle_item_grouping":"","bundle_min_size":"","bundle_max_size":"","bundle_price":[],"bundled_items":[],"bundle_sell_ids":[],"exclude_global_add_ons":[],"addons":[],"acf":[],"_links":{"self":[{"href":"https:\/\/kraftwerk-shop.cc\/it\/wp-json\/wp\/v2\/product\/68292493","targetHints":{"allow":["GET"]}}],"collection":[{"href":"https:\/\/kraftwerk-shop.cc\/it\/wp-json\/wp\/v2\/product"}],"about":[{"href":"https:\/\/kraftwerk-shop.cc\/it\/wp-json\/wp\/v2\/types\/product"}],"replies":[{"embeddable":true,"href":"https:\/\/kraftwerk-shop.cc\/it\/wp-json\/wp\/v2\/comments?post=68292493"}],"version-history":[{"count":0,"href":"https:\/\/kraftwerk-shop.cc\/it\/wp-json\/wp\/v2\/product\/68292493\/revisions"}],"wp:featuredmedia":[{"embeddable":true,"href":"https:\/\/kraftwerk-shop.cc\/it\/wp-json\/wp\/v2\/media\/68292498"}],"wp:attachment":[{"href":"https:\/\/kraftwerk-shop.cc\/it\/wp-json\/wp\/v2\/media?parent=68292493"}],"wp:term":[{"taxonomy":"product_brand","embeddable":true,"href":"https:\/\/kraftwerk-shop.cc\/it\/wp-json\/wp\/v2\/product_brand?post=68292493"},{"taxonomy":"product_cat","embeddable":true,"href":"https:\/\/kraftwerk-shop.cc\/it\/wp-json\/wp\/v2\/product_cat?post=68292493"},{"taxonomy":"product_tag","embeddable":true,"href":"https:\/\/kraftwerk-shop.cc\/it\/wp-json\/wp\/v2\/product_tag?post=68292493"}],"curies":[{"name":"wp","href":"https:\/\/api.w.org\/{rel}","templated":true}]}}