{"id":68292751,"date":"2023-09-24T12:44:40","date_gmt":"2023-09-24T10:44:40","guid":{"rendered":"https:\/\/kraftwerk-shop.cc\/?post_type=product&#038;p=68292751"},"modified":"2026-02-15T01:06:38","modified_gmt":"2026-02-15T00:06:38","slug":"afe-54-13078r-wrangler-gladiator-36","status":"publish","type":"product","link":"https:\/\/kraftwerk-shop.cc\/it\/produkt\/afe-54-13078r-wrangler-gladiator-36\/","title":{"rendered":"filtro aria sportivo aFe Magnum FORCE Stage-2 Wrangler JL &amp; Gladiator 3.6"},"content":{"rendered":"<h1>aFe POWER\u00a0<span class=\"bold\">54-13078R<\/span> Magnum FORCE Stage-2 Pro 5R Sistema di aspirazione dell'aria fredda per Jeep Wrangler JL e Gladiator 3.6<\/h1>\n<p>&nbsp;<\/p>\n<p><strong>Filtro aria di grandi dimensioni<\/strong><br \/>\nIl filtro dell'aria da 8 pollici, di dimensioni generose, consente un flusso d'aria significativamente maggiore rispetto al filtro standard.<br \/>\nL'elemento filtrante dell'aria \u00e8 costituito da 5 strati di materiale filtrante in cotone a maglie progressivamente pi\u00f9 strette, che viene bagnato con uno speciale olio filtrante e pu\u00f2 essere lavato. In questo modo si massimizzano la capacit\u00e0 e le prestazioni del filtro.<\/p>\n<p><strong>Collettore di aspirazione<\/strong><br \/>\nTubo di aspirazione in plastica nera per un migliore isolamento termico e una maggiore efficienza.<\/p>\n<p><strong>Esclusivo alloggiamento in un unico pezzo<\/strong><br \/>\nIl filtro dell'aria solido incluso \u00e8 circondato da un alloggiamento in polimero XLPE (polietilene reticolato) che riduce al minimo l'aria calda del motore per ottenere le massime prestazioni. Il suo design aperto consente una facile visione del filtro dell'aria e offre un suono aggressivo al sistema di aspirazione.<br \/>\nLa presa d'aria di fabbrica si fonde direttamente nell'airbox e crea un effetto ram air. Il design aperto consente una facile visione del filtro dell'aria e offre un suono di aspirazione aggressivo.<\/p>\n<p><strong>Materiale di installazione di alta qualit\u00e0<\/strong><br \/>\nI morsetti a vite senza fine in acciaio inox e il tubo flessibile in silicone rinforzato garantiscono stabilit\u00e0 e durata, oltre a un'installazione facile e sicura.<\/p>\n<p>&nbsp;<\/p>\n<p><strong>dettagli<\/strong><\/p>\n<p>- 52% maggiore portata rispetto al filtro dell'aria standard<br \/>\n- Il design aperto mette in risalto il filtro dell'aria e garantisce una rumorosit\u00e0 di aspirazione aggressiva<br \/>\n- Filtro aria Pro 10R pre-oliato, lavabile e riutilizzabile per le massime prestazioni<br \/>\n- Montaggio perfetto, non \u00e8 necessario forare o tagliare le parti originali.<\/p>\n<p>&nbsp;<\/p>\n<p><strong>Adatto per:<\/strong><\/p>\n<table width=\"528\">\n<tbody>\n<tr>\n<td width=\"130\"><strong>Anno di costruzione<\/strong><\/td>\n<td width=\"83\"><strong>Marchio<\/strong><\/td>\n<td width=\"146\"><strong>Modello<\/strong><\/td>\n<td width=\"169\"><strong>Motore<\/strong><\/td>\n<\/tr>\n<tr>\n<td width=\"130\">2020-2023<\/td>\n<td width=\"83\">Jeep<\/td>\n<td width=\"146\">Gladiator JT<\/td>\n<td width=\"169\">V6 3.6L<\/td>\n<\/tr>\n<tr>\n<td width=\"130\">2018-2023<\/td>\n<td width=\"83\">Jeep<\/td>\n<td width=\"146\">Wrangler JL<\/td>\n<td width=\"169\">V6 3.6L<\/td>\n<\/tr>\n<tr>\n<td width=\"130\">2020-2023<\/td>\n<td width=\"83\">Jeep<\/td>\n<td width=\"146\">Wrangler JL<\/td>\n<td width=\"169\">V6 3.6L<\/td>\n<\/tr>\n<\/tbody>\n<\/table>\n<p>&nbsp;<\/p>","protected":false},"excerpt":{"rendered":"<p>2018 \u2013 2023<\/p>","protected":false},"featured_media":68292757,"comment_status":"open","ping_status":"closed","template":"","meta":{"_acf_changed":false},"product_brand":[16879],"product_cat":[3008,2946],"product_tag":[169,6346,16880,498,2441,826,824,825,2217,50,903,20273,57,859,500,230,175],"class_list":{"0":"post-68292751","1":"product","2":"type-product","3":"status-publish","4":"has-post-thumbnail","6":"product_brand-afe-power","7":"product_cat-gladiator-36-ansaugung","8":"product_cat-wrangler-36-ansaugung","9":"product_tag-3-6","10":"product_tag-54-13078r","11":"product_tag-advanced-flow-engineering","12":"product_tag-afe","13":"product_tag-afe-power","14":"product_tag-ansaugung","15":"product_tag-cai","16":"product_tag-cold-air-intake","17":"product_tag-gladiator","18":"product_tag-jeep","19":"product_tag-jl","20":"product_tag-keintuev","21":"product_tag-luftfilter","22":"product_tag-magnum-force","23":"product_tag-sportluftfilter","24":"product_tag-stage-2","25":"product_tag-wrangler","27":"first","28":"onbackorder","29":"taxable","30":"shipping-taxable","31":"purchasable","32":"product-type-simple"},"bundled_by":[],"bundle_stock_status":"onbackorder","bundle_stock_quantity":0,"bundle_virtual":false,"bundle_layout":"","bundle_add_to_cart_form_location":"","bundle_editable_in_cart":false,"bundle_sold_individually_context":"","bundle_item_grouping":"","bundle_min_size":"","bundle_max_size":"","bundle_price":[],"bundled_items":[],"bundle_sell_ids":[],"exclude_global_add_ons":[],"addons":[],"acf":[],"_links":{"self":[{"href":"https:\/\/kraftwerk-shop.cc\/it\/wp-json\/wp\/v2\/product\/68292751","targetHints":{"allow":["GET"]}}],"collection":[{"href":"https:\/\/kraftwerk-shop.cc\/it\/wp-json\/wp\/v2\/product"}],"about":[{"href":"https:\/\/kraftwerk-shop.cc\/it\/wp-json\/wp\/v2\/types\/product"}],"replies":[{"embeddable":true,"href":"https:\/\/kraftwerk-shop.cc\/it\/wp-json\/wp\/v2\/comments?post=68292751"}],"version-history":[{"count":0,"href":"https:\/\/kraftwerk-shop.cc\/it\/wp-json\/wp\/v2\/product\/68292751\/revisions"}],"wp:featuredmedia":[{"embeddable":true,"href":"https:\/\/kraftwerk-shop.cc\/it\/wp-json\/wp\/v2\/media\/68292757"}],"wp:attachment":[{"href":"https:\/\/kraftwerk-shop.cc\/it\/wp-json\/wp\/v2\/media?parent=68292751"}],"wp:term":[{"taxonomy":"product_brand","embeddable":true,"href":"https:\/\/kraftwerk-shop.cc\/it\/wp-json\/wp\/v2\/product_brand?post=68292751"},{"taxonomy":"product_cat","embeddable":true,"href":"https:\/\/kraftwerk-shop.cc\/it\/wp-json\/wp\/v2\/product_cat?post=68292751"},{"taxonomy":"product_tag","embeddable":true,"href":"https:\/\/kraftwerk-shop.cc\/it\/wp-json\/wp\/v2\/product_tag?post=68292751"}],"curies":[{"name":"wp","href":"https:\/\/api.w.org\/{rel}","templated":true}]}}