{"id":68293174,"date":"2023-10-01T16:02:30","date_gmt":"2023-10-01T14:02:30","guid":{"rendered":"https:\/\/kraftwerk-shop.cc\/?post_type=product&#038;p=68293174"},"modified":"2026-03-13T14:21:27","modified_gmt":"2026-03-13T13:21:27","slug":"bmr-puntone-anteriore-dodge-challenger-charger","status":"publish","type":"product","link":"https:\/\/kraftwerk-shop.cc\/it\/produkt\/bmr-domstrebe-dodge-challenger-charger-vorne\/","title":{"rendered":"BMR, puntone Dodge Challenger e Charger (anteriore)"},"content":{"rendered":"<h1>BMR STB110, rinforzo per puntone (anteriore) per Dodge Challenger e Charger<\/h1>\n<p>&nbsp;<\/p>\n<p>Lo chassis dell'Dodge Challenger e dell'Charger si torce notevolmente, anche con carichi ridotti.<br \/>\nI puntoni BMR sono realizzati con tubi per impieghi gravosi e piastre d'acciaio tagliate al laser per rinforzare il telaio e lo chassis.<br \/>\nQuesto design a due punti collega saldamente le torri dei montanti delle sospensioni anteriori e conferisce maggiore stabilit\u00e0 all'intero corpo e alle sospensioni anteriori.<br \/>\nIl puntone BMR STB110 \u00e8 imbullonato al 100%. Ci\u00f2 significa che pu\u00f2 essere montato facilmente con semplici attrezzi manuali e non richiede alcuna saldatura.<\/p>\n<p>&nbsp;<\/p>\n<ul>\n<li>Saldatura completamente MIG<\/li>\n<li>Compresi tutti i supporti e la ferramenta necessari<\/li>\n<li>Sviluppato per le prestazioni su strada, per le gare di accelerazione e per le applicazioni di handling<\/li>\n<li>Durata e qualit\u00e0 eccezionali e comprovate<\/li>\n<li>Prodotto con un'attenzione particolare ai materiali e alla qualit\u00e0 migliori<\/li>\n<li>Disponibile in rosso e nero<\/li>\n<\/ul>\n<p>&nbsp;<\/p>\n<p><strong>Adatto per:<\/strong><\/p>\n<p>2008 - 2023 Dodge Challenger<br \/>\n2015 - 2023 Dodge Charger<\/p>\n<p>&nbsp;<\/p>\n<p><strong>Note:<\/strong><\/p>\n<ul>\n<li>Non si adatta ai veicoli Hellcat, Shaker, T\/A o V6<\/li>\n<li>Si adatta ai veicoli 5.7 R\/T solo con coperchio del motore rimosso<\/li>\n<li>Su alcuni Challenger e Charger del 2021\/2022\/2023 si verificano problemi di distanza tra la linea EVAP che conduce al condotto di aspirazione e l'STB110. Dopo l'installazione, assicurarsi che vi sia spazio sufficiente nell'area indicata.<\/li>\n<li>Non si adatta a sistemi di compressori retrofittati<\/li>\n<\/ul>","protected":false},"excerpt":{"rendered":"<p>2008 \u2013 2023<\/p>","protected":false},"featured_media":68293179,"comment_status":"open","ping_status":"closed","template":"","meta":{"_acf_changed":false},"product_brand":[],"product_cat":[1676,1700,5156,1635],"product_tag":[169,91,101,93,3760,54,53,49,3853,6366,743,100,126,222,783,6360,151,787,782,6364,96,767,769,3891,6365,3850,6361,841],"class_list":{"0":"post-68293174","1":"product","2":"type-product","3":"status-publish","4":"has-post-thumbnail","6":"product_cat-challenger-57-fahrwerk","7":"product_cat-challenger-64-fahrwerk","8":"product_cat-charger-57-2011-2023-fahrwerk","9":"product_cat-charger-64-fahrwerk","10":"product_tag-3-6","11":"product_tag-5-7","12":"product_tag-6-2","13":"product_tag-6-4","14":"product_tag-bmr","15":"product_tag-challenger","16":"product_tag-charger","17":"product_tag-dodge","18":"product_tag-dodge-challenger","19":"product_tag-domstrebe","20":"product_tag-fahrwerk","21":"product_tag-hellcat","22":"product_tag-hemi","23":"product_tag-kit","24":"product_tag-r-t","25":"product_tag-rahmen","26":"product_tag-redeye","27":"product_tag-rt","28":"product_tag-scat-pack","29":"product_tag-sfc110","30":"product_tag-srt","31":"product_tag-stabi","32":"product_tag-stabilisator","33":"product_tag-stabilisatoren","34":"product_tag-stb110","35":"product_tag-versteifung","36":"product_tag-vertaerkung","37":"product_tag-vorne","38":"product_shipping_class-paket-l","40":"first","41":"instock","42":"taxable","43":"shipping-taxable","44":"purchasable","45":"product-type-variable"},"bundled_by":[],"bundle_stock_status":"instock","bundle_stock_quantity":3,"bundle_virtual":false,"bundle_layout":"","bundle_add_to_cart_form_location":"","bundle_editable_in_cart":false,"bundle_sold_individually_context":"","bundle_item_grouping":"","bundle_min_size":"","bundle_max_size":"","bundle_price":[],"bundled_items":[],"bundle_sell_ids":[],"exclude_global_add_ons":[],"addons":[],"acf":[],"_links":{"self":[{"href":"https:\/\/kraftwerk-shop.cc\/it\/wp-json\/wp\/v2\/product\/68293174","targetHints":{"allow":["GET"]}}],"collection":[{"href":"https:\/\/kraftwerk-shop.cc\/it\/wp-json\/wp\/v2\/product"}],"about":[{"href":"https:\/\/kraftwerk-shop.cc\/it\/wp-json\/wp\/v2\/types\/product"}],"replies":[{"embeddable":true,"href":"https:\/\/kraftwerk-shop.cc\/it\/wp-json\/wp\/v2\/comments?post=68293174"}],"version-history":[{"count":0,"href":"https:\/\/kraftwerk-shop.cc\/it\/wp-json\/wp\/v2\/product\/68293174\/revisions"}],"wp:featuredmedia":[{"embeddable":true,"href":"https:\/\/kraftwerk-shop.cc\/it\/wp-json\/wp\/v2\/media\/68293179"}],"wp:attachment":[{"href":"https:\/\/kraftwerk-shop.cc\/it\/wp-json\/wp\/v2\/media?parent=68293174"}],"wp:term":[{"taxonomy":"product_brand","embeddable":true,"href":"https:\/\/kraftwerk-shop.cc\/it\/wp-json\/wp\/v2\/product_brand?post=68293174"},{"taxonomy":"product_cat","embeddable":true,"href":"https:\/\/kraftwerk-shop.cc\/it\/wp-json\/wp\/v2\/product_cat?post=68293174"},{"taxonomy":"product_tag","embeddable":true,"href":"https:\/\/kraftwerk-shop.cc\/it\/wp-json\/wp\/v2\/product_tag?post=68293174"}],"curies":[{"name":"wp","href":"https:\/\/api.w.org\/{rel}","templated":true}]}}