{"id":68293642,"date":"2023-10-25T13:55:50","date_gmt":"2023-10-25T11:55:50","guid":{"rendered":"https:\/\/kraftwerk-shop.cc\/?post_type=product&#038;p=68293642"},"modified":"2026-02-15T01:06:58","modified_gmt":"2026-02-15T00:06:58","slug":"radiatore-mishimoto-mustang-ecoboost","status":"publish","type":"product","link":"https:\/\/kraftwerk-shop.cc\/it\/produkt\/mishimoto-kuehler-mustang-ecoboost\/","title":{"rendered":"Radiatore in alluminio Mishimoto Ford Mustang 2.3 EcoBoost"},"content":{"rendered":"<h1>Radiatore in alluminio Mishimoto MMRAD-MUS4-15 per S-550 Ford Mustang 2.3 EcoBoost<\/h1>\n<p>Il radiatore in alluminio Mishimoto per Ford Mustang \u00e8 progettato per superare le prestazioni del radiatore di serie e durare per tutta la vita dell'auto a pieno regime e nella guida quotidiana.<br \/>\nConvertite la vostra Mustang dai fragili serbatoi terminali del radiatore in plastica a un robusto design in alluminio completamente saldato.<br \/>\nNon dovrete mai pi\u00f9 preoccuparvi di plastica incrinata o di tubi che perdono e che vi lasciano a piedi sul ciglio della strada o che interrompono prematuramente la vostra giornata in pista.<br \/>\nIl radiatore Mishimoto \u00e8 realizzato interamente in alluminio e presenta una superficie aumentata di 50 % e una capacit\u00e0 del refrigerante aumentata di 72,5% litri.<br \/>\n\u00c8 progettato per resistere anche alle condizioni pi\u00f9 difficili.<br \/>\nGli ingressi e le uscite lavorati a CNC assicurano che i tubi siano fissati saldamente senza perdite.<br \/>\nCome tutti i radiatori Mishimoto, questo radiatore \u00e8 una soluzione diretta, quindi l'installazione \u00e8 semplice come la rimozione del componente di fabbrica.<\/p>\n<p>&nbsp;<\/p>\n<p><strong>Propriet\u00e0:<\/strong><\/p>\n<ul>\n<li>Montaggio diretto per Ford Mustang 2.3 EcoBoost<\/li>\n<li>Costruzione interamente in alluminio con scatole del refrigerante resistenti e saldate a TIG<\/li>\n<\/ul>\n<p>&nbsp;<\/p>\n<p><strong>Adatto per:<\/strong><\/p>\n<table width=\"558\">\n<tbody>\n<tr>\n<td width=\"83\"><strong>Marchio<\/strong><\/td>\n<td width=\"96\"><strong>Modello<\/strong><\/td>\n<td width=\"73\"><strong>Motore<\/strong><\/td>\n<td width=\"306\"><strong>Anno di costruzione<\/strong><\/td>\n<\/tr>\n<tr>\n<td>Ford<\/td>\n<td>Mustang S-550<\/td>\n<td>2.3 EcoBoost<\/td>\n<td>2015 \u2013 2021<\/td>\n<\/tr>\n<tr>\n<td>Ford<\/td>\n<td>Mustang S-550<\/td>\n<td>2.3 EcoBoost Pacchetto prestazioni<\/td>\n<td>2015 \u2013 2021<\/td>\n<\/tr>\n<\/tbody>\n<\/table>\n<p>&nbsp;<\/p>\n<p><iframe loading=\"lazy\" title=\"Mishimoto MMRAD-MUS4-15 per Ford Mustang 2.3 EcoBoost\" src=\"https:\/\/www.youtube.com\/embed\/4baEikDwU2k\" width=\"882\" height=\"496\" frameborder=\"0\" allowfullscreen=\"allowfullscreen\"><\/iframe><\/p>","protected":false},"excerpt":{"rendered":"<p>Mishimoto MMRAD-MUS4-15 Aluminiumk\u00fchler f\u00fcr S-550 Ford Mustang 2.3 EcoBoost Der Mishimoto Aluminiumk\u00fchler f\u00fcr Ford Mustang ist so konzipiert, dass er<\/p>","protected":false},"featured_media":68293647,"comment_status":"open","ping_status":"closed","template":"","meta":{"_acf_changed":false},"product_brand":[18924],"product_cat":[6380],"product_tag":[4020,4533,3873,204,917,2934,405,664,269,274,6396,4534,3872,3958,216],"class_list":{"0":"post-68293642","1":"product","2":"type-product","3":"status-publish","4":"has-post-thumbnail","6":"product_brand-mishimoto","7":"product_cat-mustang-23-ecoboost-kuehlung","8":"product_tag-2-3","9":"product_tag-aluminiumkuehler","10":"product_tag-ecoboost","11":"product_tag-ersatz","12":"product_tag-ford","13":"product_tag-harder","14":"product_tag-kuehler","15":"product_tag-kuehlung","16":"product_tag-kuehlwasser","17":"product_tag-mishimoto","18":"product_tag-mmrad-mus4-15","19":"product_tag-motorkuehler","20":"product_tag-mustang","21":"product_tag-shelby","22":"product_tag-upgrade","23":"product_shipping_class-paket-l","25":"first","26":"onbackorder","27":"taxable","28":"shipping-taxable","29":"purchasable","30":"product-type-simple"},"bundled_by":[],"bundle_stock_status":"onbackorder","bundle_stock_quantity":0,"bundle_virtual":false,"bundle_layout":"","bundle_add_to_cart_form_location":"","bundle_editable_in_cart":false,"bundle_sold_individually_context":"","bundle_item_grouping":"","bundle_min_size":"","bundle_max_size":"","bundle_price":[],"bundled_items":[],"bundle_sell_ids":[],"exclude_global_add_ons":[],"addons":[],"acf":[],"_links":{"self":[{"href":"https:\/\/kraftwerk-shop.cc\/it\/wp-json\/wp\/v2\/product\/68293642","targetHints":{"allow":["GET"]}}],"collection":[{"href":"https:\/\/kraftwerk-shop.cc\/it\/wp-json\/wp\/v2\/product"}],"about":[{"href":"https:\/\/kraftwerk-shop.cc\/it\/wp-json\/wp\/v2\/types\/product"}],"replies":[{"embeddable":true,"href":"https:\/\/kraftwerk-shop.cc\/it\/wp-json\/wp\/v2\/comments?post=68293642"}],"version-history":[{"count":0,"href":"https:\/\/kraftwerk-shop.cc\/it\/wp-json\/wp\/v2\/product\/68293642\/revisions"}],"wp:featuredmedia":[{"embeddable":true,"href":"https:\/\/kraftwerk-shop.cc\/it\/wp-json\/wp\/v2\/media\/68293647"}],"wp:attachment":[{"href":"https:\/\/kraftwerk-shop.cc\/it\/wp-json\/wp\/v2\/media?parent=68293642"}],"wp:term":[{"taxonomy":"product_brand","embeddable":true,"href":"https:\/\/kraftwerk-shop.cc\/it\/wp-json\/wp\/v2\/product_brand?post=68293642"},{"taxonomy":"product_cat","embeddable":true,"href":"https:\/\/kraftwerk-shop.cc\/it\/wp-json\/wp\/v2\/product_cat?post=68293642"},{"taxonomy":"product_tag","embeddable":true,"href":"https:\/\/kraftwerk-shop.cc\/it\/wp-json\/wp\/v2\/product_tag?post=68293642"}],"curies":[{"name":"wp","href":"https:\/\/api.w.org\/{rel}","templated":true}]}}