{"id":68294165,"date":"2023-11-14T15:03:31","date_gmt":"2023-11-14T14:03:31","guid":{"rendered":"https:\/\/kraftwerk-shop.cc\/?post_type=product&#038;p=68294165"},"modified":"2026-02-15T01:07:30","modified_gmt":"2026-02-15T00:07:30","slug":"roush-421837-scarico-mustang-v6-ecoboost","status":"publish","type":"product","link":"https:\/\/kraftwerk-shop.cc\/it\/produkt\/roush-421837-auspuff-mustang-v6-ecoboost\/","title":{"rendered":"Sistema di scarico ROUSH Axle-Back Ford Mustang V6 3.7 \/ 2.3 EcoBoost"},"content":{"rendered":"<h1>ROUSH #421837 Sistema di scarico Axle-back per Ford Mustang V6 3.7 e 2.3 EcoBoost<\/h1>\n<p>&nbsp;<\/p>\n<ul>\n<li>Adatto al modello Mustang dal 2015 al 2024 con motori V6 3.7L e I4 2.3L EcoBoost<\/li>\n<li>Silenziatori ad alte prestazioni progettati da ROUSH con ingressi\/uscite individuali<\/li>\n<li>Suono pi\u00f9 aggressivo rispetto all'originale<\/li>\n<li>Realizzato in acciaio inox 304 di alta qualit\u00e0, resistente alla corrosione<\/li>\n<li>Tubi completamente curvati per un flusso uniforme<\/li>\n<li>4\u2033 Puntali cromati flash a doppia parete con logo ROUSH in rilievo<\/li>\n<li>Utilizza staffe e punti di montaggio OEM<\/li>\n<li>Non richiede saldatura<\/li>\n<li>Sono necessari alcuni interventi di potatura<\/li>\n<li>Utilizzabile con la minigonna posteriore Ford di fabbrica<\/li>\n<li>Contiene tutti gli accessori necessari<\/li>\n<\/ul>\n<p>Il silenziatore posteriore ROUSH per i modelli Mustang 2.3L Ecoboost e V6 3.7L \u00e8 un'ottima soluzione per chi \u00e8 alla ricerca di un suono molto pi\u00f9 aggressivo e di un look complessivamente migliore!<\/p>\n<p>La selezione di motori Ford per le Mustang 2015-2024 offre una variet\u00e0 di opzioni potenti, ma allo stesso tempo convenienti ed economiche, adatte a qualsiasi budget o sensibilit\u00e0. Tra questi, i motori V6 e I4, che offrono prestazioni ben superiori a quelle che il loro numero di cilindri lascerebbe supporre. Tuttavia, lo scarico di fabbrica della Ford non offre il suono o il tono aggressivo che i proprietari della Mustang desiderano; \u00e8 qui che entra in gioco ROUSH Performance!<\/p>\n<p>ROUSH Performance ha progettato appositamente questo scarico per adattarsi sia al V6 3.7L che all'I4 2.3L 2015-2024 Mustang. Realizzato in acciaio inox T-304, questo scarico \u00e8 resistente alla corrosione e alle macchie. Le curve a gomito contribuiscono a mantenere un flusso elevato e a ridurre costantemente la contropressione.<br \/>\nQuesto scarico utilizza i punti di montaggio di fabbrica e si adatta sia al V6 che al I4 Mustang senza richiedere modifiche o saldature. Questo sistema di scarico migliora anche in modo significativo il suono e le prestazioni della Mustang grazie ai silenziatori a flusso singolo ad alte prestazioni. Per completare lo scarico, ROUSH aggiunge anche 2 nuovi terminali di scarico rotondi a doppia parete, cromati per una maggiore resistenza alla corrosione e con il logo ROUSH in rilievo.<br \/>\nLa fornitura comprende anche tutto l'hardware necessario per l'installazione del sistema.<\/p>\n<p>&nbsp;<\/p>\n<p>ROUSH #421837 \u00e8 adatto ai seguenti modelli:<\/p>\n<table width=\"449\">\n<tbody>\n<tr>\n<td width=\"115\"><strong>Marchio<\/strong><\/td>\n<td width=\"145\"><strong>Modello<\/strong><\/td>\n<td width=\"106\">Motore<\/td>\n<td width=\"83\"><strong>Anno di costruzione<\/strong><\/td>\n<\/tr>\n<tr>\n<td>Ford<\/td>\n<td>Mustang<\/td>\n<td>V6 3.7<\/td>\n<td>2015 - 2017<\/td>\n<\/tr>\n<tr>\n<td>Ford<\/td>\n<td>Mustang<\/td>\n<td>2.3 EcoBoost<\/td>\n<td>2015 - 2025<\/td>\n<\/tr>\n<\/tbody>\n<\/table>\n<p>&nbsp;<\/p>\n<p><iframe loading=\"lazy\" title=\"ROUSH #421837 Sistema di scarico Axle-back per Ford Mustang V6 3.7 e 2.3 EcoBoost\" src=\"https:\/\/www.youtube.com\/embed\/rUf_c2cbSu8\" width=\"882\" height=\"496\" frameborder=\"0\" allowfullscreen=\"allowfullscreen\"><\/iframe><\/p>","protected":false},"excerpt":{"rendered":"<p>2015 -2025<\/p>","protected":false},"featured_media":68294174,"comment_status":"open","ping_status":"closed","template":"","meta":{"_acf_changed":false},"product_brand":[],"product_cat":[4031,4032],"product_tag":[4020,249,250,251,6297,10814,508,6461,1046,1035,1036,546,1037,5034,1047,6464,3873,1039,1042,2786,917,2934,532,529,20273,1040,3872,4787,4675,6463,1041,3055,547,1034,1038,233,198],"class_list":{"0":"post-68294165","1":"product","2":"type-product","3":"status-publish","4":"has-post-thumbnail","6":"product_cat-mustang-23-ecoboost-abgasanlage","7":"product_cat-mustang-37-abgasanlage","8":"product_tag-2-3","9":"product_tag-249","10":"product_tag-250","11":"product_tag-251","12":"product_tag-6297","13":"product_tag-10814","14":"product_tag-3-7","15":"product_tag-6461","16":"product_tag-abe","17":"product_tag-abgasanlage","18":"product_tag-abgassystem","19":"product_tag-auspuff","20":"product_tag-auspuffsystem","21":"product_tag-axle-back","22":"product_tag-cat-back","23":"product_tag-db","24":"product_tag-ecoboost","25":"product_tag-endschalldaempfer","26":"product_tag-endtopf","27":"product_tag-exhaust","28":"product_tag-ford","29":"product_tag-harder","30":"product_tag-kat","31":"product_tag-katalysator","32":"product_tag-keintuev","33":"product_tag-laut","34":"product_tag-mustang","35":"product_tag-mustang-exhaust","36":"product_tag-roush","37":"product_tag-roush-421837","38":"product_tag-sport","39":"product_tag-sportabgasanlage","40":"product_tag-sportauspuff","41":"product_tag-sportauspuffanlage","42":"product_tag-sportendschalldaempfer","43":"product_tag-tuning","44":"product_tag-v6","45":"product_shipping_class-paket-l","47":"first","48":"onbackorder","49":"taxable","50":"shipping-taxable","51":"purchasable","52":"product-type-simple"},"bundled_by":[],"bundle_stock_status":"onbackorder","bundle_stock_quantity":0,"bundle_virtual":false,"bundle_layout":"","bundle_add_to_cart_form_location":"","bundle_editable_in_cart":false,"bundle_sold_individually_context":"","bundle_item_grouping":"","bundle_min_size":"","bundle_max_size":"","bundle_price":[],"bundled_items":[],"bundle_sell_ids":[],"exclude_global_add_ons":[],"addons":[],"acf":[],"_links":{"self":[{"href":"https:\/\/kraftwerk-shop.cc\/it\/wp-json\/wp\/v2\/product\/68294165","targetHints":{"allow":["GET"]}}],"collection":[{"href":"https:\/\/kraftwerk-shop.cc\/it\/wp-json\/wp\/v2\/product"}],"about":[{"href":"https:\/\/kraftwerk-shop.cc\/it\/wp-json\/wp\/v2\/types\/product"}],"replies":[{"embeddable":true,"href":"https:\/\/kraftwerk-shop.cc\/it\/wp-json\/wp\/v2\/comments?post=68294165"}],"version-history":[{"count":0,"href":"https:\/\/kraftwerk-shop.cc\/it\/wp-json\/wp\/v2\/product\/68294165\/revisions"}],"wp:featuredmedia":[{"embeddable":true,"href":"https:\/\/kraftwerk-shop.cc\/it\/wp-json\/wp\/v2\/media\/68294174"}],"wp:attachment":[{"href":"https:\/\/kraftwerk-shop.cc\/it\/wp-json\/wp\/v2\/media?parent=68294165"}],"wp:term":[{"taxonomy":"product_brand","embeddable":true,"href":"https:\/\/kraftwerk-shop.cc\/it\/wp-json\/wp\/v2\/product_brand?post=68294165"},{"taxonomy":"product_cat","embeddable":true,"href":"https:\/\/kraftwerk-shop.cc\/it\/wp-json\/wp\/v2\/product_cat?post=68294165"},{"taxonomy":"product_tag","embeddable":true,"href":"https:\/\/kraftwerk-shop.cc\/it\/wp-json\/wp\/v2\/product_tag?post=68294165"}],"curies":[{"name":"wp","href":"https:\/\/api.w.org\/{rel}","templated":true}]}}