{"id":68294365,"date":"2023-11-20T11:38:07","date_gmt":"2023-11-20T10:38:07","guid":{"rendered":"https:\/\/kraftwerk-shop.cc\/?post_type=product&#038;p=68294365"},"modified":"2026-03-28T11:29:35","modified_gmt":"2026-03-28T10:29:35","slug":"scarico-gibson-316006-dodge-durango","status":"publish","type":"product","link":"https:\/\/kraftwerk-shop.cc\/it\/produkt\/gibson-316006-auspuff-dodge-durango\/","title":{"rendered":"Sistema di scarico Gibson Axle-Back Dodge Durango 3.6 e 5.7"},"content":{"rendered":"<h1>Gibson #316006 Axle-Back Auspuffanlage f\u00fcr Dodge Durango 3.6 und 5.7<\/h1>\n<div class=\"flex flex-grow flex-col max-w-full gap-3 gizmo:gap-0\">\n<div class=\"min-h-[20px] text-message peer flex flex-col items-start gap-3 whitespace-pre-wrap break-words peer-[.text-message]:mt-5 overflow-x-auto\" data-message-author-role=\"assistant\" data-message-id=\"30ae2c54-782e-44f3-9c26-542b882e91be\">\n<div class=\"markdown prose w-full break-words dark:prose-invert light\">\n<p>&nbsp;<\/p>\n<p>Geben Sie Ihrem Dodge Durango 3.6 &amp; 5.7 mit der Gibson Sportauspuffanlage einen kraftvollen und sportlichen Sound.<br \/>\nDiese erstklassige Axle-Back Auspuffanlage besteht aus aluminisiertem Stahl, der pr\u00e4zise gebogen ist, um die Leistung zu optimieren. Durch umfangreiche Forschungs- und Entwicklungsarbeit sowie gr\u00fcndliche Tests und Validierung gew\u00e4hrleistet dieses System einen verbesserten Abgasdurchfluss und reduzierten Gegendruck.<\/p>\n<p>Die Produkt-Highlights des Gibson Axle-Back Auspuffkits von 2011 bis 2023 umfassen:<\/p>\n<ul>\n<li>Aggressiver, rennsportinspirierter Sound<\/li>\n<li>Gefertigt aus aluminisiertem Stahl<\/li>\n<li>Verbessert den Durchfluss und reduziert den Gegendruck<\/li>\n<li>Das Kit enth\u00e4lt zwei Hochleistungsschalld\u00e4mpfer und zwei polierte 304-Edelstahl-Endrohre<\/li>\n<\/ul>\n<p>&nbsp;<\/p>\n<\/div>\n<\/div>\n<\/div>\n<p>Gibson #316006 passt f\u00fcr folgende Modelle:<\/p>\n<table width=\"449\">\n<tbody>\n<tr>\n<td width=\"115\"><strong>Marke<\/strong><\/td>\n<td width=\"145\"><strong>Modell<\/strong><\/td>\n<td width=\"106\"><strong>Motor<\/strong><\/td>\n<td width=\"83\"><strong>Baujahr<\/strong><\/td>\n<\/tr>\n<tr>\n<td>Dodge<\/td>\n<td>Durango<\/td>\n<td>3.6<\/td>\n<td>2011 \u2013 2025<\/td>\n<\/tr>\n<tr>\n<td>Dodge<\/td>\n<td>Durango<\/td>\n<td>5.7<\/td>\n<td>2011 \u2013 2025<\/td>\n<\/tr>\n<\/tbody>\n<\/table>\n<p>&nbsp;<\/p>\n<p><iframe loading=\"lazy\" title=\"Gibson #316006 Axle-Back Sportauspuff f\u00fcr Dodge Durango 3.6 und 5.7\" src=\"https:\/\/www.youtube.com\/embed\/O-jxOIrZ4FI\" width=\"941\" height=\"496\" frameborder=\"0\" allowfullscreen=\"allowfullscreen\"><\/iframe><\/p>\n<p>&nbsp;<\/p>\n","protected":false},"excerpt":{"rendered":"<p>2011-2025<\/p>","protected":false},"featured_media":68294371,"comment_status":"open","ping_status":"closed","template":"","meta":{"_acf_changed":false},"product_brand":[],"product_cat":[2603,6611],"product_tag":[176,177,165,248,249,250,251,252,419,420,2066,2373,169,6479,91,1035,1036,546,1037,5034,1047,49,4432,95,1039,1042,2428,6480,2934,532,529,20273,1040,787,1041,547,1034,1038,233,198,194],"class_list":{"0":"post-68294365","1":"product","2":"type-product","3":"status-publish","4":"has-post-thumbnail","6":"product_cat-durango-36-abgasanlage","7":"product_cat-durango-57-abgasanlage-catback","8":"product_tag-176","9":"product_tag-177","10":"product_tag-165","11":"product_tag-248","12":"product_tag-249","13":"product_tag-250","14":"product_tag-251","15":"product_tag-252","16":"product_tag-419","17":"product_tag-420","18":"product_tag-2066","19":"product_tag-2373","20":"product_tag-3-6","21":"product_tag-6479","22":"product_tag-5-7","23":"product_tag-abgasanlage","24":"product_tag-abgassystem","25":"product_tag-auspuff","26":"product_tag-auspuffsystem","27":"product_tag-axle-back","28":"product_tag-cat-back","29":"product_tag-dodge","30":"product_tag-dodge-durango","31":"product_tag-durango","32":"product_tag-endschalldaempfer","33":"product_tag-endtopf","34":"product_tag-gibson","35":"product_tag-gibson-316006","36":"product_tag-harder","37":"product_tag-kat","38":"product_tag-katalysator","39":"product_tag-keintuev","40":"product_tag-laut","41":"product_tag-rt","42":"product_tag-sport","43":"product_tag-sportauspuff","44":"product_tag-sportauspuffanlage","45":"product_tag-sportendschalldaempfer","46":"product_tag-tuning","47":"product_tag-v6","48":"product_tag-v8","49":"product_shipping_class-paket-xl","51":"first","52":"outofstock","53":"taxable","54":"shipping-taxable","55":"purchasable","56":"product-type-simple"},"bundled_by":[],"bundle_stock_status":"outofstock","bundle_stock_quantity":0,"bundle_virtual":false,"bundle_layout":"","bundle_add_to_cart_form_location":"","bundle_editable_in_cart":false,"bundle_sold_individually_context":"","bundle_item_grouping":"","bundle_min_size":"","bundle_max_size":"","bundle_price":[],"bundled_items":[],"bundle_sell_ids":[],"exclude_global_add_ons":[],"addons":[],"acf":[],"_links":{"self":[{"href":"https:\/\/kraftwerk-shop.cc\/it\/wp-json\/wp\/v2\/product\/68294365","targetHints":{"allow":["GET"]}}],"collection":[{"href":"https:\/\/kraftwerk-shop.cc\/it\/wp-json\/wp\/v2\/product"}],"about":[{"href":"https:\/\/kraftwerk-shop.cc\/it\/wp-json\/wp\/v2\/types\/product"}],"replies":[{"embeddable":true,"href":"https:\/\/kraftwerk-shop.cc\/it\/wp-json\/wp\/v2\/comments?post=68294365"}],"version-history":[{"count":0,"href":"https:\/\/kraftwerk-shop.cc\/it\/wp-json\/wp\/v2\/product\/68294365\/revisions"}],"wp:featuredmedia":[{"embeddable":true,"href":"https:\/\/kraftwerk-shop.cc\/it\/wp-json\/wp\/v2\/media\/68294371"}],"wp:attachment":[{"href":"https:\/\/kraftwerk-shop.cc\/it\/wp-json\/wp\/v2\/media?parent=68294365"}],"wp:term":[{"taxonomy":"product_brand","embeddable":true,"href":"https:\/\/kraftwerk-shop.cc\/it\/wp-json\/wp\/v2\/product_brand?post=68294365"},{"taxonomy":"product_cat","embeddable":true,"href":"https:\/\/kraftwerk-shop.cc\/it\/wp-json\/wp\/v2\/product_cat?post=68294365"},{"taxonomy":"product_tag","embeddable":true,"href":"https:\/\/kraftwerk-shop.cc\/it\/wp-json\/wp\/v2\/product_tag?post=68294365"}],"curies":[{"name":"wp","href":"https:\/\/api.w.org\/{rel}","templated":true}]}}