{"id":68295330,"date":"2023-12-20T00:09:16","date_gmt":"2023-12-19T23:09:16","guid":{"rendered":"https:\/\/kraftwerk-shop.cc\/?post_type=product&#038;p=68295330"},"modified":"2026-03-31T13:48:08","modified_gmt":"2026-03-31T11:48:08","slug":"filtro-olio-kn-jeep-wrangler","status":"publish","type":"product","link":"https:\/\/kraftwerk-shop.cc\/it\/produkt\/kn-oelfilter-jeep-wrangler\/","title":{"rendered":"Filtro olio K&amp;N Jeep Wrangler"},"content":{"rendered":"<h1>Filtro olio K&amp;N Pro Series Jeep Wrangler<\/h1>\n<p>&nbsp;<\/p>\n<p>I filtri dell'olio K&amp;N Performance sono stati sviluppati appositamente per l'uso professionale nelle officine e nelle operazioni di manutenzione.<br \/>\nIl suo design ad alto flusso pu\u00f2 contribuire a migliorare le prestazioni del motore del vostro Jeep Wrangler riducendo la restrizione del filtro dell'olio.<br \/>\nI filtri dell'olio K&amp;N Pro Series hanno una forma dell'alloggiamento scanalata, in modo da poter essere sostituiti con una chiave per filtri dell'olio convenzionale.<br \/>\nForniscono un'eccellente filtrazione e protezione del motore per il vostro Jeep Wrangler per tutta la loro durata.<br \/>\nI filtri dell'olio K&amp;N sono adatti a tutti gli oli motore sintetici, convenzionali e miscelati. Gli elementi filtranti pieghettati offrono elevate prestazioni di filtrazione, rendendoli adatti a intervalli di cambio olio prolungati, se utilizzati in conformit\u00e0 alle raccomandazioni del costruttore del veicolo e dell'olio motore.<\/p>\n<p>Protegga il suo motore con i filtri dell'olio K&amp;N\u00ae di alta qualit\u00e0, che filtrano in modo affidabile le impurit\u00e0 dall'olio motore.<br \/>\nI filtri dell'olio K&amp;N sono sviluppati secondo gli stessi rigorosi standard di qualit\u00e0 dei filtri dell'aria K&amp;N, famosi in tutto il mondo, e vantano un design resistente e un media filtrante ad alto flusso per garantire un'eccellente filtrazione dell'olio.<\/p>\n<p>&nbsp;<\/p>\n<p><span lang=\"DE\">Grazie alla speciale miscela sintetica del materiale filtrante, viene filtrata una maggiore quantit\u00e0 di sporco ad una portata pi\u00f9 elevata.<\/span><\/p>\n<ul>\n<li>Sviluppato per gli oli sintetici ad alte prestazioni di oggi.<\/li>\n<li>La valvola di ritorno impedisce che il filtro si svuoti e si avvii a secco.<\/li>\n<li>Valvola di bypass<\/li>\n<li>Supera tutte le specifiche del produttore di apparecchiature originali<\/li>\n<\/ul>","protected":false},"excerpt":{"rendered":"<p>K&amp;N Pro Series \u00d6lfilter Jeep Wrangler &nbsp; K&amp;N Performance \u00d6lfilter wurden speziell f\u00fcr den professionellen Einsatz in Werkst\u00e4tten und Wartungsbetrieben<\/p>","protected":false},"featured_media":68295340,"comment_status":"open","ping_status":"closed","template":"","meta":{"_acf_changed":false},"product_brand":[19067],"product_cat":[10262,19785,2963],"product_tag":[648,675,404,2320,406,2453,655,674,37,673],"class_list":{"0":"post-68295330","1":"product","2":"type-product","3":"status-publish","4":"has-post-thumbnail","6":"product_brand-kn","7":"product_cat-alle-produkte","8":"product_cat-wrangler-38-wartung","9":"product_cat-wrangler-64-wartung","10":"product_tag-filter","11":"product_tag-inspektion","12":"product_tag-motoroel","13":"product_tag-motoroelfilter","14":"product_tag-oel","15":"product_tag-oelfilter10","16":"product_tag-oelwechsel","17":"product_tag-service","18":"product_tag-wartung","19":"product_tag-zubehoer","20":"pa_motor-2-4-2","21":"pa_motor-3-8-2","22":"pa_motor-4-0-2","23":"pa_motor-6-4-2","25":"first","26":"instock","27":"taxable","28":"shipping-taxable","29":"purchasable","30":"product-type-variable"},"bundled_by":[],"bundle_stock_status":"instock","bundle_stock_quantity":8,"bundle_virtual":false,"bundle_layout":"","bundle_add_to_cart_form_location":"","bundle_editable_in_cart":false,"bundle_sold_individually_context":"","bundle_item_grouping":"","bundle_min_size":"","bundle_max_size":"","bundle_price":[],"bundled_items":[],"bundle_sell_ids":[],"exclude_global_add_ons":[],"addons":[],"acf":[],"_links":{"self":[{"href":"https:\/\/kraftwerk-shop.cc\/it\/wp-json\/wp\/v2\/product\/68295330","targetHints":{"allow":["GET"]}}],"collection":[{"href":"https:\/\/kraftwerk-shop.cc\/it\/wp-json\/wp\/v2\/product"}],"about":[{"href":"https:\/\/kraftwerk-shop.cc\/it\/wp-json\/wp\/v2\/types\/product"}],"replies":[{"embeddable":true,"href":"https:\/\/kraftwerk-shop.cc\/it\/wp-json\/wp\/v2\/comments?post=68295330"}],"version-history":[{"count":0,"href":"https:\/\/kraftwerk-shop.cc\/it\/wp-json\/wp\/v2\/product\/68295330\/revisions"}],"wp:featuredmedia":[{"embeddable":true,"href":"https:\/\/kraftwerk-shop.cc\/it\/wp-json\/wp\/v2\/media\/68295340"}],"wp:attachment":[{"href":"https:\/\/kraftwerk-shop.cc\/it\/wp-json\/wp\/v2\/media?parent=68295330"}],"wp:term":[{"taxonomy":"product_brand","embeddable":true,"href":"https:\/\/kraftwerk-shop.cc\/it\/wp-json\/wp\/v2\/product_brand?post=68295330"},{"taxonomy":"product_cat","embeddable":true,"href":"https:\/\/kraftwerk-shop.cc\/it\/wp-json\/wp\/v2\/product_cat?post=68295330"},{"taxonomy":"product_tag","embeddable":true,"href":"https:\/\/kraftwerk-shop.cc\/it\/wp-json\/wp\/v2\/product_tag?post=68295330"}],"curies":[{"name":"wp","href":"https:\/\/api.w.org\/{rel}","templated":true}]}}