{"id":68295568,"date":"2023-12-20T00:11:55","date_gmt":"2023-12-19T23:11:55","guid":{"rendered":"https:\/\/kraftwerk-shop.cc\/?post_type=product&#038;p=68295568"},"modified":"2026-03-30T02:21:03","modified_gmt":"2026-03-30T00:21:03","slug":"jlt-oil-catch-can-ram-1500-hemi-ds-classic","status":"publish","type":"product","link":"https:\/\/kraftwerk-shop.cc\/it\/produkt\/jlt-oil-catch-can-ram-1500-hemi-ds-classic\/","title":{"rendered":"J&amp;L Oil Catch Can RAM 5.7 Hemi"},"content":{"rendered":"<h1>J&amp;L Oil Catch Can per RAM 5.7 dal 2009 al 2018 e Classic 2019 - 2024<\/h1>\n<h1><strong>\u00a0<\/strong><\/h1>\n<p>&nbsp;<\/p>\n<ul>\n<li>Capacit\u00e0 90 ml<\/li>\n<li>Solido design in billetta<\/li>\n<li>Connettori PCV ad attacco rapido stile OEM<\/li>\n<li>Sistema di filtrazione multistadio che cattura i vapori pi\u00f9 fini e li intrappola nel contenitore facilmente rimovibile, lasciando passare l'aria pulita fino al condotto di aspirazione.<\/li>\n<\/ul>\n<p>&nbsp;<\/p>\n<p><strong>Come funziona il sistema?<\/strong><\/p>\n<p>Quando la pressione del basamento viene sfiatata attraverso il condotto di aspirazione, grandi quantit\u00e0 di olio sotto forma di vapori vengono immesse nel collettore di aspirazione e nei collettori di aspirazione e diluiscono addirittura la benzina, causando una diminuzione del numero di ottani.<br \/>\nQuesto fenomeno si verifica in tutti i motori ed \u00e8 ancora pi\u00f9 accentuato nei veicoli a carica forzata (sovralimentatori e turbocompressori), poich\u00e9 la pressione del carter aumenta.<br \/>\nPer ovviare a questo problema, \u00e8 stato sviluppato un separatore d'olio con un design proprio.<br \/>\nRealizzato in alluminio billet, \u00e8 un pezzo solido come una roccia. \u00c8 dotato di una base del serbatoio zigrinata che facilita lo scarico dell'olio usato e di una guarnizione O-ring che impedisce le perdite.<\/p>\n<p>La filtrazione consiste in un setaccio a maglie fini in acciaio inox che cattura i vapori fini di olio e li rilascia non appena sono abbastanza pesanti da cadere.<br \/>\nLe particelle vengono poi fatte passare attraverso un filtro a nido d'ape in alluminio da 1\/16\u2033 e 1\/2\u2033 di spessore, dove diventano sempre pi\u00f9 grandi e infine cadono nel contenitore.<br \/>\nSe l'olio passa attraverso il filtro, \u00e8 troppo pesante per essere trasmesso al condotto di aspirazione.<br \/>\nIl contenitore di raccolta contiene 90 ml di liquido. Pu\u00f2 sembrare poco, ma non si dovrebbe trovare cos\u00ec tanto olio nel sistema PCV.<\/p>\n<p>&nbsp;<\/p>\n<p><strong>Adatto per:<\/strong><\/p>\n<table border=\"0\" width=\"497\" cellspacing=\"0\" cellpadding=\"0\">\n<colgroup>\n<col width=\"233\" \/>\n<col width=\"264\" \/> <\/colgroup>\n<tbody>\n<tr>\n<td style=\"height: 14.4pt; width: 175pt;\" width=\"233\" height=\"19\">RAM DS 5.7<\/td>\n<td style=\"width: 198pt;\" width=\"264\">2008 - 2018 e RAM Classic 2019 - 2024<\/td>\n<\/tr>\n<\/tbody>\n<\/table>\n<p>&nbsp;<\/p>\n<p><strong>Ambito di consegna<\/strong>:<\/p>\n<ul>\n<li>Oil Catch Can (nero)<\/li>\n<li>Staffa<\/li>\n<li>Tubi flessibili<\/li>\n<li>Connessioni<\/li>\n<li>Istruzioni per l'uso in tedesco e inglese<\/li>\n<\/ul>\n<p>&nbsp;<\/p>\n<p><strong>Nota:<\/strong> I JLT Oil Catch Can sono ora commercializzati anche con il marchio J&amp;L Oil Separator Co (OSC).<br \/>\nDurante il periodo di transizione, gli Oil Catch Can sono disponibili con entrambe le denominazioni.<br \/>\nEntrambi sono lo stesso prodotto.<\/p>","protected":false},"excerpt":{"rendered":"<p>2008 - 2018 e Classico 2019 - 2024<\/p>","protected":false},"featured_media":68295574,"comment_status":"open","ping_status":"closed","template":"","meta":{"_acf_changed":false},"product_brand":[17171],"product_cat":[1514],"product_tag":[213,214,176,177,165,248,249,250,251,252,419,420,2066,2373,3249,91,2219,49,477,126,3245,903,1093,2444,3250,36,84,82,85,3243,406,83,3242,86,3244],"class_list":{"0":"post-68295568","1":"product","2":"type-product","3":"status-publish","4":"has-post-thumbnail","6":"product_brand-jl","7":"product_cat-1500-57-2009-2018-classic-oil-catch-can","8":"product_tag-213","9":"product_tag-214","10":"product_tag-176","11":"product_tag-177","12":"product_tag-165","13":"product_tag-248","14":"product_tag-249","15":"product_tag-250","16":"product_tag-251","17":"product_tag-252","18":"product_tag-419","19":"product_tag-420","20":"product_tag-2066","21":"product_tag-2373","22":"product_tag-3065p-b","23":"product_tag-5-7","24":"product_tag-classic","25":"product_tag-dodge","26":"product_tag-ds","27":"product_tag-hemi","28":"product_tag-jl-oil-separator-co","29":"product_tag-jl","30":"product_tag-jlt","31":"product_tag-jlt-performance","32":"product_tag-jlt3065p-b","33":"product_tag-kraftwerk","34":"product_tag-kurbelgehaeuseentlueftung","35":"product_tag-oil-catch-can","36":"product_tag-oil-catch-tank","37":"product_tag-oil-separator","38":"product_tag-oel","39":"product_tag-oelabscheider","40":"product_tag-osc","41":"product_tag-ram","42":"product_tag-separator","44":"first","45":"instock","46":"taxable","47":"shipping-taxable","48":"purchasable","49":"product-type-simple"},"bundled_by":[],"bundle_stock_status":"instock","bundle_stock_quantity":2,"bundle_virtual":false,"bundle_layout":"","bundle_add_to_cart_form_location":"","bundle_editable_in_cart":false,"bundle_sold_individually_context":"","bundle_item_grouping":"","bundle_min_size":"","bundle_max_size":"","bundle_price":[],"bundled_items":[],"bundle_sell_ids":[],"exclude_global_add_ons":[],"addons":[],"acf":[],"_links":{"self":[{"href":"https:\/\/kraftwerk-shop.cc\/it\/wp-json\/wp\/v2\/product\/68295568","targetHints":{"allow":["GET"]}}],"collection":[{"href":"https:\/\/kraftwerk-shop.cc\/it\/wp-json\/wp\/v2\/product"}],"about":[{"href":"https:\/\/kraftwerk-shop.cc\/it\/wp-json\/wp\/v2\/types\/product"}],"replies":[{"embeddable":true,"href":"https:\/\/kraftwerk-shop.cc\/it\/wp-json\/wp\/v2\/comments?post=68295568"}],"version-history":[{"count":0,"href":"https:\/\/kraftwerk-shop.cc\/it\/wp-json\/wp\/v2\/product\/68295568\/revisions"}],"wp:featuredmedia":[{"embeddable":true,"href":"https:\/\/kraftwerk-shop.cc\/it\/wp-json\/wp\/v2\/media\/68295574"}],"wp:attachment":[{"href":"https:\/\/kraftwerk-shop.cc\/it\/wp-json\/wp\/v2\/media?parent=68295568"}],"wp:term":[{"taxonomy":"product_brand","embeddable":true,"href":"https:\/\/kraftwerk-shop.cc\/it\/wp-json\/wp\/v2\/product_brand?post=68295568"},{"taxonomy":"product_cat","embeddable":true,"href":"https:\/\/kraftwerk-shop.cc\/it\/wp-json\/wp\/v2\/product_cat?post=68295568"},{"taxonomy":"product_tag","embeddable":true,"href":"https:\/\/kraftwerk-shop.cc\/it\/wp-json\/wp\/v2\/product_tag?post=68295568"}],"curies":[{"name":"wp","href":"https:\/\/api.w.org\/{rel}","templated":true}]}}