{"id":68295600,"date":"2023-12-20T00:12:18","date_gmt":"2023-12-19T23:12:18","guid":{"rendered":"https:\/\/kraftwerk-shop.cc\/?post_type=product&#038;p=68295600"},"modified":"2026-02-15T00:07:47","modified_gmt":"2026-02-14T23:07:47","slug":"frizione-a-doppio-disco-mcleod-rst-dodge-challenger-800","status":"publish","type":"product","link":"https:\/\/kraftwerk-shop.cc\/it\/produkt\/mcleod-rst-zweischeibenkupplung-dodge-challenger-800\/","title":{"rendered":"Frizione a doppio disco McLeod RST per Dodge Challenger fino a 800 CV"},"content":{"rendered":"<h1>Frizione a doppio disco McLeod RST per Dodge Challenger fino a 800 CV<\/h1>\n<p>&nbsp;<\/p>\n<p>La frizione a doppio disco McLeod RST \u00e8 un set di frizione a doppio disco economico per l'uso quotidiano con un'elevata potenza del motore.<br \/>\nSebbene sia in grado di gestire 1200 CV, questa frizione rinforzata \u00e8 ancora idonea alla circolazione su strada.<br \/>\nI dischi della frizione con rivestimento organico assicurano un innesto fluido con uno sforzo morbido sul pedale. Questo kit frizione \u00e8 ideale per l'uso su strada.<\/p>\n<p>Questa unit\u00e0 non \u00e8 destinata all'uso negli sport motoristici.<br \/>\nI modelli McLeod RXT e RXT 1200 sono pi\u00f9 adatti a questo scopo.<\/p>\n<p>Si tratta di una frizione modulare con una piastra di adattamento in acciaio che viene utilizzata come nuova superficie di trasmissione.<br \/>\nIn questo modo la frizione pu\u00f2 essere avvitata al volano di serie senza che quest'ultimo debba essere rielaborato, poich\u00e9 la piastra di adattamento in acciaio \u00e8 l'elemento contro cui si scontrano i dischi.<br \/>\nNon appena si posiziona il gruppo frizione modulare sui perni e si serrano le viti, il volano viene utilizzato solo come corona dentata per l'avviamento del veicolo.<\/p>\n<p>&nbsp;<\/p>\n<p><strong>Ambito di fornitura:<\/strong><\/p>\n<ul>\n<li>Piastra di pressione<\/li>\n<li>Due dischi di frizione organica<\/li>\n<li>Piastra galleggiante<\/li>\n<li>Piastra adattatore in acciaio<\/li>\n<li>Strumento pilota<\/li>\n<\/ul>\n<p>&nbsp;<\/p>\n<p><strong>Adatto per:<\/strong><\/p>\n<p>Dodge Challenger con cambio manuale dal 2013 al 2023 fino a 800 CV<\/p>","protected":false},"excerpt":{"rendered":"<p>2013 \u2013 2023<\/p>","protected":false},"featured_media":68295605,"comment_status":"open","ping_status":"closed","template":"","meta":{"_acf_changed":false},"product_brand":[],"product_cat":[1678,1694,1702],"product_tag":[217,93,3454,54,49,3853,100,399,3453,3459,783,3455,787,3456,3457,3458,96,391,3460],"class_list":{"0":"post-68295600","1":"product","2":"type-product","3":"status-publish","4":"has-post-thumbnail","6":"product_cat-challenger-57-getriebe","7":"product_cat-challenger-hellcat-getriebe","8":"product_cat-challenger-64-getriebe","9":"product_tag-217","10":"product_tag-6-4","11":"product_tag-6975-07","12":"product_tag-challenger","13":"product_tag-dodge","14":"product_tag-dodge-challenger","15":"product_tag-hellcat","16":"product_tag-kupplung","17":"product_tag-mcleod","18":"product_tag-mehrscheiben","19":"product_tag-r-t","20":"product_tag-rst","21":"product_tag-rt","22":"product_tag-schalter","23":"product_tag-schaltgetriebe","24":"product_tag-sportkupplung","25":"product_tag-srt","26":"product_tag-verstaerkt","27":"product_tag-zweischeiben","29":"first","30":"onbackorder","31":"taxable","32":"shipping-taxable","33":"purchasable","34":"product-type-simple"},"bundled_by":[],"bundle_stock_status":"onbackorder","bundle_stock_quantity":0,"bundle_virtual":false,"bundle_layout":"","bundle_add_to_cart_form_location":"","bundle_editable_in_cart":false,"bundle_sold_individually_context":"","bundle_item_grouping":"","bundle_min_size":"","bundle_max_size":"","bundle_price":[],"bundled_items":[],"bundle_sell_ids":[],"exclude_global_add_ons":[],"addons":[],"acf":[],"_links":{"self":[{"href":"https:\/\/kraftwerk-shop.cc\/it\/wp-json\/wp\/v2\/product\/68295600","targetHints":{"allow":["GET"]}}],"collection":[{"href":"https:\/\/kraftwerk-shop.cc\/it\/wp-json\/wp\/v2\/product"}],"about":[{"href":"https:\/\/kraftwerk-shop.cc\/it\/wp-json\/wp\/v2\/types\/product"}],"replies":[{"embeddable":true,"href":"https:\/\/kraftwerk-shop.cc\/it\/wp-json\/wp\/v2\/comments?post=68295600"}],"version-history":[{"count":0,"href":"https:\/\/kraftwerk-shop.cc\/it\/wp-json\/wp\/v2\/product\/68295600\/revisions"}],"wp:featuredmedia":[{"embeddable":true,"href":"https:\/\/kraftwerk-shop.cc\/it\/wp-json\/wp\/v2\/media\/68295605"}],"wp:attachment":[{"href":"https:\/\/kraftwerk-shop.cc\/it\/wp-json\/wp\/v2\/media?parent=68295600"}],"wp:term":[{"taxonomy":"product_brand","embeddable":true,"href":"https:\/\/kraftwerk-shop.cc\/it\/wp-json\/wp\/v2\/product_brand?post=68295600"},{"taxonomy":"product_cat","embeddable":true,"href":"https:\/\/kraftwerk-shop.cc\/it\/wp-json\/wp\/v2\/product_cat?post=68295600"},{"taxonomy":"product_tag","embeddable":true,"href":"https:\/\/kraftwerk-shop.cc\/it\/wp-json\/wp\/v2\/product_tag?post=68295600"}],"curies":[{"name":"wp","href":"https:\/\/api.w.org\/{rel}","templated":true}]}}