{"id":68295768,"date":"2023-12-20T00:14:27","date_gmt":"2023-12-19T23:14:27","guid":{"rendered":"https:\/\/kraftwerk-shop.cc\/?post_type=product&#038;p=68295768"},"modified":"2026-02-15T00:04:58","modified_gmt":"2026-02-14T23:04:58","slug":"dba-ford-mustang-gt-ecoboost-dba42165s","status":"publish","type":"product","link":"https:\/\/kraftwerk-shop.cc\/it\/produkt\/dba-ford-mustang-gt-ecoboost-dba42165s\/","title":{"rendered":"DBA Disco freno Ford Mustang GT 5.0 \/ 2.3 EcoBoost DBA42165S T3"},"content":{"rendered":"<h1>DBA Disco freno per Ford Mustang GT 5.0 \/ 2.3 EcoBoost DBA42165S T3 (asse posteriore)<\/h1>\n<ul>\n<li>Ideale per la guida veloce<\/li>\n<li>Alta qualit\u00e0 e alte prestazioni per le vostre esigenze<\/li>\n<\/ul>\n<p>Sul disco sono presenti 3 marcature di colore che servono a indicare la temperatura massima raggiunta.<\/p>\n<p>&nbsp;<\/p>\n<p><strong>Adatto per:<br \/>\n<\/strong><\/p>\n<table width=\"498\">\n<tbody>\n<tr>\n<td width=\"94\">Ford<\/td>\n<td width=\"158\">Mustang<\/td>\n<td width=\"134\">GT 5.0 L<\/td>\n<td width=\"112\">2015 - 2023<\/td>\n<\/tr>\n<tr>\n<td width=\"94\">Ford<\/td>\n<td width=\"158\">Mustang<\/td>\n<td width=\"134\">2.3 EcoBoost<\/td>\n<td width=\"112\">2015 - 2023<\/td>\n<\/tr>\n<\/tbody>\n<\/table>\n<p><strong>\u00a0<\/strong><strong>Dati:<\/strong><\/p>\n<table border=\"0\" width=\"487\" cellspacing=\"0\" cellpadding=\"0\">\n<colgroup>\n<col \/>\n<col \/> <\/colgroup>\n<tbody>\n<tr>\n<td style=\"height: 19px; width: 248px;\" height=\"19\">\n<div data-v-369d9bee=\"\" data-v-7bd94b2e=\"\">\n<div data-v-369d9bee=\"\">Diametro (mm)<\/div>\n<\/div>\n<\/td>\n<td style=\"width: 239px;\">330<\/td>\n<\/tr>\n<tr>\n<td style=\"height: 19px;\" height=\"19\">\n<div data-v-369d9bee=\"\">Ventilazione<\/div>\n<\/td>\n<td>Zampa di canguro<\/td>\n<\/tr>\n<tr>\n<td style=\"height: 19px;\" height=\"19\">\n<div data-v-369d9bee=\"\">Numero di fori<\/div>\n<\/td>\n<td>5<\/td>\n<\/tr>\n<tr>\n<td style=\"height: 19px;\" height=\"19\">\n<div data-v-369d9bee=\"\">Diametro interno (mm)<\/div>\n<\/td>\n<td>71<\/td>\n<\/tr>\n<tr>\n<td style=\"height: 19px;\" height=\"19\">\n<div data-v-369d9bee=\"\">Spessore (mm)<\/div>\n<\/td>\n<td>25<\/td>\n<\/tr>\n<tr>\n<td style=\"height: 19px;\" height=\"19\">\n<div data-v-369d9bee=\"\">Altezza (mm)<\/div>\n<\/td>\n<td>43.7<\/td>\n<\/tr>\n<tr>\n<td style=\"height: 19px;\" height=\"19\">\n<div data-v-369d9bee=\"\">Spessore minimo (mm)<\/div>\n<\/td>\n<td>23<\/td>\n<\/tr>\n<tr>\n<td style=\"height: 19px;\" height=\"19\">Peso (kg)<\/td>\n<td>8.6<\/td>\n<\/tr>\n<\/tbody>\n<\/table>\n<p>&nbsp;<\/p>\n<p>Il prezzo si riferisce a un disco freno.<\/p>\n<p>&nbsp;<\/p>\n<table id=\"xoverview\" class=\"table\">\n<tbody>\n<tr>\n<td><strong>Funzione<\/strong><\/td>\n<td><b>Descrizione del<\/b><\/td>\n<td><b>Vantaggio<\/b><\/td>\n<\/tr>\n<tr>\n<td rowspan=\"3\"><img decoding=\"async\" class=\"icon\" title=\"T3\" src=\"https:\/\/3cerp.eu\/api\/file\/DBA_T3.png\" alt=\"T3\" width=\"79\" height=\"55\" \/><\/p>\n<p><strong>T3 Slot 48 slot di precisione fresati a CNC<\/strong><\/td>\n<td>Le fessure tri-simmetriche smorzano le vibrazioni e il rumore<\/td>\n<td>Una sensazione del pedale del freno pi\u00f9 morbida, pi\u00f9 reattiva e pi\u00f9 fluida.<\/td>\n<\/tr>\n<tr>\n<td>Aumenta il numero di punti di uscita per i gas di attrito delle pastiglie dei freni che fuoriescono attraverso il design universale delle fessure.<\/td>\n<td>Aumenta l'uniformit\u00e0 e l'efficienza di ogni processo di frenata.<\/td>\n<\/tr>\n<tr>\n<td><\/td>\n<td>Non sono necessari dischi freno diversi a destra e a sinistra.<\/td>\n<\/tr>\n<tr>\n<td rowspan=\"2\"><img decoding=\"async\" class=\"icon\" title=\"KANGAROO_PAW\" src=\"https:\/\/3cerp.eu\/api\/file\/KANGAROO_PAW.jpg\" alt=\"KANGAROO_PAW\" width=\"80\" height=\"79\" \/><b><\/b><\/p>\n<p><b>Zampa di canguro - 144 Diamante e sistema di ventilazione a colonna Tear Drop<br \/>\n<\/b><\/td>\n<td>L'aumento della superficie porta a una migliore dissipazione del calore.<\/td>\n<td>Riduce al minimo l'affievolimento dei freni e aumenta l'effetto frenante.<\/td>\n<\/tr>\n<tr>\n<td>L'aumento della superficie porta a una migliore dissipazione del calore.<\/td>\n<td>Prolunga la durata delle pastiglie e dei dischi freno. Riduce i danni meccanici e i costi associati<\/td>\n<\/tr>\n<tr>\n<td><img decoding=\"async\" class=\"icon\" title=\"DBA_XG150\" src=\"https:\/\/3cerp.eu\/api\/file\/DBA_XG150.png\" alt=\"DBA_XG150\" width=\"80\" height=\"45\" \/><b><\/b><\/p>\n<p><b>XG150 Ferro legato con elevato contenuto di carbonio<br \/>\n<\/b><\/td>\n<td>L'aumento della capacit\u00e0 termica consente al disco del freno di resistere al calore estremo per periodi di tempo pi\u00f9 lunghi.<\/td>\n<td>Riduce al minimo le deformazioni e le crepe e prolunga la durata di vita del disco del freno.<\/td>\n<\/tr>\n<tr>\n<td><img decoding=\"async\" class=\"icon\" title=\"DBA_TSP\" src=\"https:\/\/3cerp.eu\/api\/file\/DBA_TSP.png\" alt=\"DBA_TSP\" width=\"80\" height=\"35\" \/><b><\/b><\/p>\n<p><strong>Profilo di stabilit\u00e0 termica<\/strong><\/td>\n<td>Sviluppo speciale personalizzato per il processo DBA TSP<\/td>\n<td>Riduce al minimo le deformazioni e le crepe e prolunga la durata di vita del disco del freno.<\/td>\n<\/tr>\n<tr>\n<td rowspan=\"2\"><strong><img decoding=\"async\" class=\"icon\" title=\"DBA_TTM\" src=\"https:\/\/3cerp.eu\/api\/file\/DBA_TTM.png\" alt=\"DBA_TTM\" width=\"80\" height=\"60\" \/><\/strong><\/p>\n<p><strong>Monitoraggio termografico della temperatura<\/strong><\/td>\n<td>Le marcature del colore del calore cambiano colore a determinate soglie di temperatura.<\/td>\n<td>Fornisce al conducente un chiaro display delle temperature di picco dei freni.<\/td>\n<\/tr>\n<tr>\n<td>Se le soglie di temperatura vengono superate, i contrassegni colorati cambiano colore in modo permanente.<\/td>\n<td>Consente al conducente di monitorare l'affaticamento dei dischi dei freni e di decidere se sostituirli o meno, oltre a supportare i concessionari nelle richieste di garanzia.<\/td>\n<\/tr>\n<tr>\n<td rowspan=\"2\"><strong><img decoding=\"async\" class=\"icon\" title=\"DBA_Protezione_Dolore\" src=\"https:\/\/3cerp.eu\/api\/file\/DBA_Pain_Protection.png\" alt=\"DBA_Protezione_Dolore\" width=\"80\" height=\"85\" \/><\/strong><\/p>\n<p><strong>Protezione della vernice su superfici senza attrito<\/strong><\/td>\n<td>Riduce la corrosione<\/td>\n<td>Previene la formazione di ruggine antiestetica<\/td>\n<\/tr>\n<tr>\n<td>Migliora l'aspetto<\/td>\n<td>Aumenta il valore del prodotto<\/td>\n<\/tr>\n<\/tbody>\n<\/table>\n<p>&nbsp;<\/p>","protected":false},"excerpt":{"rendered":"<p>Disco freno da 330 mm asse posteriore<\/p>","protected":false},"featured_media":68295785,"comment_status":"open","ping_status":"closed","template":"","meta":{"_acf_changed":false},"product_brand":[18922],"product_cat":[4652,4658],"product_tag":[4020,4693,4090,795,796,789,4732,3873,692,917,2934,799,3872,4587,186,797,4089,673],"class_list":{"0":"post-68295768","1":"product","2":"type-product","3":"status-publish","4":"has-post-thumbnail","6":"product_brand-dba","7":"product_cat-mustang-23-ecoboost-bremsen-hinten","8":"product_cat-mustang-50-gt-bremsen-hinten","9":"product_tag-2-3","10":"product_tag-2-3-turbo","11":"product_tag-4090","12":"product_tag-bremse","13":"product_tag-bremsscheibe","14":"product_tag-dba","15":"product_tag-dba42165s","16":"product_tag-ecoboost","17":"product_tag-ersatzteil","18":"product_tag-ford","19":"product_tag-harder","20":"product_tag-hinterachse","21":"product_tag-mustang","22":"product_tag-mustang-gt","23":"product_tag-performance","24":"product_tag-sportbremsscheibe","25":"product_tag-t3","26":"product_tag-zubehoer","28":"first","29":"onbackorder","30":"taxable","31":"shipping-taxable","32":"purchasable","33":"product-type-simple"},"bundled_by":[],"bundle_stock_status":"onbackorder","bundle_stock_quantity":0,"bundle_virtual":false,"bundle_layout":"","bundle_add_to_cart_form_location":"","bundle_editable_in_cart":false,"bundle_sold_individually_context":"","bundle_item_grouping":"","bundle_min_size":"","bundle_max_size":"","bundle_price":[],"bundled_items":[],"bundle_sell_ids":[],"exclude_global_add_ons":[],"addons":[],"acf":[],"_links":{"self":[{"href":"https:\/\/kraftwerk-shop.cc\/it\/wp-json\/wp\/v2\/product\/68295768","targetHints":{"allow":["GET"]}}],"collection":[{"href":"https:\/\/kraftwerk-shop.cc\/it\/wp-json\/wp\/v2\/product"}],"about":[{"href":"https:\/\/kraftwerk-shop.cc\/it\/wp-json\/wp\/v2\/types\/product"}],"replies":[{"embeddable":true,"href":"https:\/\/kraftwerk-shop.cc\/it\/wp-json\/wp\/v2\/comments?post=68295768"}],"version-history":[{"count":0,"href":"https:\/\/kraftwerk-shop.cc\/it\/wp-json\/wp\/v2\/product\/68295768\/revisions"}],"wp:featuredmedia":[{"embeddable":true,"href":"https:\/\/kraftwerk-shop.cc\/it\/wp-json\/wp\/v2\/media\/68295785"}],"wp:attachment":[{"href":"https:\/\/kraftwerk-shop.cc\/it\/wp-json\/wp\/v2\/media?parent=68295768"}],"wp:term":[{"taxonomy":"product_brand","embeddable":true,"href":"https:\/\/kraftwerk-shop.cc\/it\/wp-json\/wp\/v2\/product_brand?post=68295768"},{"taxonomy":"product_cat","embeddable":true,"href":"https:\/\/kraftwerk-shop.cc\/it\/wp-json\/wp\/v2\/product_cat?post=68295768"},{"taxonomy":"product_tag","embeddable":true,"href":"https:\/\/kraftwerk-shop.cc\/it\/wp-json\/wp\/v2\/product_tag?post=68295768"}],"curies":[{"name":"wp","href":"https:\/\/api.w.org\/{rel}","templated":true}]}}