{"id":68296003,"date":"2023-12-21T16:15:27","date_gmt":"2023-12-21T15:15:27","guid":{"rendered":"https:\/\/kraftwerk-shop.cc\/?post_type=product&#038;p=68296003"},"modified":"2026-03-30T11:29:24","modified_gmt":"2026-03-30T09:29:24","slug":"filtro-aria-dodge-challenger","status":"publish","type":"product","link":"https:\/\/kraftwerk-shop.cc\/it\/produkt\/luftfilter-dodge-challenger\/","title":{"rendered":"Filtro aria Dodge Challenger"},"content":{"rendered":"<h2>Filtro aria per Dodge Challenger<\/h2>\n<p>&nbsp;<\/p>\n<p><strong>Numeri di confronto Mopar:<\/strong> 5019002AA, 5037615AA, 05019002AA, 05037615AA, 68172459AA, 4861746AB<\/p>\n<p>&nbsp;<\/p>\n<p>Filtri aria di marca per Dodge Challenger realizzati con materiali filtranti appositamente miscelati per garantire una capacit\u00e0 di contenimento dello sporco ottimale, l'efficienza del filtro e la massima protezione del motore dai contaminanti nocivi presenti nell'aria.<br \/>\nL'adattamento, la funzione e le prestazioni corrispondono o superano quelle dell'equipaggiamento originale.<\/p>\n<p>L'aria pulita \u00e8 fondamentale per le prestazioni e la durata del motore Dodge Challenger. Un corretto filtraggio dell'aria \u00e8 importante perch\u00e9 una piccola quantit\u00e0 di sporco pu\u00f2 causare danni enormi. Lo scopo del filtro dell'aria \u00e8 quello di garantire una lunga durata del sistema tenendo lontani i contaminanti nocivi dai componenti sensibili del motore.<\/p>\n<p>&nbsp;<\/p>\n<p><strong>Propriet\u00e0:<\/strong><\/p>\n<ul>\n<li>soddisfa tutte le specifiche del primo equipaggiamento per qualit\u00e0 e vestibilit\u00e0<\/li>\n<li>Design multistrato per catturare il massimo numero di particelle<\/li>\n<li>La carta piegata in modo uniforme evita che la carta del filtro si attacchi e prolunga la durata del filtro.<\/li>\n<li>Il telaio in poliuretano flessibile consente una facile installazione<\/li>\n<li>La guarnizione in poliuretano ha un'elevata resistenza allo strappo e pu\u00f2 sopportare condizioni di caldo e freddo estreme<\/li>\n<li>Il rinforzo metallico con un ampio motivo a diamante \u00e8 stato sviluppato per migliorare il flusso d'aria.<\/li>\n<li>L'elevata portata d'aria migliora le prestazioni e il consumo di carburante<\/li>\n<li>La massima efficienza riduce l'usura del motore<\/li>\n<li>L'elevata capacit\u00e0 di assorbimento delle particelle garantisce una lunga durata in condizioni estreme come il caldo, il freddo o la contaminazione chimica.<\/li>\n<li>Previene l'usura prematura di valvole, superfici di scorrimento dei cilindri, fasce elastiche, cuscinetti e altri componenti del motore.<\/li>\n<li>Facile installazione grazie alla precisione di montaggio in qualit\u00e0 OEM<\/li>\n<\/ul>\n<p>&nbsp;<\/p>\n<p><strong>Ambito di fornitura:<\/strong><\/p>\n<ul>\n<li>1 filtro aria per Dodge Challenger<\/li>\n<\/ul>","protected":false},"excerpt":{"rendered":"<p>Filtro aria per Dodge Challenger Mopar numeri di riferimento: 5019002AA, 5037615AA, 05019002AA, 05037615AA, 68172459AA, 4861746AB Filtro aria di marca per Dodge Challenger realizzato in materiale speciale.<\/p>","protected":false},"featured_media":68295715,"comment_status":"open","ping_status":"closed","template":"","meta":{"_acf_changed":false},"product_brand":[19068],"product_cat":[2575,1671,1679,1687,1703],"product_tag":[58,59,4479,87,88,169,706,91,708,4478,92,93,707,54,8687,8680,8676,8693,8681,8674,49,3853,8691,8672,8694,8678,8698,8682,8690,8668,8515,692,8640,8635,8643,8684,8688,126,8641,8654,8638,8639,57,8683,8653,8689,8679,8697,8636,8686,31,8692,8673,8645,8646,8699,8667,8642,7221,8644,8637,8685,8634,8677,8675,8695,8664,35,8696,96],"class_list":{"0":"post-68296003","1":"product","2":"type-product","3":"status-publish","4":"has-post-thumbnail","6":"product_brand-kraftwerk","7":"product_cat-challenger-35-wartung","8":"product_cat-challenger-36-wartung","9":"product_cat-challenger-57-wartung","10":"product_cat-challenger-61-wartung","11":"product_cat-challenger-64-wartung","12":"product_tag-04861746ab","13":"product_tag-05019002aa","14":"product_tag-05037615aa","15":"product_tag-2-7","16":"product_tag-3-5","17":"product_tag-3-6","18":"product_tag-4861746ab","19":"product_tag-5-7","20":"product_tag-5019002aa","21":"product_tag-5037615aa","22":"product_tag-6-1","23":"product_tag-6-4","24":"product_tag-68172459aa","25":"product_tag-challenger","26":"product_tag-challenger-ersatzfilter","27":"product_tag-challenger-ersatzteil","28":"product_tag-challenger-filter","29":"product_tag-challenger-hochleistungsfilter","30":"product_tag-challenger-motorfilter","31":"product_tag-challenger-zubehoer","32":"product_tag-dodge","33":"product_tag-dodge-challenger","34":"product_tag-dodge-challenger-filterwechsel","35":"product_tag-dodge-challenger-luftfilter","36":"product_tag-dodge-challenger-motorpflege","37":"product_tag-dodge-challenger-wartung","38":"product_tag-dodge-challenger-zubehoer","39":"product_tag-dodge-ersatzteile","40":"product_tag-dodge-luftfilter-service","41":"product_tag-dodge-zubehoer","42":"product_tag-ersatzfilter","43":"product_tag-ersatzteil","44":"product_tag-fahrzeugkompatibilitaet","45":"product_tag-fahrzeugwartung","46":"product_tag-fahrzeugzubehoer","47":"product_tag-filter-fuer-challenger","48":"product_tag-filter-fuer-sportwagen","49":"product_tag-hemi","50":"product_tag-hochleistungsfilter","51":"product_tag-hochleistungsluftfilter","52":"product_tag-kraftstoffeffizienz","53":"product_tag-langlebigkeit","54":"product_tag-luftfilter","55":"product_tag-luftfilter-fuer-dodge","56":"product_tag-luftfilter-kaufen","57":"product_tag-luftfilter-kaufen-online","58":"product_tag-luftfilter-original","59":"product_tag-luftfilterwechsel","60":"product_tag-luftreinigung","61":"product_tag-luftreinigung-fahrzeug","62":"product_tag-mopar","63":"product_tag-mopar-autozubehoer","64":"product_tag-mopar-challenger-luftfilter","65":"product_tag-mopar-luftfilter","66":"product_tag-mopar-original","67":"product_tag-mopar-originalteil","68":"product_tag-mopar-qualitaet","69":"product_tag-mopar-teile","70":"product_tag-mopar10","71":"product_tag-motorenschutz","72":"product_tag-motorleistung","73":"product_tag-motorleistung-optimieren","74":"product_tag-motorluftfilter","75":"product_tag-motorluftfilter-dodge","76":"product_tag-oem-ersatzteil-luftfilter","77":"product_tag-oem-luftfilter","78":"product_tag-original-mopar-ersatzteile","79":"product_tag-originalersatzteil","80":"product_tag-schmutzpartikel-filtration","81":"product_tag-srt","82":"pa_motor-3-5-2","83":"pa_motor-3-6-2","84":"pa_motor-5-7-ab-2011","85":"pa_motor-5-7-bis-2011","86":"pa_motor-6-1-srt8","87":"pa_motor-6-2-hellcat-2015-2023","88":"pa_motor-6-4-2","90":"first","91":"instock","92":"taxable","93":"shipping-taxable","94":"purchasable","95":"product-type-variable"},"bundled_by":[],"bundle_stock_status":"instock","bundle_stock_quantity":213,"bundle_virtual":false,"bundle_layout":"","bundle_add_to_cart_form_location":"","bundle_editable_in_cart":false,"bundle_sold_individually_context":"","bundle_item_grouping":"","bundle_min_size":"","bundle_max_size":"","bundle_price":[],"bundled_items":[],"bundle_sell_ids":[],"exclude_global_add_ons":[],"addons":[],"acf":[],"_links":{"self":[{"href":"https:\/\/kraftwerk-shop.cc\/it\/wp-json\/wp\/v2\/product\/68296003","targetHints":{"allow":["GET"]}}],"collection":[{"href":"https:\/\/kraftwerk-shop.cc\/it\/wp-json\/wp\/v2\/product"}],"about":[{"href":"https:\/\/kraftwerk-shop.cc\/it\/wp-json\/wp\/v2\/types\/product"}],"replies":[{"embeddable":true,"href":"https:\/\/kraftwerk-shop.cc\/it\/wp-json\/wp\/v2\/comments?post=68296003"}],"version-history":[{"count":0,"href":"https:\/\/kraftwerk-shop.cc\/it\/wp-json\/wp\/v2\/product\/68296003\/revisions"}],"wp:featuredmedia":[{"embeddable":true,"href":"https:\/\/kraftwerk-shop.cc\/it\/wp-json\/wp\/v2\/media\/68295715"}],"wp:attachment":[{"href":"https:\/\/kraftwerk-shop.cc\/it\/wp-json\/wp\/v2\/media?parent=68296003"}],"wp:term":[{"taxonomy":"product_brand","embeddable":true,"href":"https:\/\/kraftwerk-shop.cc\/it\/wp-json\/wp\/v2\/product_brand?post=68296003"},{"taxonomy":"product_cat","embeddable":true,"href":"https:\/\/kraftwerk-shop.cc\/it\/wp-json\/wp\/v2\/product_cat?post=68296003"},{"taxonomy":"product_tag","embeddable":true,"href":"https:\/\/kraftwerk-shop.cc\/it\/wp-json\/wp\/v2\/product_tag?post=68296003"}],"curies":[{"name":"wp","href":"https:\/\/api.w.org\/{rel}","templated":true}]}}