{"id":68298337,"date":"2024-02-17T23:57:55","date_gmt":"2024-02-17T22:57:55","guid":{"rendered":"https:\/\/kraftwerk-shop.cc\/?post_type=product&#038;p=68298337"},"modified":"2026-03-30T11:29:24","modified_gmt":"2026-03-30T09:29:24","slug":"disco-freno-dba-443247s-ram-dt","status":"publish","type":"product","link":"https:\/\/kraftwerk-shop.cc\/it\/produkt\/dba-bremsscheibe-443247s-ram-dt\/","title":{"rendered":"DBA Disco freno RAM (43247S)"},"content":{"rendered":"<h1>Disco freno DBA 443247S per RAM 1500 DT 3.0 EcoDiesel, 3.6 e 5.7 dal 2019 (asse posteriore)<\/h1>\n<p>&nbsp;<\/p>\n<p><strong>Numeri di parte Mopar a scopo di confronto:<\/strong> 68368535AA, 68237065AA<\/p>\n<p>&nbsp;<\/p>\n<p>I rotori per freni a disco della SERIE 4000 di DBA sono una sostituzione diretta dei rotori monoblocco, progettati per i conducenti che cercano prestazioni di frenata migliori rispetto al livello standard OE.<\/p>\n<p>Fusa in ferro legato ad alto tenore di carbonio e caratterizzata da un profilo di stabilit\u00e0 termica, la metallurgia DBA \u00e8 in grado di sopportare ripetutamente le maggiori sollecitazioni e il calore generato durante le operazioni di frenata intensa.<\/p>\n<p>Con la ventilazione Kangaroo Paw di DBA, che incorpora una serie di 144 elementi a forma di diamante e di goccia, DBA ottiene fino a 30 % in pi\u00f9 di superficie e 20 % in pi\u00f9 di efficienza di raffreddamento (rispetto a un design convenzionale ad alette diritte).<\/p>\n<p>La SERIE 4000 T3 \u00e8 l'ultimo disco freno di ricambio in un unico pezzo, con tutti i vantaggi della serie 4000 e il famoso design brevettato e bidirezionale della scanalatura T3 di DBA.<\/p>\n<p>Partendo dalle fondamenta della scanalatura T2 di DBA, il design della scanalatura T3 presenta ulteriori scanalature trisimmetriche lavorate a CNC di precisione, con il risultato di una sensazione del pedale del freno ancora pi\u00f9 silenziosa, reattiva e fluida.<br \/>\nLa scanalatura T3 aumenta il numero di punti di uscita della polvere e dei gas di attrito delle pastiglie dei freni, aumentando ulteriormente l'uniformit\u00e0 e l'efficienza di ogni operazione di frenata.<\/p>\n<p>&nbsp;<\/p>\n<p>&nbsp;<\/p>\n<p><strong>Adatto per:<\/strong><\/p>\n<table width=\"428\">\n<tbody>\n<tr>\n<td width=\"83\"><strong>Marchio<\/strong><\/td>\n<td width=\"83\"><strong>Modello<\/strong><\/td>\n<td width=\"179\"><strong>Motore<\/strong><\/td>\n<td width=\"83\"><strong>Anno di costruzione<\/strong><\/td>\n<\/tr>\n<tr>\n<td width=\"83\">RAM<\/td>\n<td width=\"83\">1500<\/td>\n<td width=\"179\">3.0 EcoDiesel<\/td>\n<td width=\"83\">2020 \u2013 2023<\/td>\n<\/tr>\n<tr>\n<td width=\"83\">RAM<\/td>\n<td width=\"83\">1500<\/td>\n<td width=\"179\">3.6<\/td>\n<td width=\"83\">2019 \u2013 2024<\/td>\n<\/tr>\n<tr>\n<td width=\"83\">RAM<\/td>\n<td width=\"83\">1500<\/td>\n<td width=\"179\">5.7<\/td>\n<td width=\"83\">2019 \u2013 2024<\/td>\n<\/tr>\n<\/tbody>\n<\/table>\n<p>Non adatto per RAM Classic!<\/p>\n<p>&nbsp;<\/p>\n<p><strong>Dati:<\/strong><\/p>\n<table border=\"0\" width=\"487\" cellspacing=\"0\" cellpadding=\"0\">\n<colgroup>\n<col \/>\n<col \/> <\/colgroup>\n<tbody>\n<tr>\n<td style=\"height: 19px; width: 248px;\" height=\"19\">\n<div data-v-369d9bee=\"\" data-v-7bd94b2e=\"\">\n<div data-v-369d9bee=\"\">Diametro (mm)<\/div>\n<\/div>\n<\/td>\n<td style=\"width: 239px;\">375<\/td>\n<\/tr>\n<tr>\n<td style=\"height: 19px;\" height=\"19\">\n<div data-v-369d9bee=\"\">Ventilazione<\/div>\n<\/td>\n<td>Zampa di canguro<\/td>\n<\/tr>\n<tr>\n<td style=\"height: 19px;\" height=\"19\">\n<div data-v-369d9bee=\"\">Numero di fori<\/div>\n<\/td>\n<td>6<\/td>\n<\/tr>\n<tr>\n<td style=\"height: 19px;\" height=\"19\">\n<div data-v-369d9bee=\"\">Diametro interno (mm)<\/div>\n<\/td>\n<td>78,5<\/td>\n<\/tr>\n<tr>\n<td style=\"height: 19px;\" height=\"19\">\n<div data-v-369d9bee=\"\">Spessore (mm)<\/div>\n<\/td>\n<td>22<\/td>\n<\/tr>\n<tr>\n<td style=\"height: 19px;\" height=\"19\">\n<div data-v-369d9bee=\"\">Spessore minimo (mm)<\/div>\n<\/td>\n<td>20,4<\/td>\n<\/tr>\n<tr>\n<td style=\"height: 19px;\" height=\"19\">Peso (KG)<\/td>\n<td>11,21<\/td>\n<\/tr>\n<\/tbody>\n<\/table>\n<p>&nbsp;<\/p>\n<p>Sul disco sono presenti 3 marcature di colore che servono a indicare la temperatura massima raggiunta.<\/p>\n<p>Il prezzo si riferisce a un disco.<\/p>\n<p>&nbsp;<\/p>\n<p>&nbsp;<\/p>\n<table id=\"xoverview\" class=\"table\">\n<tbody>\n<tr>\n<td><strong>Funzione<\/strong><\/td>\n<td><b>Descrizione del<\/b><\/td>\n<td><b>Vantaggio<\/b><\/td>\n<\/tr>\n<tr>\n<td rowspan=\"3\"><img decoding=\"async\" class=\"icon\" title=\"T3\" src=\"https:\/\/3cerp.eu\/api\/file\/DBA_T3.png\" alt=\"T3\" width=\"79\" height=\"55\" \/><\/p>\n<p><strong>T3 Slot 48 slot di precisione fresati a CNC<\/strong><\/td>\n<td>Le fessure tri-simmetriche smorzano le vibrazioni e il rumore<\/td>\n<td>Una sensazione del pedale del freno pi\u00f9 morbida, pi\u00f9 reattiva e pi\u00f9 fluida.<\/td>\n<\/tr>\n<tr>\n<td>Aumenta il numero di punti di uscita per i gas di attrito delle pastiglie dei freni che fuoriescono attraverso il design universale delle fessure.<\/td>\n<td>Aumenta l'uniformit\u00e0 e l'efficienza di ogni processo di frenata.<\/td>\n<\/tr>\n<tr>\n<td><\/td>\n<td>Non sono necessari dischi freno diversi a destra e a sinistra.<\/td>\n<\/tr>\n<tr>\n<td rowspan=\"2\"><img decoding=\"async\" class=\"icon\" title=\"KANGAROO_PAW\" src=\"https:\/\/3cerp.eu\/api\/file\/KANGAROO_PAW.jpg\" alt=\"KANGAROO_PAW\" width=\"80\" height=\"79\" \/><b><\/b><\/p>\n<p><b>Zampa di canguro - 144 Diamante e sistema di ventilazione a colonna Tear Drop<br \/>\n<\/b><\/td>\n<td>L'aumento della superficie porta a una migliore dissipazione del calore.<\/td>\n<td>Riduce al minimo l'affievolimento dei freni e aumenta l'effetto frenante.<\/td>\n<\/tr>\n<tr>\n<td>L'aumento della superficie porta a una migliore dissipazione del calore.<\/td>\n<td>Prolunga la durata delle pastiglie e dei dischi freno. Riduce i danni meccanici e i costi associati<\/td>\n<\/tr>\n<tr>\n<td><img decoding=\"async\" class=\"icon\" title=\"DBA_XG150\" src=\"https:\/\/3cerp.eu\/api\/file\/DBA_XG150.png\" alt=\"DBA_XG150\" width=\"80\" height=\"45\" \/><b><\/b><\/p>\n<p><b>XG150 Ferro legato con elevato contenuto di carbonio<br \/>\n<\/b><\/td>\n<td>L'aumento della capacit\u00e0 termica consente al disco del freno di resistere al calore estremo per periodi di tempo pi\u00f9 lunghi.<\/td>\n<td>Riduce al minimo le deformazioni e le crepe e prolunga la durata di vita del disco del freno.<\/td>\n<\/tr>\n<tr>\n<td><img decoding=\"async\" class=\"icon\" title=\"DBA_TSP\" src=\"https:\/\/3cerp.eu\/api\/file\/DBA_TSP.png\" alt=\"DBA_TSP\" width=\"80\" height=\"35\" \/><b><\/b><\/p>\n<p><strong>Profilo di stabilit\u00e0 termica<\/strong><\/td>\n<td>Sviluppo speciale personalizzato per il processo DBA TSP<\/td>\n<td>Riduce al minimo le deformazioni e le crepe e prolunga la durata di vita del disco del freno.<\/td>\n<\/tr>\n<tr>\n<td rowspan=\"2\"><strong><img decoding=\"async\" class=\"icon\" title=\"DBA_TTM\" src=\"https:\/\/3cerp.eu\/api\/file\/DBA_TTM.png\" alt=\"DBA_TTM\" width=\"80\" height=\"60\" \/><\/strong><\/p>\n<p><strong>Monitoraggio termografico della temperatura<\/strong><\/td>\n<td>Le marcature del colore del calore cambiano colore a determinate soglie di temperatura.<\/td>\n<td>Fornisce al conducente un chiaro display delle temperature di picco dei freni.<\/td>\n<\/tr>\n<tr>\n<td>Se le soglie di temperatura vengono superate, i contrassegni colorati cambiano colore in modo permanente.<\/td>\n<td>Consente al conducente di monitorare l'affaticamento dei dischi dei freni e di decidere se sostituirli o meno, oltre a supportare i concessionari nelle richieste di garanzia.<\/td>\n<\/tr>\n<tr>\n<td rowspan=\"2\"><strong><img decoding=\"async\" class=\"icon\" title=\"DBA_Protezione_Dolore\" src=\"https:\/\/3cerp.eu\/api\/file\/DBA_Pain_Protection.png\" alt=\"DBA_Protezione_Dolore\" width=\"80\" height=\"85\" \/><\/strong><\/p>\n<p><strong>Protezione della vernice su superfici senza attrito<\/strong><\/td>\n<td>Riduce la corrosione<\/td>\n<td>Previene la formazione di ruggine antiestetica<\/td>\n<\/tr>\n<tr>\n<td>Migliora l'aspetto<\/td>\n<td>Aumenta il valore del prodotto<\/td>\n<\/tr>\n<\/tbody>\n<\/table>","protected":false},"excerpt":{"rendered":"<p>2019 \u2013 2024<\/p>","protected":false},"featured_media":68298341,"comment_status":"open","ping_status":"closed","template":"","meta":{"_acf_changed":false},"product_brand":[18922],"product_cat":[19407,19678,5013],"product_tag":[475,89,169,6832,91,4728,4730,795,796,789,504,692,31,86,3507,6831,797,673],"class_list":{"0":"post-68298337","1":"product","2":"type-product","3":"status-publish","4":"has-post-thumbnail","6":"product_brand-dba","7":"product_cat-1500-ecodiesel-2020-2023-bremsen-hinten","8":"product_cat-1500-36-dt-bremsen-hinten","9":"product_cat-1500-57-dt-bremsen-hinten","10":"product_tag-475","11":"product_tag-3-0","12":"product_tag-3-6","13":"product_tag-43247s","14":"product_tag-5-7","15":"product_tag-68237065aa","16":"product_tag-68368535aa","17":"product_tag-bremse","18":"product_tag-bremsscheibe","19":"product_tag-dba","20":"product_tag-ecodiesel","21":"product_tag-ersatzteil","22":"product_tag-mopar","23":"product_tag-ram","24":"product_tag-ram1500","25":"product_tag-ram-dt","26":"product_tag-sportbremsscheibe","27":"product_tag-zubehoer","29":"first","30":"instock","31":"taxable","32":"shipping-taxable","33":"purchasable","34":"product-type-simple"},"bundled_by":[],"bundle_stock_status":"instock","bundle_stock_quantity":6,"bundle_virtual":false,"bundle_layout":"","bundle_add_to_cart_form_location":"","bundle_editable_in_cart":false,"bundle_sold_individually_context":"","bundle_item_grouping":"","bundle_min_size":"","bundle_max_size":"","bundle_price":[],"bundled_items":[],"bundle_sell_ids":[],"exclude_global_add_ons":[],"addons":[],"acf":[],"_links":{"self":[{"href":"https:\/\/kraftwerk-shop.cc\/it\/wp-json\/wp\/v2\/product\/68298337","targetHints":{"allow":["GET"]}}],"collection":[{"href":"https:\/\/kraftwerk-shop.cc\/it\/wp-json\/wp\/v2\/product"}],"about":[{"href":"https:\/\/kraftwerk-shop.cc\/it\/wp-json\/wp\/v2\/types\/product"}],"replies":[{"embeddable":true,"href":"https:\/\/kraftwerk-shop.cc\/it\/wp-json\/wp\/v2\/comments?post=68298337"}],"version-history":[{"count":0,"href":"https:\/\/kraftwerk-shop.cc\/it\/wp-json\/wp\/v2\/product\/68298337\/revisions"}],"wp:featuredmedia":[{"embeddable":true,"href":"https:\/\/kraftwerk-shop.cc\/it\/wp-json\/wp\/v2\/media\/68298341"}],"wp:attachment":[{"href":"https:\/\/kraftwerk-shop.cc\/it\/wp-json\/wp\/v2\/media?parent=68298337"}],"wp:term":[{"taxonomy":"product_brand","embeddable":true,"href":"https:\/\/kraftwerk-shop.cc\/it\/wp-json\/wp\/v2\/product_brand?post=68298337"},{"taxonomy":"product_cat","embeddable":true,"href":"https:\/\/kraftwerk-shop.cc\/it\/wp-json\/wp\/v2\/product_cat?post=68298337"},{"taxonomy":"product_tag","embeddable":true,"href":"https:\/\/kraftwerk-shop.cc\/it\/wp-json\/wp\/v2\/product_tag?post=68298337"}],"curies":[{"name":"wp","href":"https:\/\/api.w.org\/{rel}","templated":true}]}}