{"id":68298880,"date":"2024-03-06T11:19:44","date_gmt":"2024-03-06T10:19:44","guid":{"rendered":"https:\/\/kraftwerk-shop.cc\/?post_type=product&#038;p=68298880"},"modified":"2026-02-15T01:08:42","modified_gmt":"2026-02-15T00:08:42","slug":"bmr-stb760-puntello-per-ford-mustang-gt","status":"publish","type":"product","link":"https:\/\/kraftwerk-shop.cc\/it\/produkt\/bmr-stb760-domstrebe-ford-mustang-gt\/","title":{"rendered":"BMR puntello Ford Mustang GT 5.0 (anteriore)"},"content":{"rendered":"<h1>BMR STB760 puntone Ford Mustang GT<\/h1>\n<p>Lo chassis dell'Mustang si torce notevolmente, anche con carichi ridotti.<br \/>\nI puntoni BMR sono realizzati con tubi per impieghi gravosi e piastre d'acciaio tagliate al laser per rinforzare il telaio e lo chassis.<br \/>\nQuesto design a due punti collega saldamente le torri dei montanti delle sospensioni anteriori e conferisce maggiore stabilit\u00e0 all'intero corpo e alle sospensioni anteriori.<br \/>\nIl puntone BMR STB760 \u00e8 imbullonato al 100%. Ci\u00f2 significa che pu\u00f2 essere montato facilmente con semplici attrezzi manuali e non richiede alcuna saldatura.<\/p>\n<p>&nbsp;<\/p>\n<ul>\n<li>Saldatura completamente MIG<\/li>\n<li>Compresi tutti i supporti e la ferramenta necessari<\/li>\n<li>Sviluppato per le prestazioni su strada, per le gare di accelerazione e per le applicazioni di handling<\/li>\n<li>Durata e qualit\u00e0 eccezionali e comprovate<\/li>\n<li>Prodotto con un'attenzione particolare ai materiali e alla qualit\u00e0 migliori<\/li>\n<li>Disponibile in rosso e nero<\/li>\n<\/ul>\n<p>&nbsp;<\/p>\n<p><strong>Adatto per:<\/strong><\/p>\n<table width=\"498\">\n<tbody>\n<tr>\n<td width=\"114\"><strong>Marchio<\/strong><\/td>\n<td width=\"121\"><strong>Modello<\/strong><\/td>\n<td width=\"122\"><strong>Motore<\/strong><\/td>\n<td width=\"141\"><strong>Anno di costruzione<\/strong><\/td>\n<\/tr>\n<tr>\n<td width=\"114\">Ford<\/td>\n<td width=\"121\">Mustang GT<\/td>\n<td width=\"122\">5.0<\/td>\n<td width=\"141\">2015 \u2013 2023<\/td>\n<\/tr>\n<\/tbody>\n<\/table>","protected":false},"excerpt":{"rendered":"<p>2015 \u2013 2023<\/p>","protected":false},"featured_media":68298900,"comment_status":"open","ping_status":"closed","template":"","meta":{"_acf_changed":false},"product_brand":[],"product_cat":[3866,6869],"product_tag":[3760,6366,743,917,2934,222,3872,6360,767,769,3891,6859,6858,3095,194,3850,6361,841],"class_list":{"0":"post-68298880","1":"product","2":"type-product","3":"status-publish","4":"has-post-thumbnail","6":"product_cat-mustang-50-gt-body","7":"product_cat-mustang-50-gt-fahrwerk","8":"product_tag-bmr","9":"product_tag-domstrebe","10":"product_tag-fahrwerk","11":"product_tag-ford","12":"product_tag-harder","13":"product_tag-kit","14":"product_tag-mustang","15":"product_tag-rahmen","16":"product_tag-stabi","17":"product_tag-stabilisator","18":"product_tag-stabilisatoren","19":"product_tag-stb760h","20":"product_tag-stb760r","21":"product_tag-suspension","22":"product_tag-v8","23":"product_tag-versteifung","24":"product_tag-vertaerkung","25":"product_tag-vorne","26":"product_shipping_class-paket-l","28":"first","29":"onbackorder","30":"taxable","31":"shipping-taxable","32":"purchasable","33":"product-type-variable"},"bundled_by":[],"bundle_stock_status":"onbackorder","bundle_stock_quantity":0,"bundle_virtual":false,"bundle_layout":"","bundle_add_to_cart_form_location":"","bundle_editable_in_cart":false,"bundle_sold_individually_context":"","bundle_item_grouping":"","bundle_min_size":"","bundle_max_size":"","bundle_price":[],"bundled_items":[],"bundle_sell_ids":[],"exclude_global_add_ons":[],"addons":[],"acf":[],"_links":{"self":[{"href":"https:\/\/kraftwerk-shop.cc\/it\/wp-json\/wp\/v2\/product\/68298880","targetHints":{"allow":["GET"]}}],"collection":[{"href":"https:\/\/kraftwerk-shop.cc\/it\/wp-json\/wp\/v2\/product"}],"about":[{"href":"https:\/\/kraftwerk-shop.cc\/it\/wp-json\/wp\/v2\/types\/product"}],"replies":[{"embeddable":true,"href":"https:\/\/kraftwerk-shop.cc\/it\/wp-json\/wp\/v2\/comments?post=68298880"}],"version-history":[{"count":0,"href":"https:\/\/kraftwerk-shop.cc\/it\/wp-json\/wp\/v2\/product\/68298880\/revisions"}],"wp:featuredmedia":[{"embeddable":true,"href":"https:\/\/kraftwerk-shop.cc\/it\/wp-json\/wp\/v2\/media\/68298900"}],"wp:attachment":[{"href":"https:\/\/kraftwerk-shop.cc\/it\/wp-json\/wp\/v2\/media?parent=68298880"}],"wp:term":[{"taxonomy":"product_brand","embeddable":true,"href":"https:\/\/kraftwerk-shop.cc\/it\/wp-json\/wp\/v2\/product_brand?post=68298880"},{"taxonomy":"product_cat","embeddable":true,"href":"https:\/\/kraftwerk-shop.cc\/it\/wp-json\/wp\/v2\/product_cat?post=68298880"},{"taxonomy":"product_tag","embeddable":true,"href":"https:\/\/kraftwerk-shop.cc\/it\/wp-json\/wp\/v2\/product_tag?post=68298880"}],"curies":[{"name":"wp","href":"https:\/\/api.w.org\/{rel}","templated":true}]}}