{"id":68299019,"date":"2024-03-09T16:37:36","date_gmt":"2024-03-09T15:37:36","guid":{"rendered":"https:\/\/kraftwerk-shop.cc\/?post_type=product&#038;p=68299019"},"modified":"2026-04-08T15:56:41","modified_gmt":"2026-04-08T13:56:41","slug":"pastiglie-freno-dba-trackhawk-hellcat-db15039sp","status":"publish","type":"product","link":"https:\/\/kraftwerk-shop.cc\/it\/produkt\/dba-bremsbelaege-trackhawk-hellcat-db15039sp\/","title":{"rendered":"Pastiglie freno DBA Street Performance Jeep Trackhawk e Durango Hellcat"},"content":{"rendered":"<h1>Pastiglie freno DBA Street Performance DB15039SP per Jeep Trackhawk e Dodge Durango Hellcat (asse anteriore)<\/h1>\n<p>&nbsp;<\/p>\n<p>Le pastiglie freno Street Performance (SP) di DBA sono state sviluppate per i conducenti che desiderano ottenere prestazioni di frenata migliori rispetto alle pastiglie freno O.E. convenzionali.<br \/>\nStreet Performance \u00e8 il livello successivo per tutti i veicoli ed \u00e8 stato sviluppato per garantire un attrito efficace quando si preme il pedale, offrendo una bassa usura e riducendo al minimo la generazione di polvere.<\/p>\n<p>DBA consiglia di utilizzare queste pastiglie con i dischi freno scanalati DBA T2 o T3 per ottenere prestazioni di frenata ottimali.<\/p>\n<p>&nbsp;<\/p>\n<p><strong>Propriet\u00e0:<\/strong><\/p>\n<ul>\n<li>Materiale d'attrito semi-metallico<\/li>\n<li>Il coefficiente di attrito \u00e8 in media di 0,45 dalle basse alle alte temperature.<\/li>\n<li>\u00a0Prestazioni eccezionali alle alte temperature<\/li>\n<li>Consistenza ottimale della frenata fino a 438\u2103 (820\u2109)<\/li>\n<\/ul>\n<p>&nbsp;<\/p>\n<p><strong>Numeri di confronto Mopar:<\/strong> 68399095AA, 68399095AB, 68399095AC<\/p>\n<p>&nbsp;<\/p>\n<p><strong>Adatto per:<\/strong><\/p>\n<table width=\"426\">\n<tbody>\n<tr>\n<td width=\"94\">Dodge<\/td>\n<td width=\"110\">Durango<\/td>\n<td width=\"138\">6.2 Hellcat<\/td>\n<td width=\"84\">2021 \u2013 2025<\/td>\n<\/tr>\n<tr>\n<td width=\"94\">Jeep<\/td>\n<td width=\"110\">Grand Cherokee<\/td>\n<td width=\"138\">6.2 Trackhawk<\/td>\n<td width=\"84\">2018 \u2013 2021<\/td>\n<\/tr>\n<\/tbody>\n<\/table>\n<p>Autorizzazione: <strong>senza<\/strong><\/p>\n<p>&nbsp;<\/p>\n<p>Il prezzo si riferisce a 1 set per l'asse anteriore completo.<\/p>\n<p>&nbsp;<\/p>\n<p>DBA si concentra senza compromessi su qualit\u00e0, prestazioni e sicurezza. Secondo DBA, non ci possono essere compromessi o sostituzioni alla qualit\u00e0 nella produzione e distribuzione di componenti critici per la sicurezza.<br \/>\nLa gamma di dischi e pastiglie per freni a sostituzione diretta presenta una serie di innovazioni tecniche e brevetti e stabilisce standard in termini di qualit\u00e0, tolleranze e metalli di alta qualit\u00e0 che garantiscono la massima qualit\u00e0.<\/p>\n<p>Gli automobilisti di tutto il mondo apprezzano i prodotti DBA per le loro prestazioni costanti, affidabili ed eccezionali. DBA garantisce questo risultato sviluppando e realizzando prodotti di gran lunga superiori ai ricambi generici e contraffatti presenti sul mercato dei ricambi.<\/p>\n<p>DBA \u00e8 certificata da T\u00dcV Rheinland\u00ae secondo la norma ISO9001:2015.<\/p>","protected":false},"excerpt":{"rendered":"<p>DBA Street Performance Bremsbel\u00e4ge DB15039SP f\u00fcr Jeep Trackhawk &amp; Dodge Durango Hellcat (Vorderachse) &nbsp; Die Street Performance (SP) Bremsbel\u00e4ge von<\/p>","protected":false},"featured_media":68299025,"comment_status":"open","ping_status":"closed","template":"","meta":{"_acf_changed":false},"product_brand":[18922],"product_cat":[17928,17961],"product_tag":[2751,2752,2753,838,590,10806,795,839,840,6870,789,692,186,2215,2139,842,841,673,2137],"class_list":{"0":"post-68299019","1":"product","2":"type-product","3":"status-publish","4":"has-post-thumbnail","6":"product_brand-dba","7":"product_cat-durango-hellcat-bremsbelaege-vorne","8":"product_cat-trackhawk-bremsbelaege-vorne","9":"product_tag-68399095aa","10":"product_tag-68399095ab","11":"product_tag-68399095ac","12":"product_tag-bremsbelag","13":"product_tag-bremsbelaege","14":"product_tag-bremsbelaege-fuer-jeep-trackhawk","15":"product_tag-bremse","16":"product_tag-bremsklotz","17":"product_tag-bremskloetze","18":"product_tag-db15039sp","19":"product_tag-dba","20":"product_tag-ersatzteil","21":"product_tag-performance","22":"product_tag-street","23":"product_tag-tuev","24":"product_tag-vorderachse","25":"product_tag-vorne","26":"product_tag-zubehoer","27":"product_tag-zulassung","29":"first","30":"instock","31":"taxable","32":"shipping-taxable","33":"purchasable","34":"product-type-simple"},"bundled_by":[],"bundle_stock_status":"instock","bundle_stock_quantity":2,"bundle_virtual":false,"bundle_layout":"","bundle_add_to_cart_form_location":"","bundle_editable_in_cart":false,"bundle_sold_individually_context":"","bundle_item_grouping":"","bundle_min_size":"","bundle_max_size":"","bundle_price":[],"bundled_items":[],"bundle_sell_ids":[],"exclude_global_add_ons":[],"addons":[],"acf":[],"_links":{"self":[{"href":"https:\/\/kraftwerk-shop.cc\/it\/wp-json\/wp\/v2\/product\/68299019","targetHints":{"allow":["GET"]}}],"collection":[{"href":"https:\/\/kraftwerk-shop.cc\/it\/wp-json\/wp\/v2\/product"}],"about":[{"href":"https:\/\/kraftwerk-shop.cc\/it\/wp-json\/wp\/v2\/types\/product"}],"replies":[{"embeddable":true,"href":"https:\/\/kraftwerk-shop.cc\/it\/wp-json\/wp\/v2\/comments?post=68299019"}],"version-history":[{"count":0,"href":"https:\/\/kraftwerk-shop.cc\/it\/wp-json\/wp\/v2\/product\/68299019\/revisions"}],"wp:featuredmedia":[{"embeddable":true,"href":"https:\/\/kraftwerk-shop.cc\/it\/wp-json\/wp\/v2\/media\/68299025"}],"wp:attachment":[{"href":"https:\/\/kraftwerk-shop.cc\/it\/wp-json\/wp\/v2\/media?parent=68299019"}],"wp:term":[{"taxonomy":"product_brand","embeddable":true,"href":"https:\/\/kraftwerk-shop.cc\/it\/wp-json\/wp\/v2\/product_brand?post=68299019"},{"taxonomy":"product_cat","embeddable":true,"href":"https:\/\/kraftwerk-shop.cc\/it\/wp-json\/wp\/v2\/product_cat?post=68299019"},{"taxonomy":"product_tag","embeddable":true,"href":"https:\/\/kraftwerk-shop.cc\/it\/wp-json\/wp\/v2\/product_tag?post=68299019"}],"curies":[{"name":"wp","href":"https:\/\/api.w.org\/{rel}","templated":true}]}}