{"id":68299115,"date":"2024-03-12T13:47:47","date_gmt":"2024-03-12T12:47:47","guid":{"rendered":"https:\/\/kraftwerk-shop.cc\/?post_type=product&#038;p=68299115"},"modified":"2026-02-15T01:08:40","modified_gmt":"2026-02-15T00:08:40","slug":"mbrp-s5241blk-scarico-sportivo-ford-bronco","status":"publish","type":"product","link":"https:\/\/kraftwerk-shop.cc\/it\/produkt\/mbrp-s5241blk-sportauspuff-ford-bronco\/","title":{"rendered":"MBRP Cat-Back Tour Profile Ford Bronco 2.3 e 2.7 EcoBoost"},"content":{"rendered":"<h1>Sistema di scarico MBRP Cat-Back 3\u2033 Tour Profile per Ford Bronco 2.3 e 2.7 EcoBoost<\/h1>\n<p>&nbsp;<\/p>\n<p>Lo scarico sportivo MBRP sprigiona tutto il potenziale di potenza e coppia del vostro veicolo e garantisce che il vostro RAM sia pi\u00f9 veloce, pi\u00f9 fluido e pi\u00f9 rumoroso sulla strada.<\/p>\n<p>Ogni sistema di scarico MBRP \u00e8 messo a punto e progettato per fornire al vostro veicolo le massime prestazioni. Realizzato in acciaio alluminato per impieghi gravosi. Ogni sezione del tubo \u00e8 piegata in modo uniforme per aumentare il flusso di scarico. Il silenziatore posteriore \u00e8 progettato per garantire un suono ottimale e ridurre al minimo la contropressione.<\/p>\n<p>L'installazione del sistema di scarico MBRP \u00e8 semplice e non richiede saldature o forature sul veicolo. Ogni sistema utilizza i punti di montaggio esistenti.<\/p>\n<p>Create un'atmosfera di grande impatto senza aumentare il livello di rumorosit\u00e0. Date al vostro veicolo una nota sonora unica con uno scarico MBRP Tour Profile. Godetevi le prestazioni migliorate senza essere troppo rumorosi.<\/p>\n<p>&nbsp;<\/p>\n<p>&nbsp;<\/p>\n<p>Il sistema di scarico MBRP S5241BLK Tour Profile Cat-Back in acciaio alluminato \u00e8 adatto ai seguenti modelli:<\/p>\n<table width=\"449\">\n<tbody>\n<tr>\n<td width=\"115\"><strong>Marchio<\/strong><\/td>\n<td width=\"145\"><strong>Modello<\/strong><\/td>\n<td width=\"106\"><strong>Motore<\/strong><\/td>\n<td width=\"83\"><strong>Anno di costruzione<\/strong><\/td>\n<\/tr>\n<tr>\n<td>Ford<\/td>\n<td>Bronco<\/td>\n<td>2.3 EcoBoost<\/td>\n<td>2021 \u2013 2026<\/td>\n<\/tr>\n<tr>\n<td>Ford<\/td>\n<td>Bronco<\/td>\n<td>2.7 EcoBoost<\/td>\n<td>2021 \u2013 2026<\/td>\n<\/tr>\n<\/tbody>\n<\/table>\n<p>&nbsp;<\/p>\n<p><strong>Acciaio alluminato rivestito di nero:<\/strong><br \/>\nLo stile \u00e8 al primo posto con questo design. Il materiale \u00e8 lo stesso degli altri sistemi MBRP in acciaio alluminato, ma i terminali sono rifiniti con una speciale verniciatura a polvere nera ad alta temperatura che conferisce a ogni veicolo un aspetto unico.<\/p>\n<p>&nbsp;<\/p>\n<p>&nbsp;<\/p>\n<p><iframe loading=\"lazy\" title=\"MBRP S5241BLK scarico sportivo per Ford Bronco 2.3 e 2.7 EcoBoost\" src=\"https:\/\/www.youtube.com\/embed\/_YPcWMaZevE\" width=\"882\" height=\"496\" frameborder=\"0\" allowfullscreen=\"allowfullscreen\"><\/iframe><\/p>\n<p><iframe loading=\"lazy\" title=\"Sistema di scarico MBRP S5241BLK per Ford Bronco 2.3 e 2.7 EcoBoost\" src=\"https:\/\/www.youtube.com\/embed\/1xNigcyPzAY\" width=\"882\" height=\"496\" frameborder=\"0\" allowfullscreen=\"allowfullscreen\"><\/iframe><\/p>\n<p>&nbsp;<\/p>\n<p>&nbsp;<\/p>","protected":false},"excerpt":{"rendered":"<p>Acciaio alluminato<\/p>\n<p>2021 \u2013 2026<\/p>","protected":false},"featured_media":68299158,"comment_status":"open","ping_status":"closed","template":"","meta":{"_acf_changed":false},"product_brand":[17169],"product_cat":[3024,6894,6895],"product_tag":[4020,87,2066,2373,4526,6297,10814,19142,4024,4023,1046,1035,1036,546,1037,4674,1047,2210,3873,662,1039,1042,2786,917,2934,532,529,20273,2211,2931,6924,1044,3872,6883,6882,1045,1041,547,1034,1038,6881,233,2137],"class_list":{"0":"post-68299115","1":"product","2":"type-product","3":"status-publish","4":"has-post-thumbnail","6":"product_brand-mbrp","7":"product_cat-nicht-nach-eu","8":"product_cat-bronco-23-ecoboost-abgasanlage","9":"product_cat-bronco-27-ecoboost-abgasanlage","10":"product_tag-2-3","11":"product_tag-2-7","12":"product_tag-2066","13":"product_tag-2373","14":"product_tag-4526","15":"product_tag-6297","16":"product_tag-10814","17":"product_tag-19142","18":"product_tag-3zoll","19":"product_tag-4023","20":"product_tag-abe","21":"product_tag-abgasanlage","22":"product_tag-abgassystem","23":"product_tag-auspuff","24":"product_tag-auspuffsystem","25":"product_tag-bronco","26":"product_tag-cat-back","27":"product_tag-catback","28":"product_tag-ecoboost","29":"product_tag-edelstahl","30":"product_tag-endschalldaempfer","31":"product_tag-endtopf","32":"product_tag-exhaust","33":"product_tag-ford","34":"product_tag-harder","35":"product_tag-kat","36":"product_tag-katalysator","37":"product_tag-keintuev","38":"product_tag-klang","39":"product_tag-mbrp","40":"product_tag-mbrp10","41":"product_tag-mittelschalldaempfer","42":"product_tag-mustang","43":"product_tag-s5241","44":"product_tag-s5241blk","45":"product_tag-sound","46":"product_tag-sport","47":"product_tag-sportauspuff","48":"product_tag-sportauspuffanlage","49":"product_tag-sportendschalldaempfer","50":"product_tag-tour","51":"product_tag-tuning","52":"product_tag-zulassung","53":"product_shipping_class-paket-xl","55":"first","56":"onbackorder","57":"taxable","58":"shipping-taxable","59":"purchasable","60":"product-type-simple"},"bundled_by":[],"bundle_stock_status":"onbackorder","bundle_stock_quantity":0,"bundle_virtual":false,"bundle_layout":"","bundle_add_to_cart_form_location":"","bundle_editable_in_cart":false,"bundle_sold_individually_context":"","bundle_item_grouping":"","bundle_min_size":"","bundle_max_size":"","bundle_price":[],"bundled_items":[],"bundle_sell_ids":[],"exclude_global_add_ons":[],"addons":[],"acf":[],"_links":{"self":[{"href":"https:\/\/kraftwerk-shop.cc\/it\/wp-json\/wp\/v2\/product\/68299115","targetHints":{"allow":["GET"]}}],"collection":[{"href":"https:\/\/kraftwerk-shop.cc\/it\/wp-json\/wp\/v2\/product"}],"about":[{"href":"https:\/\/kraftwerk-shop.cc\/it\/wp-json\/wp\/v2\/types\/product"}],"replies":[{"embeddable":true,"href":"https:\/\/kraftwerk-shop.cc\/it\/wp-json\/wp\/v2\/comments?post=68299115"}],"version-history":[{"count":0,"href":"https:\/\/kraftwerk-shop.cc\/it\/wp-json\/wp\/v2\/product\/68299115\/revisions"}],"wp:featuredmedia":[{"embeddable":true,"href":"https:\/\/kraftwerk-shop.cc\/it\/wp-json\/wp\/v2\/media\/68299158"}],"wp:attachment":[{"href":"https:\/\/kraftwerk-shop.cc\/it\/wp-json\/wp\/v2\/media?parent=68299115"}],"wp:term":[{"taxonomy":"product_brand","embeddable":true,"href":"https:\/\/kraftwerk-shop.cc\/it\/wp-json\/wp\/v2\/product_brand?post=68299115"},{"taxonomy":"product_cat","embeddable":true,"href":"https:\/\/kraftwerk-shop.cc\/it\/wp-json\/wp\/v2\/product_cat?post=68299115"},{"taxonomy":"product_tag","embeddable":true,"href":"https:\/\/kraftwerk-shop.cc\/it\/wp-json\/wp\/v2\/product_tag?post=68299115"}],"curies":[{"name":"wp","href":"https:\/\/api.w.org\/{rel}","templated":true}]}}