{"id":68299620,"date":"2024-03-30T00:20:39","date_gmt":"2024-03-29T23:20:39","guid":{"rendered":"https:\/\/kraftwerk-shop.cc\/?post_type=product&#038;p=68299620"},"modified":"2026-03-06T12:38:20","modified_gmt":"2026-03-06T11:38:20","slug":"bbk-85mm-corpo-farfallato-jeep-commander","status":"publish","type":"product","link":"https:\/\/kraftwerk-shop.cc\/it\/produkt\/bbk-85mm-drosselklappe-jeep-commander\/","title":{"rendered":"BBK corpo farfallato 85 mm Jeep Commander 5.7"},"content":{"rendered":"<h1>BBK corpo farfallato da 85 mm per Jeep Commander 5.7<\/h1>\n<p>&nbsp;<\/p>\n<p>Il diametro della corpo farfallato \u00e8 di 85 mm in tutto.<br \/>\nQuesto \u00e8 il diametro pi\u00f9 grande che pu\u00f2 essere montato sul collettore di aspirazione standard senza lavori aggiuntivi.<\/p>\n<p>Flusso d'aria pi\u00f9 elevato e migliore comportamento di risposta rispetto alla corpo farfallato originale della Jeep Commander.<\/p>\n<p>I corpi farfallati BBK Hemi sono lavorati a CNC da alluminio fuso 356 di alta qualit\u00e0, per garantire una qualit\u00e0 e un adattamento OEM perfetti.<br \/>\nCambio della corpo farfallato in qualit\u00e0 OEM, cuscinetti a doppia tenuta e aste della corpo farfallato dotate di O-ring.<\/p>\n<p>Adatto a veicoli standard e a veicoli con prestazioni elevate (comprese le conversioni con sovralimentazione).<\/p>\n<p>&nbsp;<\/p>\n<p><strong>Adatto per:<\/strong><\/p>\n<table width=\"376\">\n<tbody>\n<tr>\n<td width=\"83\"><strong>Marchio<\/strong><\/td>\n<td width=\"127\"><strong>Modello<\/strong><\/td>\n<td width=\"83\"><strong>Motore<\/strong><\/td>\n<td width=\"83\"><strong>Anno di costruzione<\/strong><\/td>\n<\/tr>\n<tr>\n<td>Jeep<\/td>\n<td>Commander<\/td>\n<td>5.7<\/td>\n<td>2006 \u2013 2010<\/td>\n<\/tr>\n<\/tbody>\n<\/table>\n<p>&nbsp;<\/p>","protected":false},"excerpt":{"rendered":"<p>BBK 85 mm Drosselklappe f\u00fcr Jeep Commander 5.7 &nbsp; Der Durchmesser der Drosselklappe ist durchgehend 85 mm. Dies ist der<\/p>","protected":false},"featured_media":68275131,"comment_status":"open","ping_status":"closed","template":"","meta":{"_acf_changed":false},"product_brand":[17174],"product_cat":[2745],"product_tag":[2790,2791,91,183,1388,3365,94,158,56,159,160,126,50,4433,36,184,186],"class_list":{"0":"post-68299620","1":"product","2":"type-product","3":"status-publish","4":"has-post-thumbnail","6":"product_brand-bbk","7":"product_cat-commander-ansaugung","8":"product_tag-2790","9":"product_tag-2791","10":"product_tag-5-7","11":"product_tag-183","12":"product_tag-bbk","13":"product_tag-bbkdk","14":"product_tag-commander","15":"product_tag-drosselklappe","16":"product_tag-grand-cherokee","17":"product_tag-gross","18":"product_tag-groesser","19":"product_tag-hemi","20":"product_tag-jeep","21":"product_tag-jeep-commander","22":"product_tag-kraftwerk","23":"product_tag-mm","24":"product_tag-performance","26":"first","27":"instock","28":"taxable","29":"shipping-taxable","30":"purchasable","31":"product-type-simple"},"bundled_by":[],"bundle_stock_status":"instock","bundle_stock_quantity":1,"bundle_virtual":false,"bundle_layout":"","bundle_add_to_cart_form_location":"","bundle_editable_in_cart":false,"bundle_sold_individually_context":"","bundle_item_grouping":"","bundle_min_size":"","bundle_max_size":"","bundle_price":[],"bundled_items":[],"bundle_sell_ids":[],"exclude_global_add_ons":[],"addons":[],"acf":[],"_links":{"self":[{"href":"https:\/\/kraftwerk-shop.cc\/it\/wp-json\/wp\/v2\/product\/68299620","targetHints":{"allow":["GET"]}}],"collection":[{"href":"https:\/\/kraftwerk-shop.cc\/it\/wp-json\/wp\/v2\/product"}],"about":[{"href":"https:\/\/kraftwerk-shop.cc\/it\/wp-json\/wp\/v2\/types\/product"}],"replies":[{"embeddable":true,"href":"https:\/\/kraftwerk-shop.cc\/it\/wp-json\/wp\/v2\/comments?post=68299620"}],"version-history":[{"count":0,"href":"https:\/\/kraftwerk-shop.cc\/it\/wp-json\/wp\/v2\/product\/68299620\/revisions"}],"wp:featuredmedia":[{"embeddable":true,"href":"https:\/\/kraftwerk-shop.cc\/it\/wp-json\/wp\/v2\/media\/68275131"}],"wp:attachment":[{"href":"https:\/\/kraftwerk-shop.cc\/it\/wp-json\/wp\/v2\/media?parent=68299620"}],"wp:term":[{"taxonomy":"product_brand","embeddable":true,"href":"https:\/\/kraftwerk-shop.cc\/it\/wp-json\/wp\/v2\/product_brand?post=68299620"},{"taxonomy":"product_cat","embeddable":true,"href":"https:\/\/kraftwerk-shop.cc\/it\/wp-json\/wp\/v2\/product_cat?post=68299620"},{"taxonomy":"product_tag","embeddable":true,"href":"https:\/\/kraftwerk-shop.cc\/it\/wp-json\/wp\/v2\/product_tag?post=68299620"}],"curies":[{"name":"wp","href":"https:\/\/api.w.org\/{rel}","templated":true}]}}