{"id":68299636,"date":"2024-03-30T00:20:44","date_gmt":"2024-03-29T23:20:44","guid":{"rendered":"https:\/\/kraftwerk-shop.cc\/?post_type=product&#038;p=68299636"},"modified":"2026-03-06T12:38:24","modified_gmt":"2026-03-06T11:38:24","slug":"bbk-85-mm-corpo-farfallato-dodge-challenger","status":"publish","type":"product","link":"https:\/\/kraftwerk-shop.cc\/it\/produkt\/bbk-85mm-drosselklappe-dodge-challenger\/","title":{"rendered":"BBK corpo farfallato 85 mm Dodge Challenger 5.7, 6.1 e 6.4"},"content":{"rendered":"<h1>BBK corpo farfallato da 85 mm per Dodge Challenger 5.7, 6.1 e 6.4<\/h1>\n<p>&nbsp;<\/p>\n<p>Il corpo farfallato BBK da 85 mm per il Dodge Challenger offre una soluzione ottimale per aumentare le prestazioni. Con un diametro di 85 mm, \u00e8 la corpo farfallato pi\u00f9 grande che pu\u00f2 essere montata sul collettore di aspirazione standard senza ulteriori modifiche. Ci\u00f2 consente di migliorare il flusso d'aria e di ottimizzare la risposta dell'acceleratore rispetto al corpo farfallato originale.<\/p>\n<p>Realizzata in alluminio fuso 356 di alta qualit\u00e0 e fresata con precisione CNC, la corpo farfallato\nBBK garantisce una perfetta qualit\u00e0 OEM e un montaggio preciso. Presenta inoltre un ingranaggio dell'acceleratore di qualit\u00e0 OEM, cuscinetti a doppia tenuta e aste dell'acceleratore dotate di O-ring.<\/p>\n<p>Il corpo farfallato BBK da 85 mm \u00e8 adatto sia ai veicoli di serie che a quelli potenziati in termini di prestazioni, comprese le conversioni con sovralimentazione. Grazie alle sue eccezionali prestazioni e qualit\u00e0, \u00e8 la scelta ideale per il Dodge Challenger.<\/p>\n<p>&nbsp;<\/p>\n<p>&nbsp;<\/p>\n<p><strong>Adatto per:<\/strong><\/p>\n<table width=\"376\">\n<tbody>\n<tr>\n<td width=\"83\"><strong>Marchio<\/strong><\/td>\n<td width=\"127\"><strong>Modello<\/strong><\/td>\n<td width=\"83\"><strong>Motore<\/strong><\/td>\n<td width=\"83\"><strong>Anno di costruzione<\/strong><\/td>\n<\/tr>\n<tr>\n<td>Dodge<\/td>\n<td>Challenger<\/td>\n<td>5.7<\/td>\n<td>2008 \u2013 2023<\/td>\n<\/tr>\n<tr>\n<td>Dodge<\/td>\n<td>Challenger<\/td>\n<td>6.1<\/td>\n<td>2008 \u2013 2010<\/td>\n<\/tr>\n<tr>\n<td>Dodge<\/td>\n<td>Challenger<\/td>\n<td>6.4<\/td>\n<td>2011 \u2013 2023<\/td>\n<\/tr>\n<\/tbody>\n<\/table>\n<p>&nbsp;<\/p>\n<p>Si assicuri di selezionare l'anno di produzione corretto, poich\u00e9 esistono due varianti diverse.<br \/>\nLa prima variante \u00e8 stata installata fino al 2012, la seconda variante dal 2013.<\/p>\n<p>Se non \u00e8 sicuro, confronti la corpo farfallato del suo veicolo con questa immagine per vedere se la variante fino al 2012 o dal 2013 \u00e8 adatta:<\/p>\n<p><img decoding=\"async\" class=\"aligncenter wp-image-68256549\" src=\"https:\/\/kraftwerk-shop.cc\/wp-content\/uploads\/2021\/09\/Drosselklappe-Zuordnung-1-300x286.jpg\" alt=\"Assegnazione della valvola a farfalla Chrysler, Dodge, Jeep\" width=\"450\" height=\"429\" \/><\/p>","protected":false},"excerpt":{"rendered":"<p>BBK 85 mm Drosselklappe f\u00fcr Dodge Challenger 5.7, 6.1 und 6.4 &nbsp; Die BBK 85 mm Drosselklappe f\u00fcr den Dodge<\/p>","protected":false},"featured_media":68275126,"comment_status":"open","ping_status":"closed","template":"","meta":{"_acf_changed":false},"product_brand":[17174],"product_cat":[2501,2514,2512],"product_tag":[2790,2791,91,92,93,183,1388,3365,54,49,3853,158,159,160,126,36,184,186,96],"class_list":{"0":"post-68299636","1":"product","2":"type-product","3":"status-publish","4":"has-post-thumbnail","6":"product_brand-bbk","7":"product_cat-challenger-57-ansaugung","8":"product_cat-challenger-61-ansaugung","9":"product_cat-challenger-64-ansaugung","10":"product_tag-2790","11":"product_tag-2791","12":"product_tag-5-7","13":"product_tag-6-1","14":"product_tag-6-4","15":"product_tag-183","16":"product_tag-bbk","17":"product_tag-bbkdk","18":"product_tag-challenger","19":"product_tag-dodge","20":"product_tag-dodge-challenger","21":"product_tag-drosselklappe","22":"product_tag-gross","23":"product_tag-groesser","24":"product_tag-hemi","25":"product_tag-kraftwerk","26":"product_tag-mm","27":"product_tag-performance","28":"product_tag-srt","30":"first","31":"instock","32":"taxable","33":"shipping-taxable","34":"purchasable","35":"product-type-variable"},"bundled_by":[],"bundle_stock_status":"instock","bundle_stock_quantity":2,"bundle_virtual":false,"bundle_layout":"","bundle_add_to_cart_form_location":"","bundle_editable_in_cart":false,"bundle_sold_individually_context":"","bundle_item_grouping":"","bundle_min_size":"","bundle_max_size":"","bundle_price":[],"bundled_items":[],"bundle_sell_ids":[],"exclude_global_add_ons":[],"addons":[],"acf":[],"_links":{"self":[{"href":"https:\/\/kraftwerk-shop.cc\/it\/wp-json\/wp\/v2\/product\/68299636","targetHints":{"allow":["GET"]}}],"collection":[{"href":"https:\/\/kraftwerk-shop.cc\/it\/wp-json\/wp\/v2\/product"}],"about":[{"href":"https:\/\/kraftwerk-shop.cc\/it\/wp-json\/wp\/v2\/types\/product"}],"replies":[{"embeddable":true,"href":"https:\/\/kraftwerk-shop.cc\/it\/wp-json\/wp\/v2\/comments?post=68299636"}],"version-history":[{"count":0,"href":"https:\/\/kraftwerk-shop.cc\/it\/wp-json\/wp\/v2\/product\/68299636\/revisions"}],"wp:featuredmedia":[{"embeddable":true,"href":"https:\/\/kraftwerk-shop.cc\/it\/wp-json\/wp\/v2\/media\/68275126"}],"wp:attachment":[{"href":"https:\/\/kraftwerk-shop.cc\/it\/wp-json\/wp\/v2\/media?parent=68299636"}],"wp:term":[{"taxonomy":"product_brand","embeddable":true,"href":"https:\/\/kraftwerk-shop.cc\/it\/wp-json\/wp\/v2\/product_brand?post=68299636"},{"taxonomy":"product_cat","embeddable":true,"href":"https:\/\/kraftwerk-shop.cc\/it\/wp-json\/wp\/v2\/product_cat?post=68299636"},{"taxonomy":"product_tag","embeddable":true,"href":"https:\/\/kraftwerk-shop.cc\/it\/wp-json\/wp\/v2\/product_tag?post=68299636"}],"curies":[{"name":"wp","href":"https:\/\/api.w.org\/{rel}","templated":true}]}}