{"id":68299637,"date":"2024-03-30T00:20:45","date_gmt":"2024-03-29T23:20:45","guid":{"rendered":"https:\/\/kraftwerk-shop.cc\/?post_type=product&#038;p=68299637"},"modified":"2026-03-06T12:38:25","modified_gmt":"2026-03-06T11:38:25","slug":"bbk-85-mm-corpo-farfallato-chrysler-300c","status":"publish","type":"product","link":"https:\/\/kraftwerk-shop.cc\/it\/produkt\/bbk-85mm-drosselklappe-chrysler-300c\/","title":{"rendered":"BBK corpo farfallato 85 mm Chrysler 300C 5.7, 6.1 e 6.4"},"content":{"rendered":"<h1>BBK corpo farfallato da 85 mm per Chrysler 300C 5.7, 6.1 e 6.4<\/h1>\n<p>&nbsp;<\/p>\n<p>Il diametro della corpo farfallato contrassegnata \u00e8 di 85 mm costanti. Questo valore rappresenta il diametro pi\u00f9 grande possibile che pu\u00f2 essere montato sul collettore di aspirazione standard dell'Chrysler 300C senza ulteriori modifiche.<br \/>\nL'utilizzo di questa corpo farfallato consente un passaggio d'aria pi\u00f9 ampio e migliora il comportamento di risposta rispetto alla corpo farfallato originale.<br \/>\nI corpi farfallati BBK Hemi sono realizzati in alluminio fuso 356 di alta qualit\u00e0, lavorato a CNC per garantire una perfetta qualit\u00e0 OEM e una precisione di montaggio.<br \/>\nInoltre, le valvole a farfalla sono dotate di un ingranaggio a farfalla di qualit\u00e0 OEM, di cuscinetti a doppia tenuta e di aste a farfalla dotate di O-ring. Questo le rende adatte sia ai veicoli di serie che a quelli con prestazioni elevate, comprese le conversioni con sovralimentazione.<\/p>\n<p>&nbsp;<\/p>\n<p>&nbsp;<\/p>\n<p><strong>Adatto per:<\/strong><\/p>\n<table width=\"376\">\n<tbody>\n<tr>\n<td width=\"83\"><strong>Marchio<\/strong><\/td>\n<td width=\"127\"><strong>Modello<\/strong><\/td>\n<td width=\"83\"><strong>Motore<\/strong><\/td>\n<td width=\"83\"><strong>Anno di costruzione<\/strong><\/td>\n<\/tr>\n<tr>\n<td>Chrysler<\/td>\n<td>300C<\/td>\n<td>5.7<\/td>\n<td>2005 \u2013 2023<\/td>\n<\/tr>\n<tr>\n<td>Chrysler<\/td>\n<td>300C<\/td>\n<td>6.1<\/td>\n<td>2005 \u2013 2010<\/td>\n<\/tr>\n<tr>\n<td>Chrysler<\/td>\n<td>300C<\/td>\n<td>6.4<\/td>\n<td>2012 \u2013 2014<\/td>\n<\/tr>\n<\/tbody>\n<\/table>\n<p>&nbsp;<\/p>\n<p>Si assicuri di selezionare l'anno di produzione corretto, poich\u00e9 esistono due varianti diverse.<br \/>\nLa prima variante \u00e8 stata installata fino al 2012, la seconda variante dal 2013.<\/p>\n<p>Se non \u00e8 sicuro, confronti la corpo farfallato del suo veicolo con questa immagine per vedere se la variante fino al 2012 o dal 2013 \u00e8 adatta:<\/p>\n<p><img decoding=\"async\" class=\"aligncenter wp-image-68256549\" src=\"https:\/\/kraftwerk-shop.cc\/wp-content\/uploads\/2021\/09\/Drosselklappe-Zuordnung-1-300x286.jpg\" alt=\"Assegnazione della valvola a farfalla Chrysler, Dodge, Jeep\" width=\"450\" height=\"429\" \/><\/p>","protected":false},"excerpt":{"rendered":"<p>BBK 85 mm Drosselklappe f\u00fcr Chrysler 300C 5.7, 6.1 und 6.4 &nbsp; Der Durchmesser der markierten Drosselklappe betr\u00e4gt konstant 85<\/p>","protected":false},"featured_media":68275126,"comment_status":"open","ping_status":"closed","template":"","meta":{"_acf_changed":false},"product_brand":[17174],"product_cat":[2506,4973,2507,2517],"product_tag":[2790,2791,52,91,92,93,183,1388,3365,48,536,158,159,160,126,36,184,186,96],"class_list":{"0":"post-68299637","1":"product","2":"type-product","3":"status-publish","4":"has-post-thumbnail","6":"product_brand-bbk","7":"product_cat-300c-57-2005-2010-ansaugung","8":"product_cat-300c-57-2011-2023-ansaugung","9":"product_cat-300c-61-ansaugung","10":"product_cat-300c-64-ansaugung","11":"product_tag-2790","12":"product_tag-2791","13":"product_tag-300c","14":"product_tag-5-7","15":"product_tag-6-1","16":"product_tag-6-4","17":"product_tag-183","18":"product_tag-bbk","19":"product_tag-bbkdk","20":"product_tag-chrysler","21":"product_tag-chrysler-300c","22":"product_tag-drosselklappe","23":"product_tag-gross","24":"product_tag-groesser","25":"product_tag-hemi","26":"product_tag-kraftwerk","27":"product_tag-mm","28":"product_tag-performance","29":"product_tag-srt","31":"first","32":"instock","33":"taxable","34":"shipping-taxable","35":"purchasable","36":"product-type-variable"},"bundled_by":[],"bundle_stock_status":"instock","bundle_stock_quantity":2,"bundle_virtual":false,"bundle_layout":"","bundle_add_to_cart_form_location":"","bundle_editable_in_cart":false,"bundle_sold_individually_context":"","bundle_item_grouping":"","bundle_min_size":"","bundle_max_size":"","bundle_price":[],"bundled_items":[],"bundle_sell_ids":[],"exclude_global_add_ons":[],"addons":[],"acf":[],"_links":{"self":[{"href":"https:\/\/kraftwerk-shop.cc\/it\/wp-json\/wp\/v2\/product\/68299637","targetHints":{"allow":["GET"]}}],"collection":[{"href":"https:\/\/kraftwerk-shop.cc\/it\/wp-json\/wp\/v2\/product"}],"about":[{"href":"https:\/\/kraftwerk-shop.cc\/it\/wp-json\/wp\/v2\/types\/product"}],"replies":[{"embeddable":true,"href":"https:\/\/kraftwerk-shop.cc\/it\/wp-json\/wp\/v2\/comments?post=68299637"}],"version-history":[{"count":0,"href":"https:\/\/kraftwerk-shop.cc\/it\/wp-json\/wp\/v2\/product\/68299637\/revisions"}],"wp:featuredmedia":[{"embeddable":true,"href":"https:\/\/kraftwerk-shop.cc\/it\/wp-json\/wp\/v2\/media\/68275126"}],"wp:attachment":[{"href":"https:\/\/kraftwerk-shop.cc\/it\/wp-json\/wp\/v2\/media?parent=68299637"}],"wp:term":[{"taxonomy":"product_brand","embeddable":true,"href":"https:\/\/kraftwerk-shop.cc\/it\/wp-json\/wp\/v2\/product_brand?post=68299637"},{"taxonomy":"product_cat","embeddable":true,"href":"https:\/\/kraftwerk-shop.cc\/it\/wp-json\/wp\/v2\/product_cat?post=68299637"},{"taxonomy":"product_tag","embeddable":true,"href":"https:\/\/kraftwerk-shop.cc\/it\/wp-json\/wp\/v2\/product_tag?post=68299637"}],"curies":[{"name":"wp","href":"https:\/\/api.w.org\/{rel}","templated":true}]}}