{"id":68299683,"date":"2024-03-30T21:26:26","date_gmt":"2024-03-30T20:26:26","guid":{"rendered":"https:\/\/kraftwerk-shop.cc\/?post_type=product&#038;p=68299683"},"modified":"2026-03-13T14:21:30","modified_gmt":"2026-03-13T13:21:30","slug":"dischi-freno-ebc-dodge-challenger-srt-hellcat","status":"publish","type":"product","link":"https:\/\/kraftwerk-shop.cc\/it\/produkt\/ebc-bremsscheiben-dodge-challenger-srt-hellcat\/","title":{"rendered":"Dischi freno EBC Swept-Groove Challenger SRT e Hellcat"},"content":{"rendered":"<h1>Dischi freno EBC Swept-Groove High-Carbon per Dodge Challenger SRT e Hellcat dal 2015 al 2020 (390 mm)<\/h1>\n<p>&nbsp;<\/p>\n<ul>\n<li>Struttura completamente flottante, in 2 parti, contro i danni da calore in condizioni estreme<\/li>\n<li>Chiusure monoblocco in acciaio inox con molla per evitare tintinnii<\/li>\n<li>Mozzo nero in alluminio speciale temprato e resistente alla distorsione<\/li>\n<li>Scanalature curve dell'anello di frizione per un'efficace rimozione della polvere e dei gas dei freni<\/li>\n<li>Anelli di frizione sostituibili in lega speciale ad alto tenore di carbonio G3500<\/li>\n<\/ul>\n<p>&nbsp;<\/p>\n<p><strong>Numeri di confronto Mopar:<\/strong> 68184587AE (vecchi numeri di parte 68184587AA, 68184587AB, 68184587AC, 68184587AD)<\/p>\n<p>Posizione di installazione: anteriore<\/p>\n<p>R90: In preparazione<\/p>\n<p>&nbsp;<\/p>\n<p><strong>Adatto per:<\/strong><\/p>\n<table width=\"745\">\n<tbody>\n<tr>\n<td width=\"83\"><strong>Marchio<\/strong><\/td>\n<td width=\"83\"><strong>Modello<\/strong><\/td>\n<td width=\"143\"><strong>Motore<\/strong><\/td>\n<td width=\"436\"><strong>Variante<\/strong><\/td>\n<\/tr>\n<tr>\n<td width=\"83\">Dodge<\/td>\n<td width=\"83\">Challenger<\/td>\n<td width=\"143\">6,4 SRT<\/td>\n<td width=\"436\">2015 - 2020 con dischi freno da 390 mm<\/td>\n<\/tr>\n<tr>\n<td width=\"83\">Dodge<\/td>\n<td width=\"83\">Challenger<\/td>\n<td width=\"143\">6.2 Hellcat<\/td>\n<td width=\"436\">2015 - 2020<\/td>\n<\/tr>\n<\/tbody>\n<\/table>\n<p><strong>\u00a0<\/strong><\/p>\n<p>&nbsp;<\/p>\n<p><strong>Ambito di fornitura: <\/strong><\/p>\n<p>- 2 dischi freno EBC Swept-Groove (SG2F017) per l'asse anteriore<\/p>\n<p>&nbsp;<\/p>\n<div id=\"Inhalt_Element\">\n<div id=\"Inhalt_Element\">\n<p align=\"center\">\n<\/div>\n<div id=\"Inhalt_Element\">\n<p>.<\/p>\n<\/div>\n<div id=\"Inhalt_Element\">\n<h2 align=\"center\">Panoramica dei singoli componenti del disco Swept-Groove in 2 parti<\/h2>\n<h3 align=\"center\">Anelli di frizione in lega fusa G3500<\/h3>\n<p align=\"center\"><img decoding=\"async\" id=\"image_left2\" class=\"alignnone\" src=\"https:\/\/ebc-brakes.de\/pics\/disc-1.jpg\" alt=\"Elementi di fissaggio in acciaio inox SD-Drive\" width=\"686\" height=\"805\" \/><\/p>\n<\/div>\n<div id=\"Inhalt_Element\">\n<p>La lega dei dischi freno offre una migliore conducibilit\u00e0 termica ed \u00e8 pi\u00f9 resistente ai carichi termici. Ci\u00f2 \u00e8 importante per garantire le massime prestazioni e la durata dei dischi freno della Dodge Challenger SRT o Hellcat, sia su strada che in pista.<\/p>\n<p>I dischi freno a 2 pezzi di EBC Brakes Racing hanno resistito a centinaia di ore di test rigorosi in pista. Tuttavia, i dischi non sono solo un prodotto perfetto per la pista. Caratteristiche come i mozzi anodizzati, la ferramenta in acciaio inossidabile combinata con i vasi del mozzo anodizzati, la ferramenta di montaggio in acciaio inossidabile e le clip a molla \"antirombo\" in acciaio inossidabile assicurano che i dischi freno EBC Racing siano anche la scelta perfetta per chi guida il proprio veicolo sia in pista che sulle strade pubbliche.<\/p>\n<p>&nbsp;<\/p>\n<p>&nbsp;<\/p>\n<\/div>\n<div id=\"Inhalt_Element\">\n<h3 align=\"center\">48 condotti d'aria curvi<\/h3>\n<p align=\"center\"><img decoding=\"async\" id=\"image_left2\" src=\"https:\/\/ebc-brakes.de\/pics\/swept1.jpg\" \/><\/p>\n<p align=\"left\">Tutti gli anelli di frizione hanno 48 condotti d'aria curvi e sono allineati a destra e a sinistra per garantire che i condotti d'aria nel disco del freno forniscano sempre il massimo effetto di raffreddamento possibile. In molti veicoli moderni, i condotti dell'aria ruotano nella direzione sbagliata, causando una temperatura pi\u00f9 elevata del disco del freno e uno sbilanciamento della temperatura tra il disco del freno destro e quello sinistro.<\/p>\n<p>In questi casi, purtroppo, molti produttori OEM sacrificano prestazioni importanti a favore di un risparmio sui costi di attrezzaggio e sugli stampi e, invece di produrre un disco destro e uno sinistro, producono un solo tipo di disco per entrambi i lati. Questo \u00e8 anche il caso dei dischi Dodge Challenger SRT e Hellcat - i dischi freno originali Mopar hanno lo stesso numero di parte a sinistra e a destra.<\/p>\n<p>&nbsp;<\/p>\n<p align=\"center\">\n<\/div>\n<div id=\"Inhalt_Element\">\n<h3 align=\"center\">Tappi del mozzo in alluminio secondo lo standard aeronautico<\/h3>\n<p align=\"center\"><img decoding=\"async\" id=\"image_left2\" src=\"https:\/\/ebc-brakes.de\/pics\/hub_final_3.jpg\" \/><\/p>\n<div id=\"Inhalt_Element\">\n<p>I mozzi dei dischi freno EBC Brakes Racing a 2 pezzi sono prodotti con assoluta precisione da spezzoni di alluminio conformi alle specifiche dello standard aeronautico, per garantire la massima resistenza con il minor peso possibile. Dopo la produzione, tutti i mozzi vengono sottoposti a un rivestimento anodizzato nero, che garantisce un aspetto di alta qualit\u00e0 e resistenza alla corrosione.<\/p>\n<\/div>\n<div id=\"Inhalt_Element\">\n<h3 align=\"center\"><\/h3>\n<h3 align=\"center\">Elementi di fissaggio in acciaio inox SD-Drive<\/h3>\n<p align=\"center\"><img decoding=\"async\" id=\"image_left2\" src=\"https:\/\/ebc-brakes.de\/pics\/bobbin.jpg\" \/><\/p>\n<div id=\"Inhalt_Element\">\n<p>Uno dei componenti pi\u00f9 piccoli ma pi\u00f9 innovativi utilizzati nella produzione dei nostri dischi freno a 2 pezzi completamente flottanti \u00e8 l'elemento di collegamento SD-Drive\u2122 in acciaio inox. Per motivi di costo, la maggior parte dei nostri concorrenti utilizza elementi di fissaggio in acciaio e poi zincati. Ogni elemento di fissaggio SD-Drive\u2122 \u00e8 prodotto da un unico pezzo di acciaio inossidabile, il che significa che non si verificheranno problemi di corrosione.<\/p>\n<p>Gli elementi di fissaggio in acciaio inox non sono solo un vantaggio estetico, ma garantiscono anche che l'anello di frizione non si grippi e sia quindi praticamente esente da manutenzione, sia completamente flottante per tutta la sua durata e possa espandersi radialmente sotto carico termico.<\/p>\n<p>Spesso ci troviamo di fronte all'affermazione che i dischi freno flottanti dovrebbero essere utilizzati solo in pista e non sulle strade pubbliche. Tuttavia, i nostri innovativi elementi di collegamento in acciaio inox SD-Drive\u2122 consentono di utilizzare i nostri dischi freno a 2 pezzi su strada senza aumentare la manutenzione, anche in paesi con condizioni climatiche sfavorevoli e dove le strade sporche sono la norma.<\/p>\n<p>Inoltre, per ogni elemento di collegamento viene utilizzata una clip a molla in acciaio inossidabile, che impedisce ai dischi di \"sferragliare\". In questo modo, i dischi freno EBC Brakes Racing funzionano in modo assolutamente silenzioso e possono essere utilizzati sulle strade pubbliche senza il \"tintinnio\" che pu\u00f2 verificarsi con i dischi a 2 pezzi.<\/p>\n<p>I dispositivi di fissaggio SD-Drive\u2122 funzionano secondo il principio del galleggiamento, il che significa che l'espansione e la contrazione degli anelli di attrito che si verificano durante il funzionamento avvengono solo nell'anello di attrito stesso e non vengono trasferite al mozzo. Ci\u00f2 consente di continuare a utilizzare gli elementi di collegamento insieme al mozzo in alluminio se l'anello di attrito deve essere sostituito.<\/p>\n<\/div>\n<\/div>\n<\/div>\n<\/div>\n<div id=\"Inhalt_Element\">\n<div id=\"Inhalt_Element\">\n<div id=\"Inhalt_Element\">\n<p>&nbsp;<\/p>\n<\/div>\n<\/div>\n<\/div>","protected":false},"excerpt":{"rendered":"<p><span style=\"font-size: 16px;\">Dischi freno da 390 mm, 2 pezzi, 2015 - 2020<br \/>\n(1 paio)<br \/>\n<\/span><\/p>\n<p>&nbsp;<\/p>","protected":false},"featured_media":68299698,"comment_status":"open","ping_status":"closed","template":"","meta":{"_acf_changed":false},"product_brand":[16875],"product_cat":[17693,17689],"product_tag":[2324,936,938,937,939,940,795,796,3946,10802,54,49,3853,964,2442,16877,16876,16878,692,942,941,100,36,31,794,1130,797,96,842,841,673],"class_list":{"0":"post-68299683","1":"product","2":"type-product","3":"status-publish","4":"has-post-thumbnail","6":"product_brand-ebc-brakes","7":"product_cat-challenger-hellcat-bremsscheiben-vorne","8":"product_cat-challenger-64-bremsscheiben-vorne","9":"product_tag-68184587aa","10":"product_tag-68184587ab","11":"product_tag-68184587ac","12":"product_tag-68184587ad","13":"product_tag-68184587ae","14":"product_tag-aftermarket","15":"product_tag-bremse","16":"product_tag-bremsscheibe","17":"product_tag-bremsscheiben-fuer-dodge-challenger","18":"product_tag-bremsscheiben-fuer-dodge-challenger-6-4","19":"product_tag-challenger","20":"product_tag-dodge","21":"product_tag-dodge-challenger","22":"product_tag-ebc","23":"product_tag-ebc-brakes","24":"product_tag-ebc-bremsbelaege","25":"product_tag-ebc-bremsen","26":"product_tag-ebc-bremsscheiben","27":"product_tag-ersatzteil","28":"product_tag-gelocht","29":"product_tag-geschlitzt","30":"product_tag-hellcat","31":"product_tag-kraftwerk","32":"product_tag-mopar","33":"product_tag-premium","34":"product_tag-sg2f017","35":"product_tag-sportbremsscheibe","36":"product_tag-srt","37":"product_tag-vorderachse","38":"product_tag-vorne","39":"product_tag-zubehoer","41":"first","42":"instock","43":"taxable","44":"shipping-taxable","45":"purchasable","46":"product-type-simple"},"bundled_by":[],"bundle_stock_status":"instock","bundle_stock_quantity":1,"bundle_virtual":false,"bundle_layout":"","bundle_add_to_cart_form_location":"","bundle_editable_in_cart":false,"bundle_sold_individually_context":"","bundle_item_grouping":"","bundle_min_size":"","bundle_max_size":"","bundle_price":[],"bundled_items":[],"bundle_sell_ids":[],"exclude_global_add_ons":[],"addons":[],"acf":[],"_links":{"self":[{"href":"https:\/\/kraftwerk-shop.cc\/it\/wp-json\/wp\/v2\/product\/68299683","targetHints":{"allow":["GET"]}}],"collection":[{"href":"https:\/\/kraftwerk-shop.cc\/it\/wp-json\/wp\/v2\/product"}],"about":[{"href":"https:\/\/kraftwerk-shop.cc\/it\/wp-json\/wp\/v2\/types\/product"}],"replies":[{"embeddable":true,"href":"https:\/\/kraftwerk-shop.cc\/it\/wp-json\/wp\/v2\/comments?post=68299683"}],"version-history":[{"count":0,"href":"https:\/\/kraftwerk-shop.cc\/it\/wp-json\/wp\/v2\/product\/68299683\/revisions"}],"wp:featuredmedia":[{"embeddable":true,"href":"https:\/\/kraftwerk-shop.cc\/it\/wp-json\/wp\/v2\/media\/68299698"}],"wp:attachment":[{"href":"https:\/\/kraftwerk-shop.cc\/it\/wp-json\/wp\/v2\/media?parent=68299683"}],"wp:term":[{"taxonomy":"product_brand","embeddable":true,"href":"https:\/\/kraftwerk-shop.cc\/it\/wp-json\/wp\/v2\/product_brand?post=68299683"},{"taxonomy":"product_cat","embeddable":true,"href":"https:\/\/kraftwerk-shop.cc\/it\/wp-json\/wp\/v2\/product_cat?post=68299683"},{"taxonomy":"product_tag","embeddable":true,"href":"https:\/\/kraftwerk-shop.cc\/it\/wp-json\/wp\/v2\/product_tag?post=68299683"}],"curies":[{"name":"wp","href":"https:\/\/api.w.org\/{rel}","templated":true}]}}