{"id":68299712,"date":"2024-03-30T23:11:37","date_gmt":"2024-03-30T22:11:37","guid":{"rendered":"https:\/\/kraftwerk-shop.cc\/?post_type=product&#038;p=68299712"},"modified":"2026-04-02T00:29:55","modified_gmt":"2026-04-01T22:29:55","slug":"dischi-freno-paragon-charger-srt-hellcat","status":"publish","type":"product","link":"https:\/\/kraftwerk-shop.cc\/it\/produkt\/paragon-bremsscheiben-charger-srt-hellcat\/","title":{"rendered":"Dischi freno Paragon Performance Charger SRT e Hellcat"},"content":{"rendered":"<h1>Dischi freno Paragon Performance per Dodge Charger 6.4 e Hellcat dal 2015 al 2020 (390 mm), versione scanalata per l'asse anteriore<\/h1>\n<p>&nbsp;<\/p>\n<p>A causa del peso elevato del veicolo e della mancanza di un efficace sistema di raffreddamento dei freni, non \u00e8 raro che i dischi dei freni di serie dell'Dodge Charger 6.4 e Hellcat si rompano prematuramente dopo l'uso in pista o in condizioni di utilizzo gravoso.<br \/>\nI dischi freno Paragon Performance possono essere una soluzione efficace a questo problema, migliorando la sensazione del pedale e la modulazione dei freni della vostra Dodge Charger.<\/p>\n<p>Il disco freno in 2 pezzi di Paragon Performance offre una frenata superiore e un'efficienza di raffreddamento ottimizzata per l'uso in pista. L'aletta di ventilazione direzionale crea aspirazione e turbolenza e incanala l'aria fredda attraverso il disco per migliorare la dissipazione del calore e aumentare la resistenza alle rotture in condizioni di pista difficili.<\/p>\n<p>Il rotore \u00e8 realizzato in CM-250, una lega speciale fusa ad alto contenuto di carbonio, che garantisce un'ottima aderenza, propriet\u00e0 termiche, resistenza alle alte temperature e durata.<br \/>\nGli anelli del disco freno sono trattati termicamente per ridurre le sollecitazioni nel disco freno ed evitare cos\u00ec deformazioni e vibrazioni.<br \/>\nVengono poi lavorati con un trattamento superficiale CBN all'avanguardia per garantire un migliore rodaggio con le nuove pastiglie dei freni.<\/p>\n<p>Le vibrazioni sono ridotte in quanto il run-out laterale del disco freno \u00e8 contenuto entro 0,03 mm e il bilanciamento \u00e8 contenuto entro 2 grammi.<br \/>\nTutti i dischi freno sono stati sottoposti a severi controlli e test di qualit\u00e0 per garantirne l'idoneit\u00e0 allo scopo.<br \/>\nIl design a due pezzi consente al disco del freno di espandersi termicamente, riducendo al minimo la deformazione e assicurando che il disco del freno sia centrato rispetto alle pastiglie.<br \/>\nUn disco freno scanalato migliora la stabilit\u00e0 della frenata mantenendo una superficie di contatto pulita e dissipando il calore e i gas generati quando le pastiglie dei freni entrano in contatto con il disco.<br \/>\nI dischi freno scanalati presentano un vantaggio decisivo rispetto ai dischi nudi in condizioni di bagnato o pioggia, in quanto impediscono la formazione di pellicole d'acqua tra la pastiglia e il disco freno.<br \/>\nI dischi freno Paragon Performance in due pezzi pesano meno della maggior parte dei dischi freno O.E., pur mantenendo la loro capacit\u00e0 di carico termico e migliorando la maneggevolezza grazie alla riduzione delle masse non sospese.<\/p>\n<p>I vasi in alluminio sono lavorati a controllo numerico in leggero alluminio 6061-T6 di tipo aerospaziale e poi rivestiti o anodizzati di nero per fornire uno strato protettivo non conduttivo. I vasi anodizzati neri sono prima anodizzati e poi tinti di nero. Sono equivalenti in termini di prestazioni\/durata.<\/p>\n<p>Il rivestimento nero duro\/anodizzazione dura conforme alle specifiche Mil-Spec (MIL-A-8625 Tipo III) non si scolorisce in presenza di calore estremo. La superficie nera con rivestimento duro\/anodizzazione dura \u00e8 pi\u00f9 dura, pi\u00f9 spessa, pi\u00f9 resistente all'usura e ai graffi.<\/p>\n<p>La finitura nera hard coat\/anodizzata dura fornisce uno spesso strato duro che offre una maggiore resistenza alla corrosione e una durata a bassa manutenzione. La finitura nera hard coat\/anodizzata dura resiste meglio all'esposizione ai raggi ultravioletti (UV), il che \u00e8 ancora pi\u00f9 importante se il veicolo viene parcheggiato spesso all'aperto.<\/p>\n<p>&nbsp;<\/p>\n<p><strong>Propriet\u00e0:<\/strong><\/p>\n<ul>\n<li>Montaggio diretto senza alcuna modifica e progettato per funzionare con l'ABS OEM e il sistema frenante del produttore, mantenendo la polarizzazione dei freni di fabbrica. Compatibile con le pastiglie dei freni OEM o con pastiglie accessorie con la stessa profondit\u00e0 della pastiglia.<\/li>\n<li>Alette di ventilazione direzionali per prestazioni di raffreddamento ottimali, funzionamento fino a 30 % pi\u00f9 freddo rispetto ai dischi freno O.E. e aumento dell'efficienza di raffreddamento fino a 30%<\/li>\n<li>Struttura in 2 parti completamente galleggiante<\/li>\n<li>Riduce al minimo l'afflosciamento dei freni e le vibrazioni nei viaggi pi\u00f9 lunghi<\/li>\n<li>Sistema di fissaggio del disco freno e della calotta: H-Bobbin (10 viti)<\/li>\n<li>Ottimo upgrade rispetto ai dischi freno OEM non direzionali e multidisco<\/li>\n<\/ul>\n<p>&nbsp;<\/p>\n<p><strong>Ambito di fornitura:<\/strong><\/p>\n<ul>\n<li>Una coppia (2 pezzi) di dischi freno Paragon Performance da 390 mm x 34 mm, in 2 pezzi, per Dodge Charger con dischi in alluminio 6061-T6 anodizzato nero\/duro, bobine in acciaio inox e clip antirombo (assemblati e pronti per il montaggio)<\/li>\n<li>Istruzioni dettagliate per l'installazione (tedesco)<\/li>\n<\/ul>\n<p>&nbsp;<\/p>\n<p><strong>Numero di confronto Mopar:<\/strong> 68184587AE<br \/>\n<strong>Vecchi numeri di parte:<\/strong> 68184587AA, 68184587AB, 68184587AC, 68184587AD<\/p>\n<p>&nbsp;<\/p>\n<p><strong>Adatto per:<\/strong><\/p>\n<table width=\"745\">\n<tbody>\n<tr>\n<td width=\"83\"><strong>Marchio<\/strong><\/td>\n<td width=\"83\"><strong>Modello<\/strong><\/td>\n<td width=\"143\"><strong>Motore<\/strong><\/td>\n<td width=\"436\"><strong>Variante<\/strong><\/td>\n<\/tr>\n<tr>\n<td width=\"83\">Dodge<\/td>\n<td width=\"83\">Charger<\/td>\n<td width=\"143\">6,4 SRT<\/td>\n<td width=\"436\">2015 - 2020 con dischi freno da 390 mm<\/td>\n<\/tr>\n<tr>\n<td width=\"83\">Dodge<\/td>\n<td width=\"83\">Charger<\/td>\n<td width=\"143\">6.2 Hellcat<\/td>\n<td width=\"436\">2015 - 2020<\/td>\n<\/tr>\n<\/tbody>\n<\/table>\n<p>&nbsp;<\/p>\n<p>Il prezzo si riferisce a 2 dischi freno (una coppia).<\/p>","protected":false},"excerpt":{"rendered":"<p>Dischi freno da 390 mm, 2 pezzi, 2015 - 2020 (1 coppia)<\/p>","protected":false},"featured_media":68279199,"comment_status":"open","ping_status":"closed","template":"","meta":{"_acf_changed":false},"product_brand":[17982],"product_cat":[17761,17765],"product_tag":[217,101,93,2324,936,938,937,939,940,795,796,53,49,3854,692,100,36,31,4627,4628,794,797,96,842,841,673],"class_list":{"0":"post-68299712","1":"product","2":"type-product","3":"status-publish","4":"has-post-thumbnail","6":"product_brand-paragon-performance","7":"product_cat-charger-hellcat-bremsscheiben-vorne","8":"product_cat-charger-64-bremsscheiben-vorne","9":"product_tag-217","10":"product_tag-6-2","11":"product_tag-6-4","12":"product_tag-68184587aa","13":"product_tag-68184587ab","14":"product_tag-68184587ac","15":"product_tag-68184587ad","16":"product_tag-68184587ae","17":"product_tag-aftermarket","18":"product_tag-bremse","19":"product_tag-bremsscheibe","20":"product_tag-charger","21":"product_tag-dodge","22":"product_tag-dodge-charger","23":"product_tag-ersatzteil","24":"product_tag-hellcat","25":"product_tag-kraftwerk","26":"product_tag-mopar","27":"product_tag-paragon","28":"product_tag-paragon-performance","29":"product_tag-premium","30":"product_tag-sportbremsscheibe","31":"product_tag-srt","32":"product_tag-vorderachse","33":"product_tag-vorne","34":"product_tag-zubehoer","36":"first","37":"onbackorder","38":"taxable","39":"shipping-taxable","40":"purchasable","41":"product-type-variable"},"bundled_by":[],"bundle_stock_status":"onbackorder","bundle_stock_quantity":0,"bundle_virtual":false,"bundle_layout":"","bundle_add_to_cart_form_location":"","bundle_editable_in_cart":false,"bundle_sold_individually_context":"","bundle_item_grouping":"","bundle_min_size":"","bundle_max_size":"","bundle_price":[],"bundled_items":[],"bundle_sell_ids":[],"exclude_global_add_ons":[],"addons":[],"acf":[],"_links":{"self":[{"href":"https:\/\/kraftwerk-shop.cc\/it\/wp-json\/wp\/v2\/product\/68299712","targetHints":{"allow":["GET"]}}],"collection":[{"href":"https:\/\/kraftwerk-shop.cc\/it\/wp-json\/wp\/v2\/product"}],"about":[{"href":"https:\/\/kraftwerk-shop.cc\/it\/wp-json\/wp\/v2\/types\/product"}],"replies":[{"embeddable":true,"href":"https:\/\/kraftwerk-shop.cc\/it\/wp-json\/wp\/v2\/comments?post=68299712"}],"version-history":[{"count":0,"href":"https:\/\/kraftwerk-shop.cc\/it\/wp-json\/wp\/v2\/product\/68299712\/revisions"}],"wp:featuredmedia":[{"embeddable":true,"href":"https:\/\/kraftwerk-shop.cc\/it\/wp-json\/wp\/v2\/media\/68279199"}],"wp:attachment":[{"href":"https:\/\/kraftwerk-shop.cc\/it\/wp-json\/wp\/v2\/media?parent=68299712"}],"wp:term":[{"taxonomy":"product_brand","embeddable":true,"href":"https:\/\/kraftwerk-shop.cc\/it\/wp-json\/wp\/v2\/product_brand?post=68299712"},{"taxonomy":"product_cat","embeddable":true,"href":"https:\/\/kraftwerk-shop.cc\/it\/wp-json\/wp\/v2\/product_cat?post=68299712"},{"taxonomy":"product_tag","embeddable":true,"href":"https:\/\/kraftwerk-shop.cc\/it\/wp-json\/wp\/v2\/product_tag?post=68299712"}],"curies":[{"name":"wp","href":"https:\/\/api.w.org\/{rel}","templated":true}]}}