{"id":68299911,"date":"2024-04-07T16:36:43","date_gmt":"2024-04-07T14:36:43","guid":{"rendered":"https:\/\/kraftwerk-shop.cc\/?post_type=product&#038;p=68299911"},"modified":"2026-02-15T01:09:09","modified_gmt":"2026-02-15T00:09:09","slug":"pastiglie-freno-in-ceramica-hawk-charger-srt-hellcat","status":"publish","type":"product","link":"https:\/\/kraftwerk-shop.cc\/it\/produkt\/hawk-ceramic-bremsbelaege-charger-srt-hellcat\/","title":{"rendered":"Hawk Performance Pastiglie freno in ceramica Charger SRT e Hellcat"},"content":{"rendered":"<h1>Hawk Performance Pastiglie freno in ceramica ad alte prestazioni HB649Z.605 per Dodge Charger SRT e Hellcat (asse anteriore)<\/h1>\n<p>&nbsp;<\/p>\n<p>Hawk riconosce le esigenze degli attuali utilizzatori di pastiglie per freni in ceramica e ha appositamente formulato il suo materiale composito per soddisfare e superare i requisiti di alta rumorosit\u00e0 e bassa polverosit\u00e0 che si \u00e8 prefissato.<br \/>\nLe pastiglie freno Hawk PC (Performance Ceramic) sono progettate per ridurre l'NVH (Noise, Vibration and Harshness) e offrire prestazioni eccezionali chilometro dopo chilometro.<br \/>\nL'esclusiva mescola offre un profilo di attrito lineare che consente al sistema ABS della Charger di lavorare nel modo pi\u00f9 efficace possibile, con il vantaggio di non sacrificare le prestazioni rispetto alle tradizionali pastiglie in ceramica.<br \/>\nCon le pastiglie per freni in ceramica Performance di Hawk si ottiene una minore usura delle pastiglie, una maggiore durata dei dischi freno e una rumorosit\u00e0 molto ridotta.<\/p>\n<p>La Hawk Performance Ceramic \u00e8 un'ottima mescola se la vostra priorit\u00e0 \u00e8 ridurre al minimo la polvere dei freni. Questa mescola \u00e8 un ricambio molto popolare per i freni Brembo OEM a 6 pistoni utilizzati nelle Dodge Charger.<br \/>\nSe non desiderate prestazioni di frenata superiori rispetto all'equipaggiamento standard e volete praticamente eliminare la polvere dei freni, le pastiglie freno in ceramica Hawk Performance fanno al caso vostro.<\/p>\n<p>&nbsp;<\/p>\n<p><strong>Propriet\u00e0:<\/strong><\/p>\n<ul>\n<li>Estremamente silenzioso<\/li>\n<li>Polvere estremamente ridotta<\/li>\n<li>Forza di frenata migliorata<\/li>\n<li>Delicato sui dischi dei freni<\/li>\n<li>Prestazioni di frenata stabili<\/li>\n<li>35-345 \u00b0C Intervallo di temperatura di esercizio<\/li>\n<li>35-235 \u00b0C Intervallo di temperatura ottimale<\/li>\n<\/ul>\n<p>&nbsp;<\/p>\n<p><strong>Numeri di confronto Mopar: <\/strong>68248384AA, 68248384AB, 68248384AC, 68248384AD, 68525329AA, 68525329AB. 68525329AC<\/p>\n<p>&nbsp;<\/p>\n<p><strong>Adatto per:<\/strong><\/p>\n<table width=\"568\">\n<tbody>\n<tr>\n<td width=\"83\">Dodge<\/td>\n<td width=\"138\">Charger<\/td>\n<td width=\"98\">6.4<\/td>\n<td colspan=\"3\" width=\"249\">2015 - 2020 con dischi freno da 390 mm<\/td>\n<\/tr>\n<tr>\n<td>Dodge<\/td>\n<td>Charger<\/td>\n<td>6.4<\/td>\n<td colspan=\"3\">2021 - 2023 con dischi freno da 400 mm<\/td>\n<\/tr>\n<tr>\n<td>Dodge<\/td>\n<td>Charger Hellcat<\/td>\n<td>6.2<\/td>\n<td colspan=\"3\">2015 - 2020 con dischi freno da 390 mm<\/td>\n<\/tr>\n<tr>\n<td>Dodge<\/td>\n<td>Charger Hellcat<\/td>\n<td>6.2<\/td>\n<td colspan=\"3\">2021 - 2023 con dischi freno da 400 mm<\/td>\n<\/tr>\n<\/tbody>\n<\/table>\n<p>&nbsp;<\/p>\n<p>Il prezzo si riferisce a 1 set per l'asse anteriore completo.<\/p>","protected":false},"excerpt":{"rendered":"<p>Adatto per dischi freno da 390 e 400 mm<\/p>","protected":false},"featured_media":68299932,"comment_status":"open","ping_status":"closed","template":"","meta":{"_acf_changed":false},"product_brand":[17621],"product_cat":[17759,17763],"product_tag":[101,93,945,943,944,6821,4556,4557,7034,590,840,6922,53,49,1070,7614,6921,100,1166,186,96,842,841],"class_list":{"0":"post-68299911","1":"product","2":"type-product","3":"status-publish","4":"has-post-thumbnail","6":"product_brand-hawk-performance","7":"product_cat-charger-hellcat-bremsbelaege-vorne","8":"product_cat-charger-64-bremsbelaege-vorne","9":"product_tag-6-2","10":"product_tag-6-4","11":"product_tag-68248384aa","12":"product_tag-68248384ab","13":"product_tag-68248384ac","14":"product_tag-68248384ad","15":"product_tag-68525329aa","16":"product_tag-68525329ab","17":"product_tag-68525329ac","18":"product_tag-bremsbelaege","19":"product_tag-bremskloetze","20":"product_tag-ceramic","21":"product_tag-charger","22":"product_tag-dodge","23":"product_tag-hawk","24":"product_tag-hawk10","25":"product_tag-hb649z-605","26":"product_tag-hellcat","27":"product_tag-keramik","28":"product_tag-performance","29":"product_tag-srt","30":"product_tag-vorderachse","31":"product_tag-vorne","33":"first","34":"instock","35":"taxable","36":"shipping-taxable","37":"purchasable","38":"product-type-simple"},"bundled_by":[],"bundle_stock_status":"instock","bundle_stock_quantity":1,"bundle_virtual":false,"bundle_layout":"","bundle_add_to_cart_form_location":"","bundle_editable_in_cart":false,"bundle_sold_individually_context":"","bundle_item_grouping":"","bundle_min_size":"","bundle_max_size":"","bundle_price":[],"bundled_items":[],"bundle_sell_ids":[],"exclude_global_add_ons":[],"addons":[],"acf":[],"_links":{"self":[{"href":"https:\/\/kraftwerk-shop.cc\/it\/wp-json\/wp\/v2\/product\/68299911","targetHints":{"allow":["GET"]}}],"collection":[{"href":"https:\/\/kraftwerk-shop.cc\/it\/wp-json\/wp\/v2\/product"}],"about":[{"href":"https:\/\/kraftwerk-shop.cc\/it\/wp-json\/wp\/v2\/types\/product"}],"replies":[{"embeddable":true,"href":"https:\/\/kraftwerk-shop.cc\/it\/wp-json\/wp\/v2\/comments?post=68299911"}],"version-history":[{"count":0,"href":"https:\/\/kraftwerk-shop.cc\/it\/wp-json\/wp\/v2\/product\/68299911\/revisions"}],"wp:featuredmedia":[{"embeddable":true,"href":"https:\/\/kraftwerk-shop.cc\/it\/wp-json\/wp\/v2\/media\/68299932"}],"wp:attachment":[{"href":"https:\/\/kraftwerk-shop.cc\/it\/wp-json\/wp\/v2\/media?parent=68299911"}],"wp:term":[{"taxonomy":"product_brand","embeddable":true,"href":"https:\/\/kraftwerk-shop.cc\/it\/wp-json\/wp\/v2\/product_brand?post=68299911"},{"taxonomy":"product_cat","embeddable":true,"href":"https:\/\/kraftwerk-shop.cc\/it\/wp-json\/wp\/v2\/product_cat?post=68299911"},{"taxonomy":"product_tag","embeddable":true,"href":"https:\/\/kraftwerk-shop.cc\/it\/wp-json\/wp\/v2\/product_tag?post=68299911"}],"curies":[{"name":"wp","href":"https:\/\/api.w.org\/{rel}","templated":true}]}}