{"id":68300424,"date":"2024-04-21T15:35:51","date_gmt":"2024-04-21T13:35:51","guid":{"rendered":"https:\/\/kraftwerk-shop.cc\/?post_type=product&#038;p=68300424"},"modified":"2026-02-15T01:09:11","modified_gmt":"2026-02-15T00:09:11","slug":"aspirazione-jlt-challenger-hellcat-2018","status":"publish","type":"product","link":"https:\/\/kraftwerk-shop.cc\/it\/produkt\/jlt-intake-challenger-hellcat-2018\/","title":{"rendered":"Presa d'aria fredda JLT Challenger Hellcat"},"content":{"rendered":"<h1>Sistema di aspirazione aria fredda JLT CAI-75-5196 per Dodge Challenger Hellcat Widebody 2018<\/h1>\n<p>&nbsp;<\/p>\n<p><strong>Filtro aria di grandi dimensioni<\/strong><br \/>\nIl filtro dell'aria di dimensioni generose consente un flusso d'aria maggiore rispetto al filtro standard.<br \/>\nL'elemento del filtro dell'aria \u00e8 costituito da materiale filtrante in cotone, che viene bagnato con uno speciale olio filtrante e pu\u00f2 essere lavato. In questo modo si massimizzano la capacit\u00e0 e le prestazioni del filtro.<\/p>\n<p><strong>Collettore di aspirazione<\/strong><br \/>\nIl tubo di aspirazione \u00e8 realizzato in plastica rotostampata con un'enorme apertura del filtro da 5\u2033 per un flusso d'aria superiore e nessun accumulo di calore come nei tubi in metallo.<br \/>\nCon un'apertura di 4,5\u2033 all'estremit\u00e0 della valvola a farfalla, \u00e8 adatto anche alle valvole a farfalla pi\u00f9 grandi.<\/p>\n<p><strong>Alloggiamento del filtro dell'aria<br \/>\n<\/strong>L'alloggiamento del filtro dell'aria in plastica isola il pi\u00f9 possibile l'aspirazione dal calore emesso dal motore. In questo modo si evita efficacemente che l'aria calda venga aspirata dal vano motore.<\/p>\n<p>&nbsp;<\/p>\n<p><strong>Materiale di installazione di alta qualit\u00e0<\/strong><\/p>\n<ul>\n<li>Collettore di aspirazione in plastica stampata JLT Roto<\/li>\n<li>Riduttore in silicone<\/li>\n<li>Filtro aria 5\u00d77 S&amp;B Powerstack<\/li>\n<li>Scatola del filtro dell'aria<\/li>\n<li>Morsetti HD, tutte le parti necessarie<\/li>\n<\/ul>\n<p>&nbsp;<\/p>\n<p><strong>dettagli<\/strong><\/p>\n<p>- + 30 - 35 CV di aumento di potenza massima (specifiche del produttore)<br \/>\n- Alloggiamento del filtro dell'aria con staffe per il montaggio diretto<br \/>\n- Filtro aria Pro 10R pre-oliato, lavabile e riutilizzabile per le massime prestazioni<\/p>\n<p>&nbsp;<\/p>\n<p><strong>Adatto per:<\/strong><\/p>\n<table width=\"588\">\n<tbody>\n<tr>\n<td width=\"83\"><strong>Anno di costruzione<\/strong><\/td>\n<td width=\"83\"><strong>Marchio<\/strong><\/td>\n<td width=\"179\"><strong>Modello<\/strong><\/td>\n<td width=\"160\"><strong>Variante<\/strong><\/td>\n<td width=\"83\"><strong>Motore<\/strong><\/td>\n<\/tr>\n<tr>\n<td width=\"83\">2018<\/td>\n<td width=\"83\">Dodge<\/td>\n<td width=\"179\">Challenger<\/td>\n<td width=\"160\">Hellcat Widebody<\/td>\n<td width=\"83\">V8 6,2 L<\/td>\n<\/tr>\n<\/tbody>\n<\/table>\n<p><strong>Attenzione:<\/strong> Adatto solo per Widebody, non adatto per il corpo standard!<\/p>\n<p>&nbsp;<\/p>\n<p><iframe loading=\"lazy\" title=\"Installazione dell&#039;aspirazione dell&#039;aria fredda JLT per 2017-23 Charger Hellcat e 2017-23 Challenger Hellcat\" width=\"500\" height=\"281\" src=\"https:\/\/www.youtube.com\/embed\/THSkq2WQCb0?feature=oembed\" frameborder=\"0\" allow=\"accelerometer; autoplay; clipboard-write; encrypted-media; gyroscope; picture-in-picture; web-share\" referrerpolicy=\"strict-origin-when-cross-origin\" allowfullscreen><\/iframe><\/p>\n<p>&nbsp;<\/p>\n<p>Le prese d'aria fredda JLT per il modello Dodge Challenger Hellcat sono progettate per ridurre al minimo le limitazioni del flusso d'aria e aumentare il flusso d'aria in modo decisamente migliore rispetto al sistema di serie. Il tubo di aspirazione \u00e8 realizzato in plastica rotostampata con un'ampia apertura del filtro per un flusso d'aria eccellente e non si riscalda come i tubi metallici comunemente utilizzati da altri produttori.<br \/>\nIl filtro dell'aria \u00e8 personalizzato per un flusso d'aria superleggero e veloce ed \u00e8 dotato di pieghe ampie e profonde per una maggiore superficie rispetto ai filtri di altri produttori che sembrano molto pi\u00f9 grandi.<br \/>\nIl paracalore in plastica ABS blocca il calore del motore al minimo e ai bassi regimi. Utilizza un'ampia superficie per garantire che il filtro riceva la maggior quantit\u00e0 possibile di aria fredda e utilizza la presa d'aria fresca di fabbrica per mantenere fresche le temperature.<br \/>\nMigliorate le prestazioni del vostro Dodge Challenger Hellcat con una delle prese d'aria fredda JLT!<\/p>","protected":false},"excerpt":{"rendered":"<p>2018<\/p>","protected":false},"featured_media":68300427,"comment_status":"open","ping_status":"closed","template":"","meta":{"_acf_changed":false},"product_brand":[17168],"product_cat":[1790],"product_tag":[826,824,6934,54,825,49,3853,100,1094,1093,2444,20273,57,151,500],"class_list":{"0":"post-68300424","1":"product","2":"type-product","3":"status-publish","4":"has-post-thumbnail","6":"product_brand-jlt","7":"product_cat-challenger-hellcat-ansaugung","8":"product_tag-ansaugung","9":"product_tag-cai","10":"product_tag-cai-75-5196","11":"product_tag-challenger","12":"product_tag-cold-air-intake","13":"product_tag-dodge","14":"product_tag-dodge-challenger","15":"product_tag-hellcat","16":"product_tag-intake","17":"product_tag-jlt","18":"product_tag-jlt-performance","19":"product_tag-keintuev","20":"product_tag-luftfilter","21":"product_tag-redeye","22":"product_tag-sportluftfilter","24":"first","25":"instock","26":"taxable","27":"shipping-taxable","28":"purchasable","29":"product-type-simple"},"bundled_by":[],"bundle_stock_status":"instock","bundle_stock_quantity":3,"bundle_virtual":false,"bundle_layout":"","bundle_add_to_cart_form_location":"","bundle_editable_in_cart":false,"bundle_sold_individually_context":"","bundle_item_grouping":"","bundle_min_size":"","bundle_max_size":"","bundle_price":[],"bundled_items":[],"bundle_sell_ids":[],"exclude_global_add_ons":[],"addons":[],"acf":[],"_links":{"self":[{"href":"https:\/\/kraftwerk-shop.cc\/it\/wp-json\/wp\/v2\/product\/68300424","targetHints":{"allow":["GET"]}}],"collection":[{"href":"https:\/\/kraftwerk-shop.cc\/it\/wp-json\/wp\/v2\/product"}],"about":[{"href":"https:\/\/kraftwerk-shop.cc\/it\/wp-json\/wp\/v2\/types\/product"}],"replies":[{"embeddable":true,"href":"https:\/\/kraftwerk-shop.cc\/it\/wp-json\/wp\/v2\/comments?post=68300424"}],"version-history":[{"count":0,"href":"https:\/\/kraftwerk-shop.cc\/it\/wp-json\/wp\/v2\/product\/68300424\/revisions"}],"wp:featuredmedia":[{"embeddable":true,"href":"https:\/\/kraftwerk-shop.cc\/it\/wp-json\/wp\/v2\/media\/68300427"}],"wp:attachment":[{"href":"https:\/\/kraftwerk-shop.cc\/it\/wp-json\/wp\/v2\/media?parent=68300424"}],"wp:term":[{"taxonomy":"product_brand","embeddable":true,"href":"https:\/\/kraftwerk-shop.cc\/it\/wp-json\/wp\/v2\/product_brand?post=68300424"},{"taxonomy":"product_cat","embeddable":true,"href":"https:\/\/kraftwerk-shop.cc\/it\/wp-json\/wp\/v2\/product_cat?post=68300424"},{"taxonomy":"product_tag","embeddable":true,"href":"https:\/\/kraftwerk-shop.cc\/it\/wp-json\/wp\/v2\/product_tag?post=68300424"}],"curies":[{"name":"wp","href":"https:\/\/api.w.org\/{rel}","templated":true}]}}