{"id":68300868,"date":"2024-04-27T23:59:58","date_gmt":"2024-04-27T21:59:58","guid":{"rendered":"https:\/\/kraftwerk-shop.cc\/?post_type=product&#038;p=68300868"},"modified":"2026-02-15T01:09:22","modified_gmt":"2026-02-15T00:09:22","slug":"pastiglie-freno-in-ceramica-hawk-durango-hellcat","status":"publish","type":"product","link":"https:\/\/kraftwerk-shop.cc\/it\/produkt\/hawk-ceramic-bremsbelaege-durango-hellcat\/","title":{"rendered":"Hawk Performance Pastiglie freno in ceramica Durango Hellcat"},"content":{"rendered":"<h1>Hawk Performance Pastiglie freno in ceramica ad alte prestazioni HB913Z.659 per Dodge Durango Hellcat (asse anteriore)<\/h1>\n<p>&nbsp;<\/p>\n<p>Hawk riconosce le esigenze degli attuali utilizzatori di pastiglie per freni in ceramica e ha appositamente formulato il suo materiale composito per soddisfare e superare i requisiti di alta rumorosit\u00e0 e bassa polverosit\u00e0 che si \u00e8 prefissato.<br \/>\nLe pastiglie freno Hawk PC (Performance Ceramic) sono progettate per ridurre l'NVH (Noise, Vibration and Harshness) e offrire prestazioni eccezionali chilometro dopo chilometro.<br \/>\nL'esclusiva mescola offre un profilo di attrito lineare che consente al sistema ABS della Durango Hellcat di funzionare nel modo pi\u00f9 efficace possibile, con il vantaggio di non perdere prestazioni rispetto alle pastiglie in ceramica tradizionali.<br \/>\nCon le pastiglie per freni in ceramica Performance di Hawk si ottiene una minore usura delle pastiglie, una maggiore durata dei dischi freno e una rumorosit\u00e0 molto ridotta.<\/p>\n<p>La Hawk Performance Ceramic \u00e8 un'ottima mescola se la vostra priorit\u00e0 \u00e8 ridurre al minimo la polvere dei freni. Questa mescola \u00e8 un ricambio molto popolare per i freni Brembo OEM a 6 pistoni utilizzati nei modelli Durango e Hellcat.<br \/>\nSe non desiderate prestazioni di frenata superiori rispetto all'equipaggiamento standard e volete praticamente eliminare la polvere dei freni, le pastiglie freno in ceramica Hawk Performance fanno al caso vostro.<\/p>\n<p>&nbsp;<\/p>\n<p><strong>Propriet\u00e0:<\/strong><\/p>\n<ul>\n<li>Estremamente silenzioso<\/li>\n<li>Polvere estremamente ridotta<\/li>\n<li>Forza di frenata migliorata<\/li>\n<li>Delicato sui dischi dei freni<\/li>\n<li>Prestazioni di frenata stabili<\/li>\n<li>35-345 \u00b0C Intervallo di temperatura di esercizio<\/li>\n<li>35-235 \u00b0C Intervallo di temperatura ottimale<\/li>\n<\/ul>\n<p>&nbsp;<\/p>\n<p><strong>Numeri di confronto Mopar:<\/strong> 68399095AA, 68399095AB, 68399095AC<\/p>\n<p>&nbsp;<\/p>\n<p><strong>Adatto per:<\/strong><\/p>\n<table width=\"568\">\n<tbody>\n<tr>\n<td width=\"83\">Dodge<\/td>\n<td width=\"138\">Durango<\/td>\n<td width=\"98\">6.2 Hellcat<\/td>\n<td colspan=\"3\" width=\"249\">2021 \u2013 2025<\/td>\n<\/tr>\n<\/tbody>\n<\/table>\n<p>&nbsp;<\/p>\n<p>Il prezzo si riferisce a 1 set per l'asse anteriore completo.<\/p>","protected":false},"excerpt":{"rendered":"<p>Hawk Performance Hochleistungs-Keramikbremsbel\u00e4ge HB913Z.659 f\u00fcr Dodge Durango Hellcat (Vorderachse) &nbsp; Hawk kennt die Bed\u00fcrfnisse der heutigen Benutzer von Keramikbremsbel\u00e4gen und<\/p>","protected":false},"featured_media":68300870,"comment_status":"open","ping_status":"closed","template":"","meta":{"_acf_changed":false},"product_brand":[17621],"product_cat":[17928],"product_tag":[101,2751,2752,2753,590,840,6922,49,6944,95,4443,1070,7614,6943,100,1166,186,842,841],"class_list":{"0":"post-68300868","1":"product","2":"type-product","3":"status-publish","4":"has-post-thumbnail","6":"product_brand-hawk-performance","7":"product_cat-durango-hellcat-bremsbelaege-vorne","8":"product_tag-6-2","9":"product_tag-68399095aa","10":"product_tag-68399095ab","11":"product_tag-68399095ac","12":"product_tag-bremsbelaege","13":"product_tag-bremskloetze","14":"product_tag-ceramic","15":"product_tag-dodge","16":"product_tag-dodge-durango-hellcat","17":"product_tag-durango","18":"product_tag-durango-hellcat","19":"product_tag-hawk","20":"product_tag-hawk10","21":"product_tag-hb913z-659","22":"product_tag-hellcat","23":"product_tag-keramik","24":"product_tag-performance","25":"product_tag-vorderachse","26":"product_tag-vorne","28":"first","29":"instock","30":"taxable","31":"shipping-taxable","32":"purchasable","33":"product-type-simple"},"bundled_by":[],"bundle_stock_status":"instock","bundle_stock_quantity":4,"bundle_virtual":false,"bundle_layout":"","bundle_add_to_cart_form_location":"","bundle_editable_in_cart":false,"bundle_sold_individually_context":"","bundle_item_grouping":"","bundle_min_size":"","bundle_max_size":"","bundle_price":[],"bundled_items":[],"bundle_sell_ids":[],"exclude_global_add_ons":[],"addons":[],"acf":[],"_links":{"self":[{"href":"https:\/\/kraftwerk-shop.cc\/it\/wp-json\/wp\/v2\/product\/68300868","targetHints":{"allow":["GET"]}}],"collection":[{"href":"https:\/\/kraftwerk-shop.cc\/it\/wp-json\/wp\/v2\/product"}],"about":[{"href":"https:\/\/kraftwerk-shop.cc\/it\/wp-json\/wp\/v2\/types\/product"}],"replies":[{"embeddable":true,"href":"https:\/\/kraftwerk-shop.cc\/it\/wp-json\/wp\/v2\/comments?post=68300868"}],"version-history":[{"count":0,"href":"https:\/\/kraftwerk-shop.cc\/it\/wp-json\/wp\/v2\/product\/68300868\/revisions"}],"wp:featuredmedia":[{"embeddable":true,"href":"https:\/\/kraftwerk-shop.cc\/it\/wp-json\/wp\/v2\/media\/68300870"}],"wp:attachment":[{"href":"https:\/\/kraftwerk-shop.cc\/it\/wp-json\/wp\/v2\/media?parent=68300868"}],"wp:term":[{"taxonomy":"product_brand","embeddable":true,"href":"https:\/\/kraftwerk-shop.cc\/it\/wp-json\/wp\/v2\/product_brand?post=68300868"},{"taxonomy":"product_cat","embeddable":true,"href":"https:\/\/kraftwerk-shop.cc\/it\/wp-json\/wp\/v2\/product_cat?post=68300868"},{"taxonomy":"product_tag","embeddable":true,"href":"https:\/\/kraftwerk-shop.cc\/it\/wp-json\/wp\/v2\/product_tag?post=68300868"}],"curies":[{"name":"wp","href":"https:\/\/api.w.org\/{rel}","templated":true}]}}