{"id":68301083,"date":"2024-05-01T12:40:43","date_gmt":"2024-05-01T10:40:43","guid":{"rendered":"https:\/\/kraftwerk-shop.cc\/?post_type=product&#038;p=68301083"},"modified":"2026-02-15T01:09:33","modified_gmt":"2026-02-15T00:09:33","slug":"aggiornamento-della-pompa-dellacqua-di-raffreddamento-57","status":"publish","type":"product","link":"https:\/\/kraftwerk-shop.cc\/it\/produkt\/upgrade-kuehlwasserpumpe-57\/","title":{"rendered":"Aggiornamento della pompa dell'acqua di raffreddamento 5.7"},"content":{"rendered":"<h1>Aggiornamento della pompa dell'acqua di raffreddamento per Chrysler 300C, Dodge Challenger, Charger, Commander e Grand Cherokee 5.7 2009 - 2010<\/h1>\n<p>&nbsp;<\/p>\n<p><strong>Numeri di confronto Mopar:<\/strong> 53022095AA, 53022095AB, 53022095AC, 53022095AD, 53022095AE, 53022095AF, 53022095AJ<\/p>\n<p>&nbsp;<\/p>\n<p><strong>Propriet\u00e0<\/strong><\/p>\n<ul>\n<li>Cuscinetti cementati<\/li>\n<li>Superfici precise lavorate a CNC<\/li>\n<li>Ruota in metallo (il ricambio originale Mopar utilizza una fragile ruota in plastica)<\/li>\n<li>Compresa la guarnizione della pompa dell'acqua<\/li>\n<\/ul>\n<p>&nbsp;<\/p>\n<p><strong>Vantaggi dei cuscinetti cementato<\/strong><\/p>\n<p>Questa pompa dell'acqua di raffreddamento utilizza cuscinetti cementati sviluppati secondo le specifiche del produttore originale per soddisfare i requisiti specifici di coppia radiale e carico assiale di ogni applicazione.<br \/>\nQuesti cuscinetti cementati di alta qualit\u00e0 hanno una maggiore capacit\u00e0 di carico e sono robusti all'esterno ma flessibili all'interno. Questo li rende ideali per resistere agli squilibri o alle vibrazioni del sistema di raffreddamento.<\/p>\n<p>&nbsp;<\/p>\n<ul>\n<li>Lunga durata di vita<\/li>\n<li>Elevata capacit\u00e0 di carico<\/li>\n<li>Resistente all'esterno e flessibile all'interno<\/li>\n<li>Resiste a squilibri o vibrazioni del sistema di raffreddamento<\/li>\n<\/ul>\n<p>&nbsp;<\/p>\n<p><strong>Vantaggi delle superfici fresate a CNC di precisione<\/strong><\/p>\n<p>La pompa dell'acqua viene prodotta secondo le specifiche della fusione originale e tutte le superfici di montaggio vengono poi fresate a CNC.<br \/>\nCi\u00f2 consente una facile installazione e garantisce una tenuta precisa di tutte le superfici unite. Un collegamento a prova di perdite assicura una lunga durata dei componenti e la massima efficienza.<\/p>\n<p>&nbsp;<\/p>\n<ul>\n<li>Accuratezza garantita dell'accoppiamento con i componenti corrispondenti<\/li>\n<li>Previene le perdite<\/li>\n<li>Ispezionati e testati secondo gli standard ISO9001:2015<\/li>\n<\/ul>\n<p>&nbsp;<\/p>\n<p><strong>Vantaggi delle giranti in metallo<\/strong><\/p>\n<p>Le giranti in metallo sono di gran lunga superiori a quelle in plastica. Utilizzando giranti in metallo, una pompa dell'acqua pu\u00f2 sopportare coppie pi\u00f9 elevate e temperature pi\u00f9 alte.<br \/>\nQuesto non solo contribuisce a migliorare le prestazioni, ma previene anche i guasti ai componenti causati da ruote rotte o deformate.<\/p>\n<p>&nbsp;<\/p>\n<ul>\n<li>Resiste alle alte temperature<\/li>\n<li>Resistente ai prodotti chimici<\/li>\n<li>Potente alle alte velocit\u00e0<\/li>\n<li>Non si deforma<\/li>\n<li>Resiste a forze di coppia elevate<\/li>\n<li>Non si scheggia<\/li>\n<li>Nessuna crepa durante la pressatura<\/li>\n<li>Estremamente resistente<\/li>\n<li>Resiste alle tolleranze dei motori con elevato chilometraggio<\/li>\n<\/ul>\n<p>&nbsp;<\/p>\n<p><strong>Adatto per:<\/strong><\/p>\n<table width=\"589\">\n<tbody>\n<tr>\n<td width=\"82\">Anno di costruzione<\/td>\n<td width=\"82\"><strong>Marchio<\/strong><\/td>\n<td width=\"184\"><strong>Modello<\/strong><\/td>\n<td width=\"159\"><strong>Versione<\/strong><\/td>\n<td width=\"82\"><strong>Motore<\/strong><\/td>\n<\/tr>\n<tr>\n<td width=\"82\">2010<\/td>\n<td width=\"82\">Chrysler<\/td>\n<td width=\"184\">300<\/td>\n<td width=\"159\">C, S<\/td>\n<td width=\"82\">5.7L<\/td>\n<\/tr>\n<tr>\n<td width=\"82\">2010<\/td>\n<td width=\"82\">Dodge<\/td>\n<td width=\"184\">Challenger<\/td>\n<td width=\"159\">R\/T<\/td>\n<td width=\"82\">5.7L<\/td>\n<\/tr>\n<tr>\n<td width=\"82\">2010<\/td>\n<td width=\"82\">Dodge<\/td>\n<td width=\"184\">Charger<\/td>\n<td width=\"159\">Pursuit, R\/T, SE<\/td>\n<td width=\"82\">5.7L<\/td>\n<\/tr>\n<tr>\n<td width=\"82\">2010<\/td>\n<td width=\"82\">Jeep<\/td>\n<td width=\"184\">Commander<\/td>\n<td width=\"159\">Limited, Sport<\/td>\n<td width=\"82\">5.7L<\/td>\n<\/tr>\n<tr>\n<td width=\"82\">2010<\/td>\n<td width=\"82\">Jeep<\/td>\n<td width=\"184\">Grand Cherokee<\/td>\n<td width=\"159\">Laredo, Limited<\/td>\n<td width=\"82\">5.7L<\/td>\n<\/tr>\n<tr>\n<td width=\"82\">2009<\/td>\n<td width=\"82\">Chrysler<\/td>\n<td width=\"184\">300<\/td>\n<td width=\"159\">C<\/td>\n<td width=\"82\">5.7L<\/td>\n<\/tr>\n<tr>\n<td width=\"82\">2009<\/td>\n<td width=\"82\">Dodge<\/td>\n<td width=\"184\">Challenger<\/td>\n<td width=\"159\">R\/T<\/td>\n<td width=\"82\">5.7L<\/td>\n<\/tr>\n<tr>\n<td width=\"82\">2009<\/td>\n<td width=\"82\">Dodge<\/td>\n<td width=\"184\">Charger<\/td>\n<td width=\"159\">Pursuit, R\/T, SE<\/td>\n<td width=\"82\">5.7L<\/td>\n<\/tr>\n<tr>\n<td width=\"82\">2009<\/td>\n<td width=\"82\">Jeep<\/td>\n<td width=\"184\">Commander<\/td>\n<td width=\"159\">Limited, Overland<\/td>\n<td width=\"82\">5.7L<\/td>\n<\/tr>\n<tr>\n<td width=\"82\">2009<\/td>\n<td width=\"82\">Jeep<\/td>\n<td width=\"184\">Grand Cherokee<\/td>\n<td width=\"159\">Limited, Overland<\/td>\n<td width=\"82\">5.7L<\/td>\n<\/tr>\n<\/tbody>\n<\/table>\n<p>&nbsp;<\/p>","protected":false},"excerpt":{"rendered":"<p>2009 \u2013 2010<\/p>","protected":false},"featured_media":68301088,"comment_status":"open","ping_status":"closed","template":"","meta":{"_acf_changed":false},"product_brand":[],"product_cat":[2549,2530,2537,6383,4806],"product_tag":[18484,18485,18486,18487,18488,18489,52,91,6947,6948,6949,6950,6951,6952,6953,54,53,48,536,94,49,3853,56,50,5255,5269,5268,5270,216,6430,5254],"class_list":{"0":"post-68301083","1":"product","2":"type-product","3":"status-publish","4":"has-post-thumbnail","6":"product_cat-300c-57-2005-2010-kuehlung","7":"product_cat-challenger-57-kuehlung","8":"product_cat-charger-57-kuehlung","9":"product_cat-commander-kuehlung","10":"product_cat-grand-cherokee-57-2005-2010-kuehlung","11":"product_tag-053022095aa","12":"product_tag-053022095ac","13":"product_tag-053022095ad","14":"product_tag-053022095ae","15":"product_tag-053022095af","16":"product_tag-053022095aj","17":"product_tag-300c","18":"product_tag-5-7","19":"product_tag-53022095aa","20":"product_tag-53022095ab","21":"product_tag-53022095ac","22":"product_tag-53022095ad","23":"product_tag-53022095ae","24":"product_tag-53022095af","25":"product_tag-53022095aj","26":"product_tag-challenger","27":"product_tag-charger","28":"product_tag-chrysler","29":"product_tag-chrysler-300c","30":"product_tag-commander","31":"product_tag-dodge","32":"product_tag-dodge-challenger","33":"product_tag-grand-cherokee","34":"product_tag-jeep","35":"product_tag-kuehlwasserpumpe","36":"product_tag-laufrad","37":"product_tag-metall","38":"product_tag-metalllaufrad","39":"product_tag-upgrade","40":"product_tag-usmotor","41":"product_tag-wasserpumpe","43":"first","44":"instock","45":"taxable","46":"shipping-taxable","47":"purchasable","48":"product-type-simple"},"bundled_by":[],"bundle_stock_status":"instock","bundle_stock_quantity":1,"bundle_virtual":false,"bundle_layout":"","bundle_add_to_cart_form_location":"","bundle_editable_in_cart":false,"bundle_sold_individually_context":"","bundle_item_grouping":"","bundle_min_size":"","bundle_max_size":"","bundle_price":[],"bundled_items":[],"bundle_sell_ids":[],"exclude_global_add_ons":[],"addons":[],"acf":[],"_links":{"self":[{"href":"https:\/\/kraftwerk-shop.cc\/it\/wp-json\/wp\/v2\/product\/68301083","targetHints":{"allow":["GET"]}}],"collection":[{"href":"https:\/\/kraftwerk-shop.cc\/it\/wp-json\/wp\/v2\/product"}],"about":[{"href":"https:\/\/kraftwerk-shop.cc\/it\/wp-json\/wp\/v2\/types\/product"}],"replies":[{"embeddable":true,"href":"https:\/\/kraftwerk-shop.cc\/it\/wp-json\/wp\/v2\/comments?post=68301083"}],"version-history":[{"count":0,"href":"https:\/\/kraftwerk-shop.cc\/it\/wp-json\/wp\/v2\/product\/68301083\/revisions"}],"wp:featuredmedia":[{"embeddable":true,"href":"https:\/\/kraftwerk-shop.cc\/it\/wp-json\/wp\/v2\/media\/68301088"}],"wp:attachment":[{"href":"https:\/\/kraftwerk-shop.cc\/it\/wp-json\/wp\/v2\/media?parent=68301083"}],"wp:term":[{"taxonomy":"product_brand","embeddable":true,"href":"https:\/\/kraftwerk-shop.cc\/it\/wp-json\/wp\/v2\/product_brand?post=68301083"},{"taxonomy":"product_cat","embeddable":true,"href":"https:\/\/kraftwerk-shop.cc\/it\/wp-json\/wp\/v2\/product_cat?post=68301083"},{"taxonomy":"product_tag","embeddable":true,"href":"https:\/\/kraftwerk-shop.cc\/it\/wp-json\/wp\/v2\/product_tag?post=68301083"}],"curies":[{"name":"wp","href":"https:\/\/api.w.org\/{rel}","templated":true}]}}