{"id":68301321,"date":"2024-05-05T18:27:28","date_gmt":"2024-05-05T16:27:28","guid":{"rendered":"https:\/\/kraftwerk-shop.cc\/?post_type=product&#038;p=68301321"},"modified":"2026-02-15T01:09:44","modified_gmt":"2026-02-15T00:09:44","slug":"kooks-collettore-di-scarico-durango-srt","status":"publish","type":"product","link":"https:\/\/kraftwerk-shop.cc\/it\/produkt\/kooks-faecherkruemmer-durango-srt\/","title":{"rendered":"Collettore Kooks da 2\u2033 con H.O. Convertitori catalitici Durango SRT 6.4"},"content":{"rendered":"<h1>Collettore Kooks da 2\u2033 con catalizzatori High Output Green per Dodge Durango SRT 6.4<\/h1>\n<p>&nbsp;<\/p>\n<p>I collettori migliorano le prestazioni del suo Dodge Durango SRT dirigendo il flusso dei gas di scarico in modo pi\u00f9 efficiente. Grazie alla loro forma speciale, consentono un migliore sviluppo dei gas di scarico e riducono la contropressione, con conseguente aumento delle prestazioni del motore.<\/p>\n<p>I collettori Kooks sono realizzati in robusto acciaio inox T304, che garantisce una lunga durata. Sono pi\u00f9 resistenti alla corrosione e alle alte temperature rispetto ai collettori tradizionali.<\/p>\n<p>I convertitori catalitici 300 CPI H.O. GREEN - noti anche come catalizzatori GESI - sono catalizzatori ad alte prestazioni con un elevato contenuto di platino. Questi convertitori catalitici sono approvati dall'EPA e sono in grado di far fronte alle elevate temperature di scarico dei veicoli pesantemente modificati con induzione forzata.<\/p>\n<p>Questa combinazione di collettori e catalizzatori sportivi pu\u00f2 essere utilizzata direttamente con il sistema di scarico originale o con sistemi di scarico accessori identici ai collegamenti originali.<\/p>\n<p>&nbsp;<\/p>\n<p><strong>Collettori longtube Kooks<\/strong><\/p>\n<ul>\n<li>Migliorare la portata del gas di scarico<\/li>\n<li>Migliora il suono del suo veicolo<\/li>\n<li>Ridurre al minimo la contropressione nel sistema di scarico<\/li>\n<li>Aumenta le prestazioni del motore<\/li>\n<\/ul>\n<p>&nbsp;<\/p>\n<p><strong>Adatto per:<\/strong><\/p>\n<table width=\"558\">\n<tbody>\n<tr>\n<td width=\"83\"><strong>Marchio<\/strong><\/td>\n<td width=\"187\"><strong>Modello<\/strong><\/td>\n<td width=\"179\"><strong>Motore<\/strong><\/td>\n<td width=\"109\"><strong>Anno di costruzione<\/strong><\/td>\n<\/tr>\n<tr>\n<td width=\"83\">Dodge<\/td>\n<td width=\"187\">Durango SRT<\/td>\n<td>6.4<\/td>\n<td>2018 \u2013 2024<\/td>\n<\/tr>\n<\/tbody>\n<\/table>\n<p>&nbsp;<\/p>\n<p><strong>Informazioni su Kooks<\/strong><\/p>\n<p>I collettori e i sistemi di scarico Kooks sono leader di mercato da oltre 50 anni. Dal 1962, Kooks \u00e8 orgogliosa di offrire i migliori collettori e sistemi di scarico completi per le applicazioni stradali, da corsa e fuoristrada. I veicoli con collettori e sistemi di scarico Kooks hanno vinto centinaia di campionati e stabilito innumerevoli record nei campionati NHRA, IHRA, NMCA, NMRA, NASCAR, NASA, SCCA e in molte altre organizzazioni di corse.<br \/>\nTutti i prodotti Kooks sono realizzati a mano negli Stati Uniti e Kooks \u00e8 orgogliosa di essere ancora indipendente.<br \/>\nNon dimentichi: \"Si faccia prendere la mano da KOOKS!\".<\/p>\n<p>&nbsp;<\/p>","protected":false},"excerpt":{"rendered":"<p>Kooks 2&#8243; F\u00e4cherkr\u00fcmmer mit High Output Green Katalysatoren f\u00fcr Dodge Durango SRT 6.4 &nbsp; F\u00e4cherkr\u00fcmmer verbessern die Leistung Ihres Dodge<\/p>","protected":false},"featured_media":68301323,"comment_status":"open","ping_status":"closed","template":"","meta":{"_acf_changed":false},"product_brand":[17172],"product_cat":[6586,3024],"product_tag":[6969,217,93,605,546,2245,49,95,662,6958,543,6961,6960,6962,20273,544,2447,550,545,927,527,553,96,6963],"class_list":{"0":"post-68301321","1":"product","2":"type-product","3":"status-publish","4":"has-post-thumbnail","6":"product_brand-kooks","7":"product_cat-durango-64-abgaskruemmer-katalysatoren","8":"product_cat-nicht-nach-eu","9":"product_tag-3410h641","10":"product_tag-217","11":"product_tag-6-4","12":"product_tag-abgaskruemmer","13":"product_tag-auspuff","14":"product_tag-auspuffanlage","15":"product_tag-dodge","16":"product_tag-durango","17":"product_tag-edelstahl","18":"product_tag-edelstahlkruemmer","19":"product_tag-faecherkruemmer","20":"product_tag-gesi-katalysatoren","21":"product_tag-green-katalysatoren","22":"product_tag-hochleistungs-katalysatoren","23":"product_tag-keintuev","24":"product_tag-kooks","25":"product_tag-kooks-headers","26":"product_tag-kruemmer","27":"product_tag-longtube","28":"product_tag-longtubes","29":"product_tag-sportkat","30":"product_tag-sportkatalysator","31":"product_tag-srt","32":"product_tag-t304","33":"product_shipping_class-paket-xl","35":"first","36":"onbackorder","37":"taxable","38":"shipping-taxable","39":"purchasable","40":"product-type-simple"},"bundled_by":[],"bundle_stock_status":"onbackorder","bundle_stock_quantity":0,"bundle_virtual":false,"bundle_layout":"","bundle_add_to_cart_form_location":"","bundle_editable_in_cart":false,"bundle_sold_individually_context":"","bundle_item_grouping":"","bundle_min_size":"","bundle_max_size":"","bundle_price":[],"bundled_items":[],"bundle_sell_ids":[],"exclude_global_add_ons":[],"addons":[],"acf":[],"_links":{"self":[{"href":"https:\/\/kraftwerk-shop.cc\/it\/wp-json\/wp\/v2\/product\/68301321","targetHints":{"allow":["GET"]}}],"collection":[{"href":"https:\/\/kraftwerk-shop.cc\/it\/wp-json\/wp\/v2\/product"}],"about":[{"href":"https:\/\/kraftwerk-shop.cc\/it\/wp-json\/wp\/v2\/types\/product"}],"replies":[{"embeddable":true,"href":"https:\/\/kraftwerk-shop.cc\/it\/wp-json\/wp\/v2\/comments?post=68301321"}],"version-history":[{"count":0,"href":"https:\/\/kraftwerk-shop.cc\/it\/wp-json\/wp\/v2\/product\/68301321\/revisions"}],"wp:featuredmedia":[{"embeddable":true,"href":"https:\/\/kraftwerk-shop.cc\/it\/wp-json\/wp\/v2\/media\/68301323"}],"wp:attachment":[{"href":"https:\/\/kraftwerk-shop.cc\/it\/wp-json\/wp\/v2\/media?parent=68301321"}],"wp:term":[{"taxonomy":"product_brand","embeddable":true,"href":"https:\/\/kraftwerk-shop.cc\/it\/wp-json\/wp\/v2\/product_brand?post=68301321"},{"taxonomy":"product_cat","embeddable":true,"href":"https:\/\/kraftwerk-shop.cc\/it\/wp-json\/wp\/v2\/product_cat?post=68301321"},{"taxonomy":"product_tag","embeddable":true,"href":"https:\/\/kraftwerk-shop.cc\/it\/wp-json\/wp\/v2\/product_tag?post=68301321"}],"curies":[{"name":"wp","href":"https:\/\/api.w.org\/{rel}","templated":true}]}}